{"id":365,"date":"2023-07-10T03:32:52","date_gmt":"2023-07-10T03:32:52","guid":{"rendered":"https:\/\/www.hitbelt.com\/?post_type=product&#038;p=365"},"modified":"2025-06-19T05:58:34","modified_gmt":"2025-06-19T05:58:34","slug":"hitpower-argus","status":"publish","type":"product","link":"https:\/\/www.hitbelt.com\/fr\/produit\/hitpower-argus","title":{"rendered":"HITPOWER\u2122 ARGUS"},"content":{"rendered":"<p><strong>HITPOWER\u2122 ARGUS<\/strong> se caract\u00e9rise par un r\u00e9glage libre en fonction de l&#039;utilisation sp\u00e9cifique de la longueur de l&#039;environnement, pour des exigences sp\u00e9cialis\u00e9es o\u00f9 l&#039;installation emp\u00eache l&#039;utilisation de bandes sans fin ou pour des r\u00e9parations d&#039;urgence. Il est \u00e9galement pratique et simple \u00e0 utiliser\u00a0: la longueur de la ceinture peut \u00eatre ajust\u00e9e avec des trous de joint gr\u00e2ce \u00e0 un connecteur m\u00e9tallique flexible, et peut \u00eatre facilement remplac\u00e9e sans n\u00e9cessiter de d\u00e9montage de la machine.<\/p>\n<p><strong>March\u00e9s et applications<\/strong><br \/>\n- Industrie alimentaire<br \/>\n\u2013 Industrie du ciment<br \/>\n- Industrie pharmaceutique<br \/>\n\u2013 Convoyeurs \u00e0 rouleaux<br \/>\n- Ventilation<br \/>\n- Climatisation<br \/>\n\u2013 Syst\u00e8mes de transport de palettes<\/p>\n<div class=\"tit\">\n<h3>Gamme de production<\/h3>\n<table class=\"excel687\" cellspacing=\"0\" cellpadding=\"0\">\n<tbody>\n<tr>\n<td class=\"excel689\" width=\"152\">Profil<\/td>\n<td class=\"excel689\" width=\"163\">Section(mm)<\/td>\n<td class=\"excel689\" width=\"161\">Gamme de production HIT<\/td>\n<\/tr>\n<tr>\n<td class=\"excel688\">Z<\/td>\n<td class=\"excel688\">10,0 x 6,0<\/td>\n<td class=\"excel688\">50 m\u00e8tres\/rouleau<\/td>\n<\/tr>\n<tr>\n<td class=\"excel690\">UN<\/td>\n<td class=\"excel690\">13,0 x 8,0<\/td>\n<td class=\"excel690\">50 m\u00e8tres\/rouleau<\/td>\n<\/tr>\n<tr>\n<td class=\"excel688\">B<\/td>\n<td class=\"excel688\">17,0 x 11,0<\/td>\n<td class=\"excel688\">50 m\u00e8tres\/rouleau<\/td>\n<\/tr>\n<tr>\n<td class=\"excel690\">C<\/td>\n<td class=\"excel690\">22,0 x 14,0<\/td>\n<td class=\"excel690\">50 m\u00e8tres\/rouleau<\/td>\n<\/tr>\n<\/tbody>\n<\/table>\n<\/div>","protected":false},"excerpt":{"rendered":"<p>\u2013 Tissu multifibres haute r\u00e9sistance.<br \/>\n\u2013 Grande flexibilit\u00e9.<br \/>\n\u2013 Haute r\u00e9sistance \u00e0 l\u2019huile, \u00e0 la chaleur, \u00e0 la r\u00e9sistance et \u00e0 l\u2019abrasion.<br \/>\n\u2013 Leur forme compacte offre une longue dur\u00e9e de vie et une plus grande durabilit\u00e9.<br \/>\n- R\u00e9sistant \u00e0 la corrosion.<br \/>\n\u2013 Bonne structure robuste<br \/>\n\u2013 La longueur de la courroie peut \u00eatre ajust\u00e9e \u00e0 l&#039;aide du support d&#039;\u00e9pissure et permet un remplacement facile de la courroie sans n\u00e9cessiter de d\u00e9montage de la machine. Les courroies peuvent \u00eatre fournies dans n&#039;importe quelle longueur, selon les exigences.<\/p>","protected":false},"featured_media":2930,"comment_status":"closed","ping_status":"closed","template":"","meta":{"_acf_changed":false,"_joinchat":[]},"product_brand":[],"product_cat":[53],"product_tag":[54],"class_list":{"0":"post-365","1":"product","2":"type-product","3":"status-publish","4":"has-post-thumbnail","6":"product_cat-rubber-belt","7":"product_tag-wrapped-v-belts","9":"first","10":"instock","11":"shipping-taxable","12":"product-type-simple"},"acf":[],"_links":{"self":[{"href":"https:\/\/www.hitbelt.com\/fr\/wp-json\/wp\/v2\/product\/365","targetHints":{"allow":["GET"]}}],"collection":[{"href":"https:\/\/www.hitbelt.com\/fr\/wp-json\/wp\/v2\/product"}],"about":[{"href":"https:\/\/www.hitbelt.com\/fr\/wp-json\/wp\/v2\/types\/product"}],"replies":[{"embeddable":true,"href":"https:\/\/www.hitbelt.com\/fr\/wp-json\/wp\/v2\/comments?post=365"}],"wp:featuredmedia":[{"embeddable":true,"href":"https:\/\/www.hitbelt.com\/fr\/wp-json\/wp\/v2\/media\/2930"}],"wp:attachment":[{"href":"https:\/\/www.hitbelt.com\/fr\/wp-json\/wp\/v2\/media?parent=365"}],"wp:term":[{"taxonomy":"product_brand","embeddable":true,"href":"https:\/\/www.hitbelt.com\/fr\/wp-json\/wp\/v2\/product_brand?post=365"},{"taxonomy":"product_cat","embeddable":true,"href":"https:\/\/www.hitbelt.com\/fr\/wp-json\/wp\/v2\/product_cat?post=365"},{"taxonomy":"product_tag","embeddable":true,"href":"https:\/\/www.hitbelt.com\/fr\/wp-json\/wp\/v2\/product_tag?post=365"}],"curies":[{"name":"wp","href":"https:\/\/api.w.org\/{rel}","templated":true}]}}