{"id":363,"date":"2023-07-10T03:24:33","date_gmt":"2023-07-10T03:24:33","guid":{"rendered":"https:\/\/www.hitbelt.com\/?post_type=product&#038;p=363"},"modified":"2023-07-10T03:24:33","modified_gmt":"2023-07-10T03:24:33","slug":"laminated-rel","status":"publish","type":"product","link":"https:\/\/www.hitbelt.com\/fr\/produit\/laminated-rel","title":{"rendered":"Lamin\u00e9 (REL)"},"content":{"rendered":"<p><strong><span style=\"font-family: Arial;\">March\u00e9s\/Applications<\/span><\/strong><br \/>\n<span style=\"font-family: Arial;\">\u2013 Industries automobiles (moteur IC, pompe de refroidissement, pompe \u00e0 eau, compresseur, alternateur)<br \/>\n\u2013 Industries de l\u2019Ing\u00e9nierie G\u00e9n\u00e9rale<br \/>\n\u2013 Industries agricoles<\/span><\/p>\n<div class=\"tit\">\n<h3>Gamme de production<\/h3>\n<table class=\"excel29\" cellspacing=\"0\" cellpadding=\"0\">\n<tbody>\n<tr class=\"c6\">\n<td class=\"excel31 c3\" width=\"113\">Taper<\/td>\n<td class=\"excel31 c4\" width=\"113\">Largeur sup\u00e9rieure<\/td>\n<td class=\"excel31 c4\" width=\"113\">Hauteur<\/td>\n<td class=\"excel31 c5\" width=\"130\">Longueur de la courroie en mm<\/td>\n<\/tr>\n<tr class=\"c6\">\n<td class=\"excel30 c7\">REL 10A<\/td>\n<td class=\"excel30\">9,7 mm<\/td>\n<td class=\"excel30\">7,5 mm<\/td>\n<td class=\"excel30\">500 &#8211; 3000<\/td>\n<\/tr>\n<tr class=\"c6\">\n<td class=\"excel32 c7\">REL 13A<\/td>\n<td class=\"excel32\">12,7 mm<\/td>\n<td class=\"excel32\">8,5 mm<\/td>\n<td class=\"excel32\">550 &#8211; 3000<\/td>\n<\/tr>\n<tr class=\"c6\">\n<td class=\"excel30 c7\">REL 15A<\/td>\n<td class=\"excel30\">15,8 mm<\/td>\n<td class=\"excel30\">8,5 mm<\/td>\n<td class=\"excel30\">550 &#8211; 3500<\/td>\n<\/tr>\n<tr class=\"c6\">\n<td class=\"excel32 c7\">REL 17A<\/td>\n<td class=\"excel32\">17,5 mm<\/td>\n<td class=\"excel32\">9,5 mm<\/td>\n<td class=\"excel32\">550 &#8211; 3500<\/td>\n<\/tr>\n<tr class=\"c6\">\n<td class=\"excel30 c7\">REL 22A<\/td>\n<td class=\"excel30\">22,3 mm<\/td>\n<td class=\"excel30\">9,5 mm<\/td>\n<td class=\"excel30\">700 &#8211; 3500<\/td>\n<\/tr>\n<tr class=\"c6\">\n<td class=\"excel32 c7\">REL 25A<\/td>\n<td class=\"excel32\">25,0 mm<\/td>\n<td class=\"excel32\">12,5 mm<\/td>\n<td class=\"excel32\">700 &#8211; 3500<\/td>\n<\/tr>\n<tr class=\"c6\">\n<td class=\"excel30 c7\">REL AV10<\/td>\n<td class=\"excel30\">10,0 mm<\/td>\n<td class=\"excel30\">7,5 mm<\/td>\n<td class=\"excel30\">500 &#8211; 3000<\/td>\n<\/tr>\n<tr class=\"c6\">\n<td class=\"excel32 c7\">REL AV13<\/td>\n<td class=\"excel32\">13,0 mm<\/td>\n<td class=\"excel32\">8,5 mm<\/td>\n<td class=\"excel32\">550 &#8211; 3000<\/td>\n<\/tr>\n<tr class=\"c6\">\n<td class=\"excel30 c7\">REL V-10<\/td>\n<td class=\"excel30\">10,0 mm<\/td>\n<td class=\"excel30\">7,5 mm<\/td>\n<td class=\"excel30\">500 &#8211; 3000<\/td>\n<\/tr>\n<tr class=\"c6\">\n<td class=\"excel32 c7\">REL V-13<\/td>\n<td class=\"excel32\">12,5 mm<\/td>\n<td class=\"excel32\">8,0 mm<\/td>\n<td class=\"excel32\">550 &#8211; 3000<\/td>\n<\/tr>\n<tr class=\"c6\">\n<td class=\"excel30 c7\">REL V-15<\/td>\n<td class=\"excel30\">16,5 mm<\/td>\n<td class=\"excel30\">9,5 mm<\/td>\n<td class=\"excel30\">550 &#8211; 3500<\/td>\n<\/tr>\n<tr class=\"c6\">\n<td class=\"excel32 c7\">REL AV-13<\/td>\n<td class=\"excel32\">13,5 mm<\/td>\n<td class=\"excel32\">8,0 mm<\/td>\n<td class=\"excel32\">550 &#8211; 3000<\/td>\n<\/tr>\n<\/tbody>\n<\/table>\n<\/div>","protected":false},"excerpt":{"rendered":"<p><strong>Construction<\/strong><br \/>\n\u2013 Tissu de rev\u00eatement sup\u00e9rieur<br \/>\n\u2013 Coussin sup\u00e9rieur en caoutchouc<br \/>\n\u2013 Caoutchouc d\u2019adh\u00e9rence<br \/>\n\u2013 Membre de traction<br \/>\n\u2013 Caoutchouc de compression<br \/>\n\u2013 Tissu lamin\u00e9<\/p>","protected":false},"featured_media":364,"comment_status":"closed","ping_status":"closed","template":"","meta":{"_acf_changed":false,"_joinchat":[]},"product_brand":[],"product_cat":[53],"product_tag":[75],"class_list":{"0":"post-363","1":"product","2":"type-product","3":"status-publish","4":"has-post-thumbnail","6":"product_cat-rubber-belt","7":"product_tag-cogged-v-belts","9":"first","10":"instock","11":"shipping-taxable","12":"product-type-simple"},"acf":[],"_links":{"self":[{"href":"https:\/\/www.hitbelt.com\/fr\/wp-json\/wp\/v2\/product\/363","targetHints":{"allow":["GET"]}}],"collection":[{"href":"https:\/\/www.hitbelt.com\/fr\/wp-json\/wp\/v2\/product"}],"about":[{"href":"https:\/\/www.hitbelt.com\/fr\/wp-json\/wp\/v2\/types\/product"}],"replies":[{"embeddable":true,"href":"https:\/\/www.hitbelt.com\/fr\/wp-json\/wp\/v2\/comments?post=363"}],"wp:featuredmedia":[{"embeddable":true,"href":"https:\/\/www.hitbelt.com\/fr\/wp-json\/wp\/v2\/media\/364"}],"wp:attachment":[{"href":"https:\/\/www.hitbelt.com\/fr\/wp-json\/wp\/v2\/media?parent=363"}],"wp:term":[{"taxonomy":"product_brand","embeddable":true,"href":"https:\/\/www.hitbelt.com\/fr\/wp-json\/wp\/v2\/product_brand?post=363"},{"taxonomy":"product_cat","embeddable":true,"href":"https:\/\/www.hitbelt.com\/fr\/wp-json\/wp\/v2\/product_cat?post=363"},{"taxonomy":"product_tag","embeddable":true,"href":"https:\/\/www.hitbelt.com\/fr\/wp-json\/wp\/v2\/product_tag?post=363"}],"curies":[{"name":"wp","href":"https:\/\/api.w.org\/{rel}","templated":true}]}}