{"id":2726,"date":"2024-10-30T03:04:05","date_gmt":"2024-10-30T03:04:05","guid":{"rendered":"https:\/\/www.hitbelt.com\/?post_type=product&#038;p=2726"},"modified":"2024-10-30T03:06:15","modified_gmt":"2024-10-30T03:06:15","slug":"hit-blets","status":"publish","type":"product","link":"https:\/\/www.hitbelt.com\/fr\/produit\/hit-blets","title":{"rendered":"Ceintures HIT"},"content":{"rendered":"","protected":false},"excerpt":{"rendered":"<p><strong>Cordon : DuPont\u2122, Kevlar\u00ae<\/strong><\/p>\n<p>\u00ab DuPont\u2122 et Kevlar\u00ae sont des marques commerciales ou des marques d\u00e9pos\u00e9es de DuPont aux \u00c9tats-Unis. \u00bb<\/p>\n<p>Les courroies trap\u00e9zo\u00efdales industrielles comprennent les courroies trap\u00e9zo\u00efdales courantes, \u00e9troites, larges, \u00e0 grand angle et \u00e0 changement de vitesse. Les courroies trap\u00e9zo\u00efdales communes et \u00e9troites sont les plus fr\u00e9quemment utilis\u00e9es. Avec un nouveau c\u00e2ble m\u00e9tallique en polyester comme \u00e9l\u00e9ment de tension, la courroie en V en c\u00e2ble m\u00e9tallique en polyester pr\u00e9sente une r\u00e9sistance \u00e9lev\u00e9e, un faible taux d&#039;allongement, une longue dur\u00e9e de vie, une dimension stable, une r\u00e9sistance \u00e9lev\u00e9e \u00e0 la flexion et \u00e0 l&#039;usure, etc., satisfaisant ainsi mieux les exigences de transmission m\u00e9canique.<\/p>","protected":false},"featured_media":2600,"comment_status":"closed","ping_status":"closed","template":"","meta":{"_acf_changed":false,"_joinchat":[]},"product_brand":[],"product_cat":[],"product_tag":[],"class_list":{"0":"post-2726","1":"product","2":"type-product","3":"status-publish","4":"has-post-thumbnail","7":"first","8":"instock","9":"shipping-taxable","10":"product-type-simple"},"acf":[],"_links":{"self":[{"href":"https:\/\/www.hitbelt.com\/fr\/wp-json\/wp\/v2\/product\/2726","targetHints":{"allow":["GET"]}}],"collection":[{"href":"https:\/\/www.hitbelt.com\/fr\/wp-json\/wp\/v2\/product"}],"about":[{"href":"https:\/\/www.hitbelt.com\/fr\/wp-json\/wp\/v2\/types\/product"}],"replies":[{"embeddable":true,"href":"https:\/\/www.hitbelt.com\/fr\/wp-json\/wp\/v2\/comments?post=2726"}],"wp:featuredmedia":[{"embeddable":true,"href":"https:\/\/www.hitbelt.com\/fr\/wp-json\/wp\/v2\/media\/2600"}],"wp:attachment":[{"href":"https:\/\/www.hitbelt.com\/fr\/wp-json\/wp\/v2\/media?parent=2726"}],"wp:term":[{"taxonomy":"product_brand","embeddable":true,"href":"https:\/\/www.hitbelt.com\/fr\/wp-json\/wp\/v2\/product_brand?post=2726"},{"taxonomy":"product_cat","embeddable":true,"href":"https:\/\/www.hitbelt.com\/fr\/wp-json\/wp\/v2\/product_cat?post=2726"},{"taxonomy":"product_tag","embeddable":true,"href":"https:\/\/www.hitbelt.com\/fr\/wp-json\/wp\/v2\/product_tag?post=2726"}],"curies":[{"name":"wp","href":"https:\/\/api.w.org\/{rel}","templated":true}]}}