{"id":267,"date":"2023-07-05T08:16:51","date_gmt":"2023-07-05T08:16:51","guid":{"rendered":"https:\/\/www.hitbelt.com\/?post_type=product&#038;p=267"},"modified":"2025-06-24T01:09:29","modified_gmt":"2025-06-24T01:09:29","slug":"3l4l5l","status":"publish","type":"product","link":"https:\/\/www.hitbelt.com\/fr\/produit\/3l4l5l","title":{"rendered":"Courroie trap\u00e9zo\u00efdale envelopp\u00e9e FHP"},"content":{"rendered":"<p><span style=\"font-family: Arial;\"><b>Caract\u00e9ristiques\/Avantages<\/b><br \/>\n\u2013 Le couvercle de protection est enroul\u00e9 en biais et pr\u00e9sente une forte r\u00e9sistance au frottement et une excellente flexibilit\u00e9 pour prot\u00e9ger le corps en caoutchouc et le cordon du c\u00e2ble.<br \/>\n\u2013 Le corps en caoutchouc solide soutient le c\u00e2ble dans la position appropri\u00e9e et maintient le coussin pour offrir une flexibilit\u00e9 suppl\u00e9mentaire et un minimum d&#039;accumulation de chaleur lors de l&#039;engagement.<br \/>\n\u2013 L\u2019\u00e9l\u00e9ment de tension est compos\u00e9 d\u2019un c\u00e2ble en caoutchouc et en polyester d\u2019une t\u00e9nacit\u00e9 extraordinaire pour offrir une grande r\u00e9sistance \u00e0 la traction.<\/span><b><\/b><\/p>\n<p><span style=\"font-family: Arial;\"><b>March\u00e9s\/Applications<\/b><br \/>\nPeut \u00eatre utilis\u00e9 dans des secteurs industriels nombreux et vari\u00e9s. Des processus de fabrication avanc\u00e9s et des mat\u00e9riaux de haute qualit\u00e9 \u00e0 partir d&#039;un \u00e9l\u00e9ment d&#039;entra\u00eenement qui garantissent une excellente fiabilit\u00e9 op\u00e9rationnelle m\u00eame dans des conditions difficiles.<\/span><\/p>\n<p><b>Nos tailles disponibles, y compris<\/b><\/p>\n<table class=\"ke-zeroborder\" border=\"0\" width=\"640\" cellspacing=\"0\" cellpadding=\"0\">\n<tbody>\n<tr>\n<td width=\"139\" height=\"15\">TAPER<\/td>\n<td width=\"139\">Largeur de pas<\/td>\n<td width=\"139\">Largeur sup\u00e9rieure<\/td>\n<td>Hauteur<\/td>\n<\/tr>\n<tr>\n<td width=\"139\" height=\"15\">3L &gt;&gt;<\/td>\n<td width=\"139\">8.20<\/td>\n<td width=\"139\">3\/8&#8243;<\/td>\n<td>7\/32&#8243;<\/td>\n<\/tr>\n<tr>\n<td width=\"139\" height=\"15\">4L &gt;&gt;<\/td>\n<td width=\"139\">10.50<\/td>\n<td width=\"139\">1\/2&#8243;<\/td>\n<td>5\/16&#8243;<\/td>\n<\/tr>\n<tr>\n<td width=\"139\" height=\"15\">5L &gt;&gt;<\/td>\n<td width=\"139\">13.70<\/td>\n<td width=\"139\">5\/8&#8243;<\/td>\n<td>3\/8&#8243;<\/td>\n<\/tr>\n<\/tbody>\n<\/table>\n<p>&nbsp;<\/p>\n<a  class=\"button  button_size_2\"  href=\"https:\/\/www.hitbelt.com\/fr\/bicycles\/3l4l5l\/\" target=\"_blank\"   ><span class=\"button_label\">V\u00e9rifiez les tailles disponibles<\/span><\/a>","protected":false},"excerpt":{"rendered":"<p><span style=\"font-family: Arial;\">Les courroies trap\u00e9zo\u00efdales industrielles comprennent les courroies trap\u00e9zo\u00efdales courantes, \u00e9troites, larges, \u00e0 grand angle et \u00e0 changement de vitesse. Les courroies trap\u00e9zo\u00efdales communes et \u00e9troites sont les plus fr\u00e9quemment utilis\u00e9es. Avec un nouveau c\u00e2ble m\u00e9tallique en polyester comme \u00e9l\u00e9ment de tension, la courroie en V en c\u00e2ble m\u00e9tallique en polyester pr\u00e9sente une r\u00e9sistance \u00e9lev\u00e9e, un faible taux d&#039;allongement, une longue dur\u00e9e de vie, une dimension stable, une r\u00e9sistance \u00e9lev\u00e9e \u00e0 la flexion et \u00e0 l&#039;usure, etc., satisfaisant ainsi mieux les exigences de transmission m\u00e9canique.<\/span><\/p>\n<p><span style=\"font-family: Arial;\">Nos produits, dot\u00e9s d&#039;une structure envelopp\u00e9e de tissu, sont coup\u00e9s en bottes et envelopp\u00e9s de tissu sous pression d&#039;air. La gaine circulaire en caoutchouc moul\u00e9 est vulcanis\u00e9e une fois. Le processus de production avanc\u00e9 garantit efficacement que les produits sont de qualit\u00e9 stable et fiable et que tous les indices de performance physique et m\u00e9canique des produits r\u00e9pondent \u00e0 la norme internationale.<\/span><\/p>","protected":false},"featured_media":259,"comment_status":"closed","ping_status":"closed","template":"","meta":{"_acf_changed":false,"_joinchat":[]},"product_brand":[],"product_cat":[147,53],"product_tag":[54],"class_list":{"0":"post-267","1":"product","2":"type-product","3":"status-publish","4":"has-post-thumbnail","6":"product_cat-home-products","7":"product_cat-rubber-belt","8":"product_tag-wrapped-v-belts","10":"first","11":"instock","12":"shipping-taxable","13":"product-type-simple"},"acf":[],"_links":{"self":[{"href":"https:\/\/www.hitbelt.com\/fr\/wp-json\/wp\/v2\/product\/267","targetHints":{"allow":["GET"]}}],"collection":[{"href":"https:\/\/www.hitbelt.com\/fr\/wp-json\/wp\/v2\/product"}],"about":[{"href":"https:\/\/www.hitbelt.com\/fr\/wp-json\/wp\/v2\/types\/product"}],"replies":[{"embeddable":true,"href":"https:\/\/www.hitbelt.com\/fr\/wp-json\/wp\/v2\/comments?post=267"}],"wp:featuredmedia":[{"embeddable":true,"href":"https:\/\/www.hitbelt.com\/fr\/wp-json\/wp\/v2\/media\/259"}],"wp:attachment":[{"href":"https:\/\/www.hitbelt.com\/fr\/wp-json\/wp\/v2\/media?parent=267"}],"wp:term":[{"taxonomy":"product_brand","embeddable":true,"href":"https:\/\/www.hitbelt.com\/fr\/wp-json\/wp\/v2\/product_brand?post=267"},{"taxonomy":"product_cat","embeddable":true,"href":"https:\/\/www.hitbelt.com\/fr\/wp-json\/wp\/v2\/product_cat?post=267"},{"taxonomy":"product_tag","embeddable":true,"href":"https:\/\/www.hitbelt.com\/fr\/wp-json\/wp\/v2\/product_tag?post=267"}],"curies":[{"name":"wp","href":"https:\/\/api.w.org\/{rel}","templated":true}]}}