{"id":2461,"date":"2023-11-03T01:57:48","date_gmt":"2023-11-03T01:57:48","guid":{"rendered":"https:\/\/www.hitbelt.com\/?post_type=product&#038;p=2461"},"modified":"2025-06-18T09:30:47","modified_gmt":"2025-06-18T09:30:47","slug":"variable-speed-belts-2","status":"publish","type":"product","link":"https:\/\/www.hitbelt.com\/fr\/produit\/variable-speed-belts-2","title":{"rendered":"Courroies \u00e0 vitesse variable"},"content":{"rendered":"<p>La courroie trap\u00e9zo\u00efdale agricole est particuli\u00e8rement recommand\u00e9e pour les charges de choc, les charges de pulsation, les grands entraxes, les entra\u00eenements \u00e0 arbre vertical, et elle est particuli\u00e8rement adapt\u00e9e aux entra\u00eenements par embrayage et aux entra\u00eenements \u00e0 plat en V.<\/p>\n<p>&nbsp;<\/p>\n<p><b>Enveloppe:<img decoding=\"async\" src=\"http:\/\/www.hitbelt.com\/uploadfile\/images\/agricultural-belt.jpg\" \/><\/b><br \/>\nUn tissu sp\u00e9cial impr\u00e9gn\u00e9 de caoutchouc qui offre une r\u00e9sistance \u00e0 l&#039;abrasion.<br \/>\nIl est \u00e9galement responsable de la protection totale de tous les composants des courroies.<\/p>\n<p>&nbsp;<\/p>\n<p><b>\u00c9l\u00e9ment de traction (cordes de traction)\u00a0:<\/b><br \/>\nConstitu\u00e9 de c\u00e2bles en fibres synth\u00e9tiques qui garantissent une transmission totale de la puissance avec un tr\u00e8s faible taux d&#039;allongement et une haute r\u00e9sistance \u00e0 la fatigue.<\/p>\n<p>&nbsp;<\/p>\n<p><b>El\u00e9ment compressif :<\/b><br \/>\nUn compos\u00e9 pr\u00e9par\u00e9 pour r\u00e9sister \u00e0 la fatigue de compression et pour dissiper la chaleur g\u00e9n\u00e9r\u00e9e par le syst\u00e8me, donnant \u00e0 la courroie une dur\u00e9e de vie plus longue.<\/p>\n<p>&nbsp;<\/p>\n<p><b>El\u00e9ment isolant :<\/b><br \/>\nUn compos\u00e9 sp\u00e9cial pr\u00e9par\u00e9 pour maintenir l&#039;\u00e9l\u00e9ment de traction connect\u00e9 au corps de la courroie, \u00e9vitant ainsi la friction entre les composants.<\/p>\n<p>&nbsp;<\/p>\n<p><b>Caoutchouc de tension\u00a0:<\/b><br \/>\nUn mat\u00e9riau compos\u00e9 de caoutchouc sp\u00e9cial charg\u00e9 de r\u00e9duire les \u00e9ventuels effets d&#039;impact sur la ceinture. Il offre \u00e9galement une meilleure flexibilit\u00e9 au syst\u00e8me, et un meilleur ajustement de la courroie \u00e0 la poulie.<\/p>\n<p><b><img loading=\"lazy\" decoding=\"async\" class=\"alignnone size-full wp-image-2462\" src=\"https:\/\/www.hitbelt.com\/wp-content\/uploads\/2023\/11\/agricultural-Belts.gif\" alt=\"\" width=\"194\" height=\"100\" \/><\/b><\/p>\n<p><b>Dimension pour la secte<\/b><b>ion et mission officielle<\/b><\/p>\n<table class=\"ke-zeroborder\" border=\"0\" width=\"640\" cellspacing=\"0\" cellpadding=\"0\">\n<colgroup>\n<col width=\"83\" \/>\n<col span=\"4\" width=\"89\" \/><\/colgroup>\n<tbody>\n<tr>\n<td width=\"83\" height=\"15\">Profil<\/td>\n<td width=\"89\">Largeur (mm)<\/td>\n<td width=\"89\">Hauteur (mm)<\/td>\n<td width=\"89\">Largeur (pouces)<\/td>\n<td width=\"89\">Hauteur (pouces)<\/td>\n<\/tr>\n<tr>\n<td height=\"15\">SALUT<\/td>\n<td>25.4<\/td>\n<td>12.7<\/td>\n<td>1<\/td>\n<td>0.5<\/td>\n<\/tr>\n<tr>\n<td height=\"15\">HJ<\/td>\n<td>31.8<\/td>\n<td>15.1<\/td>\n<td>1.25<\/td>\n<td>0.59<\/td>\n<\/tr>\n<tr>\n<td height=\"15\">Hong Kong<\/td>\n<td>38.1<\/td>\n<td>17.5<\/td>\n<td>1.5<\/td>\n<td>0.69<\/td>\n<\/tr>\n<tr>\n<td height=\"15\">HL<\/td>\n<td>44.5<\/td>\n<td>19.8<\/td>\n<td>1.75<\/td>\n<td>0.78<\/td>\n<\/tr>\n<tr>\n<td height=\"15\">HM<\/td>\n<td>50.8<\/td>\n<td>22.2<\/td>\n<td>2<\/td>\n<td>0.88<\/td>\n<\/tr>\n<tr>\n<td height=\"15\">NH<\/td>\n<td>57.2<\/td>\n<td>23.9<\/td>\n<td>2.25<\/td>\n<td>0.94<\/td>\n<\/tr>\n<tr>\n<td height=\"16\">HO<\/td>\n<td>63.5<\/td>\n<td>25.4<\/td>\n<td>2.5<\/td>\n<td>1<\/td>\n<\/tr>\n<\/tbody>\n<\/table>","protected":false},"excerpt":{"rendered":"<p>\u2013 Grande flexibilit\u00e9 combin\u00e9e \u00e0 une excellente rigidit\u00e9 de section.<br \/>\n\u2013 \u00c9conomie maximale<br \/>\n\u2013 Transmission de puissance exceptionnelle.<br \/>\n\u2013 R\u00e9sistance \u00e0 la temp\u00e9rature de -40 \u00e0 90 centigrades.<\/p>","protected":false},"featured_media":2657,"comment_status":"closed","ping_status":"closed","template":"","meta":{"_acf_changed":false,"_joinchat":[]},"product_brand":[],"product_cat":[53],"product_tag":[142,102],"class_list":{"0":"post-2461","1":"product","2":"type-product","3":"status-publish","4":"has-post-thumbnail","6":"product_cat-rubber-belt","7":"product_tag-automotive-equipment-belts","8":"product_tag-variable-speed-belts","10":"first","11":"instock","12":"shipping-taxable","13":"product-type-simple"},"acf":[],"_links":{"self":[{"href":"https:\/\/www.hitbelt.com\/fr\/wp-json\/wp\/v2\/product\/2461","targetHints":{"allow":["GET"]}}],"collection":[{"href":"https:\/\/www.hitbelt.com\/fr\/wp-json\/wp\/v2\/product"}],"about":[{"href":"https:\/\/www.hitbelt.com\/fr\/wp-json\/wp\/v2\/types\/product"}],"replies":[{"embeddable":true,"href":"https:\/\/www.hitbelt.com\/fr\/wp-json\/wp\/v2\/comments?post=2461"}],"wp:featuredmedia":[{"embeddable":true,"href":"https:\/\/www.hitbelt.com\/fr\/wp-json\/wp\/v2\/media\/2657"}],"wp:attachment":[{"href":"https:\/\/www.hitbelt.com\/fr\/wp-json\/wp\/v2\/media?parent=2461"}],"wp:term":[{"taxonomy":"product_brand","embeddable":true,"href":"https:\/\/www.hitbelt.com\/fr\/wp-json\/wp\/v2\/product_brand?post=2461"},{"taxonomy":"product_cat","embeddable":true,"href":"https:\/\/www.hitbelt.com\/fr\/wp-json\/wp\/v2\/product_cat?post=2461"},{"taxonomy":"product_tag","embeddable":true,"href":"https:\/\/www.hitbelt.com\/fr\/wp-json\/wp\/v2\/product_tag?post=2461"}],"curies":[{"name":"wp","href":"https:\/\/api.w.org\/{rel}","templated":true}]}}