{"id":227,"date":"2023-07-05T02:34:58","date_gmt":"2023-07-05T02:34:58","guid":{"rendered":"https:\/\/www.hitbelt.com\/?post_type=product&#038;p=227"},"modified":"2025-06-19T03:27:34","modified_gmt":"2025-06-19T03:27:34","slug":"hitpower-benu","status":"publish","type":"product","link":"https:\/\/www.hitbelt.com\/fr\/produit\/hitpower-benu","title":{"rendered":"HITPOWER\u2122 BENU"},"content":{"rendered":"<p><strong>Construction<\/strong><br \/>\n\u2013 Tissu d&#039;emballage \u00e0 technologie de bande avec double enveloppement : ce processus particulier est le noyau du tissu impr\u00e9gn\u00e9 du processus de vulcanisation du caoutchouc int\u00e9gr\u00e9 \u00e0 la bande. Le tissu impr\u00e9gn\u00e9 de caoutchouc sur la poulie permet une grande flexibilit\u00e9 et r\u00e9duit la pression ainsi que l&#039;accumulation d&#039;\u00e9nergie thermique g\u00e9n\u00e9r\u00e9e. Le rev\u00eatement ext\u00e9rieur en tissu prot\u00e8ge les composants internes de la poussi\u00e8re, de l&#039;huile et de la chaleur.<br \/>\nLe rev\u00eatement de type ondul\u00e9 conf\u00e8re \u00e0 la courroie une rigidit\u00e9 et une solidit\u00e9 extraordinaires, ce qui permet une longue dur\u00e9e de vie de la courroie et \u00e9galement une plus grande durabilit\u00e9 lors de l&#039;utilisation de cette courroie trap\u00e9zo\u00efdale haute performance. Cette housse donne plus de rigidit\u00e9 \u00e0 la ceinture pour supporter des heures de travail plus longues et ainsi prolonger la dur\u00e9e de vie utile de la ceinture.<\/p>\n<p>\u2013 D\u2019excellentes performances et stabilit\u00e9 sont dues \u00e0 la mise en \u0153uvre d\u2019un noyau en polyester \u00e0 ultra haute r\u00e9sistance\u00a0: il garantit la r\u00e9sistance \u00e0 la fatigue, la stabilit\u00e9 de la longueur et les propri\u00e9t\u00e9s de traction. Chaque cordon est enroul\u00e9 ensemble pour donner \u00e0 la courroie la tension n\u00e9cessaire pour travailler avec une grande efficacit\u00e9. La qualit\u00e9 sup\u00e9rieure du cordon en polyester : tr\u00e8s r\u00e9sistant \u00e0 l&#039;\u00e9tirement permettant ainsi de maintenir longtemps la tension et la rigidit\u00e9 de la ceinture. Nous proposons \u00e9galement du cordon Kevlar selon les exigences, et en veillant toujours \u00e0 conserver la tension et la capacit\u00e9 de puissance.<\/p>\n<p>\u2013 Fibres transversales pour caoutchouc de haute qualit\u00e9\u00a0: offrent une capacit\u00e9 de transmission ultra-\u00e9lev\u00e9e sup\u00e9rieure et offrent un soutien solide au noyau, toutes peuvent appliquer la m\u00eame charge uniform\u00e9ment sur toutes les pi\u00e8ces. La construction en fibres transversales permet un transfert de puissance plus important et meilleur, augmentant ainsi l&#039;efficacit\u00e9 de la courroie. Tout en permettant \u00e0 la courroie de tourner et aux poulies folles.<\/p>\n<p><strong>Caract\u00e9ristiques et avantages<\/strong><br \/>\n\u2013 Augmente la dur\u00e9e de vie de la courroie.<br \/>\n\u2013 Plus de durabilit\u00e9.<br \/>\n\u2013 Capacit\u00e9 de charge \u00e9lev\u00e9e.<br \/>\n\u2013 Cordon peu extensible.<br \/>\n\u2013 Une plus grande r\u00e9sistance \u00e0 l\u2019usure.<br \/>\n\u2013 Maintient la tension tout au long de sa vie.<br \/>\n- Haute efficacit\u00e9<\/p>\n<h3>Gamme de production<\/h3>\n<table class=\"excel691\" cellspacing=\"0\" cellpadding=\"0\">\n<tbody>\n<tr>\n<td class=\"excel693\" width=\"152\">Profil<\/td>\n<td class=\"excel693\" width=\"163\">Section(mm)<\/td>\n<td class=\"excel693\" width=\"161\">Gamme de production HIT<\/td>\n<\/tr>\n<tr>\n<td class=\"excel692\">Z<\/td>\n<td class=\"excel692\">10,0 x 6,0<\/td>\n<td class=\"excel692\">508 \u2013 2083 millim\u00e8tres<\/td>\n<\/tr>\n<tr>\n<td class=\"excel694\">UN<\/td>\n<td class=\"excel694\">13,0 x 8,0<\/td>\n<td class=\"excel694\">508 \u2013 4500 mm<\/td>\n<\/tr>\n<tr>\n<td class=\"excel692\">B<\/td>\n<td class=\"excel692\">17,0 x 11,0<\/td>\n<td class=\"excel692\">508 \u2013 10 000 mm<\/td>\n<\/tr>\n<tr>\n<td class=\"excel694\">C<\/td>\n<td class=\"excel694\">22,0 x 14,0<\/td>\n<td class=\"excel694\">889 \u2013 12 000 mm<\/td>\n<\/tr>\n<tr>\n<td class=\"excel692\">SPZ<\/td>\n<td class=\"excel692\">9,7 x 8,0<\/td>\n<td class=\"excel692\">508 \u2013 3353mm<\/td>\n<\/tr>\n<tr>\n<td class=\"excel694\">SPA<\/td>\n<td class=\"excel694\">12,7 x 10,0<\/td>\n<td class=\"excel694\">737 \u2013 4500 mm<\/td>\n<\/tr>\n<tr>\n<td class=\"excel692\">SPB<\/td>\n<td class=\"excel692\">16,3 x 13,0<\/td>\n<td class=\"excel692\">910 \u2013 10 000 mm<\/td>\n<\/tr>\n<tr>\n<td class=\"excel694\">CPS<\/td>\n<td class=\"excel694\">22,0 x 18,0<\/td>\n<td class=\"excel694\">2240 \u2013 12000mm<\/td>\n<\/tr>\n<tr>\n<td class=\"excel692\">3V<\/td>\n<td class=\"excel692\">9,0 x 8,0<\/td>\n<td class=\"excel692\">508 \u2013 3353mm<\/td>\n<\/tr>\n<tr>\n<td class=\"excel694\">5V<\/td>\n<td class=\"excel694\">15,0 x 13,0<\/td>\n<td class=\"excel694\">910 \u2013 10 000 mm<\/td>\n<\/tr>\n<tr>\n<td class=\"excel692\">8V<\/td>\n<td class=\"excel692\">25,0 x 23,0<\/td>\n<td class=\"excel692\">2540 \u2013 16000mm<\/td>\n<\/tr>\n<\/tbody>\n<\/table>","protected":false},"excerpt":{"rendered":"<p>La dur\u00e9e de vie suppl\u00e9mentaire de la transmission de puissance 50% est la caract\u00e9ristique remarquable des courroies HITPOWER\u2122 BENU. M\u00eame dans un environnement de travail difficile, il peut toujours maintenir une performance stable et conserver l&#039;\u00e9l\u00e9ment de tension. Parall\u00e8lement, il peut \u00e9galement \u00eatre \u00e9quip\u00e9 d&#039;une poulie \u00e0 courroie trap\u00e9zo\u00efdale standard.<\/p>","protected":false},"featured_media":2921,"comment_status":"closed","ping_status":"closed","template":"","meta":{"_acf_changed":false,"_joinchat":[]},"product_brand":[],"product_cat":[53],"product_tag":[54],"class_list":{"0":"post-227","1":"product","2":"type-product","3":"status-publish","4":"has-post-thumbnail","6":"product_cat-rubber-belt","7":"product_tag-wrapped-v-belts","9":"first","10":"instock","11":"shipping-taxable","12":"product-type-simple"},"acf":[],"_links":{"self":[{"href":"https:\/\/www.hitbelt.com\/fr\/wp-json\/wp\/v2\/product\/227","targetHints":{"allow":["GET"]}}],"collection":[{"href":"https:\/\/www.hitbelt.com\/fr\/wp-json\/wp\/v2\/product"}],"about":[{"href":"https:\/\/www.hitbelt.com\/fr\/wp-json\/wp\/v2\/types\/product"}],"replies":[{"embeddable":true,"href":"https:\/\/www.hitbelt.com\/fr\/wp-json\/wp\/v2\/comments?post=227"}],"wp:featuredmedia":[{"embeddable":true,"href":"https:\/\/www.hitbelt.com\/fr\/wp-json\/wp\/v2\/media\/2921"}],"wp:attachment":[{"href":"https:\/\/www.hitbelt.com\/fr\/wp-json\/wp\/v2\/media?parent=227"}],"wp:term":[{"taxonomy":"product_brand","embeddable":true,"href":"https:\/\/www.hitbelt.com\/fr\/wp-json\/wp\/v2\/product_brand?post=227"},{"taxonomy":"product_cat","embeddable":true,"href":"https:\/\/www.hitbelt.com\/fr\/wp-json\/wp\/v2\/product_cat?post=227"},{"taxonomy":"product_tag","embeddable":true,"href":"https:\/\/www.hitbelt.com\/fr\/wp-json\/wp\/v2\/product_tag?post=227"}],"curies":[{"name":"wp","href":"https:\/\/api.w.org\/{rel}","templated":true}]}}