{"id":1910,"date":"2023-07-18T07:58:52","date_gmt":"2023-07-18T07:58:52","guid":{"rendered":"https:\/\/www.hitbelt.com\/?post_type=product&#038;p=1910"},"modified":"2025-05-29T07:42:57","modified_gmt":"2025-05-29T07:42:57","slug":"fixture","status":"publish","type":"product","link":"https:\/\/www.hitbelt.com\/fr\/produit\/fixture","title":{"rendered":"Fixation"},"content":{"rendered":"<p>Les outils professionnels HIT vous aideront \u00e0 entretenir et installer nos pi\u00e8ces de transmission.<\/p>\n<p><strong>Jauge de longueur<\/strong><br \/>\nCet outil permet de v\u00e9rifier la longueur des courroies trap\u00e9zo\u00efdales et des courroies stri\u00e9es.<\/p>\n<p><img loading=\"lazy\" decoding=\"async\" class=\"alignnone size-medium wp-image-1911\" src=\"https:\/\/www.hitbelt.com\/wp-content\/uploads\/2023\/07\/belt-length-measure-500x333.jpg\" alt=\"\" width=\"500\" height=\"333\" srcset=\"https:\/\/www.hitbelt.com\/wp-content\/uploads\/2023\/07\/belt-length-measure-500x333.jpg 500w, https:\/\/www.hitbelt.com\/wp-content\/uploads\/2023\/07\/belt-length-measure-768x511.jpg 768w, https:\/\/www.hitbelt.com\/wp-content\/uploads\/2023\/07\/belt-length-measure-18x12.jpg 18w, https:\/\/www.hitbelt.com\/wp-content\/uploads\/2023\/07\/belt-length-measure-113x75.jpg 113w, https:\/\/www.hitbelt.com\/wp-content\/uploads\/2023\/07\/belt-length-measure-480x319.jpg 480w, https:\/\/www.hitbelt.com\/wp-content\/uploads\/2023\/07\/belt-length-measure.jpg 800w\" sizes=\"auto, (max-width:767px) 480px, 500px\" \/><\/p>","protected":false},"excerpt":{"rendered":"<p><strong>Caract\u00e9ristiques\/Avantages<\/strong><br \/>\n\u2013 Simple, rapide<br \/>\n\u2013 Facile \u00e0 lire<br \/>\n\u2013 Donn\u00e9es pr\u00e9cises<br \/>\n\u2013 Disponible pour les courroies trap\u00e9zo\u00efdales et les courroies stri\u00e9es.<\/p>\n<p>Plage de mesure pour les nervures en V\u00a0: 480-2730\u00a0mm<br \/>\nPlage de mesure pour courroie trap\u00e9zo\u00efdale\u00a0: 350-2660 mm (140-1045 pouces)<\/p>","protected":false},"featured_media":1917,"comment_status":"closed","ping_status":"closed","template":"","meta":{"_acf_changed":false,"_joinchat":[]},"product_brand":[],"product_cat":[116],"product_tag":[121],"class_list":{"0":"post-1910","1":"product","2":"type-product","3":"status-publish","4":"has-post-thumbnail","6":"product_cat-tools-machines","7":"product_tag-tools-machines","9":"first","10":"instock","11":"shipping-taxable","12":"product-type-simple"},"acf":[],"_links":{"self":[{"href":"https:\/\/www.hitbelt.com\/fr\/wp-json\/wp\/v2\/product\/1910","targetHints":{"allow":["GET"]}}],"collection":[{"href":"https:\/\/www.hitbelt.com\/fr\/wp-json\/wp\/v2\/product"}],"about":[{"href":"https:\/\/www.hitbelt.com\/fr\/wp-json\/wp\/v2\/types\/product"}],"replies":[{"embeddable":true,"href":"https:\/\/www.hitbelt.com\/fr\/wp-json\/wp\/v2\/comments?post=1910"}],"wp:featuredmedia":[{"embeddable":true,"href":"https:\/\/www.hitbelt.com\/fr\/wp-json\/wp\/v2\/media\/1917"}],"wp:attachment":[{"href":"https:\/\/www.hitbelt.com\/fr\/wp-json\/wp\/v2\/media?parent=1910"}],"wp:term":[{"taxonomy":"product_brand","embeddable":true,"href":"https:\/\/www.hitbelt.com\/fr\/wp-json\/wp\/v2\/product_brand?post=1910"},{"taxonomy":"product_cat","embeddable":true,"href":"https:\/\/www.hitbelt.com\/fr\/wp-json\/wp\/v2\/product_cat?post=1910"},{"taxonomy":"product_tag","embeddable":true,"href":"https:\/\/www.hitbelt.com\/fr\/wp-json\/wp\/v2\/product_tag?post=1910"}],"curies":[{"name":"wp","href":"https:\/\/api.w.org\/{rel}","templated":true}]}}