{"id":1901,"date":"2023-07-18T07:47:43","date_gmt":"2023-07-18T07:47:43","guid":{"rendered":"https:\/\/www.hitbelt.com\/?post_type=product&#038;p=1901"},"modified":"2025-06-20T09:52:31","modified_gmt":"2025-06-20T09:52:31","slug":"weld-on-bolt-on-hubs","status":"publish","type":"product","link":"https:\/\/www.hitbelt.com\/fr\/produit\/weld-on-bolt-on-hubs","title":{"rendered":"Souder et boulonner les moyeux"},"content":{"rendered":"<p align=\"left\"><img loading=\"lazy\" decoding=\"async\" class=\"alignnone size-medium wp-image-1902\" src=\"https:\/\/www.hitbelt.com\/wp-content\/uploads\/2023\/07\/20131022091029_55063-500x176.jpg\" alt=\"\" width=\"500\" height=\"176\" srcset=\"https:\/\/www.hitbelt.com\/wp-content\/uploads\/2023\/07\/20131022091029_55063-500x176.jpg 500w, https:\/\/www.hitbelt.com\/wp-content\/uploads\/2023\/07\/20131022091029_55063-18x6.jpg 18w, https:\/\/www.hitbelt.com\/wp-content\/uploads\/2023\/07\/20131022091029_55063-150x53.jpg 150w, https:\/\/www.hitbelt.com\/wp-content\/uploads\/2023\/07\/20131022091029_55063-480x168.jpg 480w, https:\/\/www.hitbelt.com\/wp-content\/uploads\/2023\/07\/20131022091029_55063.jpg 584w\" sizes=\"auto, (max-width:767px) 480px, 500px\" \/><\/p>\n<p align=\"left\">Les moyeux \u00e0 souder peuvent \u00eatre utilis\u00e9s avec des pignons, des brides et des ventilateurs assembl\u00e9s. Travaillant avec les bagues BTL, QTL ou STL, ils peuvent \u00eatre install\u00e9s dans divers m\u00e9canismes de transmission. Les moyeux \u00e0 souder sont fabriqu\u00e9s en acier \u00e0 faible teneur en carbone de haute qualit\u00e9 avec une excellente capacit\u00e9 de soudage et m\u00e9canique. Nous proposons toute la s\u00e9rie de bagues BTL, QTL ou STL en m\u00eame temps.<\/p>\n<p>Al\u00e9sage conique avec moyeux \u00e0 souder WA \u2013 BTL<\/p>\n<p>Les moyeux \u00e0 souder de type W\/WA sont fabriqu\u00e9s en acier, perc\u00e9s, taraud\u00e9s et al\u00e9s\u00e9s coniquement pour \u00eatre utilis\u00e9s avec les bagues coniques appropri\u00e9es. Ils sont largement utilis\u00e9s pour le soudage sur les moteurs de ventilateurs, les poulies, les roues \u00e0 plaques, les turbines, les agitateurs et de nombreux autres dispositifs qui doivent \u00eatre solidement fix\u00e9s aux arbres.<\/p>\n<p>Ce type de moyeu \u00e0 souder est robuste dans les constructions avec les avantages d&#039;une installation facile et d&#039;une bonne ad\u00e9quation aux conditions de fonctionnement s\u00e9v\u00e8res. Sa structure \u00e9limine efficacement les difficult\u00e9s de montage. Cela \u00e9vite \u00e9galement un \u00e9ventuel desserrage ou usure des moyeux pendant les op\u00e9rations.<\/p>\n<p><img loading=\"lazy\" decoding=\"async\" class=\"alignnone size-medium wp-image-1903\" src=\"https:\/\/www.hitbelt.com\/wp-content\/uploads\/2023\/07\/20131022091146_20647-500x277.jpg\" alt=\"\" width=\"500\" height=\"277\" srcset=\"https:\/\/www.hitbelt.com\/wp-content\/uploads\/2023\/07\/20131022091146_20647-500x277.jpg 500w, https:\/\/www.hitbelt.com\/wp-content\/uploads\/2023\/07\/20131022091146_20647-18x10.jpg 18w, https:\/\/www.hitbelt.com\/wp-content\/uploads\/2023\/07\/20131022091146_20647-135x75.jpg 135w, https:\/\/www.hitbelt.com\/wp-content\/uploads\/2023\/07\/20131022091146_20647-480x266.jpg 480w, https:\/\/www.hitbelt.com\/wp-content\/uploads\/2023\/07\/20131022091146_20647.jpg 558w\" sizes=\"auto, (max-width:767px) 480px, 500px\" \/><\/p>\n<p>Adaptateurs \u00e0 al\u00e9sage conique \u2013 BTL<\/p>\n<p>Les adaptateurs pour bagues coniques sont recommand\u00e9s pour une utilisation o\u00f9 il est plus pratique d&#039;utiliser un al\u00e9sage droit plut\u00f4t que de percer et de tarauder pour accueillir les bagues.<\/p>\n<p>L&#039;adaptateur est un manchon conique en fonte grise qui s&#039;ins\u00e8re dans l&#039;al\u00e9sage droit d&#039;un moyeu. La bague s&#039;ins\u00e8re simplement \u00e0 l&#039;int\u00e9rieur de l&#039;adaptateur taraud\u00e9 pour les vis de la bague. Lors du serrage des vis de verrouillage, l&#039;adaptateur est \u00e9tendu contre l&#039;al\u00e9sage du moyeu, appuyant fermement la bague sur l&#039;arbre.<\/p>\n<p><img loading=\"lazy\" decoding=\"async\" class=\"alignnone size-medium wp-image-1904\" src=\"https:\/\/www.hitbelt.com\/wp-content\/uploads\/2023\/07\/20131022091242_35796-500x169.jpg\" alt=\"\" width=\"500\" height=\"169\" srcset=\"https:\/\/www.hitbelt.com\/wp-content\/uploads\/2023\/07\/20131022091242_35796-500x169.jpg 500w, https:\/\/www.hitbelt.com\/wp-content\/uploads\/2023\/07\/20131022091242_35796-18x6.jpg 18w, https:\/\/www.hitbelt.com\/wp-content\/uploads\/2023\/07\/20131022091242_35796-150x51.jpg 150w, https:\/\/www.hitbelt.com\/wp-content\/uploads\/2023\/07\/20131022091242_35796-480x162.jpg 480w, https:\/\/www.hitbelt.com\/wp-content\/uploads\/2023\/07\/20131022091242_35796.jpg 583w\" sizes=\"auto, (max-width:767px) 480px, 500px\" \/><\/p>\n<p align=\"left\">Moyeux \u00e0 boulons \u00e0 al\u00e9sage conique \u2013 QTL<\/p>\n<p align=\"left\">Les moyeux \u00e0 souder QTL conviennent \u00e0 de nombreuses applications telles que le soudage sur des roues en t\u00f4le d&#039;acier. Les moyeux \u00e0 souder sont fabriqu\u00e9s en acier, perc\u00e9s, scotch\u00e9s et al\u00e9s\u00e9s coniquement pour \u00eatre utilis\u00e9s avec la bague QTL.<\/p>\n<p align=\"left\"><img loading=\"lazy\" decoding=\"async\" class=\"alignnone size-medium wp-image-1905\" src=\"https:\/\/www.hitbelt.com\/wp-content\/uploads\/2023\/07\/20131022091418_27295-500x179.jpg\" alt=\"\" width=\"500\" height=\"179\" srcset=\"https:\/\/www.hitbelt.com\/wp-content\/uploads\/2023\/07\/20131022091418_27295-500x179.jpg 500w, https:\/\/www.hitbelt.com\/wp-content\/uploads\/2023\/07\/20131022091418_27295-18x6.jpg 18w, https:\/\/www.hitbelt.com\/wp-content\/uploads\/2023\/07\/20131022091418_27295-150x54.jpg 150w, https:\/\/www.hitbelt.com\/wp-content\/uploads\/2023\/07\/20131022091418_27295-480x172.jpg 480w, https:\/\/www.hitbelt.com\/wp-content\/uploads\/2023\/07\/20131022091418_27295.jpg 583w\" sizes=\"auto, (max-width:767px) 480px, 500px\" \/><\/p>\n<p>Moyeux \u00e0 souder \u00e0 al\u00e9sage conique \u2013 STL<\/p>\n<p><img loading=\"lazy\" decoding=\"async\" class=\"alignnone size-medium wp-image-1906\" src=\"https:\/\/www.hitbelt.com\/wp-content\/uploads\/2023\/07\/20131022091523_38110-500x296.jpg\" alt=\"\" width=\"500\" height=\"296\" srcset=\"https:\/\/www.hitbelt.com\/wp-content\/uploads\/2023\/07\/20131022091523_38110-500x296.jpg 500w, https:\/\/www.hitbelt.com\/wp-content\/uploads\/2023\/07\/20131022091523_38110-18x12.jpg 18w, https:\/\/www.hitbelt.com\/wp-content\/uploads\/2023\/07\/20131022091523_38110-127x75.jpg 127w, https:\/\/www.hitbelt.com\/wp-content\/uploads\/2023\/07\/20131022091523_38110-480x284.jpg 480w, https:\/\/www.hitbelt.com\/wp-content\/uploads\/2023\/07\/20131022091523_38110.jpg 572w\" sizes=\"auto, (max-width:767px) 480px, 500px\" \/><\/p>\n<p>&nbsp;<\/p>\n<a  class=\"button  button_size_2\"  href=\"https:\/\/www.hitbelt.com\/fr\/bicycles\/weld-on-bolt-on-hubs\/\" target=\"_blank\"   ><span class=\"button_label\">V\u00e9rifiez les tailles disponibles<\/span><\/a>","protected":false},"excerpt":{"rendered":"<p>Les moyeux \u00e0 souder peuvent \u00eatre utilis\u00e9s avec des pignons, des brides et des ventilateurs assembl\u00e9s. Travaillant avec les bagues BTL, QTL ou STL, ils peuvent \u00eatre install\u00e9s dans diverses transmissions<span class=\"excerpt-hellip\"> [\u2026]<\/span><\/p>","protected":false},"featured_media":2284,"comment_status":"closed","ping_status":"closed","template":"","meta":{"_acf_changed":false,"_joinchat":[]},"product_brand":[],"product_cat":[115],"product_tag":[133],"class_list":{"0":"post-1901","1":"product","2":"type-product","3":"status-publish","4":"has-post-thumbnail","6":"product_cat-metal-pats","7":"product_tag-weld-on-bolt-on-hubs","9":"first","10":"instock","11":"shipping-taxable","12":"product-type-simple"},"acf":[],"_links":{"self":[{"href":"https:\/\/www.hitbelt.com\/fr\/wp-json\/wp\/v2\/product\/1901","targetHints":{"allow":["GET"]}}],"collection":[{"href":"https:\/\/www.hitbelt.com\/fr\/wp-json\/wp\/v2\/product"}],"about":[{"href":"https:\/\/www.hitbelt.com\/fr\/wp-json\/wp\/v2\/types\/product"}],"replies":[{"embeddable":true,"href":"https:\/\/www.hitbelt.com\/fr\/wp-json\/wp\/v2\/comments?post=1901"}],"wp:featuredmedia":[{"embeddable":true,"href":"https:\/\/www.hitbelt.com\/fr\/wp-json\/wp\/v2\/media\/2284"}],"wp:attachment":[{"href":"https:\/\/www.hitbelt.com\/fr\/wp-json\/wp\/v2\/media?parent=1901"}],"wp:term":[{"taxonomy":"product_brand","embeddable":true,"href":"https:\/\/www.hitbelt.com\/fr\/wp-json\/wp\/v2\/product_brand?post=1901"},{"taxonomy":"product_cat","embeddable":true,"href":"https:\/\/www.hitbelt.com\/fr\/wp-json\/wp\/v2\/product_cat?post=1901"},{"taxonomy":"product_tag","embeddable":true,"href":"https:\/\/www.hitbelt.com\/fr\/wp-json\/wp\/v2\/product_tag?post=1901"}],"curies":[{"name":"wp","href":"https:\/\/api.w.org\/{rel}","templated":true}]}}