{"id":1857,"date":"2023-07-18T06:27:34","date_gmt":"2023-07-18T06:27:34","guid":{"rendered":"https:\/\/www.hitbelt.com\/?post_type=product&#038;p=1857"},"modified":"2023-10-13T03:54:16","modified_gmt":"2023-10-13T03:54:16","slug":"cylindrical-roller-bearings","status":"publish","type":"product","link":"https:\/\/www.hitbelt.com\/fr\/produit\/cylindrical-roller-bearings","title":{"rendered":"Roulements \u00e0 rouleaux cylindriques"},"content":{"rendered":"<p>Les roulements \u00e0 rouleaux cylindriques sont des roulements dans lesquels des cylindres sont utilis\u00e9s comme \u00e9l\u00e9ments roulants par opposition aux billes dans les roulements \u00e0 billes. En tant que tels, les rouleaux ont une plus grande surface de contact (lin\u00e9aire) avec la bague ext\u00e9rieure et r\u00e9partissent les charges sur une surface plus large. Par cons\u00e9quent, ils ont une capacit\u00e9 de charge radiale relativement \u00e9lev\u00e9e et conviennent aux vitesses \u00e9lev\u00e9es. Les roulements \u00e0 rouleaux cylindriques \u00e0 deux rang\u00e9es ont une rigidit\u00e9 radiale \u00e9lev\u00e9e et sont principalement utilis\u00e9s pour les machines-outils de pr\u00e9cision.<\/p>\n<p>En fonction de la s\u00e9rie d\u00e9finie ci-dessous, un certain nombre de roulements \u00e0 rouleaux cylindriques n&#039;ont aucune nervure sur la bague int\u00e9rieure ou ext\u00e9rieure, de sorte que les bagues peuvent se d\u00e9placer axialement les unes par rapport aux autres et peuvent \u00eatre utilis\u00e9es comme roulements \u00e0 extr\u00e9mit\u00e9 libre.<\/p>\n<p>Des cages en acier embouti (avec ou sans bo\u00eetes ou ailettes) ou en laiton usin\u00e9 sont g\u00e9n\u00e9ralement utilis\u00e9es, mais parfois des cages en polyamide moul\u00e9 sont \u00e9galement disponibles en fonction de l&#039;application. Les roulements \u00e0 rouleaux cylindriques sont \u00e9galement disponibles sans cages avec un ensemble complet de rouleaux. Cela permet des charges encore plus \u00e9lev\u00e9es mais au d\u00e9triment de la vitesse.<\/p>\n<p>Les roulements \u00e0 rouleaux cylindriques \u00e0 une rang\u00e9e sont \u00e9galement fabriqu\u00e9s avec des rainures pour circlips sur les bagues ext\u00e9rieures. Cette conception simplifie le joint de roulement car les roulements sont situ\u00e9s dans le bo\u00eetier au moyen des anneaux d&#039;arr\u00eat. La rainure du circlip et les circlips sont conformes \u00e0 la norme ISO 464.<\/p>\n<p>Il existe diff\u00e9rents types d\u00e9sign\u00e9s NU, NJ, NUP, N, NF pour les roulements \u00e0 une rang\u00e9e, et NNU, NN pour les roulements \u00e0 deux rang\u00e9es en fonction de la conception ou de l&#039;absence de nervures lat\u00e9rales.<\/p>\n<p>En fonction de l&#039;existence de nervures sur leurs bagues, les roulements \u00e0 rouleaux cylindriques sont class\u00e9s dans les types suivants\u00a0:<\/p>\n<p><img loading=\"lazy\" decoding=\"async\" class=\"alignnone size-full wp-image-1858\" src=\"https:\/\/www.hitbelt.com\/wp-content\/uploads\/2023\/07\/20141202021010903.gif\" alt=\"\" width=\"450\" height=\"209\" \/><\/p>\n<div class=\"productTxtBox firstChild\">\n<p>Les types NU, N, NNU et NN conviennent comme roulements \u00e0 extr\u00e9mit\u00e9 libre. Les types NJ et NF peuvent supporter des charges axiales limit\u00e9es dans une direction. Les types NH et NUP peuvent \u00eatre utilis\u00e9s comme roulements \u00e0 extr\u00e9mit\u00e9 fixe.<\/p>\n<p>Les roulements \u00e0 rouleaux cylindriques de type NH sont constitu\u00e9s de roulements \u00e0 rouleaux cylindriques de type NJ et de colliers de but\u00e9e en forme de L de type HJ.<\/p>\n<p>La nervure libre de la bague int\u00e9rieure d&#039;un roulement \u00e0 rouleaux cylindriques de type NUP doit \u00eatre mont\u00e9e de mani\u00e8re \u00e0 ce que le c\u00f4t\u00e9 marqu\u00e9 soit vers l&#039;ext\u00e9rieur.<\/p>\n<\/div>","protected":false},"excerpt":{"rendered":"<p><strong>March\u00e9s\/Applications<\/strong><br \/>\n- Industrie sid\u00e9rurgique<br \/>\n\u2013 Mines et construction<br \/>\n\u2013 Machines \u00e0 papier<br \/>\n- \u00c9oliennes<br \/>\n\u2013 Machines-outils<br \/>\n\u2013 Bo\u00eetes de vitesses<br \/>\n- Moteurs \u00e9lectriques<br \/>\n\u2013 Pompes et compresseurs<br \/>\n\u2013 Machines de moulage par injection<br \/>\n\u2013 Motocyclettes<br \/>\n- Les chemins de fer<\/p>","protected":false},"featured_media":2385,"comment_status":"closed","ping_status":"closed","template":"","meta":{"_acf_changed":false,"_joinchat":[]},"product_brand":[],"product_cat":[115],"product_tag":[129],"class_list":{"0":"post-1857","1":"product","2":"type-product","3":"status-publish","4":"has-post-thumbnail","6":"product_cat-metal-pats","7":"product_tag-bearings","9":"first","10":"instock","11":"shipping-taxable","12":"product-type-simple"},"acf":[],"_links":{"self":[{"href":"https:\/\/www.hitbelt.com\/fr\/wp-json\/wp\/v2\/product\/1857","targetHints":{"allow":["GET"]}}],"collection":[{"href":"https:\/\/www.hitbelt.com\/fr\/wp-json\/wp\/v2\/product"}],"about":[{"href":"https:\/\/www.hitbelt.com\/fr\/wp-json\/wp\/v2\/types\/product"}],"replies":[{"embeddable":true,"href":"https:\/\/www.hitbelt.com\/fr\/wp-json\/wp\/v2\/comments?post=1857"}],"wp:featuredmedia":[{"embeddable":true,"href":"https:\/\/www.hitbelt.com\/fr\/wp-json\/wp\/v2\/media\/2385"}],"wp:attachment":[{"href":"https:\/\/www.hitbelt.com\/fr\/wp-json\/wp\/v2\/media?parent=1857"}],"wp:term":[{"taxonomy":"product_brand","embeddable":true,"href":"https:\/\/www.hitbelt.com\/fr\/wp-json\/wp\/v2\/product_brand?post=1857"},{"taxonomy":"product_cat","embeddable":true,"href":"https:\/\/www.hitbelt.com\/fr\/wp-json\/wp\/v2\/product_cat?post=1857"},{"taxonomy":"product_tag","embeddable":true,"href":"https:\/\/www.hitbelt.com\/fr\/wp-json\/wp\/v2\/product_tag?post=1857"}],"curies":[{"name":"wp","href":"https:\/\/api.w.org\/{rel}","templated":true}]}}