{"id":1856,"date":"2023-07-18T06:25:35","date_gmt":"2023-07-18T06:25:35","guid":{"rendered":"https:\/\/www.hitbelt.com\/?post_type=product&#038;p=1856"},"modified":"2024-02-19T08:04:31","modified_gmt":"2024-02-19T08:04:31","slug":"angular-contact-ball-bearings","status":"publish","type":"product","link":"https:\/\/www.hitbelt.com\/fr\/produit\/angular-contact-ball-bearings","title":{"rendered":"Roulements \u00e0 billes \u00e0 contact oblique"},"content":{"rendered":"<p><strong>Caract\u00e9ristiques\/Avantages<\/strong><br \/>\n\u2013 La g\u00e9om\u00e9trie sp\u00e9cifique des chemins de roulement et des \u00e9paulements des roulements \u00e0 contact oblique cr\u00e9e des angles de contact des billes qui supportent des charges axiales plus \u00e9lev\u00e9es.<br \/>\n\u2013 Les options \u00e9tendues incluent des lubrifiants sp\u00e9ciaux, des mat\u00e9riaux de cage, des pr\u00e9charges et des rev\u00eatements pour une r\u00e9sistance suppl\u00e9mentaire \u00e0 la corrosion.<\/p>\n<p><strong>March\u00e9s\/Applications<\/strong><br \/>\nLes roulements \u00e0 billes \u00e0 contact oblique sont con\u00e7us pour \u00eatre utilis\u00e9s dans des applications \u00e0 grande vitesse et de haute pr\u00e9cision pour\u00a0:<br \/>\n- Agriculture<br \/>\n\u2013 Chimique<br \/>\n\u2013 Industrie g\u00e9n\u00e9rale<br \/>\n\u2013 Utilitaires<\/p>","protected":false},"excerpt":{"rendered":"<p class=\"firstChild\">Les roulements \u00e0 billes \u00e0 contact oblique HIT sont con\u00e7us pour combiner des charges radiales et axiales. Les roulements \u00e0 une rang\u00e9e ont une capacit\u00e9 de pouss\u00e9e \u00e9lev\u00e9e dans une direction. Certains roulements \u00e0 une rang\u00e9e sont sp\u00e9cialement con\u00e7us pour un montage duplex en ensembles pour des performances maximales. Les roulements Conrad \u00e0 double rang\u00e9e peuvent supporter une pouss\u00e9e dans les deux sens.<\/p>","protected":false},"featured_media":2649,"comment_status":"closed","ping_status":"closed","template":"","meta":{"_acf_changed":false,"_joinchat":[]},"product_brand":[],"product_cat":[115],"product_tag":[129],"class_list":{"0":"post-1856","1":"product","2":"type-product","3":"status-publish","4":"has-post-thumbnail","6":"product_cat-metal-pats","7":"product_tag-bearings","9":"first","10":"instock","11":"shipping-taxable","12":"product-type-simple"},"acf":[],"_links":{"self":[{"href":"https:\/\/www.hitbelt.com\/fr\/wp-json\/wp\/v2\/product\/1856","targetHints":{"allow":["GET"]}}],"collection":[{"href":"https:\/\/www.hitbelt.com\/fr\/wp-json\/wp\/v2\/product"}],"about":[{"href":"https:\/\/www.hitbelt.com\/fr\/wp-json\/wp\/v2\/types\/product"}],"replies":[{"embeddable":true,"href":"https:\/\/www.hitbelt.com\/fr\/wp-json\/wp\/v2\/comments?post=1856"}],"wp:featuredmedia":[{"embeddable":true,"href":"https:\/\/www.hitbelt.com\/fr\/wp-json\/wp\/v2\/media\/2649"}],"wp:attachment":[{"href":"https:\/\/www.hitbelt.com\/fr\/wp-json\/wp\/v2\/media?parent=1856"}],"wp:term":[{"taxonomy":"product_brand","embeddable":true,"href":"https:\/\/www.hitbelt.com\/fr\/wp-json\/wp\/v2\/product_brand?post=1856"},{"taxonomy":"product_cat","embeddable":true,"href":"https:\/\/www.hitbelt.com\/fr\/wp-json\/wp\/v2\/product_cat?post=1856"},{"taxonomy":"product_tag","embeddable":true,"href":"https:\/\/www.hitbelt.com\/fr\/wp-json\/wp\/v2\/product_tag?post=1856"}],"curies":[{"name":"wp","href":"https:\/\/api.w.org\/{rel}","templated":true}]}}