{"id":1853,"date":"2023-07-18T06:22:53","date_gmt":"2023-07-18T06:22:53","guid":{"rendered":"https:\/\/www.hitbelt.com\/?post_type=product&#038;p=1853"},"modified":"2025-06-24T02:14:47","modified_gmt":"2025-06-24T02:14:47","slug":"self-aligning-ball-bearings","status":"publish","type":"product","link":"https:\/\/www.hitbelt.com\/fr\/produit\/self-aligning-ball-bearings","title":{"rendered":"Roulements \u00e0 billes \u00e0 alignement automatique"},"content":{"rendered":"<p><strong>March\u00e9s\/Applications<\/strong><br \/>\n\u2013 Machines \u00e0 papier<br \/>\n\u2013 Semi-conducteurs<br \/>\n\u2013 Bo\u00eetes de vitesses<\/p>\n<a  class=\"button  button_size_2\"  href=\"https:\/\/www.hitbelt.com\/fr\/self-aligning-ball-bearings\/\" target=\"_blank\"   ><span class=\"button_label\">V\u00e9rifiez les tailles disponibles<\/span><\/a>","protected":false},"excerpt":{"rendered":"<p class=\"firstChild\">Ce type de roulement \u00e0 billes est recommand\u00e9 lorsque l&#039;alignement de l&#039;arbre et du bo\u00eetier est difficile et que l&#039;arbre peut fl\u00e9chir. La bague ext\u00e9rieure pr\u00e9sente un chemin de roulement sph\u00e9rique et son centre de courbure co\u00efncide avec celui du roulement ; par cons\u00e9quent, l&#039;axe de la bague int\u00e9rieure, des billes et de la cage peut d\u00e9vier dans une certaine mesure autour du centre du roulement. Des cages en acier embouti sont g\u00e9n\u00e9ralement utilis\u00e9es. L\u2019angle de contact \u00e9tant faible, la capacit\u00e9 de charge axiale est faible. Le d\u00e9salignement dynamique admissible est d&#039;environ 0,07 \u00e0 0,12 radian (4 \u00e0 7 degr\u00e9s) sous des charges normales.<\/p>\n<p>Cependant, en fonction de la structure environnante, un tel angle peut ne pas \u00eatre possible.<\/p>","protected":false},"featured_media":2652,"comment_status":"closed","ping_status":"closed","template":"","meta":{"_acf_changed":false,"_joinchat":[]},"product_brand":[],"product_cat":[115],"product_tag":[129],"class_list":{"0":"post-1853","1":"product","2":"type-product","3":"status-publish","4":"has-post-thumbnail","6":"product_cat-metal-pats","7":"product_tag-bearings","9":"first","10":"instock","11":"shipping-taxable","12":"product-type-simple"},"acf":[],"_links":{"self":[{"href":"https:\/\/www.hitbelt.com\/fr\/wp-json\/wp\/v2\/product\/1853","targetHints":{"allow":["GET"]}}],"collection":[{"href":"https:\/\/www.hitbelt.com\/fr\/wp-json\/wp\/v2\/product"}],"about":[{"href":"https:\/\/www.hitbelt.com\/fr\/wp-json\/wp\/v2\/types\/product"}],"replies":[{"embeddable":true,"href":"https:\/\/www.hitbelt.com\/fr\/wp-json\/wp\/v2\/comments?post=1853"}],"wp:featuredmedia":[{"embeddable":true,"href":"https:\/\/www.hitbelt.com\/fr\/wp-json\/wp\/v2\/media\/2652"}],"wp:attachment":[{"href":"https:\/\/www.hitbelt.com\/fr\/wp-json\/wp\/v2\/media?parent=1853"}],"wp:term":[{"taxonomy":"product_brand","embeddable":true,"href":"https:\/\/www.hitbelt.com\/fr\/wp-json\/wp\/v2\/product_brand?post=1853"},{"taxonomy":"product_cat","embeddable":true,"href":"https:\/\/www.hitbelt.com\/fr\/wp-json\/wp\/v2\/product_cat?post=1853"},{"taxonomy":"product_tag","embeddable":true,"href":"https:\/\/www.hitbelt.com\/fr\/wp-json\/wp\/v2\/product_tag?post=1853"}],"curies":[{"name":"wp","href":"https:\/\/api.w.org\/{rel}","templated":true}]}}