{"id":1851,"date":"2023-07-18T06:20:07","date_gmt":"2023-07-18T06:20:07","guid":{"rendered":"https:\/\/www.hitbelt.com\/?post_type=product&#038;p=1851"},"modified":"2024-02-19T08:09:40","modified_gmt":"2024-02-19T08:09:40","slug":"deep-groove-ball-bearings","status":"publish","type":"product","link":"https:\/\/www.hitbelt.com\/fr\/produit\/deep-groove-ball-bearings","title":{"rendered":"Roulements \u00e0 billes \u00e0 gorge profonde"},"content":{"rendered":"<p><strong>Caract\u00e9ristiques\/Avantages<\/strong><br \/>\n\u2013 Excellent pour les vitesses \u00e9lev\u00e9es<br \/>\n\u2013 Bonne capacit\u00e9 de charge radiale<br \/>\n\u2013 Capacit\u00e9 de charge axiale acceptable dans les deux sens<br \/>\n\u2013 Avoir une faible capacit\u00e9 de couple aux vitesses de d\u00e9marrage et de fonctionnement<br \/>\n\u2013 Peut fonctionner avec un faible bruit<br \/>\n\u2013 N\u00e9cessite peu d\u2019entretien<\/p>\n<p><strong>March\u00e9s\/Applications<\/strong><br \/>\n- Industrie sid\u00e9rurgique<br \/>\n\u2013 Mines et construction<br \/>\n\u2013 Machines \u00e0 papier<br \/>\n\u2013 \u00c9oliennes<br \/>\n\u2013 Semi-conducteurs<br \/>\n- Des machines-outils<br \/>\n\u2013 Bo\u00eetes de vitesses<br \/>\n- Moteurs \u00e9lectriques<br \/>\n\u2013 Pompes et compresseurs<br \/>\n\u2013 Mat\u00e9riel de bureau<br \/>\n\u2013 Machines de moulage par injection<br \/>\n- Motocyclettes<br \/>\n- Les chemins de fer<\/p>\n<p>&nbsp;<\/p>\n<h4><strong>Gamme de production<\/strong><\/h4>\n<div class=\"artview_title\">Roulements \u00e0 billes \u00e0 gorge profonde<\/div>\n<div class=\"news_content\">\n<div id=\"div2\">S\u00e9rie R pouces<br \/>\nS\u00e9rie 60 m\u00e9trique extra l\u00e9g\u00e8re<br \/>\n62 S\u00e9ries l\u00e9g\u00e8res m\u00e9triques<br \/>\n63 Section moyenne m\u00e9trique<br \/>\nSection ultra fine m\u00e9trique 68<br \/>\n69 Section mince m\u00e9trique<br \/>\nCapacit\u00e9 maximale m\u00e9trique BL3<br \/>\nmoyenne s\u00e9rie<\/div>\n<\/div>","protected":false},"excerpt":{"rendered":"<p>Les roulements \u00e0 billes \u00e0 gorge profonde sont des roulements polyvalents \u00e0 retenue automatique dot\u00e9s de bagues ext\u00e9rieures, de bagues int\u00e9rieures et d&#039;ensembles billes et cages solides. Ces produits sont de conception simple, durables en fonctionnement et faciles \u00e0 entretenir\u00a0; ils sont disponibles en versions \u00e0 une ou deux rang\u00e9es et en variantes ouvertes et scell\u00e9es. En raison de la technologie de production utilis\u00e9e, les roulements ouverts peuvent encore avoir des \u00e9videments tourn\u00e9s sur la bague ext\u00e9rieure pour les joints ou les boucliers.<\/p>\n<p>En raison de leur faible couple de friction, ils conviennent aux vitesses \u00e9lev\u00e9es.<\/p>","protected":false},"featured_media":2651,"comment_status":"closed","ping_status":"closed","template":"","meta":{"_acf_changed":false,"_joinchat":[]},"product_brand":[],"product_cat":[147,115],"product_tag":[129],"class_list":{"0":"post-1851","1":"product","2":"type-product","3":"status-publish","4":"has-post-thumbnail","6":"product_cat-home-products","7":"product_cat-metal-pats","8":"product_tag-bearings","10":"first","11":"instock","12":"shipping-taxable","13":"product-type-simple"},"acf":[],"_links":{"self":[{"href":"https:\/\/www.hitbelt.com\/fr\/wp-json\/wp\/v2\/product\/1851","targetHints":{"allow":["GET"]}}],"collection":[{"href":"https:\/\/www.hitbelt.com\/fr\/wp-json\/wp\/v2\/product"}],"about":[{"href":"https:\/\/www.hitbelt.com\/fr\/wp-json\/wp\/v2\/types\/product"}],"replies":[{"embeddable":true,"href":"https:\/\/www.hitbelt.com\/fr\/wp-json\/wp\/v2\/comments?post=1851"}],"wp:featuredmedia":[{"embeddable":true,"href":"https:\/\/www.hitbelt.com\/fr\/wp-json\/wp\/v2\/media\/2651"}],"wp:attachment":[{"href":"https:\/\/www.hitbelt.com\/fr\/wp-json\/wp\/v2\/media?parent=1851"}],"wp:term":[{"taxonomy":"product_brand","embeddable":true,"href":"https:\/\/www.hitbelt.com\/fr\/wp-json\/wp\/v2\/product_brand?post=1851"},{"taxonomy":"product_cat","embeddable":true,"href":"https:\/\/www.hitbelt.com\/fr\/wp-json\/wp\/v2\/product_cat?post=1851"},{"taxonomy":"product_tag","embeddable":true,"href":"https:\/\/www.hitbelt.com\/fr\/wp-json\/wp\/v2\/product_tag?post=1851"}],"curies":[{"name":"wp","href":"https:\/\/api.w.org\/{rel}","templated":true}]}}