{"id":1832,"date":"2023-07-18T03:09:48","date_gmt":"2023-07-18T03:09:48","guid":{"rendered":"https:\/\/www.hitbelt.com\/?post_type=product&#038;p=1832"},"modified":"2025-05-27T01:26:59","modified_gmt":"2025-05-27T01:26:59","slug":"plain-bore","status":"publish","type":"product","link":"https:\/\/www.hitbelt.com\/fr\/produit\/plain-bore","title":{"rendered":"Al\u00e9sage simple"},"content":{"rendered":"","protected":false},"excerpt":{"rendered":"<p>Gardez votre syst\u00e8me \u00e0 la pointe de la technologie avec des pignons et d\u00e9couvrez la diff\u00e9rence de qualit\u00e9 par rapport \u00e0 l&#039;acier trait\u00e9 thermiquement de qualit\u00e9 sup\u00e9rieure pour r\u00e9sister \u00e0 de fortes charges de choc, r\u00e9sister \u00e0 l&#039;abrasion et offrir une longue dur\u00e9e de vie. Des pignons en alliage et en acier inoxydable sont \u00e9galement disponibles pour une r\u00e9sistance suppl\u00e9mentaire \u00e0 la corrosion et des applications de qualit\u00e9 alimentaire.<\/p>","protected":false},"featured_media":2895,"comment_status":"closed","ping_status":"closed","template":"","meta":{"_acf_changed":false,"_joinchat":[]},"product_brand":[],"product_cat":[115],"product_tag":[128],"class_list":{"0":"post-1832","1":"product","2":"type-product","3":"status-publish","4":"has-post-thumbnail","6":"product_cat-metal-pats","7":"product_tag-sprockets","9":"first","10":"instock","11":"shipping-taxable","12":"product-type-simple"},"acf":[],"_links":{"self":[{"href":"https:\/\/www.hitbelt.com\/fr\/wp-json\/wp\/v2\/product\/1832","targetHints":{"allow":["GET"]}}],"collection":[{"href":"https:\/\/www.hitbelt.com\/fr\/wp-json\/wp\/v2\/product"}],"about":[{"href":"https:\/\/www.hitbelt.com\/fr\/wp-json\/wp\/v2\/types\/product"}],"replies":[{"embeddable":true,"href":"https:\/\/www.hitbelt.com\/fr\/wp-json\/wp\/v2\/comments?post=1832"}],"wp:featuredmedia":[{"embeddable":true,"href":"https:\/\/www.hitbelt.com\/fr\/wp-json\/wp\/v2\/media\/2895"}],"wp:attachment":[{"href":"https:\/\/www.hitbelt.com\/fr\/wp-json\/wp\/v2\/media?parent=1832"}],"wp:term":[{"taxonomy":"product_brand","embeddable":true,"href":"https:\/\/www.hitbelt.com\/fr\/wp-json\/wp\/v2\/product_brand?post=1832"},{"taxonomy":"product_cat","embeddable":true,"href":"https:\/\/www.hitbelt.com\/fr\/wp-json\/wp\/v2\/product_cat?post=1832"},{"taxonomy":"product_tag","embeddable":true,"href":"https:\/\/www.hitbelt.com\/fr\/wp-json\/wp\/v2\/product_tag?post=1832"}],"curies":[{"name":"wp","href":"https:\/\/api.w.org\/{rel}","templated":true}]}}