{"id":1814,"date":"2023-07-18T02:56:04","date_gmt":"2023-07-18T02:56:04","guid":{"rendered":"https:\/\/www.hitbelt.com\/?post_type=product&#038;p=1814"},"modified":"2025-06-24T02:18:23","modified_gmt":"2025-06-24T02:18:23","slug":"multi-wedged-pulleys","status":"publish","type":"product","link":"https:\/\/www.hitbelt.com\/fr\/produit\/multi-wedged-pulleys","title":{"rendered":"Poulies multi-coins"},"content":{"rendered":"<p>Nous fournissons toute la s\u00e9rie de poulies multi-coins (J3-M20) du DP 20 mm au 710 mm. Les poulies sont disponibles en al\u00e9sages droits standards et en al\u00e9sages coniques. Les poulies multi-coins sont fabriqu\u00e9es en GG25, GGG45, S45C ou en d&#039;autres mat\u00e9riaux demand\u00e9s par les clients.<\/p>\n<p>&nbsp;<\/p>\n<p><img loading=\"lazy\" decoding=\"async\" class=\"alignnone size-full wp-image-1815\" src=\"https:\/\/www.hitbelt.com\/wp-content\/uploads\/2023\/07\/20140629071444647.gif\" alt=\"\" width=\"320\" height=\"200\" \/><\/p>\n<p>Les poulies sont usin\u00e9es de haute pr\u00e9cision, \u00e9quilibr\u00e9es dynamiquement et rev\u00eatues de noir. Ils ont les caract\u00e9ristiques de haute pr\u00e9cision, de stabilit\u00e9 et de transmission fluide. Ils conviennent \u00e0 toutes sortes d\u2019\u00e9quipements de transmission pr\u00e9cis, \u00e0 grande vitesse et \u00e0 forte charge. Ils peuvent \u00e9galement \u00eatre utilis\u00e9s sur les moteurs automobiles. Nous pouvons fournir des poulies multi-coins sp\u00e9cialement con\u00e7ues selon les demandes des clients.<\/p>\n<p><img loading=\"lazy\" decoding=\"async\" class=\"alignnone size-full wp-image-1816\" src=\"https:\/\/www.hitbelt.com\/wp-content\/uploads\/2023\/07\/20140629071445227.jpg\" alt=\"\" width=\"490\" height=\"233\" srcset=\"https:\/\/www.hitbelt.com\/wp-content\/uploads\/2023\/07\/20140629071445227.jpg 490w, https:\/\/www.hitbelt.com\/wp-content\/uploads\/2023\/07\/20140629071445227-18x9.jpg 18w, https:\/\/www.hitbelt.com\/wp-content\/uploads\/2023\/07\/20140629071445227-150x71.jpg 150w, https:\/\/www.hitbelt.com\/wp-content\/uploads\/2023\/07\/20140629071445227-480x228.jpg 480w\" sizes=\"auto, (max-width:767px) 480px, 490px\" \/><\/p>\n<p align=\"left\">Nos tailles disponibles, y compris<\/p>\n<table class=\"ke-zeroborder\" border=\"0\" width=\"640\" cellspacing=\"0\" cellpadding=\"0\">\n<colgroup>\n<col width=\"39\" \/>\n<col width=\"45\" \/>\n<col width=\"42\" \/>\n<col span=\"2\" width=\"72\" \/>\n<col width=\"55\" \/>\n<col width=\"72\" \/>\n<col width=\"78\" \/><\/colgroup>\n<tbody>\n<tr>\n<td height=\"17\">Taper<\/td>\n<td>a\u00ba<\/td>\n<td>X<\/td>\n<td>e<\/td>\n<td>F<\/td>\n<td>rb(max)<\/td>\n<td>F<\/td>\n<td>dB<\/td>\n<\/tr>\n<tr>\n<td width=\"96\" height=\"17\">J &gt;&gt;<\/td>\n<td width=\"59\">40 \u00b1 0,5<\/td>\n<td width=\"45\">0.014<\/td>\n<td width=\"81\">0,092 \u00b1 0,001<\/td>\n<td width=\"75\">0,013 \u00b1 0,003<\/td>\n<td width=\"54\">0.016<\/td>\n<td width=\"74\">0,118 \u00b1 0,02<\/td>\n<td width=\"76\">0,059 \u00b1 0,0004<\/td>\n<\/tr>\n<tr>\n<td width=\"96\" height=\"17\">L &gt;&gt;<\/td>\n<td width=\"59\">40 \u00b1 0,5<\/td>\n<td width=\"45\">0.052<\/td>\n<td width=\"81\">0,185 \u00b1 0,002<\/td>\n<td width=\"75\">0,019 \u00b1 0,003<\/td>\n<td width=\"54\">0.024<\/td>\n<td width=\"74\">0,394 \u00b1 0,004<\/td>\n<td width=\"76\">0,138 \u00b1 0,0004<\/td>\n<\/tr>\n<tr>\n<td width=\"96\" height=\"17\">M &gt;&gt;<\/td>\n<td width=\"59\">40 \u00b1 0,5<\/td>\n<td width=\"45\">0.097<\/td>\n<td width=\"81\">0,373 \u00b1 0,002<\/td>\n<td width=\"75\">0,034 \u00b1 0,004<\/td>\n<td width=\"54\">0.003<\/td>\n<td width=\"74\">0,551 \u00b1 0,004<\/td>\n<td width=\"76\">0,276 \u00b1 0,0004<\/td>\n<\/tr>\n<\/tbody>\n<\/table>\n<p>&nbsp;<\/p>\n<a  class=\"button  button_size_2\"  href=\"https:\/\/www.hitbelt.com\/fr\/multi-wedged-pulleys\/\" target=\"_blank\"   ><span class=\"button_label\">V\u00e9rifiez les tailles disponibles<\/span><\/a>","protected":false},"excerpt":{"rendered":"<p>Nous fournissons toute la s\u00e9rie de poulies multi-coins (J3-M20) du DP 20 mm au 710 mm. Les poulies sont disponibles en al\u00e9sages droits standards et en al\u00e9sages coniques.<span class=\"excerpt-hellip\"> [\u2026]<\/span><\/p>","protected":false},"featured_media":2333,"comment_status":"closed","ping_status":"closed","template":"","meta":{"_acf_changed":false,"_joinchat":[]},"product_brand":[],"product_cat":[115],"product_tag":[127],"class_list":{"0":"post-1814","1":"product","2":"type-product","3":"status-publish","4":"has-post-thumbnail","6":"product_cat-metal-pats","7":"product_tag-poly-v-belt-sheaves","9":"first","10":"instock","11":"shipping-taxable","12":"product-type-simple"},"acf":[],"_links":{"self":[{"href":"https:\/\/www.hitbelt.com\/fr\/wp-json\/wp\/v2\/product\/1814","targetHints":{"allow":["GET"]}}],"collection":[{"href":"https:\/\/www.hitbelt.com\/fr\/wp-json\/wp\/v2\/product"}],"about":[{"href":"https:\/\/www.hitbelt.com\/fr\/wp-json\/wp\/v2\/types\/product"}],"replies":[{"embeddable":true,"href":"https:\/\/www.hitbelt.com\/fr\/wp-json\/wp\/v2\/comments?post=1814"}],"wp:featuredmedia":[{"embeddable":true,"href":"https:\/\/www.hitbelt.com\/fr\/wp-json\/wp\/v2\/media\/2333"}],"wp:attachment":[{"href":"https:\/\/www.hitbelt.com\/fr\/wp-json\/wp\/v2\/media?parent=1814"}],"wp:term":[{"taxonomy":"product_brand","embeddable":true,"href":"https:\/\/www.hitbelt.com\/fr\/wp-json\/wp\/v2\/product_brand?post=1814"},{"taxonomy":"product_cat","embeddable":true,"href":"https:\/\/www.hitbelt.com\/fr\/wp-json\/wp\/v2\/product_cat?post=1814"},{"taxonomy":"product_tag","embeddable":true,"href":"https:\/\/www.hitbelt.com\/fr\/wp-json\/wp\/v2\/product_tag?post=1814"}],"curies":[{"name":"wp","href":"https:\/\/api.w.org\/{rel}","templated":true}]}}