{"id":1801,"date":"2023-07-18T02:43:31","date_gmt":"2023-07-18T02:43:31","guid":{"rendered":"https:\/\/www.hitbelt.com\/?post_type=product&#038;p=1801"},"modified":"2025-06-24T02:13:38","modified_gmt":"2025-06-24T02:13:38","slug":"clamping-plates","status":"publish","type":"product","link":"https:\/\/www.hitbelt.com\/fr\/produit\/clamping-plates","title":{"rendered":"Plaques de serrage"},"content":{"rendered":"<p><img loading=\"lazy\" decoding=\"async\" class=\"alignnone size-full wp-image-1802\" src=\"https:\/\/www.hitbelt.com\/wp-content\/uploads\/2023\/07\/20140629072934299.jpg\" alt=\"\" width=\"470\" height=\"460\" srcset=\"https:\/\/www.hitbelt.com\/wp-content\/uploads\/2023\/07\/20140629072934299.jpg 470w, https:\/\/www.hitbelt.com\/wp-content\/uploads\/2023\/07\/20140629072934299-12x12.jpg 12w, https:\/\/www.hitbelt.com\/wp-content\/uploads\/2023\/07\/20140629072934299-77x75.jpg 77w\" sizes=\"auto, (max-width:767px) 470px, 470px\" \/><\/p>\n<p>Les plaques de serrage sont souvent utilis\u00e9es dans la technologie lin\u00e9aire, lorsqu&#039;une ou les deux extr\u00e9mit\u00e9s de la courroie doivent \u00eatre fix\u00e9es au bo\u00eetier. Un r\u00e9glage de la pr\u00e9tension n&#039;est pas possible avec des plaques de serrage<\/p>\n<p>&nbsp;<\/p>\n<a  class=\"button  button_size_2\"  href=\"https:\/\/www.hitbelt.com\/fr\/bicycles\/clamping-plates\/\" target=\"_blank\"   ><span class=\"button_label\">V\u00e9rifiez les tailles disponibles<\/span><\/a>","protected":false},"excerpt":{"rendered":"<p>Les plaques de serrage sont souvent utilis\u00e9es dans la technologie lin\u00e9aire, lorsqu&#039;une ou les deux extr\u00e9mit\u00e9s de la courroie doivent \u00eatre fix\u00e9es au bo\u00eetier. Un ajustement de la pr\u00e9tension<span class=\"excerpt-hellip\"> [\u2026]<\/span><\/p>","protected":false},"featured_media":1803,"comment_status":"closed","ping_status":"closed","template":"","meta":{"_acf_changed":false,"_joinchat":[]},"product_brand":[],"product_cat":[115],"product_tag":[126],"class_list":{"0":"post-1801","1":"product","2":"type-product","3":"status-publish","4":"has-post-thumbnail","6":"product_cat-metal-pats","7":"product_tag-clamping-plates","9":"first","10":"instock","11":"shipping-taxable","12":"product-type-simple"},"acf":[],"_links":{"self":[{"href":"https:\/\/www.hitbelt.com\/fr\/wp-json\/wp\/v2\/product\/1801","targetHints":{"allow":["GET"]}}],"collection":[{"href":"https:\/\/www.hitbelt.com\/fr\/wp-json\/wp\/v2\/product"}],"about":[{"href":"https:\/\/www.hitbelt.com\/fr\/wp-json\/wp\/v2\/types\/product"}],"replies":[{"embeddable":true,"href":"https:\/\/www.hitbelt.com\/fr\/wp-json\/wp\/v2\/comments?post=1801"}],"wp:featuredmedia":[{"embeddable":true,"href":"https:\/\/www.hitbelt.com\/fr\/wp-json\/wp\/v2\/media\/1803"}],"wp:attachment":[{"href":"https:\/\/www.hitbelt.com\/fr\/wp-json\/wp\/v2\/media?parent=1801"}],"wp:term":[{"taxonomy":"product_brand","embeddable":true,"href":"https:\/\/www.hitbelt.com\/fr\/wp-json\/wp\/v2\/product_brand?post=1801"},{"taxonomy":"product_cat","embeddable":true,"href":"https:\/\/www.hitbelt.com\/fr\/wp-json\/wp\/v2\/product_cat?post=1801"},{"taxonomy":"product_tag","embeddable":true,"href":"https:\/\/www.hitbelt.com\/fr\/wp-json\/wp\/v2\/product_tag?post=1801"}],"curies":[{"name":"wp","href":"https:\/\/api.w.org\/{rel}","templated":true}]}}