{"id":1685,"date":"2023-07-17T08:19:53","date_gmt":"2023-07-17T08:19:53","guid":{"rendered":"https:\/\/www.hitbelt.com\/?post_type=product&#038;p=1685"},"modified":"2025-05-07T07:44:15","modified_gmt":"2025-05-07T07:44:15","slug":"ansi-rma-mpta-standard","status":"publish","type":"product","link":"https:\/\/www.hitbelt.com\/fr\/produit\/ansi-rma-mpta-standard","title":{"rendered":"Norme ANSI RMA\/MPTA"},"content":{"rendered":"<p><img loading=\"lazy\" decoding=\"async\" class=\"alignnone size-medium wp-image-1687\" src=\"https:\/\/www.hitbelt.com\/wp-content\/uploads\/2023\/07\/20140624105708121-500x146.jpg\" alt=\"\" width=\"500\" height=\"146\" srcset=\"https:\/\/www.hitbelt.com\/wp-content\/uploads\/2023\/07\/20140624105708121-500x146.jpg 500w, https:\/\/www.hitbelt.com\/wp-content\/uploads\/2023\/07\/20140624105708121-18x5.jpg 18w, https:\/\/www.hitbelt.com\/wp-content\/uploads\/2023\/07\/20140624105708121-150x44.jpg 150w, https:\/\/www.hitbelt.com\/wp-content\/uploads\/2023\/07\/20140624105708121-480x140.jpg 480w, https:\/\/www.hitbelt.com\/wp-content\/uploads\/2023\/07\/20140624105708121.jpg 584w\" sizes=\"auto, (max-width:767px) 480px, 500px\" \/><\/p>\n<h2><strong>Gamme de production<\/strong><\/h2>\n<h4 class=\"artview_title\"><strong>Norme ANSI RMA\/MPTA<\/strong><\/h4>\n<div class=\"artview_title\"><b>Poulie \u00e0 al\u00e9sage standard<\/b><\/div>\n<div class=\"news_content\">\n<div id=\"div2\">\n<div class=\"com_con\">\n<p><a href=\"https:\/\/www.hitbelt.com\/fr\/v-belt-sheaves-cast-lron-sheaves-ak\/\"><u>POULIES \u00c0 COURROIE trap\u00e9zo\u00efdale Poulies en fonte AK &gt;&gt;<\/u><\/a><br \/>\n<a href=\"https:\/\/www.hitbelt.com\/fr\/akh\/\"><u>POULIES \u00c0 COURROIE trap\u00e9zo\u00efdale Poulies en fonte AKH &gt;&gt;<\/u><\/a><br \/>\n<a href=\"https:\/\/www.hitbelt.com\/fr\/2ak\/\"><u>POULIES \u00c0 COURROIE trap\u00e9zo\u00efdale Poulies en fonte 2AK &gt;&gt;<\/u><\/a><br \/>\n<a href=\"https:\/\/www.hitbelt.com\/fr\/2akh\/\"><u>POULIES \u00c0 COURROIE trap\u00e9zo\u00efdale Poulies en fonte 2AKH &gt;&gt;<\/u><\/a><br \/>\n<a href=\"https:\/\/www.hitbelt.com\/fr\/bk\/\"><u>POULIES \u00c0 COURROIE trap\u00e9zo\u00efdale Poulies en fonte BK &gt;&gt;<\/u><\/a><br \/>\n<a href=\"https:\/\/www.hitbelt.com\/fr\/bkh\/\"><u>POULIES \u00c0 COURROIE trap\u00e9zo\u00efdale Poulies en fonte BKH &gt;&gt;<\/u><\/a><br \/>\n<a href=\"https:\/\/www.hitbelt.com\/fr\/2bk\/\"><u>POULIES \u00c0 COURROIE trap\u00e9zo\u00efdale Poulies en fonte 2BK &gt;&gt;<\/u><\/a><br \/>\n<a href=\"https:\/\/www.hitbelt.com\/fr\/2bkh\/\"><u>POULIES \u00c0 COURROIE trap\u00e9zo\u00efdale Poulies en fonte 2BKH &gt;&gt;<\/u><\/a><br \/>\n<a href=\"https:\/\/www.hitbelt.com\/fr\/3bk\/\"><u>POULIES \u00c0 COURROIE trap\u00e9zo\u00efdale Poulies en fonte 3BK &gt;&gt;<\/u><\/a><br \/>\n<a href=\"https:\/\/www.hitbelt.com\/fr\/3bkh-2\/\"><u>POULIES \u00c0 COURROIE trap\u00e9zo\u00efdale Poulies en fonte 3BKH &gt;&gt;<\/u><\/a><br \/>\n<b>Poulie 3V 5V 8V assembl\u00e9e, bague QD et STB<\/b><\/p>\n<p><a href=\"https:\/\/www.hitbelt.com\/fr\/fb3v\/\"><u>POULIES \u00c0 COURROIE trap\u00e9zo\u00efdale Al\u00e9sage fini \u00ab\u00a03\u00a0V, 5\u00a0V,\u00a08\u00a0V\u00a0\u00bb R\u00e9as \u00e0 courroie 3V &gt;&gt;<\/u><\/a><br \/>\n<a href=\"https:\/\/www.hitbelt.com\/fr\/stb3v\/\"><u>R\u00c9AS \u00c0 COURROIE trap\u00e9zo\u00efdale R\u00e9as Gripbelt avec bagues coniques fendues 3V &gt;&gt;<\/u><\/a><br \/>\n<a href=\"https:\/\/www.hitbelt.com\/fr\/qd3v\/\"><u>POULIES \u00c0 COURROIE trap\u00e9zo\u00efdale Poulies QD pour courroies \u00ab 3V \u00bb 3V &gt;&gt;<\/u><\/a><br \/>\n<a href=\"https:\/\/www.hitbelt.com\/fr\/stb5v\/\"><u>R\u00c9AS \u00c0 COURROIE trap\u00e9zo\u00efdale R\u00e9as Gripbelt avec bagues coniques fendues 5V &gt;&gt;<\/u><\/a><br \/>\n<a href=\"https:\/\/www.hitbelt.com\/fr\/qd5v\/\"><u>POULIES \u00c0 COURROIE trap\u00e9zo\u00efdale Poulies QD pour courroies \u00ab 5V \u00bb 5V &gt;&gt;<\/u><\/a><br \/>\n<a href=\"https:\/\/www.hitbelt.com\/fr\/qd8v\/\"><u>POULIES \u00c0 COURROIE trap\u00e9zo\u00efdale Poulies QD pour courroies \u00ab 8V \u00bb 8V &gt;&gt;<\/u><\/a><\/p>\n<p><b>Poulie ABCD, bague QD&amp;STB assembl\u00e9e<\/b><\/p>\n<p><a href=\"https:\/\/www.hitbelt.com\/fr\/bicycles\/stbta\/\"><u>R\u00c9AS \u00c0 COURROIE trap\u00e9zo\u00efdale R\u00e9as Gripbelt avec bagues coniques fendues TA &gt;&gt;<\/u><\/a><br \/>\n<a href=\"https:\/\/www.hitbelt.com\/fr\/stbtb\/\"><u>R\u00c9AS \u00c0 COURROIE trap\u00e9zo\u00efdale R\u00e9as Gripbelt avec bagues coniques fendues TB &gt;&gt;<\/u><\/a><br \/>\n<a href=\"https:\/\/www.hitbelt.com\/fr\/stbb\/\"><u>R\u00c9AS \u00c0 COURROIE trap\u00e9zo\u00efdale R\u00e9as Gripbelt avec bagues coniques fendues B &gt;&gt;<\/u><\/a><br \/>\n<a href=\"https:\/\/www.hitbelt.com\/fr\/qdabb\/\"><u>POULIES \u00c0 COURROIE trap\u00e9zo\u00efdale Poulies QD pour courroies \u00ab\u00a0A\u00a0\u00bb et \u00ab\u00a0B\u00a0\u00bb B &gt;&gt;<\/u><\/a><br \/>\n<a href=\"https:\/\/www.hitbelt.com\/fr\/tbtc\/\"><u>R\u00c9AS \u00c0 COURROIE trap\u00e9zo\u00efdale R\u00e9as Gripbelt avec bagues coniques fendues TC &gt;&gt;<\/u><\/a><br \/>\n<a href=\"https:\/\/www.hitbelt.com\/fr\/tbc\/\"><u>R\u00c9AS \u00c0 COURROIE trap\u00e9zo\u00efdale R\u00e9as Gripbelt avec bagues coniques fendues C &gt;&gt;<\/u><\/a><br \/>\n<a href=\"https:\/\/www.hitbelt.com\/fr\/qdc\/\"><u>POULIES \u00c0 COURROIE trap\u00e9zo\u00efdale Poulies QD pour courroies \u00ab\u00a0C\u00a0\u00bb &gt;&gt;<\/u><\/a><br \/>\n<a href=\"https:\/\/www.hitbelt.com\/fr\/qdd\/\"><u>POULIES \u00c0 COURROIE trap\u00e9zo\u00efdale Poulies QD pour courroies \u00ab\u00a0D\u00a0\u00bb &gt;&gt;<\/u><\/a><\/p>\n<p><b>\u00a0<\/b>Poulie ABCD 3V 5V 8V, bague TB assembl\u00e9e<\/p>\n<p><a href=\"https:\/\/www.hitbelt.com\/fr\/tbssab\/\"><u>R\u00c9AS \u00c0 COURROIE trap\u00e9zo\u00efdale R\u00e9as Gripbelt avec douilles coniques R\u00e9as de s\u00e9rie A\/B &gt;&gt;<\/u><\/a><br \/>\n<a href=\"https:\/\/www.hitbelt.com\/fr\/tbssc\/\"><u>R\u00c9AS \u00c0 COURROIE trap\u00e9zo\u00efdale R\u00e9as Gripbelt avec r\u00e9as \u00e0 douilles coniques C &gt;&gt;<\/u><\/a><br \/>\n<a href=\"https:\/\/www.hitbelt.com\/fr\/tbssd\/\"><u>R\u00c9AS \u00c0 COURROIE trap\u00e9zo\u00efdale R\u00e9as Gripbelt avec r\u00e9as \u00e0 douilles coniques D &gt;&gt;<\/u><\/a><br \/>\n<a href=\"https:\/\/www.hitbelt.com\/fr\/tbss3v\/\"><u>R\u00c9AS \u00c0 COURROIE trap\u00e9zo\u00efdale R\u00e9as Gripbelt avec r\u00e9as \u00e0 douilles coniques 3V &gt;&gt;<\/u><\/a><br \/>\n<a href=\"https:\/\/www.hitbelt.com\/fr\/tbss5v\/\"><u>R\u00c9AS \u00c0 COURROIE trap\u00e9zo\u00efdale R\u00e9as Gripbelt avec r\u00e9as \u00e0 douilles coniques 5V &gt;&gt;<\/u><\/a><br \/>\n<a href=\"https:\/\/www.hitbelt.com\/fr\/tbss8v\/\"><u>R\u00c9AS \u00c0 COURROIE trap\u00e9zo\u00efdale R\u00e9as Gripbelt avec r\u00e9as \u00e0 douilles coniques 8V &gt;&gt;<\/u><\/a><\/p>\n<p>Poulie \u00e0 vitesse r\u00e9glable<\/p>\n<p><a href=\"https:\/\/www.hitbelt.com\/fr\/asp1vp\/\"><u>POULIES \u00c0 COURROIE trap\u00e9zo\u00efdale R\u00e9as \u00e0 vitesse variable 1VP &gt;&gt;<\/u><\/a><br \/>\n<a href=\"https:\/\/www.hitbelt.com\/fr\/asp2vp\/\"><u>POULIES \u00c0 COURROIE trap\u00e9zo\u00efdale R\u00e9as \u00e0 vitesse variable 2VP &gt;&gt;<\/u><\/a><br \/>\n<a href=\"https:\/\/www.hitbelt.com\/fr\/asp1vlm\/\"><u>POULIES \u00c0 COURROIE trap\u00e9zo\u00efdale R\u00e9as \u00e0 vitesse variable 1VL,1VM &gt;&gt;<\/u><\/a><\/p>\n<\/div>\n<\/div>\n<\/div>","protected":false},"excerpt":{"rendered":"<p>Gamme de production ANSI RMA\/MPTA Standard Poulie \u00e0 al\u00e9sage standard POULIES \u00c0 COURROIE trap\u00e9zo\u00efdale Poulies en fonte AK &gt;&gt; POULIES \u00c0 COURROIE trap\u00e9zo\u00efdale Poulies en fonte AKH &gt;&gt; POULIES \u00c0 COURROIE trap\u00e9zo\u00efdale Fonte<span class=\"excerpt-hellip\"> [\u2026]<\/span><\/p>","protected":false},"featured_media":1686,"comment_status":"closed","ping_status":"closed","template":"","meta":{"_acf_changed":false,"_joinchat":[]},"product_brand":[],"product_cat":[115],"product_tag":[125],"class_list":{"0":"post-1685","1":"product","2":"type-product","3":"status-publish","4":"has-post-thumbnail","6":"product_cat-metal-pats","7":"product_tag-v-belt-pulleys","9":"first","10":"instock","11":"shipping-taxable","12":"product-type-simple"},"acf":[],"_links":{"self":[{"href":"https:\/\/www.hitbelt.com\/fr\/wp-json\/wp\/v2\/product\/1685","targetHints":{"allow":["GET"]}}],"collection":[{"href":"https:\/\/www.hitbelt.com\/fr\/wp-json\/wp\/v2\/product"}],"about":[{"href":"https:\/\/www.hitbelt.com\/fr\/wp-json\/wp\/v2\/types\/product"}],"replies":[{"embeddable":true,"href":"https:\/\/www.hitbelt.com\/fr\/wp-json\/wp\/v2\/comments?post=1685"}],"wp:featuredmedia":[{"embeddable":true,"href":"https:\/\/www.hitbelt.com\/fr\/wp-json\/wp\/v2\/media\/1686"}],"wp:attachment":[{"href":"https:\/\/www.hitbelt.com\/fr\/wp-json\/wp\/v2\/media?parent=1685"}],"wp:term":[{"taxonomy":"product_brand","embeddable":true,"href":"https:\/\/www.hitbelt.com\/fr\/wp-json\/wp\/v2\/product_brand?post=1685"},{"taxonomy":"product_cat","embeddable":true,"href":"https:\/\/www.hitbelt.com\/fr\/wp-json\/wp\/v2\/product_cat?post=1685"},{"taxonomy":"product_tag","embeddable":true,"href":"https:\/\/www.hitbelt.com\/fr\/wp-json\/wp\/v2\/product_tag?post=1685"}],"curies":[{"name":"wp","href":"https:\/\/api.w.org\/{rel}","templated":true}]}}