{"id":1662,"date":"2023-07-17T07:58:43","date_gmt":"2023-07-17T07:58:43","guid":{"rendered":"https:\/\/www.hitbelt.com\/?post_type=product&#038;p=1662"},"modified":"2025-06-24T02:12:52","modified_gmt":"2025-06-24T02:12:52","slug":"din-iso-standard","status":"publish","type":"product","link":"https:\/\/www.hitbelt.com\/fr\/produit\/din-iso-standard","title":{"rendered":"Norme DIN\/ISO"},"content":{"rendered":"<p align=\"left\"><b>Poulies \u00e0 courroie trap\u00e9zo\u00efdale \u00e0 bague conique<\/b><\/p>\n<p align=\"left\">Poulies \u00e0 courroie trap\u00e9zo\u00efdale \u00e0 douille conique SPZ<br \/>\nPoulies \u00e0 courroie trap\u00e9zo\u00efdale \u00e0 douille conique SPA<br \/>\nPoulies \u00e0 courroie trap\u00e9zo\u00efdale \u00e0 douille conique SPB<br \/>\nPoulies \u00e0 courroie trap\u00e9zo\u00efdale \u00e0 douille conique SPC <\/p>\n<p align=\"left\"><b>Poulies \u00e0 courroie trap\u00e9zo\u00efdale \u00e0 al\u00e9sage droit<\/b><\/p>\n<p align=\"left\">Poulies \u00e0 courroie trap\u00e9zo\u00efdale \u00e0 al\u00e9sage droit SPZ<br \/>\nPoulies \u00e0 courroie trap\u00e9zo\u00efdale \u00e0 al\u00e9sage droit SPA<br \/>\nPoulies \u00e0 courroie trap\u00e9zo\u00efdale \u00e0 al\u00e9sage droit SPB<br \/>\nPoulies \u00e0 courroie trap\u00e9zo\u00efdale \u00e0 al\u00e9sage droit SPC <\/p>\n<p align=\"left\"><b>Dimensions des poulies<\/b><\/p>\n<table class=\"ke-zeroborder\" border=\"0\" width=\"640\" cellspacing=\"0\" cellpadding=\"0\">\n<colgroup>\n<col width=\"88\" \/>\n<col span=\"7\" width=\"51\" \/>\n<col width=\"69\" \/>\n<col width=\"63\" \/><\/colgroup>\n<tbody>\n<tr>\n<td rowspan=\"2\" width=\"88\" height=\"34\">Num\u00e9ro de pi\u00e8ce.<\/td>\n<td rowspan=\"2\" width=\"51\">un<\/td>\n<td rowspan=\"2\" width=\"51\">b<\/td>\n<td rowspan=\"2\" width=\"51\">c<\/td>\n<td rowspan=\"2\" width=\"51\">d<\/td>\n<td rowspan=\"2\" width=\"51\">e<\/td>\n<td rowspan=\"2\" width=\"51\">F<\/td>\n<td rowspan=\"2\" width=\"51\">h<\/td>\n<td colspan=\"2\">\u03b1\u00ba<\/td>\n<\/tr>\n<tr>\n<td height=\"17\">34\u00ba<\/td>\n<td width=\"67\">38\u00ba<\/td>\n<\/tr>\n<tr>\n<td height=\"17\">SPZ (mm)<\/td>\n<td>9,7<\/td>\n<td>8,5<\/td>\n<td>8<\/td>\n<td>12<\/td>\n<td>8<\/td>\n<td>2<\/td>\n<td>11<\/td>\n<td>p<span class=\"font7\">\u2264<\/span><span class=\"font6\">80<\/span><\/td>\n<td width=\"67\">P.<span class=\"font7\">\uff1e<\/span><span class=\"font6\">80<\/span><\/td>\n<\/tr>\n<tr>\n<td height=\"17\">SPA (mm)<\/td>\n<td>12,7<\/td>\n<td>11<\/td>\n<td>10<\/td>\n<td>15<\/td>\n<td>10<\/td>\n<td>2,8<\/td>\n<td>13,8<\/td>\n<td>p<span class=\"font7\">\u2264<\/span><span class=\"font6\">118<\/span><\/td>\n<td width=\"67\">P.<span class=\"font7\">\uff1e<\/span><span class=\"font6\">118<\/span><\/td>\n<\/tr>\n<tr>\n<td height=\"17\">SPB (mm)<\/td>\n<td>16,3<\/td>\n<td>14<\/td>\n<td>12,5<\/td>\n<td>19<\/td>\n<td>12,5<\/td>\n<td>3,5<\/td>\n<td>17,5<\/td>\n<td>p<span class=\"font7\">\u2264<\/span><span class=\"font6\">190<\/span><\/td>\n<td width=\"67\">P.<span class=\"font7\">\uff1e<\/span><span class=\"font6\">190<\/span><\/td>\n<\/tr>\n<tr>\n<td height=\"17\">CPS (mm)<\/td>\n<td>22<\/td>\n<td>19<\/td>\n<td>17<\/td>\n<td>25,5<\/td>\n<td>17<\/td>\n<td>4,8<\/td>\n<td>23,8<\/td>\n<td>p<span class=\"font7\">\u2264<\/span><span class=\"font6\">315<\/span><\/td>\n<td width=\"67\">P.<span class=\"font7\">\uff1e<\/span><span class=\"font6\">315<\/span><\/td>\n<\/tr>\n<\/tbody>\n<\/table>\n<p align=\"left\"><img loading=\"lazy\" decoding=\"async\" class=\"alignnone size-full wp-image-1663\" src=\"https:\/\/www.hitbelt.com\/wp-content\/uploads\/2023\/07\/20140624112305330.gif\" alt=\"\" width=\"323\" height=\"248\" \/><\/p>\n<p align=\"left\"><b>Type de structure de base des poulies en V (poulies \u00e0 courroie trap\u00e9zo\u00efdale \u00e0 douille conique)<\/b><\/p>\n<p align=\"left\"><img loading=\"lazy\" decoding=\"async\" class=\"alignnone size-medium wp-image-1664\" src=\"https:\/\/www.hitbelt.com\/wp-content\/uploads\/2023\/07\/20140624112307122-289x500.gif\" alt=\"\" width=\"289\" height=\"500\" srcset=\"https:\/\/www.hitbelt.com\/wp-content\/uploads\/2023\/07\/20140624112307122-289x500.gif 289w, https:\/\/www.hitbelt.com\/wp-content\/uploads\/2023\/07\/20140624112307122-7x12.gif 7w, https:\/\/www.hitbelt.com\/wp-content\/uploads\/2023\/07\/20140624112307122-43x75.gif 43w, https:\/\/www.hitbelt.com\/wp-content\/uploads\/2023\/07\/20140624112307122-480x830.gif 480w\" sizes=\"auto, (max-width:767px) 289px, 289px\" \/><\/p>\n<p align=\"left\"><b>Type de structure de base des poulies en V (poulies \u00e0 courroie trap\u00e9zo\u00efdale \u00e0 al\u00e9sage droit)<\/b><\/p>\n<p align=\"left\"><img loading=\"lazy\" decoding=\"async\" class=\"alignnone size-medium wp-image-1665\" src=\"https:\/\/www.hitbelt.com\/wp-content\/uploads\/2023\/07\/20140624112350978-500x428.gif\" alt=\"\" width=\"500\" height=\"428\" srcset=\"https:\/\/www.hitbelt.com\/wp-content\/uploads\/2023\/07\/20140624112350978-500x428.gif 500w, https:\/\/www.hitbelt.com\/wp-content\/uploads\/2023\/07\/20140624112350978-14x12.gif 14w, https:\/\/www.hitbelt.com\/wp-content\/uploads\/2023\/07\/20140624112350978-88x75.gif 88w, https:\/\/www.hitbelt.com\/wp-content\/uploads\/2023\/07\/20140624112350978-480x411.gif 480w\" sizes=\"auto, (max-width:767px) 480px, 500px\" \/><\/p>\n<p align=\"left\"><a  class=\"button  button_size_2\"  href=\"https:\/\/www.hitbelt.com\/fr\/bicycles\/din-iso-standard\/\" target=\"_blank\"   ><span class=\"button_label\">V\u00e9rifiez les tailles disponibles<\/span><\/a>\n<\/p>","protected":false},"excerpt":{"rendered":"<p>Poulies \u00e0 courroie trap\u00e9zo\u00efdale \u00e0 douille conique Poulies \u00e0 courroie trap\u00e9zo\u00efdale \u00e0 douille conique SPZ Poulies \u00e0 courroie trap\u00e9zo\u00efdale \u00e0 douille conique SPA Poulies \u00e0 courroie trap\u00e9zo\u00efdale \u00e0 douille conique SPB Poulies \u00e0 courroie trap\u00e9zo\u00efdale \u00e0 douille conique SPC Al\u00e9sage droit<span class=\"excerpt-hellip\"> [\u2026]<\/span><\/p>","protected":false},"featured_media":2328,"comment_status":"closed","ping_status":"closed","template":"","meta":{"_acf_changed":false,"_joinchat":[]},"product_brand":[],"product_cat":[115],"product_tag":[125],"class_list":{"0":"post-1662","1":"product","2":"type-product","3":"status-publish","4":"has-post-thumbnail","6":"product_cat-metal-pats","7":"product_tag-v-belt-pulleys","9":"first","10":"instock","11":"shipping-taxable","12":"product-type-simple"},"acf":[],"_links":{"self":[{"href":"https:\/\/www.hitbelt.com\/fr\/wp-json\/wp\/v2\/product\/1662","targetHints":{"allow":["GET"]}}],"collection":[{"href":"https:\/\/www.hitbelt.com\/fr\/wp-json\/wp\/v2\/product"}],"about":[{"href":"https:\/\/www.hitbelt.com\/fr\/wp-json\/wp\/v2\/types\/product"}],"replies":[{"embeddable":true,"href":"https:\/\/www.hitbelt.com\/fr\/wp-json\/wp\/v2\/comments?post=1662"}],"wp:featuredmedia":[{"embeddable":true,"href":"https:\/\/www.hitbelt.com\/fr\/wp-json\/wp\/v2\/media\/2328"}],"wp:attachment":[{"href":"https:\/\/www.hitbelt.com\/fr\/wp-json\/wp\/v2\/media?parent=1662"}],"wp:term":[{"taxonomy":"product_brand","embeddable":true,"href":"https:\/\/www.hitbelt.com\/fr\/wp-json\/wp\/v2\/product_brand?post=1662"},{"taxonomy":"product_cat","embeddable":true,"href":"https:\/\/www.hitbelt.com\/fr\/wp-json\/wp\/v2\/product_cat?post=1662"},{"taxonomy":"product_tag","embeddable":true,"href":"https:\/\/www.hitbelt.com\/fr\/wp-json\/wp\/v2\/product_tag?post=1662"}],"curies":[{"name":"wp","href":"https:\/\/api.w.org\/{rel}","templated":true}]}}