{"id":1661,"date":"2023-07-17T07:56:17","date_gmt":"2023-07-17T07:56:17","guid":{"rendered":"https:\/\/www.hitbelt.com\/?post_type=product&#038;p=1661"},"modified":"2024-02-18T08:49:50","modified_gmt":"2024-02-18T08:49:50","slug":"finished-bore-steel-stock-spur-gears","status":"publish","type":"product","link":"https:\/\/www.hitbelt.com\/fr\/produit\/finished-bore-steel-stock-spur-gears","title":{"rendered":"Engrenages droits en acier \u00e0 al\u00e9sage fini"},"content":{"rendered":"<p>Des milliers d&#039;engrenages \u00e9liminent les co\u00fbts de reprise et garantissent une pr\u00e9cision de fonctionnement \u00e0 tout moment.<\/p>\n<h4 class=\"artview_title\"><strong>Gamme de production<\/strong><\/h4>\n<div class=\"news_content\">\n<div id=\"div2\">\n<div class=\"news_content\">\n<div id=\"div2\">\n<div class=\"news_content\">\n<div id=\"div2\">\n<table class=\"excel680\" cellspacing=\"0\" cellpadding=\"0\">\n<colgroup>\n<col width=\"103\" \/>\n<col width=\"70\" \/>\n<col width=\"69\" \/>\n<col width=\"113\" \/>\n<col width=\"57\" \/>\n<col width=\"61\" \/><\/colgroup>\n<tbody>\n<tr>\n<td class=\"excel695\" width=\"103\">Taper<\/td>\n<td class=\"excel695\" width=\"70\">Mat\u00e9riel<\/td>\n<td class=\"excel695\" width=\"69\">Angle de pression<\/td>\n<td class=\"excel695\" width=\"113\">Plage de pas<\/td>\n<td class=\"excel695\" width=\"57\">Gamme de dents<\/td>\n<td class=\"excel695\" width=\"61\">Plage d&#039;al\u00e9sage<\/td>\n<\/tr>\n<tr>\n<td class=\"excel689\">\u00c9peron, Min. Al\u00e9sage (pas fin)<\/td>\n<td class=\"excel690\">Acier<\/td>\n<td class=\"excel690\">14 1\/2\u00b0<\/td>\n<td class=\"excel690\">32, 24, 20<\/td>\n<td class=\"excel690\">11 &#8211; 200<\/td>\n<td class=\"excel690\">3\/32 &#8211; 1<\/td>\n<\/tr>\n<tr>\n<td class=\"excel693\">\u00c9peron, Min. Al\u00e9sage<\/td>\n<td class=\"excel692\" rowspan=\"3\">Acier et fonte<\/td>\n<td class=\"excel694\" rowspan=\"3\">14 1\/2<\/td>\n<td class=\"excel692\">16,12,19,8,6,5,4,3<\/td>\n<td class=\"excel692\">11 &#8211; 200<\/td>\n<td class=\"excel692\">3\/8 &#8211; 3 5\/8<\/td>\n<\/tr>\n<tr>\n<td class=\"excel693\">\u00c9peron, Fin. Al\u00e9sage<\/td>\n<td class=\"excel692\">20,16,12,10,8,6<\/td>\n<td class=\"excel692\">11 &#8211; 35<\/td>\n<td class=\"excel692\">1\/4 &#8211; 1 1\/4<\/td>\n<\/tr>\n<tr>\n<td class=\"excel693\">\u00c9peron, type de bague<\/td>\n<td class=\"excel692\">16,12,19,8,6,5,4,3<\/td>\n<td class=\"excel692\">15 &#8211; 200<\/td>\n<td class=\"excel692\">3\/8 &#8211; 4 1\/4<\/td>\n<\/tr>\n<tr>\n<td class=\"excel689\">\u00c9peron, Min. Al\u00e9sage<\/td>\n<td class=\"excel690\" rowspan=\"3\">Acier et fonte<\/td>\n<td class=\"excel690\" rowspan=\"3\">20<\/td>\n<td class=\"excel690\">20,16,12,10,8,6,5,4<\/td>\n<td class=\"excel690\">12 &#8211; 240<\/td>\n<td class=\"excel690\">5\/16 &#8211; 3 5\/8<\/td>\n<\/tr>\n<tr>\n<td class=\"excel689\">\u00c9peron, Fin. Al\u00e9sage<\/td>\n<td class=\"excel690\">20,16,12,10,8,6<\/td>\n<td class=\"excel690\">12 &#8211; 40<\/td>\n<td class=\"excel690\">1\/4 &#8211; 1 1\/4<\/td>\n<\/tr>\n<tr>\n<td class=\"excel689\">\u00c9peron, type de bague<\/td>\n<td class=\"excel690\">16,12,19,8,6,5,4<\/td>\n<td class=\"excel690\">18 &#8211; 240<\/td>\n<td class=\"excel690\">3\/8 &#8211; 4 1\/4<\/td>\n<\/tr>\n<tr>\n<td class=\"excel693\">\u00c9peronner, changer de vitesse<\/td>\n<td class=\"excel692\">Acier<\/td>\n<td class=\"excel694\">14 1\/2<\/td>\n<td class=\"excel692\">20,16,12,10,8<\/td>\n<td class=\"excel692\">20 &#8211; 129<\/td>\n<td class=\"excel692\">5\/8 &#8211; 1 3\/8**<\/td>\n<\/tr>\n<tr>\n<td class=\"excel693\" rowspan=\"2\">\u00c9tag\u00e8re<\/td>\n<td class=\"excel692\">Acier<\/td>\n<td class=\"excel694\">14 1\/2<\/td>\n<td class=\"excel692\">32,24,20,16,12,10,8,6,5,4,3<\/td>\n<td class=\"excel692\">\/<\/td>\n<td class=\"excel692\">\/<\/td>\n<\/tr>\n<tr>\n<td class=\"excel692\">Acier<\/td>\n<td class=\"excel692\">20<\/td>\n<td class=\"excel692\">20,16,12,10,8,6,5,4<\/td>\n<td class=\"excel692\">\/<\/td>\n<td class=\"excel692\">\/<\/td>\n<\/tr>\n<tr>\n<td class=\"excel689\" rowspan=\"2\">\u00c9peron, Min. Al\u00e9sage<\/td>\n<td class=\"excel690\" rowspan=\"2\">Non m\u00e9tallique<\/td>\n<td class=\"excel691\">14 1\/2<\/td>\n<td class=\"excel690\">16,12,19,8,6,5<\/td>\n<td class=\"excel690\">12 &#8211; 96<\/td>\n<td class=\"excel690\">3\/8 &#8211; 2 1\/4<\/td>\n<\/tr>\n<tr>\n<td class=\"excel690\">20<\/td>\n<td class=\"excel690\">16,12,8<\/td>\n<td class=\"excel690\">15 &#8211; 24<\/td>\n<td class=\"excel690\">3\/8 &#8211; 1 3\/4<\/td>\n<\/tr>\n<\/tbody>\n<\/table>\n<\/div>\n<\/div>\n<\/div>\n<\/div>\n<\/div>\n<\/div>","protected":false},"excerpt":{"rendered":"<p><strong>Caract\u00e9ristique\/Avantage<\/strong><br \/>\n\u2013 Une profondeur de dent suppl\u00e9mentaire et des rayons plus grands fournissent des dents plus solides, un r\u00e9servoir de lubrification plus profond et plus de jeu.<br \/>\n\u2013 De nombreux engrenages coniques sont disponibles tremp\u00e9s pour une dur\u00e9e de vie plus longue.<br \/>\n\u2013 De nombreuses tailles de dents impaires.<\/p>","protected":false},"featured_media":2641,"comment_status":"closed","ping_status":"closed","template":"","meta":{"_acf_changed":false,"_joinchat":[]},"product_brand":[],"product_cat":[115],"product_tag":[124],"class_list":{"0":"post-1661","1":"product","2":"type-product","3":"status-publish","4":"has-post-thumbnail","6":"product_cat-metal-pats","7":"product_tag-gears","9":"first","10":"instock","11":"shipping-taxable","12":"product-type-simple"},"acf":[],"_links":{"self":[{"href":"https:\/\/www.hitbelt.com\/fr\/wp-json\/wp\/v2\/product\/1661","targetHints":{"allow":["GET"]}}],"collection":[{"href":"https:\/\/www.hitbelt.com\/fr\/wp-json\/wp\/v2\/product"}],"about":[{"href":"https:\/\/www.hitbelt.com\/fr\/wp-json\/wp\/v2\/types\/product"}],"replies":[{"embeddable":true,"href":"https:\/\/www.hitbelt.com\/fr\/wp-json\/wp\/v2\/comments?post=1661"}],"wp:featuredmedia":[{"embeddable":true,"href":"https:\/\/www.hitbelt.com\/fr\/wp-json\/wp\/v2\/media\/2641"}],"wp:attachment":[{"href":"https:\/\/www.hitbelt.com\/fr\/wp-json\/wp\/v2\/media?parent=1661"}],"wp:term":[{"taxonomy":"product_brand","embeddable":true,"href":"https:\/\/www.hitbelt.com\/fr\/wp-json\/wp\/v2\/product_brand?post=1661"},{"taxonomy":"product_cat","embeddable":true,"href":"https:\/\/www.hitbelt.com\/fr\/wp-json\/wp\/v2\/product_cat?post=1661"},{"taxonomy":"product_tag","embeddable":true,"href":"https:\/\/www.hitbelt.com\/fr\/wp-json\/wp\/v2\/product_tag?post=1661"}],"curies":[{"name":"wp","href":"https:\/\/api.w.org\/{rel}","templated":true}]}}