{"id":1660,"date":"2023-07-17T07:53:51","date_gmt":"2023-07-17T07:53:51","guid":{"rendered":"https:\/\/www.hitbelt.com\/?post_type=product&#038;p=1660"},"modified":"2024-02-18T09:37:21","modified_gmt":"2024-02-18T09:37:21","slug":"stock-bore-machined-gear-racks","status":"publish","type":"product","link":"https:\/\/www.hitbelt.com\/fr\/produit\/stock-bore-machined-gear-racks","title":{"rendered":"Cr\u00e9maill\u00e8res usin\u00e9es \u00e0 al\u00e9sage standard"},"content":{"rendered":"<p>Des milliers d&#039;engrenages \u00e9liminent les co\u00fbts de reprise et garantissent une pr\u00e9cision de fonctionnement \u00e0 tout moment.<\/p>\n<div class=\"news_content\">\n<div id=\"div2\">\n<div class=\"news_content\">\n<div id=\"div2\"><\/div>\n<\/div>\n<\/div>\n<\/div>","protected":false},"excerpt":{"rendered":"<p><strong>Caract\u00e9ristique\/Avantage<\/strong><br \/>\n\u2013 Une profondeur de dent suppl\u00e9mentaire et des rayons plus grands fournissent des dents plus solides, un r\u00e9servoir de lubrification plus profond et plus de jeu.<br \/>\n\u2013 De nombreux engrenages coniques sont disponibles tremp\u00e9s pour une dur\u00e9e de vie plus longue.<br \/>\n\u2013 De nombreuses tailles de dents impaires.<\/p>","protected":false},"featured_media":2642,"comment_status":"closed","ping_status":"closed","template":"","meta":{"_acf_changed":false,"_joinchat":[]},"product_brand":[],"product_cat":[115],"product_tag":[124],"class_list":{"0":"post-1660","1":"product","2":"type-product","3":"status-publish","4":"has-post-thumbnail","6":"product_cat-metal-pats","7":"product_tag-gears","9":"first","10":"instock","11":"shipping-taxable","12":"product-type-simple"},"acf":[],"_links":{"self":[{"href":"https:\/\/www.hitbelt.com\/fr\/wp-json\/wp\/v2\/product\/1660","targetHints":{"allow":["GET"]}}],"collection":[{"href":"https:\/\/www.hitbelt.com\/fr\/wp-json\/wp\/v2\/product"}],"about":[{"href":"https:\/\/www.hitbelt.com\/fr\/wp-json\/wp\/v2\/types\/product"}],"replies":[{"embeddable":true,"href":"https:\/\/www.hitbelt.com\/fr\/wp-json\/wp\/v2\/comments?post=1660"}],"wp:featuredmedia":[{"embeddable":true,"href":"https:\/\/www.hitbelt.com\/fr\/wp-json\/wp\/v2\/media\/2642"}],"wp:attachment":[{"href":"https:\/\/www.hitbelt.com\/fr\/wp-json\/wp\/v2\/media?parent=1660"}],"wp:term":[{"taxonomy":"product_brand","embeddable":true,"href":"https:\/\/www.hitbelt.com\/fr\/wp-json\/wp\/v2\/product_brand?post=1660"},{"taxonomy":"product_cat","embeddable":true,"href":"https:\/\/www.hitbelt.com\/fr\/wp-json\/wp\/v2\/product_cat?post=1660"},{"taxonomy":"product_tag","embeddable":true,"href":"https:\/\/www.hitbelt.com\/fr\/wp-json\/wp\/v2\/product_tag?post=1660"}],"curies":[{"name":"wp","href":"https:\/\/api.w.org\/{rel}","templated":true}]}}