{"id":1630,"date":"2023-07-17T07:15:12","date_gmt":"2023-07-17T07:15:12","guid":{"rendered":"https:\/\/www.hitbelt.com\/?post_type=product&#038;p=1630"},"modified":"2025-05-14T07:09:44","modified_gmt":"2025-05-14T07:09:44","slug":"flanges","status":"publish","type":"product","link":"https:\/\/www.hitbelt.com\/fr\/produit\/flanges","title":{"rendered":"Brides"},"content":{"rendered":"<p><img loading=\"lazy\" decoding=\"async\" class=\"alignnone size-full wp-image-1631\" src=\"https:\/\/www.hitbelt.com\/wp-content\/uploads\/2023\/07\/20140624091421673.gif\" alt=\"\" width=\"323\" height=\"136\" \/><\/p>\n<p>SP\u00c9CIFICATION:<\/p>\n<p>1. Mat\u00e9riau\u00a0: acier lamin\u00e9 \u00e0 froid Q235 ou aluminium LY12-T4\u00a0;<br \/>\n2. Doit \u00eatre fin et clair, non d\u00e9form\u00e9\u00a0;<br \/>\n3. Retirez les bords tranchants et \u00e9bavurez\u00a0;<br \/>\n4. Aucun d\u00e9faut de surface, exempt de bosses, de rayures et de rouille, etc.<\/p>\n<p>&nbsp;<\/p>\n<a  class=\"button  button_size_2\"  href=\"https:\/\/www.hitbelt.com\/fr\/bicycles\/flanges\/\" target=\"_blank\"   ><span class=\"button_label\">V\u00e9rifiez les tailles disponibles<\/span><\/a>","protected":false},"excerpt":{"rendered":"<p>SP\u00c9CIFICATIONS\u00a0: 1. Mat\u00e9riau\u00a0: acier lamin\u00e9 \u00e0 froid Q235 ou aluminium LY12-T4\u00a0; 2. Doit \u00eatre fin et clair, non d\u00e9form\u00e9\u00a0; 3. Retirez les bords tranchants et \u00e9bavurez\u00a0; 4. Aucun d\u00e9faut<span class=\"excerpt-hellip\"> [\u2026]<\/span><\/p>","protected":false},"featured_media":2335,"comment_status":"closed","ping_status":"closed","template":"","meta":{"_acf_changed":false,"_joinchat":[]},"product_brand":[],"product_cat":[115],"product_tag":[123],"class_list":{"0":"post-1630","1":"product","2":"type-product","3":"status-publish","4":"has-post-thumbnail","6":"product_cat-metal-pats","7":"product_tag-timing-belt-pulleys","9":"first","10":"instock","11":"shipping-taxable","12":"product-type-simple"},"acf":[],"_links":{"self":[{"href":"https:\/\/www.hitbelt.com\/fr\/wp-json\/wp\/v2\/product\/1630","targetHints":{"allow":["GET"]}}],"collection":[{"href":"https:\/\/www.hitbelt.com\/fr\/wp-json\/wp\/v2\/product"}],"about":[{"href":"https:\/\/www.hitbelt.com\/fr\/wp-json\/wp\/v2\/types\/product"}],"replies":[{"embeddable":true,"href":"https:\/\/www.hitbelt.com\/fr\/wp-json\/wp\/v2\/comments?post=1630"}],"wp:featuredmedia":[{"embeddable":true,"href":"https:\/\/www.hitbelt.com\/fr\/wp-json\/wp\/v2\/media\/2335"}],"wp:attachment":[{"href":"https:\/\/www.hitbelt.com\/fr\/wp-json\/wp\/v2\/media?parent=1630"}],"wp:term":[{"taxonomy":"product_brand","embeddable":true,"href":"https:\/\/www.hitbelt.com\/fr\/wp-json\/wp\/v2\/product_brand?post=1630"},{"taxonomy":"product_cat","embeddable":true,"href":"https:\/\/www.hitbelt.com\/fr\/wp-json\/wp\/v2\/product_cat?post=1630"},{"taxonomy":"product_tag","embeddable":true,"href":"https:\/\/www.hitbelt.com\/fr\/wp-json\/wp\/v2\/product_tag?post=1630"}],"curies":[{"name":"wp","href":"https:\/\/api.w.org\/{rel}","templated":true}]}}