{"id":1497,"date":"2023-07-17T02:33:32","date_gmt":"2023-07-17T02:33:32","guid":{"rendered":"https:\/\/www.hitbelt.com\/?post_type=product&#038;p=1497"},"modified":"2023-07-17T02:59:56","modified_gmt":"2023-07-17T02:59:56","slug":"pu-flat-belts","status":"publish","type":"product","link":"https:\/\/www.hitbelt.com\/fr\/produit\/pu-flat-belts","title":{"rendered":"Courroies plates en PU"},"content":{"rendered":"<p>La courroie plate en acier rev\u00eatu \u00e9limine l&#039;effet m\u00e9tal sur m\u00e9tal des syst\u00e8mes conventionnels. Associ\u00e9 \u00e0 une poulie de machine couronn\u00e9e \u00e0 surface lisse, le r\u00e9sultat est un fonctionnement exceptionnellement silencieux et un confort de conduite sup\u00e9rieur. De plus, la courroie plate flexible permet d&#039;obtenir une machine plus compacte et \u00e9conome en \u00e9nergie, qui peut \u00eatre contenue dans le palan. Cela r\u00e9duit les co\u00fbts d\u2019exploitation du b\u00e2timent et du syst\u00e8me et lib\u00e8re un espace pr\u00e9cieux.<br \/>\nLes courroies plates durables, les poulies lisses et couronn\u00e9es et le minimum de pi\u00e8ces mobiles dans la machine sans engrenage r\u00e9duisent consid\u00e9rablement l&#039;usure et augmentent la durabilit\u00e9 et l&#039;efficacit\u00e9. Il surveille en permanence l&#039;\u00e9tat des c\u00e2bles d&#039;acier des courroies. Contrairement aux inspections visuelles des c\u00e2bles en acier conventionnels, le syst\u00e8me Pulse d\u00e9tecte et signale automatiquement les d\u00e9fauts de la courroie au personnel de maintenance pour une r\u00e9ponse rapide, offrant ainsi aux propri\u00e9taires une plus grande tranquillit\u00e9 d&#039;esprit.<\/p>\n<p>&nbsp;<\/p>\n<p><img loading=\"lazy\" decoding=\"async\" class=\"alignnone size-full wp-image-1498\" src=\"https:\/\/www.hitbelt.com\/wp-content\/uploads\/2023\/07\/pu-flat2.gif\" alt=\"\" width=\"458\" height=\"278\" \/><\/p>\n<p>&nbsp;<\/p>\n<h4 class=\"artview_title\"><strong>Gamme de production<\/strong><\/h4>\n<div class=\"news_content\">\n<div id=\"div2\">\n<div id=\"MODBLK_1384\" class=\"mod_block mb_UBLu8mPx_block\">\n<div class=\"com_con\">\n<table class=\"excel286\" cellspacing=\"0\" cellpadding=\"0\">\n<colgroup>\n<col width=\"65\" \/>\n<col width=\"119\" \/>\n<col width=\"116\" \/>\n<col width=\"173\" \/><\/colgroup>\n<tbody>\n<tr>\n<td class=\"excel289\" width=\"65\">Taper<\/td>\n<td class=\"excel289\" width=\"119\">Corde<\/td>\n<td class=\"excel289\" width=\"116\">Max. Largeur<\/td>\n<td class=\"excel289\" width=\"173\">Longueur du rouleau standard<\/td>\n<\/tr>\n<tr>\n<td class=\"excel287\">P1<\/td>\n<td class=\"excel287\">Acier \/ Kevlar<\/td>\n<td class=\"excel287\">100mm<\/td>\n<td class=\"excel287\">100 m\u00e8tres<\/td>\n<\/tr>\n<tr>\n<td class=\"excel288\">P2<\/td>\n<td class=\"excel288\">Acier \/ Kevlar<\/td>\n<td class=\"excel288\">100mm<\/td>\n<td class=\"excel288\">100 m\u00e8tres<\/td>\n<\/tr>\n<tr>\n<td class=\"excel287\">P3<\/td>\n<td class=\"excel287\">Acier \/ Kevlar<\/td>\n<td class=\"excel287\">100mm<\/td>\n<td class=\"excel287\">100 m\u00e8tres<\/td>\n<\/tr>\n<tr>\n<td class=\"excel288\">P4<\/td>\n<td class=\"excel288\">Acier \/ Kevlar<\/td>\n<td class=\"excel288\">100mm<\/td>\n<td class=\"excel288\">100 m\u00e8tres<\/td>\n<\/tr>\n<\/tbody>\n<\/table>\n<\/div>\n<\/div>\n<\/div>\n<\/div>","protected":false},"excerpt":{"rendered":"<p><b>La protection de l&#039;environnement<\/b><br \/>\nNi la courroie ni la machine sans engrenage, avec ses roulements scell\u00e9s en permanence, ne n\u00e9cessitent de lubrification et sont donc plus propres pour l&#039;environnement. La machine sans engrenage tr\u00e8s efficace avec son moteur synchrone \u00e0 aimant permanent r\u00e9duit la consommation d&#039;\u00e9nergie jusqu&#039;\u00e0 50 pour cent par rapport aux machines \u00e0 engrenages conventionnelles et 15 pour cent par rapport aux autres machines \u00e9quip\u00e9es de moteurs \u00e0 aimant permanent de construction axiale.<\/p>","protected":false},"featured_media":1499,"comment_status":"closed","ping_status":"closed","template":"","meta":{"_acf_changed":false,"_joinchat":[]},"product_brand":[],"product_cat":[109],"product_tag":[120],"class_list":{"0":"post-1497","1":"product","2":"type-product","3":"status-publish","4":"has-post-thumbnail","6":"product_cat-pu-belts","7":"product_tag-pu-flat-belts","9":"first","10":"instock","11":"shipping-taxable","12":"product-type-simple"},"acf":[],"_links":{"self":[{"href":"https:\/\/www.hitbelt.com\/fr\/wp-json\/wp\/v2\/product\/1497","targetHints":{"allow":["GET"]}}],"collection":[{"href":"https:\/\/www.hitbelt.com\/fr\/wp-json\/wp\/v2\/product"}],"about":[{"href":"https:\/\/www.hitbelt.com\/fr\/wp-json\/wp\/v2\/types\/product"}],"replies":[{"embeddable":true,"href":"https:\/\/www.hitbelt.com\/fr\/wp-json\/wp\/v2\/comments?post=1497"}],"wp:featuredmedia":[{"embeddable":true,"href":"https:\/\/www.hitbelt.com\/fr\/wp-json\/wp\/v2\/media\/1499"}],"wp:attachment":[{"href":"https:\/\/www.hitbelt.com\/fr\/wp-json\/wp\/v2\/media?parent=1497"}],"wp:term":[{"taxonomy":"product_brand","embeddable":true,"href":"https:\/\/www.hitbelt.com\/fr\/wp-json\/wp\/v2\/product_brand?post=1497"},{"taxonomy":"product_cat","embeddable":true,"href":"https:\/\/www.hitbelt.com\/fr\/wp-json\/wp\/v2\/product_cat?post=1497"},{"taxonomy":"product_tag","embeddable":true,"href":"https:\/\/www.hitbelt.com\/fr\/wp-json\/wp\/v2\/product_tag?post=1497"}],"curies":[{"name":"wp","href":"https:\/\/api.w.org\/{rel}","templated":true}]}}