{"id":1483,"date":"2023-07-14T09:57:46","date_gmt":"2023-07-14T09:57:46","guid":{"rendered":"https:\/\/www.hitbelt.com\/?post_type=product&#038;p=1483"},"modified":"2024-02-22T08:41:38","modified_gmt":"2024-02-22T08:41:38","slug":"pu-pipes-and-links","status":"publish","type":"product","link":"https:\/\/www.hitbelt.com\/fr\/produit\/pu-pipes-and-links","title":{"rendered":"Tuyaux et liens en PU"},"content":{"rendered":"<p>Les tuyaux et liens en PU sont utilis\u00e9s dans les \u00e9quipements pneumatiques et les robots industriels pour divers outils pneumatiques et pour contr\u00f4ler le syst\u00e8me d&#039;huile lubrifiante. Faisant de la qualit\u00e9 notre principale pr\u00e9occupation, ces produits sont fabriqu\u00e9s \u00e0 partir de mati\u00e8res premi\u00e8res de haute qualit\u00e9 et sont connus pour leur durabilit\u00e9, leur l\u00e9g\u00e8ret\u00e9, leur r\u00e9sistance aux produits chimiques et \u00e0 l\u2019abrasion.<\/p>\n<p>&nbsp;<\/p>\n<h4><strong>Gamme de production<\/strong><\/h4>\n<table class=\"excel173\" cellspacing=\"0\" cellpadding=\"0\">\n<tbody>\n<tr>\n<td class=\"excel175\" colspan=\"2\" width=\"226\">2*4*200m<\/td>\n<td class=\"excel174\" width=\"24\"><\/td>\n<td class=\"excel175\" colspan=\"2\" width=\"226\">10*8mm*100m<\/td>\n<\/tr>\n<tr>\n<td class=\"excel176\" colspan=\"2\">2,5*4mm*200m<\/td>\n<td class=\"excel174\"><\/td>\n<td class=\"excel176\" colspan=\"2\">10*14mm*100m<\/td>\n<\/tr>\n<tr>\n<td class=\"excel175\" colspan=\"2\">4*6mm*200m<\/td>\n<td class=\"excel174\"><\/td>\n<td class=\"excel175\" colspan=\"2\">12*8mm*100m<\/td>\n<\/tr>\n<tr>\n<td class=\"excel176\" colspan=\"2\">8*5mm*100m<\/td>\n<td class=\"excel174\"><\/td>\n<td class=\"excel176\" colspan=\"2\">10*12mm*100m<\/td>\n<\/tr>\n<tr>\n<td class=\"excel175\" colspan=\"2\">8*6mm*100m<\/td>\n<td class=\"excel174\"><\/td>\n<td class=\"excel175\" colspan=\"2\">9*12mm*100m<\/td>\n<\/tr>\n<tr>\n<td class=\"excel176\" colspan=\"2\">10*6.5mm*100m<\/td>\n<td class=\"excel174\"><\/td>\n<td class=\"excel176\" colspan=\"2\">12*16mm*100m<\/td>\n<\/tr>\n<tr>\n<td class=\"excel175\" colspan=\"2\">10*7mm*100m<\/td>\n<td class=\"excel174\"><\/td>\n<\/tr>\n<\/tbody>\n<\/table>","protected":false},"excerpt":{"rendered":"<p>Les tuyaux et liens en PU sont utilis\u00e9s dans les \u00e9quipements pneumatiques et les robots industriels pour divers outils pneumatiques et pour contr\u00f4ler le syst\u00e8me d&#039;huile lubrifiante. Faire de la qualit\u00e9 notre<span class=\"excerpt-hellip\"> [\u2026]<\/span><\/p>","protected":false},"featured_media":2695,"comment_status":"closed","ping_status":"closed","template":"","meta":{"_acf_changed":false,"_joinchat":[]},"product_brand":[],"product_cat":[109],"product_tag":[118],"class_list":{"0":"post-1483","1":"product","2":"type-product","3":"status-publish","4":"has-post-thumbnail","6":"product_cat-pu-belts","7":"product_tag-pu-extruded-belts","9":"first","10":"instock","11":"shipping-taxable","12":"product-type-simple"},"acf":[],"_links":{"self":[{"href":"https:\/\/www.hitbelt.com\/fr\/wp-json\/wp\/v2\/product\/1483","targetHints":{"allow":["GET"]}}],"collection":[{"href":"https:\/\/www.hitbelt.com\/fr\/wp-json\/wp\/v2\/product"}],"about":[{"href":"https:\/\/www.hitbelt.com\/fr\/wp-json\/wp\/v2\/types\/product"}],"replies":[{"embeddable":true,"href":"https:\/\/www.hitbelt.com\/fr\/wp-json\/wp\/v2\/comments?post=1483"}],"wp:featuredmedia":[{"embeddable":true,"href":"https:\/\/www.hitbelt.com\/fr\/wp-json\/wp\/v2\/media\/2695"}],"wp:attachment":[{"href":"https:\/\/www.hitbelt.com\/fr\/wp-json\/wp\/v2\/media?parent=1483"}],"wp:term":[{"taxonomy":"product_brand","embeddable":true,"href":"https:\/\/www.hitbelt.com\/fr\/wp-json\/wp\/v2\/product_brand?post=1483"},{"taxonomy":"product_cat","embeddable":true,"href":"https:\/\/www.hitbelt.com\/fr\/wp-json\/wp\/v2\/product_cat?post=1483"},{"taxonomy":"product_tag","embeddable":true,"href":"https:\/\/www.hitbelt.com\/fr\/wp-json\/wp\/v2\/product_tag?post=1483"}],"curies":[{"name":"wp","href":"https:\/\/api.w.org\/{rel}","templated":true}]}}