{"id":1474,"date":"2023-07-14T09:52:00","date_gmt":"2023-07-14T09:52:00","guid":{"rendered":"https:\/\/www.hitbelt.com\/?post_type=product&#038;p=1474"},"modified":"2024-02-22T08:46:54","modified_gmt":"2024-02-22T08:46:54","slug":"pu-v-belts","status":"publish","type":"product","link":"https:\/\/www.hitbelt.com\/fr\/produit\/pu-v-belts","title":{"rendered":"Courroies trap\u00e9zo\u00efdales en PU"},"content":{"rendered":"<p><b>Caract\u00e9ristiques<\/b><\/p>\n<p>\u2013 R\u00e9sistance exceptionnelle \u00e0 l\u2019abrasion<br \/>\n\u2013 Haute r\u00e9sistance \u00e0 la traction et \u00e0 la d\u00e9chirure<br \/>\n\u2013 R\u00e9sistance aux huiles, carburants et oxyg\u00e8ne<br \/>\n\u2013 Bonne r\u00e9sistance aux intemp\u00e9ries et haute r\u00e9sistance aux chocs<br \/>\n\u2013 Faible d\u00e9formation r\u00e9manente<br \/>\n\u2013 Large temp\u00e9rature d\u2019application<br \/>\n\u2013 Sans plastifiant<br \/>\n<b>Applications<\/b><\/p>\n<p>\u2013 Transport de journaux<br \/>\n- Machine d&#039;emballage<br \/>\n\u2013 Usines de transformation de c\u00e9ramique et de gr\u00e8s<br \/>\n\u2013 Mat\u00e9riel de convoyage conserveries<br \/>\n\u2013 Tuiles de sol et de toit<br \/>\n\u2013 Machine \u00e0 travailler le bois<br \/>\n\u2013 Usine de carton, machine textile<br \/>\n\u2013 Courroies de transmission de puissance<br \/>\n\u2013 Industrie de transformation du papier et du carton<\/p>\n<p>&nbsp;<\/p>\n<h4><strong>Gamme de production<\/strong><\/h4>\n<table class=\"ke-zeroborder\" border=\"0\" width=\"640\" cellspacing=\"0\" cellpadding=\"0\">\n<colgroup>\n<col width=\"120\" \/>\n<col width=\"135\" \/>\n<col width=\"116\" \/>\n<col width=\"138\" \/><\/colgroup>\n<tbody>\n<tr>\n<td height=\"17\">Type V<\/td>\n<td>Taille (mm)<\/td>\n<td>Emballage (m\/rouleau)<\/td>\n<td>Diam\u00e8tre minimum de la poulie (mm)<\/td>\n<\/tr>\n<tr>\n<td height=\"17\">Z\/10<\/td>\n<td>10X5.5<\/td>\n<td>100<\/td>\n<td>65<\/td>\n<\/tr>\n<tr>\n<td height=\"17\">A\/13<\/td>\n<td>13X9<\/td>\n<td>30<\/td>\n<td>85<\/td>\n<\/tr>\n<tr>\n<td height=\"17\">B\/17<\/td>\n<td>17X11.5<\/td>\n<td>30<\/td>\n<td>120<\/td>\n<\/tr>\n<tr>\n<td height=\"17\">C\/22<\/td>\n<td>22X14<\/td>\n<td>30<\/td>\n<td>150<\/td>\n<\/tr>\n<tr>\n<td height=\"17\">J\/32<\/td>\n<td>32X20<\/td>\n<td>30<\/td>\n<td>210<\/td>\n<\/tr>\n<tr>\n<td height=\"17\">Type PentaTop<\/td>\n<td>Taille (mm)<\/td>\n<td>Emballage (m\/rouleau)<\/td>\n<td>Diam\u00e8tre minimum de la poulie (mm)<\/td>\n<\/tr>\n<tr>\n<td height=\"17\">A\/13<\/td>\n<td>13x16<\/td>\n<td>30<\/td>\n<td>170<\/td>\n<\/tr>\n<tr>\n<td height=\"17\">B\/17<\/td>\n<td>17x19,5<\/td>\n<td>30<\/td>\n<td>205<\/td>\n<\/tr>\n<tr>\n<td height=\"17\">C\/22<\/td>\n<td>22x27<\/td>\n<td>30<\/td>\n<td>295<\/td>\n<\/tr>\n<tr>\n<td height=\"17\">Type de cr\u00eate<\/td>\n<td>Taille (mm)<\/td>\n<td>Emballage (m\/rouleau)<\/td>\n<td>Diam\u00e8tre minimum de la poulie (mm)<\/td>\n<\/tr>\n<tr>\n<td height=\"17\">RA \/ 13<\/td>\n<td>13x16<\/td>\n<td>30<\/td>\n<td>170<\/td>\n<\/tr>\n<tr>\n<td height=\"17\">RB\/17<\/td>\n<td>17x19,5<\/td>\n<td>30<\/td>\n<td>205<\/td>\n<\/tr>\n<tr>\n<td height=\"17\">RC\/22<\/td>\n<td>22 x 24,5<\/td>\n<td>30<\/td>\n<td>295<\/td>\n<\/tr>\n<\/tbody>\n<\/table>","protected":false},"excerpt":{"rendered":"<p>Caract\u00e9ristiques \u2013 R\u00e9sistance exceptionnelle \u00e0 l&#039;abrasion \u2013 Haute r\u00e9sistance \u00e0 la traction et \u00e0 la d\u00e9chirure \u2013 R\u00e9sistance aux huiles, aux carburants et \u00e0 l&#039;oxyg\u00e8ne \u2013 Bonne r\u00e9sistance aux intemp\u00e9ries et haute r\u00e9sistance aux chocs \u2013 Faible d\u00e9formation r\u00e9manente \u00e0 la compression \u2013 Large application<span class=\"excerpt-hellip\"> [\u2026]<\/span><\/p>","protected":false},"featured_media":2697,"comment_status":"closed","ping_status":"closed","template":"","meta":{"_acf_changed":false,"_joinchat":[]},"product_brand":[],"product_cat":[109],"product_tag":[118],"class_list":{"0":"post-1474","1":"product","2":"type-product","3":"status-publish","4":"has-post-thumbnail","6":"product_cat-pu-belts","7":"product_tag-pu-extruded-belts","9":"first","10":"instock","11":"shipping-taxable","12":"product-type-simple"},"acf":[],"_links":{"self":[{"href":"https:\/\/www.hitbelt.com\/fr\/wp-json\/wp\/v2\/product\/1474","targetHints":{"allow":["GET"]}}],"collection":[{"href":"https:\/\/www.hitbelt.com\/fr\/wp-json\/wp\/v2\/product"}],"about":[{"href":"https:\/\/www.hitbelt.com\/fr\/wp-json\/wp\/v2\/types\/product"}],"replies":[{"embeddable":true,"href":"https:\/\/www.hitbelt.com\/fr\/wp-json\/wp\/v2\/comments?post=1474"}],"wp:featuredmedia":[{"embeddable":true,"href":"https:\/\/www.hitbelt.com\/fr\/wp-json\/wp\/v2\/media\/2697"}],"wp:attachment":[{"href":"https:\/\/www.hitbelt.com\/fr\/wp-json\/wp\/v2\/media?parent=1474"}],"wp:term":[{"taxonomy":"product_brand","embeddable":true,"href":"https:\/\/www.hitbelt.com\/fr\/wp-json\/wp\/v2\/product_brand?post=1474"},{"taxonomy":"product_cat","embeddable":true,"href":"https:\/\/www.hitbelt.com\/fr\/wp-json\/wp\/v2\/product_cat?post=1474"},{"taxonomy":"product_tag","embeddable":true,"href":"https:\/\/www.hitbelt.com\/fr\/wp-json\/wp\/v2\/product_tag?post=1474"}],"curies":[{"name":"wp","href":"https:\/\/api.w.org\/{rel}","templated":true}]}}