{"id":1467,"date":"2023-07-14T09:45:49","date_gmt":"2023-07-14T09:45:49","guid":{"rendered":"https:\/\/www.hitbelt.com\/?post_type=product&#038;p=1467"},"modified":"2024-02-22T08:43:17","modified_gmt":"2024-02-22T08:43:17","slug":"pu-round-belts","status":"publish","type":"product","link":"https:\/\/www.hitbelt.com\/fr\/produit\/pu-round-belts","title":{"rendered":"Ceintures rondes en PU"},"content":{"rendered":"<div id=\"div1\" class=\"prodview_content\">\n<p>\u00a0Propri\u00e9t\u00e9s<br \/>\n\u2013 Haute r\u00e9sistance \u00e0 la traction<br \/>\n\u2013 Excellente r\u00e9sistance \u00e0 l\u2019abrasion<br \/>\n\u2013 Bonne r\u00e9sistance au carburant, aux huiles et \u00e0 l\u2019oxyg\u00e8ne<br \/>\n\u2013 Ne contient aucun plastifiant<br \/>\n\u2013 Large temp\u00e9rature d&#039;application de -30 \u2103 \u00e0 +70 \u2103<\/p>\n<p>Applications<br \/>\n\u2013 Machine d\u2019impression et de pliage<br \/>\n\u2013 Transport de journaux<br \/>\n- Machine d&#039;emballage<br \/>\n\u2013 C\u00e9ramique et pierre<br \/>\n\u2013 Transformation, Usines, Conserveries<br \/>\n\u2013 Convoyage, Machine \u00e0 travailler le bois<br \/>\n\u2013 Transformation du papier et du carton<br \/>\n- Industrie<\/p>\n<\/div>\n<p>&nbsp;<\/p>\n<h4><strong>Gamme de production<\/strong><\/h4>\n<table class=\"ke-zeroborder\" border=\"0\" width=\"640\" cellspacing=\"0\" cellpadding=\"0\">\n<colgroup>\n<col width=\"84\" \/>\n<col width=\"92\" \/>\n<col width=\"99\" \/>\n<col width=\"28\" \/>\n<col width=\"84\" \/>\n<col width=\"92\" \/>\n<col width=\"99\" \/><\/colgroup>\n<tbody>\n<tr>\n<td colspan=\"2\" bgcolor=\"#FFFFFF\" width=\"176\" height=\"17\">Ceintures rondes \u00e0 surface rugueuse en PU<\/td>\n<td bgcolor=\"#FFFFFF\" width=\"99\"><\/td>\n<td bgcolor=\"#FFFFFF\" width=\"28\"><\/td>\n<td colspan=\"2\" bgcolor=\"#FFFFFF\" width=\"176\">Ceintures rondes \u00e0 surface lisse en PU<\/td>\n<td bgcolor=\"#FFFFFF\"><\/td>\n<\/tr>\n<tr>\n<td width=\"84\" height=\"17\">Code de ceinture<\/td>\n<td width=\"92\">Emballage\/rouleau<\/td>\n<td width=\"99\">DIAM\u00c8TRE MINIMUM DE POULIE<\/td>\n<td bgcolor=\"#FFFFFF\"><\/td>\n<td width=\"84\">Code de ceinture<\/td>\n<td width=\"92\">Emballage\/rouleau<\/td>\n<td>DIAM\u00c8TRE MINIMUM DE POULIE<\/td>\n<\/tr>\n<tr>\n<td bgcolor=\"#FFFFFF\" height=\"17\">F1.5<\/td>\n<td bgcolor=\"#FFFFFF\">400 m\u00e8tres<\/td>\n<td bgcolor=\"#FFFFFF\">20 millim\u00e8tres<\/td>\n<td bgcolor=\"#FFFFFF\"><\/td>\n<td bgcolor=\"#FFFFFF\">F1.5<\/td>\n<td bgcolor=\"#FFFFFF\">400 m\u00e8tres<\/td>\n<td bgcolor=\"#FFFFFF\" width=\"100\">20 millim\u00e8tres<\/td>\n<\/tr>\n<tr>\n<td height=\"17\">F2<\/td>\n<td>400 m\u00e8tres<\/td>\n<td>20 millim\u00e8tres<\/td>\n<td bgcolor=\"#FFFFFF\"><\/td>\n<td>F2<\/td>\n<td>400 m\u00e8tres<\/td>\n<td width=\"100\">20 millim\u00e8tres<\/td>\n<\/tr>\n<tr>\n<td bgcolor=\"#FFFFFF\" height=\"17\">F3<\/td>\n<td bgcolor=\"#FFFFFF\">400 m\u00e8tres<\/td>\n<td bgcolor=\"#FFFFFF\">30 millim\u00e8tres<\/td>\n<td bgcolor=\"#FFFFFF\"><\/td>\n<td bgcolor=\"#FFFFFF\">F3<\/td>\n<td bgcolor=\"#FFFFFF\">400 m\u00e8tres<\/td>\n<td bgcolor=\"#FFFFFF\" width=\"100\">30 millim\u00e8tres<\/td>\n<\/tr>\n<tr>\n<td height=\"17\">F4<\/td>\n<td>200 m\u00e8tres<\/td>\n<td>40 millim\u00e8tres<\/td>\n<td bgcolor=\"#FFFFFF\"><\/td>\n<td>F4<\/td>\n<td>200 m\u00e8tres<\/td>\n<td width=\"100\">40 millim\u00e8tres<\/td>\n<\/tr>\n<tr>\n<td bgcolor=\"#FFFFFF\" height=\"17\">F5<\/td>\n<td bgcolor=\"#FFFFFF\">200 m\u00e8tres<\/td>\n<td bgcolor=\"#FFFFFF\">50 millim\u00e8tres<\/td>\n<td bgcolor=\"#FFFFFF\"><\/td>\n<td bgcolor=\"#FFFFFF\">F5<\/td>\n<td bgcolor=\"#FFFFFF\">200 m\u00e8tres<\/td>\n<td bgcolor=\"#FFFFFF\" width=\"100\">50 millim\u00e8tres<\/td>\n<\/tr>\n<tr>\n<td height=\"17\">F6<\/td>\n<td>200 m\u00e8tres<\/td>\n<td>60 millim\u00e8tres<\/td>\n<td bgcolor=\"#FFFFFF\"><\/td>\n<td>F6<\/td>\n<td>200 m\u00e8tres<\/td>\n<td width=\"100\">60 millim\u00e8tres<\/td>\n<\/tr>\n<tr>\n<td bgcolor=\"#FFFFFF\" height=\"17\">F7<\/td>\n<td bgcolor=\"#FFFFFF\">100 m\u00e8tres<\/td>\n<td bgcolor=\"#FFFFFF\">70 millim\u00e8tres<\/td>\n<td bgcolor=\"#FFFFFF\"><\/td>\n<td bgcolor=\"#FFFFFF\">F7<\/td>\n<td bgcolor=\"#FFFFFF\">100 m\u00e8tres<\/td>\n<td bgcolor=\"#FFFFFF\" width=\"100\">70 millim\u00e8tres<\/td>\n<\/tr>\n<tr>\n<td height=\"17\">F8<\/td>\n<td>100 m\u00e8tres<\/td>\n<td>80 millim\u00e8tres<\/td>\n<td bgcolor=\"#FFFFFF\"><\/td>\n<td>F8<\/td>\n<td>100 m\u00e8tres<\/td>\n<td width=\"100\">80 millim\u00e8tres<\/td>\n<\/tr>\n<tr>\n<td bgcolor=\"#FFFFFF\" height=\"17\">F9<\/td>\n<td bgcolor=\"#FFFFFF\">100 m\u00e8tres<\/td>\n<td bgcolor=\"#FFFFFF\">90 millim\u00e8tres<\/td>\n<td bgcolor=\"#FFFFFF\"><\/td>\n<td bgcolor=\"#FFFFFF\">F9<\/td>\n<td bgcolor=\"#FFFFFF\">100 m\u00e8tres<\/td>\n<td bgcolor=\"#FFFFFF\" width=\"100\">90 millim\u00e8tres<\/td>\n<\/tr>\n<tr>\n<td height=\"17\">\u042410<\/td>\n<td>50 m\u00e8tres<\/td>\n<td>100 millim\u00e8tres<\/td>\n<td bgcolor=\"#FFFFFF\"><\/td>\n<td>\u042410<\/td>\n<td>50 m\u00e8tres<\/td>\n<td width=\"100\">100 millim\u00e8tres<\/td>\n<\/tr>\n<tr>\n<td bgcolor=\"#FFFFFF\" height=\"17\">F12<\/td>\n<td bgcolor=\"#FFFFFF\">30 m\u00e8tres<\/td>\n<td bgcolor=\"#FFFFFF\">120 millim\u00e8tres<\/td>\n<td bgcolor=\"#FFFFFF\"><\/td>\n<td bgcolor=\"#FFFFFF\">F12<\/td>\n<td bgcolor=\"#FFFFFF\">30 m\u00e8tres<\/td>\n<td bgcolor=\"#FFFFFF\" width=\"100\">120 millim\u00e8tres<\/td>\n<\/tr>\n<tr>\n<td height=\"17\">15\u00a0F<\/td>\n<td>30 m\u00e8tres<\/td>\n<td>150 millim\u00e8tres<\/td>\n<td bgcolor=\"#FFFFFF\"><\/td>\n<td>15\u00a0F<\/td>\n<td>30 m\u00e8tres<\/td>\n<td width=\"100\">150 millim\u00e8tres<\/td>\n<\/tr>\n<tr>\n<td bgcolor=\"#FFFFFF\" height=\"17\">F18<\/td>\n<td bgcolor=\"#FFFFFF\">30 m\u00e8tres<\/td>\n<td bgcolor=\"#FFFFFF\">180 millim\u00e8tres<\/td>\n<td bgcolor=\"#FFFFFF\"><\/td>\n<td bgcolor=\"#FFFFFF\">F18<\/td>\n<td bgcolor=\"#FFFFFF\">30 m\u00e8tres<\/td>\n<td bgcolor=\"#FFFFFF\" width=\"100\">180 millim\u00e8tres<\/td>\n<\/tr>\n<\/tbody>\n<\/table>","protected":false},"excerpt":{"rendered":"<p>\u00a0Propri\u00e9t\u00e9s \u2013 Haute r\u00e9sistance \u00e0 la traction \u2013 Excellente r\u00e9sistance \u00e0 l&#039;abrasion \u2013 Bonne r\u00e9sistance au carburant, aux huiles et \u00e0 l&#039;oxyg\u00e8ne \u2013 Ne contient aucun plastifiant \u2013 Large temp\u00e9rature d&#039;application de -30\u2103 \u00e0<span class=\"excerpt-hellip\"> [\u2026]<\/span><\/p>","protected":false},"featured_media":2696,"comment_status":"closed","ping_status":"closed","template":"","meta":{"_acf_changed":false,"_joinchat":[]},"product_brand":[],"product_cat":[109],"product_tag":[118],"class_list":{"0":"post-1467","1":"product","2":"type-product","3":"status-publish","4":"has-post-thumbnail","6":"product_cat-pu-belts","7":"product_tag-pu-extruded-belts","9":"first","10":"instock","11":"shipping-taxable","12":"product-type-simple"},"acf":[],"_links":{"self":[{"href":"https:\/\/www.hitbelt.com\/fr\/wp-json\/wp\/v2\/product\/1467","targetHints":{"allow":["GET"]}}],"collection":[{"href":"https:\/\/www.hitbelt.com\/fr\/wp-json\/wp\/v2\/product"}],"about":[{"href":"https:\/\/www.hitbelt.com\/fr\/wp-json\/wp\/v2\/types\/product"}],"replies":[{"embeddable":true,"href":"https:\/\/www.hitbelt.com\/fr\/wp-json\/wp\/v2\/comments?post=1467"}],"wp:featuredmedia":[{"embeddable":true,"href":"https:\/\/www.hitbelt.com\/fr\/wp-json\/wp\/v2\/media\/2696"}],"wp:attachment":[{"href":"https:\/\/www.hitbelt.com\/fr\/wp-json\/wp\/v2\/media?parent=1467"}],"wp:term":[{"taxonomy":"product_brand","embeddable":true,"href":"https:\/\/www.hitbelt.com\/fr\/wp-json\/wp\/v2\/product_brand?post=1467"},{"taxonomy":"product_cat","embeddable":true,"href":"https:\/\/www.hitbelt.com\/fr\/wp-json\/wp\/v2\/product_cat?post=1467"},{"taxonomy":"product_tag","embeddable":true,"href":"https:\/\/www.hitbelt.com\/fr\/wp-json\/wp\/v2\/product_tag?post=1467"}],"curies":[{"name":"wp","href":"https:\/\/api.w.org\/{rel}","templated":true}]}}