{"id":1463,"date":"2023-07-14T09:39:32","date_gmt":"2023-07-14T09:39:32","guid":{"rendered":"https:\/\/www.hitbelt.com\/?post_type=product&#038;p=1463"},"modified":"2024-02-21T09:25:34","modified_gmt":"2024-02-21T09:25:34","slug":"tobacco-tapes","status":"publish","type":"product","link":"https:\/\/www.hitbelt.com\/fr\/produit\/tobacco-tapes","title":{"rendered":"RUBANS DE TABAC"},"content":{"rendered":"<p>Nous d\u00e9veloppons soigneusement le mat\u00e9riau de la rame et le rev\u00eatement sp\u00e9cialement pour la courroie de tabac \u00e0 grande vitesse, am\u00e9liorant ainsi \u00e9norm\u00e9ment la r\u00e9sistance \u00e0 l&#039;usure, la stabilit\u00e9 thermique et la dur\u00e9e de vie, sa performance globale surpasse le mat\u00e9riau de la rame import\u00e9\u00a0; Nous avons \u00e9galement d\u00e9velopp\u00e9 une ligne de synth\u00e8se sp\u00e9ciale, qui tisse en douceur, les extr\u00e9mit\u00e9s s&#039;ouvrent clairement, garantissant ainsi la douceur et l&#039;uniformit\u00e9 de la surface de la bande.<\/p>\n<p><span style=\"font-family: Arial;\">Application<\/span><\/p>\n<p><span style=\"font-family: Arial;\">En particulier, les ceintures de tabac produites par le chanvre et le fil m\u00e9lang\u00e9 ARAMID rayonnent bien, elles sont avec une douceur mod\u00e9r\u00e9e, r\u00e9duisent efficacement la temp\u00e9rature de fonctionnement de la machine \u00e0 tabac, \u00e9liminant essentiellement le grain du ruban de coton du tabac.<\/span><\/p>\n<p><span style=\"font-family: Arial;\">Pour les courroies de tabac utilis\u00e9es dans PROTOS, nous utilisons la longue fibre ARAMID de l&#039;am\u00e9ricain Dupont, gr\u00e2ce \u00e0 un processus technique sp\u00e9cial extr\u00eamement avanc\u00e9, nous produisons diff\u00e9rents types de fils ARAMID purs avec 18S ~ 22S, la force est assez forte, le fil 20S\/3 peut atteindre plus haut 70N.<\/span><\/p>\n<h4>Gamme de production<\/h4>\n<table id=\"table19\" border=\"0\" width=\"640\" cellspacing=\"0\" cellpadding=\"0\">\n<tbody>\n<tr>\n<td rowspan=\"2\" height=\"30\"><span style=\"color: #000000;\">TAPER<\/span><\/td>\n<td rowspan=\"2\"><span style=\"color: #000000;\">TAILLES<\/span><\/td>\n<td><span style=\"color: #000000;\">APPLICATION<\/span><\/td>\n<\/tr>\n<tr>\n<td height=\"15\"><span style=\"color: #000000;\">(Type de machine \u00e0 tabac)<\/span><\/td>\n<\/tr>\n<tr>\n<td width=\"170\" height=\"15\">SKO46.1<\/td>\n<td width=\"176\">3100X21,0<\/td>\n<td width=\"236\">PROTOS<\/td>\n<\/tr>\n<tr>\n<td bgcolor=\"#E4E4E4\" width=\"170\" height=\"15\">SKO47.1<\/td>\n<td bgcolor=\"#E4E4E4\" width=\"176\">3135 X 21,0<\/td>\n<td bgcolor=\"#E4E4E4\" width=\"236\">PASSIM (SUPER9)<\/td>\n<\/tr>\n<tr>\n<td width=\"170\" height=\"15\">SKO42<\/td>\n<td width=\"176\">3080X21,0<\/td>\n<td width=\"236\">JOURNAL (LOGA)<\/td>\n<\/tr>\n<tr>\n<td bgcolor=\"#E4E4E4\" width=\"170\" height=\"15\">NKO43<\/td>\n<td bgcolor=\"#E4E4E4\" width=\"176\">2800X22,0<\/td>\n<td bgcolor=\"#E4E4E4\" width=\"236\">MK9-5 (MK9)<\/td>\n<\/tr>\n<tr>\n<td width=\"170\" height=\"15\">SKT43<\/td>\n<td width=\"176\">2715X18,5<\/td>\n<td width=\"236\">KDF2<\/td>\n<\/tr>\n<tr>\n<td bgcolor=\"#E4E4E4\" width=\"170\" height=\"15\">SKT43.1<\/td>\n<td bgcolor=\"#E4E4E4\" width=\"176\">3289 X 18,5<\/td>\n<td bgcolor=\"#E4E4E4\" width=\"236\">PM5<\/td>\n<\/tr>\n<\/tbody>\n<\/table>","protected":false},"excerpt":{"rendered":"<p><span style=\"font-family: Arial;\">Courroie Kevlar\u00ae haute vitesse utilis\u00e9e pour la machine de fabrication de cigarettes<\/span><br \/>\n<span style=\"font-family: Arial;\">Chaque ceinture est strictement test\u00e9e et chacune peut r\u00e9pondre aux exigences standard.<\/span><\/p>","protected":false},"featured_media":2673,"comment_status":"closed","ping_status":"closed","template":"","meta":{"_acf_changed":false,"_joinchat":[]},"product_brand":[],"product_cat":[53],"product_tag":[106],"class_list":{"0":"post-1463","1":"product","2":"type-product","3":"status-publish","4":"has-post-thumbnail","6":"product_cat-rubber-belt","7":"product_tag-conveyor-belts","9":"first","10":"instock","11":"shipping-taxable","12":"product-type-simple"},"acf":[],"_links":{"self":[{"href":"https:\/\/www.hitbelt.com\/fr\/wp-json\/wp\/v2\/product\/1463","targetHints":{"allow":["GET"]}}],"collection":[{"href":"https:\/\/www.hitbelt.com\/fr\/wp-json\/wp\/v2\/product"}],"about":[{"href":"https:\/\/www.hitbelt.com\/fr\/wp-json\/wp\/v2\/types\/product"}],"replies":[{"embeddable":true,"href":"https:\/\/www.hitbelt.com\/fr\/wp-json\/wp\/v2\/comments?post=1463"}],"wp:featuredmedia":[{"embeddable":true,"href":"https:\/\/www.hitbelt.com\/fr\/wp-json\/wp\/v2\/media\/2673"}],"wp:attachment":[{"href":"https:\/\/www.hitbelt.com\/fr\/wp-json\/wp\/v2\/media?parent=1463"}],"wp:term":[{"taxonomy":"product_brand","embeddable":true,"href":"https:\/\/www.hitbelt.com\/fr\/wp-json\/wp\/v2\/product_brand?post=1463"},{"taxonomy":"product_cat","embeddable":true,"href":"https:\/\/www.hitbelt.com\/fr\/wp-json\/wp\/v2\/product_cat?post=1463"},{"taxonomy":"product_tag","embeddable":true,"href":"https:\/\/www.hitbelt.com\/fr\/wp-json\/wp\/v2\/product_tag?post=1463"}],"curies":[{"name":"wp","href":"https:\/\/api.w.org\/{rel}","templated":true}]}}