{"id":1363,"date":"2023-07-14T08:51:08","date_gmt":"2023-07-14T08:51:08","guid":{"rendered":"https:\/\/www.hitbelt.com\/?post_type=product&#038;p=1363"},"modified":"2025-06-20T10:00:21","modified_gmt":"2025-06-20T10:00:21","slug":"mxlxllhxhxxh-dd-4","status":"publish","type":"product","link":"https:\/\/www.hitbelt.com\/fr\/produit\/mxlxllhxhxxh-dd-4","title":{"rendered":"MXL,XL,L,H,XH,XXH &amp; JJ"},"content":{"rendered":"<p><span style=\"font-family: Arial;\"><b>Caract\u00e9ristiques:<\/b><\/span><br \/>\n<span style=\"font-family: Arial;\">\u2013 Grande flexibilit\u00e9 ;<br \/>\n\u2013 Petits diam\u00e8tres de poulies ;<br \/>\n- Pr\u00e9cision dimensionnelle;<br \/>\n- Grande vitesse;<br \/>\n- A faible consommation;<br \/>\n\u2013 Faible bruit et vibrations\u00a0;<br \/>\n- Faible entretien;<br \/>\n\u2013 Bonne r\u00e9sistance aux produits chimiques et \u00e0 l\u2019ozone ;<br \/>\n\u2013 Surface \u00e0 friction \u00e9lev\u00e9e.<\/span><\/p>\n<p><span style=\"font-family: Arial;\">Technologie de coul\u00e9e de plastiques polyester polyur\u00e9thane<\/span><\/p>\n<table style=\"height: 463px;\" border=\"0\" width=\"841\" cellspacing=\"0\" cellpadding=\"0\">\n<colgroup>\n<col width=\"313\" \/>\n<col span=\"4\" width=\"66\" \/><\/colgroup>\n<tbody>\n<tr>\n<td bgcolor=\"#D8D8D8\" width=\"313\" height=\"17\">Article \\ \u00e9tiquetage unifi\u00e9<\/td>\n<td bgcolor=\"#D8D8D8\" width=\"66\">A6<\/td>\n<td bgcolor=\"#D8D8D8\" width=\"66\">A7<\/td>\n<td bgcolor=\"#D8D8D8\" width=\"66\">A8<\/td>\n<td bgcolor=\"#D8D8D8\">A9<\/td>\n<\/tr>\n<tr>\n<td width=\"313\" height=\"17\">Duret\u00e9<\/td>\n<td width=\"66\">65 \u00b1 5<\/td>\n<td width=\"66\">75 \u00b1 5<\/td>\n<td width=\"66\">85 \u00b1 5<\/td>\n<td>&gt; 90<\/td>\n<\/tr>\n<tr>\n<td width=\"313\" height=\"17\">r\u00e9sistance (KG\/cm\u00b2)<\/td>\n<td width=\"66\">&gt; 30<\/td>\n<td width=\"66\">&gt; 50<\/td>\n<td width=\"66\">&gt; 70<\/td>\n<td>&gt; 120<\/td>\n<\/tr>\n<tr>\n<td width=\"313\" height=\"17\">R\u00e9sistance \u00e0 la traction (KG\/cm\u00b2)<\/td>\n<td width=\"66\">&gt; 250<\/td>\n<td width=\"66\">&gt; 350<\/td>\n<td width=\"66\">&gt; 400<\/td>\n<td>&gt; 450<\/td>\n<\/tr>\n<tr>\n<td width=\"313\" height=\"17\">Allongement \u00e0 la rupture(%)<\/td>\n<td width=\"66\">&gt; 500<\/td>\n<td width=\"66\">&gt; 450<\/td>\n<td width=\"66\">&gt; 450<\/td>\n<td>&gt; 450<\/td>\n<\/tr>\n<tr>\n<td width=\"313\" height=\"17\">D\u00e9formation permanente (%)<\/td>\n<td width=\"66\">&lt; 15<\/td>\n<td width=\"66\">&lt; 15<\/td>\n<td width=\"66\">x &lt; 15<\/td>\n<td>&lt; 15<\/td>\n<\/tr>\n<tr>\n<td width=\"313\" height=\"17\">R\u00e9sistance \u00e0 la d\u00e9chirure (KG\/cm\u00b2)<\/td>\n<td width=\"66\">&gt; 30<\/td>\n<td width=\"66\">&gt; 45<\/td>\n<td width=\"66\">&gt; 75<\/td>\n<td>&gt; 90<\/td>\n<\/tr>\n<tr>\n<td width=\"313\" height=\"17\">Rebond d&#039;impact (%)<\/td>\n<td width=\"66\">&gt; 15<\/td>\n<td width=\"66\">&gt; 15<\/td>\n<td width=\"66\">&gt; 15<\/td>\n<td>&gt; 15<\/td>\n<\/tr>\n<tr>\n<td width=\"313\" height=\"17\">Temp\u00e9rature fragile (\u00baC)<\/td>\n<td width=\"66\">&lt; -50<\/td>\n<td width=\"66\">&lt; -50<\/td>\n<td width=\"66\">&lt; -50<\/td>\n<td>&lt; -50<\/td>\n<\/tr>\n<tr>\n<td width=\"313\" height=\"17\">Usure (Cm\u00b3\/1,6KM)<\/td>\n<td width=\"66\">&lt; 0,05<\/td>\n<td width=\"66\">&lt; 0,05<\/td>\n<td width=\"66\">&lt; 0,05<\/td>\n<td>&lt; 0,05<\/td>\n<\/tr>\n<tr>\n<td width=\"313\" height=\"17\">Coefficient de vieillissement (100\u00baCX24Hour)<\/td>\n<td width=\"66\">&gt; 0,9<\/td>\n<td width=\"66\">&gt; 0,9<\/td>\n<td width=\"66\">&gt; 0,9<\/td>\n<td>&gt; 0,9<\/td>\n<\/tr>\n<tr>\n<td width=\"313\" height=\"17\">Coefficient de r\u00e9sistance \u00e0 l&#039;eau (70\u00baCX24Hour)<\/td>\n<td width=\"66\">&gt; 0,8<\/td>\n<td width=\"66\">&gt; 0,8<\/td>\n<td width=\"66\">&gt; 0,8<\/td>\n<td>&gt; 0,8<\/td>\n<\/tr>\n<tr>\n<td width=\"313\" height=\"17\">R\u00e9sistance n\u00b0 120 essence + benz\u00e8ne (15~25\u00baCX24 heures)<\/td>\n<td width=\"66\">&lt; +0,2<\/td>\n<td width=\"66\">&lt; +0,2<\/td>\n<td width=\"66\">&lt; +0,2<\/td>\n<td>&lt; +0,2<\/td>\n<\/tr>\n<tr>\n<td width=\"313\" height=\"17\">R\u00e9sistance \u00e0 la 20\u00e8me huile (700\u00baC X \u00b1 2\u00baC X 24 heures)<\/td>\n<td width=\"66\">&lt; +0,4<\/td>\n<td width=\"66\">&lt; +0,4<\/td>\n<td width=\"66\">&lt; +0,4<\/td>\n<td>&lt; +0,4<\/td>\n<\/tr>\n<\/tbody>\n<\/table>\n<p>&nbsp;<\/p>\n<h4>Gamme de production<\/h4>\n<a  class=\"button  button_size_2\"  href=\"https:\/\/www.hitbelt.com\/fr\/bicycles\/mxlxllhxhxxh-dd-2\/\" target=\"_blank\"   ><span class=\"button_label\">V\u00e9rifiez les tailles disponibles<\/span><\/a>","protected":false},"excerpt":{"rendered":"<p><span style=\"font-family: Arial;\">Les courroies dent\u00e9es en PU conviennent au contr\u00f4le de mouvement de haute puissance et de pr\u00e9cision, m\u00eame \u00e0 des vitesses \u00e9lev\u00e9es. Nos courroies fonctionnent particuli\u00e8rement bien sur les entra\u00eenements l\u00e9gers synchronis\u00e9s et \u00e9tag\u00e9s, dans les applications de bureautique et d&#039;\u00e9lectrom\u00e9nager.<\/span><\/p>\n<p><span style=\"font-family: Arial;\"><b>Polyester, Kevlar\u00ae (Aramide) et c\u00e2ble d&#039;acier disponibles.<\/b><\/span><\/p>\n<p><b><span style=\"font-family: Arial;\"><span style=\"color: #ff9900;\">Jaune<\/span>,\u00a0<span style=\"color: #808080;\">gris<\/span>,\u00a0<span style=\"color: #cc0000;\">rouge<\/span>, couleurs transparentes disponibles.<\/span><\/b><br \/>\n<span style=\"font-family: Arial;\">Les courroies dent\u00e9es PU Truly Endless sont fabriqu\u00e9es selon un proc\u00e9d\u00e9 de moulage thermodurci unique. Le polyur\u00e9thane de haute qualit\u00e9 offre une excellente r\u00e9sistance \u00e0 l&#039;abrasion et au cisaillement, combin\u00e9 \u00e0 une vari\u00e9t\u00e9 de c\u00e2bles en acier class\u00e9s, garantissant une r\u00e9sistance \u00e9lev\u00e9e et une r\u00e9sistance \u00e0 la traction. Le r\u00e9sultat est une courroie de distribution pr\u00e9sentant une excellente stabilit\u00e9 dimensionnelle. Les courroies de distribution moul\u00e9es HIT Transmission sont fabriqu\u00e9es selon une plage de tol\u00e9rances \u00e9troites, ce qui garantit une longueur et une \u00e9paisseur constantes. La combinaison de ces facteurs permet aux courroies de transmission HIT de fonctionner aux niveaux physiques et chimiques les plus \u00e9lev\u00e9s.<\/span><\/p>","protected":false},"featured_media":2689,"comment_status":"closed","ping_status":"closed","template":"","meta":{"_acf_changed":false,"_joinchat":[]},"product_brand":[],"product_cat":[109],"product_tag":[114],"class_list":{"0":"post-1363","1":"product","2":"type-product","3":"status-publish","4":"has-post-thumbnail","6":"product_cat-pu-belts","7":"product_tag-pu-molded-timing-belts","9":"first","10":"instock","11":"shipping-taxable","12":"product-type-simple"},"acf":[],"_links":{"self":[{"href":"https:\/\/www.hitbelt.com\/fr\/wp-json\/wp\/v2\/product\/1363","targetHints":{"allow":["GET"]}}],"collection":[{"href":"https:\/\/www.hitbelt.com\/fr\/wp-json\/wp\/v2\/product"}],"about":[{"href":"https:\/\/www.hitbelt.com\/fr\/wp-json\/wp\/v2\/types\/product"}],"replies":[{"embeddable":true,"href":"https:\/\/www.hitbelt.com\/fr\/wp-json\/wp\/v2\/comments?post=1363"}],"wp:featuredmedia":[{"embeddable":true,"href":"https:\/\/www.hitbelt.com\/fr\/wp-json\/wp\/v2\/media\/2689"}],"wp:attachment":[{"href":"https:\/\/www.hitbelt.com\/fr\/wp-json\/wp\/v2\/media?parent=1363"}],"wp:term":[{"taxonomy":"product_brand","embeddable":true,"href":"https:\/\/www.hitbelt.com\/fr\/wp-json\/wp\/v2\/product_brand?post=1363"},{"taxonomy":"product_cat","embeddable":true,"href":"https:\/\/www.hitbelt.com\/fr\/wp-json\/wp\/v2\/product_cat?post=1363"},{"taxonomy":"product_tag","embeddable":true,"href":"https:\/\/www.hitbelt.com\/fr\/wp-json\/wp\/v2\/product_tag?post=1363"}],"curies":[{"name":"wp","href":"https:\/\/api.w.org\/{rel}","templated":true}]}}