{"id":1338,"date":"2023-07-14T08:36:29","date_gmt":"2023-07-14T08:36:29","guid":{"rendered":"https:\/\/www.hitbelt.com\/?post_type=product&#038;p=1338"},"modified":"2023-07-14T08:36:30","modified_gmt":"2023-07-14T08:36:30","slug":"special-processing-belts-2","status":"publish","type":"product","link":"https:\/\/www.hitbelt.com\/fr\/produit\/special-processing-belts-2","title":{"rendered":"Bandes de traitement sp\u00e9ciales"},"content":{"rendered":"","protected":false},"excerpt":{"rendered":"<p align=\"left\"><span style=\"font-family: Arial;\">Les courroies sans fin longue longueur en PU sont de v\u00e9ritables courroies sans fin, non articul\u00e9es, fabriqu\u00e9es en polyur\u00e9thane thermoplastique, avec des c\u00e2bles en acier en spirale continue.<br \/>\nIls sont particuli\u00e8rement adapt\u00e9s \u00e0 la transmission de puissance et au transport avec des charges \u00e9lev\u00e9es et des vitesses \u00e9lev\u00e9es (jusqu&#039;\u00e0 10 000 tr\/min).<\/span><\/p>\n<p align=\"left\"><span style=\"font-family: Arial;\">Les courroies sans fin de grande longueur sont disponibles de 2 600 mm \u00e0 18 000 mm de longueur.<\/span><\/p>","protected":false},"featured_media":1339,"comment_status":"closed","ping_status":"closed","template":"","meta":{"_acf_changed":false,"_joinchat":[]},"product_brand":[],"product_cat":[109],"product_tag":[112],"class_list":{"0":"post-1338","1":"product","2":"type-product","3":"status-publish","4":"has-post-thumbnail","6":"product_cat-pu-belts","7":"product_tag-pu-flex-truly-endless-timing","9":"first","10":"instock","11":"shipping-taxable","12":"product-type-simple"},"acf":[],"_links":{"self":[{"href":"https:\/\/www.hitbelt.com\/fr\/wp-json\/wp\/v2\/product\/1338","targetHints":{"allow":["GET"]}}],"collection":[{"href":"https:\/\/www.hitbelt.com\/fr\/wp-json\/wp\/v2\/product"}],"about":[{"href":"https:\/\/www.hitbelt.com\/fr\/wp-json\/wp\/v2\/types\/product"}],"replies":[{"embeddable":true,"href":"https:\/\/www.hitbelt.com\/fr\/wp-json\/wp\/v2\/comments?post=1338"}],"wp:featuredmedia":[{"embeddable":true,"href":"https:\/\/www.hitbelt.com\/fr\/wp-json\/wp\/v2\/media\/1339"}],"wp:attachment":[{"href":"https:\/\/www.hitbelt.com\/fr\/wp-json\/wp\/v2\/media?parent=1338"}],"wp:term":[{"taxonomy":"product_brand","embeddable":true,"href":"https:\/\/www.hitbelt.com\/fr\/wp-json\/wp\/v2\/product_brand?post=1338"},{"taxonomy":"product_cat","embeddable":true,"href":"https:\/\/www.hitbelt.com\/fr\/wp-json\/wp\/v2\/product_cat?post=1338"},{"taxonomy":"product_tag","embeddable":true,"href":"https:\/\/www.hitbelt.com\/fr\/wp-json\/wp\/v2\/product_tag?post=1338"}],"curies":[{"name":"wp","href":"https:\/\/api.w.org\/{rel}","templated":true}]}}