{"id":1337,"date":"2023-07-14T08:32:30","date_gmt":"2023-07-14T08:32:30","guid":{"rendered":"https:\/\/www.hitbelt.com\/?post_type=product&#038;p=1337"},"modified":"2024-02-21T09:09:08","modified_gmt":"2024-02-21T09:09:08","slug":"pvc-pvg-solid-woven-belt","status":"publish","type":"product","link":"https:\/\/www.hitbelt.com\/fr\/produit\/pvc-pvg-solid-woven-belt","title":{"rendered":"CEINTURE TISS\u00c9E SOLIDE PVC\/PVG"},"content":{"rendered":"<p><b>Fonctionnalit\u00e9s\/Applications<\/b><br \/>\n\u2013 Particuli\u00e8rement adapt\u00e9 au transport de mat\u00e9riaux dans les mines de charbon souterraines inflammables.<br \/>\n\u2013 Le tissu est tr\u00e8s r\u00e9sistant, avec un faible allongement, une carcasse l\u00e9g\u00e8re, r\u00e9sistant aux chocs, anti-d\u00e9chirure et bonne capacit\u00e9 de travers\u00e9e.<\/p>\n<p>&nbsp;<\/p>\n<p><strong>Bande transporteuse tiss\u00e9e solide en PVC\u00a0:<\/strong><br \/>\n\u2013 Convient aux applications dans des conditions s\u00e8ches avec un angle d\u2019inclinaison ne d\u00e9passant pas 16 degr\u00e9s.<br \/>\n\u2013 L\u2019\u00e9paisseur de la couverture peut aller de 0,5 \u00e0 4 mm.<br \/>\n<strong>Type PVG recouvert de nitrile\u00a0:<\/strong><br \/>\n\u2013 Convient aux applications avec un angle d\u2019inclinaison inf\u00e9rieur \u00e0 20 degr\u00e9s, l\u2019\u00e9paisseur peut \u00eatre de 1 \u00e0 8 mm.<br \/>\n\u2013 R\u00e9sistance \u00e0 l\u2019humidit\u00e9, au glissement, aux basses temp\u00e9ratures et \u00e0 l\u2019usure de la courroie.<br \/>\n<strong>Normes\u00a0: MT914, BS3289 et HG2805<\/strong><\/p>","protected":false},"excerpt":{"rendered":"<p>Caract\u00e9ristiques\/Applications \u2013 Particuli\u00e8rement adapt\u00e9 au transport de mat\u00e9riaux dans les mines de charbon souterraines inflammables. \u2013 Le tissu est tr\u00e8s r\u00e9sistant, avec un faible allongement, une carcasse l\u00e9g\u00e8re, un choc<span class=\"excerpt-hellip\"> [\u2026]<\/span><\/p>","protected":false},"featured_media":2671,"comment_status":"closed","ping_status":"closed","template":"","meta":{"_acf_changed":false,"_joinchat":[]},"product_brand":[],"product_cat":[53],"product_tag":[106],"class_list":{"0":"post-1337","1":"product","2":"type-product","3":"status-publish","4":"has-post-thumbnail","6":"product_cat-rubber-belt","7":"product_tag-conveyor-belts","9":"first","10":"instock","11":"shipping-taxable","12":"product-type-simple"},"acf":[],"_links":{"self":[{"href":"https:\/\/www.hitbelt.com\/fr\/wp-json\/wp\/v2\/product\/1337","targetHints":{"allow":["GET"]}}],"collection":[{"href":"https:\/\/www.hitbelt.com\/fr\/wp-json\/wp\/v2\/product"}],"about":[{"href":"https:\/\/www.hitbelt.com\/fr\/wp-json\/wp\/v2\/types\/product"}],"replies":[{"embeddable":true,"href":"https:\/\/www.hitbelt.com\/fr\/wp-json\/wp\/v2\/comments?post=1337"}],"wp:featuredmedia":[{"embeddable":true,"href":"https:\/\/www.hitbelt.com\/fr\/wp-json\/wp\/v2\/media\/2671"}],"wp:attachment":[{"href":"https:\/\/www.hitbelt.com\/fr\/wp-json\/wp\/v2\/media?parent=1337"}],"wp:term":[{"taxonomy":"product_brand","embeddable":true,"href":"https:\/\/www.hitbelt.com\/fr\/wp-json\/wp\/v2\/product_brand?post=1337"},{"taxonomy":"product_cat","embeddable":true,"href":"https:\/\/www.hitbelt.com\/fr\/wp-json\/wp\/v2\/product_cat?post=1337"},{"taxonomy":"product_tag","embeddable":true,"href":"https:\/\/www.hitbelt.com\/fr\/wp-json\/wp\/v2\/product_tag?post=1337"}],"curies":[{"name":"wp","href":"https:\/\/api.w.org\/{rel}","templated":true}]}}