{"id":1324,"date":"2023-07-14T08:27:41","date_gmt":"2023-07-14T08:27:41","guid":{"rendered":"https:\/\/www.hitbelt.com\/?post_type=product&#038;p=1324"},"modified":"2024-02-21T09:18:48","modified_gmt":"2024-02-21T09:18:48","slug":"steel-cord-conveyor-belts","status":"publish","type":"product","link":"https:\/\/www.hitbelt.com\/fr\/produit\/steel-cord-conveyor-belts","title":{"rendered":"BANDES TRANSPORTEUSES \u00c0 C\u00c2BLE D&#039;ACIER"},"content":{"rendered":"<p><b>Fonctionnalit\u00e9\/Avantages<\/b><br \/>\n\u2013 Utilis\u00e9 dans les industries du charbon, du minerai, des ports, de la m\u00e9tallurgie, de l\u2019\u00e9nergie et de la chimie, adapt\u00e9 au transport de mat\u00e9riaux sur de longues distances et de charges lourdes.<br \/>\n\u2013 Norme propos\u00e9e : GB\/T9770, DIN22131, EN ISO 15236, SANS1366 et AS1333.<br \/>\n\u2013 Compos\u00e9s de couverture\u00a0:\u00a0g\u00e9n\u00e9raux, r\u00e9sistants au feu, r\u00e9sistants au froid, r\u00e9sistants \u00e0 l&#039;abrasion, r\u00e9sistants \u00e0 la chaleur et r\u00e9sistants aux produits chimiques.<\/p>\n<p><b>Structures<\/b><\/p>\n<p><img loading=\"lazy\" decoding=\"async\" class=\"alignnone size-medium wp-image-1325\" src=\"https:\/\/www.hitbelt.com\/wp-content\/uploads\/2023\/07\/20131017133859_80268-500x278.png\" alt=\"\" width=\"500\" height=\"278\" srcset=\"https:\/\/www.hitbelt.com\/wp-content\/uploads\/2023\/07\/20131017133859_80268-500x278.png 500w, https:\/\/www.hitbelt.com\/wp-content\/uploads\/2023\/07\/20131017133859_80268-18x10.png 18w, https:\/\/www.hitbelt.com\/wp-content\/uploads\/2023\/07\/20131017133859_80268-135x75.png 135w, https:\/\/www.hitbelt.com\/wp-content\/uploads\/2023\/07\/20131017133859_80268-480x267.png 480w, https:\/\/www.hitbelt.com\/wp-content\/uploads\/2023\/07\/20131017133859_80268.png 548w\" sizes=\"auto, (max-width:767px) 480px, 500px\" \/> <img loading=\"lazy\" decoding=\"async\" class=\"alignnone size-medium wp-image-1328\" src=\"https:\/\/www.hitbelt.com\/wp-content\/uploads\/2023\/07\/20131017133926_85860-500x262.png\" alt=\"\" width=\"500\" height=\"262\" srcset=\"https:\/\/www.hitbelt.com\/wp-content\/uploads\/2023\/07\/20131017133926_85860-500x262.png 500w, https:\/\/www.hitbelt.com\/wp-content\/uploads\/2023\/07\/20131017133926_85860-18x9.png 18w, https:\/\/www.hitbelt.com\/wp-content\/uploads\/2023\/07\/20131017133926_85860-143x75.png 143w, https:\/\/www.hitbelt.com\/wp-content\/uploads\/2023\/07\/20131017133926_85860-480x251.png 480w, https:\/\/www.hitbelt.com\/wp-content\/uploads\/2023\/07\/20131017133926_85860.png 709w\" sizes=\"auto, (max-width:767px) 480px, 500px\" \/><\/p>\n<p>&nbsp;<\/p>\n<p><strong>Configurations d&#039;\u00e9pissure<\/strong><\/p>\n<p>\u00c9pissure en une \u00e9tape (jusqu&#039;\u00e0 ST2000)<\/p>\n<p><img loading=\"lazy\" decoding=\"async\" class=\"alignnone size-medium wp-image-1333\" src=\"https:\/\/www.hitbelt.com\/wp-content\/uploads\/2023\/07\/20131017143145_55758-500x169.png\" alt=\"\" width=\"500\" height=\"169\" srcset=\"https:\/\/www.hitbelt.com\/wp-content\/uploads\/2023\/07\/20131017143145_55758-500x169.png 500w, https:\/\/www.hitbelt.com\/wp-content\/uploads\/2023\/07\/20131017143145_55758-18x6.png 18w, https:\/\/www.hitbelt.com\/wp-content\/uploads\/2023\/07\/20131017143145_55758-150x51.png 150w, https:\/\/www.hitbelt.com\/wp-content\/uploads\/2023\/07\/20131017143145_55758-480x162.png 480w, https:\/\/www.hitbelt.com\/wp-content\/uploads\/2023\/07\/20131017143145_55758.png 625w\" sizes=\"auto, (max-width:767px) 480px, 500px\" \/><\/p>\n<p>&nbsp;<\/p>\n<p>\u00c9pissure en deux \u00e9tapes (ST2500 \u00e0 ST3150)<\/p>\n<p><img loading=\"lazy\" decoding=\"async\" class=\"alignnone size-medium wp-image-1334\" src=\"https:\/\/www.hitbelt.com\/wp-content\/uploads\/2023\/07\/20131017143305_82075-500x227.png\" alt=\"\" width=\"500\" height=\"227\" srcset=\"https:\/\/www.hitbelt.com\/wp-content\/uploads\/2023\/07\/20131017143305_82075-500x227.png 500w, https:\/\/www.hitbelt.com\/wp-content\/uploads\/2023\/07\/20131017143305_82075-18x8.png 18w, https:\/\/www.hitbelt.com\/wp-content\/uploads\/2023\/07\/20131017143305_82075-150x68.png 150w, https:\/\/www.hitbelt.com\/wp-content\/uploads\/2023\/07\/20131017143305_82075-480x218.png 480w, https:\/\/www.hitbelt.com\/wp-content\/uploads\/2023\/07\/20131017143305_82075.png 625w\" sizes=\"auto, (max-width:767px) 480px, 500px\" \/><\/p>\n<p>&nbsp;<\/p>\n<p>\u00c9pissure en trois \u00e9tapes (ST3500 \u00e0 ST4500)<\/p>\n<p><img loading=\"lazy\" decoding=\"async\" class=\"alignnone size-medium wp-image-1335\" src=\"https:\/\/www.hitbelt.com\/wp-content\/uploads\/2023\/07\/20131017143635_58029-500x227.png\" alt=\"\" width=\"500\" height=\"227\" srcset=\"https:\/\/www.hitbelt.com\/wp-content\/uploads\/2023\/07\/20131017143635_58029-500x227.png 500w, https:\/\/www.hitbelt.com\/wp-content\/uploads\/2023\/07\/20131017143635_58029-18x8.png 18w, https:\/\/www.hitbelt.com\/wp-content\/uploads\/2023\/07\/20131017143635_58029-150x68.png 150w, https:\/\/www.hitbelt.com\/wp-content\/uploads\/2023\/07\/20131017143635_58029-480x218.png 480w, https:\/\/www.hitbelt.com\/wp-content\/uploads\/2023\/07\/20131017143635_58029.png 625w\" sizes=\"auto, (max-width:767px) 480px, 500px\" \/><\/p>\n<p>&nbsp;<\/p>\n<p>\u00c9pissure en quatre \u00e9tapes (ST5000 \u00e0 ST7500)<\/p>\n<p><img loading=\"lazy\" decoding=\"async\" class=\"alignnone size-medium wp-image-1336\" src=\"https:\/\/www.hitbelt.com\/wp-content\/uploads\/2023\/07\/20131017143811_61666-500x227.png\" alt=\"\" width=\"500\" height=\"227\" srcset=\"https:\/\/www.hitbelt.com\/wp-content\/uploads\/2023\/07\/20131017143811_61666-500x227.png 500w, https:\/\/www.hitbelt.com\/wp-content\/uploads\/2023\/07\/20131017143811_61666-18x8.png 18w, https:\/\/www.hitbelt.com\/wp-content\/uploads\/2023\/07\/20131017143811_61666-150x68.png 150w, https:\/\/www.hitbelt.com\/wp-content\/uploads\/2023\/07\/20131017143811_61666-480x218.png 480w, https:\/\/www.hitbelt.com\/wp-content\/uploads\/2023\/07\/20131017143811_61666.png 625w\" sizes=\"auto, (max-width:767px) 480px, 500px\" \/><\/p>\n<p>&nbsp;<\/p>","protected":false},"excerpt":{"rendered":"<p>Caract\u00e9ristique\/Avantages \u2013 Utilis\u00e9 dans les industries du charbon, du minerai, des ports, de la m\u00e9tallurgie, de l\u2019\u00e9nergie et de la chimie, adapt\u00e9 au transport de mat\u00e9riaux sur de longues distances et \u00e0 charges lourdes. \u2013 Norme propos\u00e9e : GB\/T9770,<span class=\"excerpt-hellip\"> [\u2026]<\/span><\/p>","protected":false},"featured_media":2672,"comment_status":"closed","ping_status":"closed","template":"","meta":{"_acf_changed":false,"_joinchat":[]},"product_brand":[],"product_cat":[53],"product_tag":[106],"class_list":{"0":"post-1324","1":"product","2":"type-product","3":"status-publish","4":"has-post-thumbnail","6":"product_cat-rubber-belt","7":"product_tag-conveyor-belts","9":"first","10":"instock","11":"shipping-taxable","12":"product-type-simple"},"acf":[],"_links":{"self":[{"href":"https:\/\/www.hitbelt.com\/fr\/wp-json\/wp\/v2\/product\/1324","targetHints":{"allow":["GET"]}}],"collection":[{"href":"https:\/\/www.hitbelt.com\/fr\/wp-json\/wp\/v2\/product"}],"about":[{"href":"https:\/\/www.hitbelt.com\/fr\/wp-json\/wp\/v2\/types\/product"}],"replies":[{"embeddable":true,"href":"https:\/\/www.hitbelt.com\/fr\/wp-json\/wp\/v2\/comments?post=1324"}],"wp:featuredmedia":[{"embeddable":true,"href":"https:\/\/www.hitbelt.com\/fr\/wp-json\/wp\/v2\/media\/2672"}],"wp:attachment":[{"href":"https:\/\/www.hitbelt.com\/fr\/wp-json\/wp\/v2\/media?parent=1324"}],"wp:term":[{"taxonomy":"product_brand","embeddable":true,"href":"https:\/\/www.hitbelt.com\/fr\/wp-json\/wp\/v2\/product_brand?post=1324"},{"taxonomy":"product_cat","embeddable":true,"href":"https:\/\/www.hitbelt.com\/fr\/wp-json\/wp\/v2\/product_cat?post=1324"},{"taxonomy":"product_tag","embeddable":true,"href":"https:\/\/www.hitbelt.com\/fr\/wp-json\/wp\/v2\/product_tag?post=1324"}],"curies":[{"name":"wp","href":"https:\/\/api.w.org\/{rel}","templated":true}]}}