{"id":1323,"date":"2023-07-14T08:30:09","date_gmt":"2023-07-14T08:30:09","guid":{"rendered":"https:\/\/www.hitbelt.com\/?post_type=product&#038;p=1323"},"modified":"2023-07-14T08:32:06","modified_gmt":"2023-07-14T08:32:06","slug":"belts-with-backings-2","status":"publish","type":"product","link":"https:\/\/www.hitbelt.com\/fr\/produit\/belts-with-backings-2","title":{"rendered":"Ceintures avec supports"},"content":{"rendered":"<h4 class=\"artview_title\">Gamme de production<\/h4>\n<div class=\"news_content\">\n<div id=\"div2\">\n<table class=\"excel2921\" style=\"height: 2355px;\" width=\"706\" cellspacing=\"0\" cellpadding=\"0\">\n<colgroup>\n<col width=\"49\" \/>\n<col width=\"116\" \/>\n<col width=\"129\" \/>\n<col width=\"95\" \/>\n<col width=\"83\" \/><\/colgroup>\n<tbody>\n<tr>\n<td class=\"excel3031\" width=\"49\">Taper<\/td>\n<td class=\"excel3031\" width=\"116\">Gamme de production HIT \u2013 Flex<\/td>\n<td class=\"excel3031\" width=\"129\">Gamme de production HIT \u2013 Soud\u00e9e<\/td>\n<td class=\"excel3031\" width=\"95\">\u00c9paisseur du caoutchouc<\/td>\n<td class=\"excel3031\" width=\"83\">Couleur du caoutchouc<\/td>\n<\/tr>\n<tr>\n<td class=\"excel3011\">XL<\/td>\n<td class=\"excel3011\">\u2265 2000 millim\u00e8tres<\/td>\n<td class=\"excel3011\">\u2265 500 millim\u00e8tres<\/td>\n<td class=\"excel3011\">2mm \u2013 6mm<\/td>\n<td class=\"excel3011\">Rouge \/ Vert \/ Jaune<\/td>\n<\/tr>\n<tr>\n<td class=\"excel3021\">XL<\/td>\n<td class=\"excel3021\">\u2265 2000 millim\u00e8tres<\/td>\n<td class=\"excel3021\">\u2265 500 millim\u00e8tres<\/td>\n<td class=\"excel3021\">2mm \u2013 6mm<\/td>\n<td class=\"excel3021\">Rouge \/ Vert \/ Jaune<\/td>\n<\/tr>\n<tr>\n<td class=\"excel3011\">L<\/td>\n<td class=\"excel3011\">\u2265 2000 millim\u00e8tres<\/td>\n<td class=\"excel3011\">\u2265 500 millim\u00e8tres<\/td>\n<td class=\"excel3011\">2mm \u2013 6mm<\/td>\n<td class=\"excel3011\">Rouge \/ Vert \/ Jaune<\/td>\n<\/tr>\n<tr>\n<td class=\"excel3021\">H<\/td>\n<td class=\"excel3021\">\u2265 2000 millim\u00e8tres<\/td>\n<td class=\"excel3021\">\u2265 500 millim\u00e8tres<\/td>\n<td class=\"excel3021\">2mm \u2013 6mm<\/td>\n<td class=\"excel3021\">Rouge \/ Vert \/ Jaune<\/td>\n<\/tr>\n<tr>\n<td class=\"excel3011\">XH<\/td>\n<td class=\"excel3011\">\u2265 2000 millim\u00e8tres<\/td>\n<td class=\"excel3011\">\u2265 500 millim\u00e8tres<\/td>\n<td class=\"excel3011\">2mm \u2013 6mm<\/td>\n<td class=\"excel3011\">Rouge \/ Vert \/ Jaune<\/td>\n<\/tr>\n<tr>\n<td class=\"excel3021\">XXH<\/td>\n<td class=\"excel3021\">\u2265 2000 millim\u00e8tres<\/td>\n<td class=\"excel3021\">\u2265 500 millim\u00e8tres<\/td>\n<td class=\"excel3021\">2mm \u2013 6mm<\/td>\n<td class=\"excel3021\">Rouge \/ Vert \/ Jaune<\/td>\n<\/tr>\n<tr>\n<td class=\"excel3011\">T2.5<\/td>\n<td class=\"excel3011\">\u2265 2000 millim\u00e8tres<\/td>\n<td class=\"excel3011\">\u2265 500 millim\u00e8tres<\/td>\n<td class=\"excel3011\">2mm \u2013 6mm<\/td>\n<td class=\"excel3011\">Rouge \/ Vert \/ Jaune<\/td>\n<\/tr>\n<tr>\n<td class=\"excel3021\">T5<\/td>\n<td class=\"excel3021\">\u2265 2000 millim\u00e8tres<\/td>\n<td class=\"excel3021\">\u2265 500 millim\u00e8tres<\/td>\n<td class=\"excel3021\">2mm \u2013 6mm<\/td>\n<td class=\"excel3021\">Rouge \/ Vert \/ Jaune<\/td>\n<\/tr>\n<tr>\n<td class=\"excel3011\">T10<\/td>\n<td class=\"excel3011\">\u2265 2000 millim\u00e8tres<\/td>\n<td class=\"excel3011\">\u2265 500 millim\u00e8tres<\/td>\n<td class=\"excel3011\">2mm \u2013 6mm<\/td>\n<td class=\"excel3011\">Rouge \/ Vert \/ Jaune<\/td>\n<\/tr>\n<tr>\n<td class=\"excel3021\">T20<\/td>\n<td class=\"excel3021\">\u2265 2000 millim\u00e8tres<\/td>\n<td class=\"excel3021\">\u2265 500 millim\u00e8tres<\/td>\n<td class=\"excel3021\">2mm \u2013 6mm<\/td>\n<td class=\"excel3021\">Rouge \/ Vert \/ Jaune<\/td>\n<\/tr>\n<tr>\n<td class=\"excel3011\">AT5<\/td>\n<td class=\"excel3011\">\u2265 2000 millim\u00e8tres<\/td>\n<td class=\"excel3011\">\u2265 500 millim\u00e8tres<\/td>\n<td class=\"excel3011\">2mm \u2013 6mm<\/td>\n<td class=\"excel3011\">Rouge \/ Vert \/ Jaune<\/td>\n<\/tr>\n<tr>\n<td class=\"excel3021\">\u00c0 10<\/td>\n<td class=\"excel3021\">\u2265 2000 millim\u00e8tres<\/td>\n<td class=\"excel3021\">\u2265 500 millim\u00e8tres<\/td>\n<td class=\"excel3021\">2mm \u2013 6mm<\/td>\n<td class=\"excel3021\">Rouge \/ Vert \/ Jaune<\/td>\n<\/tr>\n<tr>\n<td class=\"excel3011\">\u00c020<\/td>\n<td class=\"excel3011\">\u2265 2000 millim\u00e8tres<\/td>\n<td class=\"excel3011\">\u2265 500 millim\u00e8tres<\/td>\n<td class=\"excel3011\">2mm \u2013 6mm<\/td>\n<td class=\"excel3011\">Rouge \/ Vert \/ Jaune<\/td>\n<\/tr>\n<tr>\n<td class=\"excel3021\">H2M<\/td>\n<td class=\"excel3021\">\u2265 2000 millim\u00e8tres<\/td>\n<td class=\"excel3021\">\u2265 500 millim\u00e8tres<\/td>\n<td class=\"excel3021\">2mm \u2013 6mm<\/td>\n<td class=\"excel3021\">Rouge \/ Vert \/ Jaune<\/td>\n<\/tr>\n<tr>\n<td class=\"excel3011\">H3M<\/td>\n<td class=\"excel3011\">\u2265 2000 millim\u00e8tres<\/td>\n<td class=\"excel3011\">\u2265 500 millim\u00e8tres<\/td>\n<td class=\"excel3011\">2mm \u2013 6mm<\/td>\n<td class=\"excel3011\">Rouge \/ Vert \/ Jaune<\/td>\n<\/tr>\n<tr>\n<td class=\"excel3021\">H5M<\/td>\n<td class=\"excel3021\">\u2265 2000 millim\u00e8tres<\/td>\n<td class=\"excel3021\">\u2265 500 millim\u00e8tres<\/td>\n<td class=\"excel3021\">2mm \u2013 6mm<\/td>\n<td class=\"excel3021\">Rouge \/ Vert \/ Jaune<\/td>\n<\/tr>\n<tr>\n<td class=\"excel3011\">H8M<\/td>\n<td class=\"excel3011\">\u2265 2000 millim\u00e8tres<\/td>\n<td class=\"excel3011\">\u2265 500 millim\u00e8tres<\/td>\n<td class=\"excel3011\">2mm \u2013 6mm<\/td>\n<td class=\"excel3011\">Rouge \/ Vert \/ Jaune<\/td>\n<\/tr>\n<tr>\n<td class=\"excel3021\">H14M<\/td>\n<td class=\"excel3021\">\u2265 2000 millim\u00e8tres<\/td>\n<td class=\"excel3021\">\u2265 500 millim\u00e8tres<\/td>\n<td class=\"excel3021\">2mm \u2013 6mm<\/td>\n<td class=\"excel3021\">Rouge \/ Vert \/ Jaune<\/td>\n<\/tr>\n<tr>\n<td class=\"excel3011\">H20M<\/td>\n<td class=\"excel3011\">\u2265 2000 millim\u00e8tres<\/td>\n<td class=\"excel3011\">\u2265 500 millim\u00e8tres<\/td>\n<td class=\"excel3011\">2mm \u2013 6mm<\/td>\n<td class=\"excel3011\">Rouge \/ Vert \/ Jaune<\/td>\n<\/tr>\n<tr>\n<td class=\"excel3021\">S2M<\/td>\n<td class=\"excel3021\">\u2265 2000 millim\u00e8tres<\/td>\n<td class=\"excel3021\">\u2265 500 millim\u00e8tres<\/td>\n<td class=\"excel3021\">2mm \u2013 6mm<\/td>\n<td class=\"excel3021\">Rouge \/ Vert \/ Jaune<\/td>\n<\/tr>\n<tr>\n<td class=\"excel3011\">S3M<\/td>\n<td class=\"excel3011\">\u2265 2000 millim\u00e8tres<\/td>\n<td class=\"excel3011\">\u2265 500 millim\u00e8tres<\/td>\n<td class=\"excel3011\">2mm \u2013 6mm<\/td>\n<td class=\"excel3011\">Rouge \/ Vert \/ Jaune<\/td>\n<\/tr>\n<tr>\n<td class=\"excel3021\">S4.5M<\/td>\n<td class=\"excel3021\">\u2265 2000 millim\u00e8tres<\/td>\n<td class=\"excel3021\">\u2265 500 millim\u00e8tres<\/td>\n<td class=\"excel3021\">2mm \u2013 6mm<\/td>\n<td class=\"excel3021\">Rouge \/ Vert \/ Jaune<\/td>\n<\/tr>\n<tr>\n<td class=\"excel3011\">S5M<\/td>\n<td class=\"excel3011\">\u2265 2000 millim\u00e8tres<\/td>\n<td class=\"excel3011\">\u2265 500 millim\u00e8tres<\/td>\n<td class=\"excel3011\">2mm \u2013 6mm<\/td>\n<td class=\"excel3011\">Rouge \/ Vert \/ Jaune<\/td>\n<\/tr>\n<tr>\n<td class=\"excel3021\">S8M<\/td>\n<td class=\"excel3021\">\u2265 2000 millim\u00e8tres<\/td>\n<td class=\"excel3021\">\u2265 500 millim\u00e8tres<\/td>\n<td class=\"excel3021\">2mm \u2013 6mm<\/td>\n<td class=\"excel3021\">Rouge \/ Vert \/ Jaune<\/td>\n<\/tr>\n<tr>\n<td class=\"excel3011\">S14M<\/td>\n<td class=\"excel3011\">\u2265 2000 millim\u00e8tres<\/td>\n<td class=\"excel3011\">\u2265 500 millim\u00e8tres<\/td>\n<td class=\"excel3011\">2mm \u2013 6mm<\/td>\n<td class=\"excel3011\">Rouge \/ Vert \/ Jaune<\/td>\n<\/tr>\n<tr>\n<td class=\"excel3021\">RPP2M<\/td>\n<td class=\"excel3021\">\u2265 2000 millim\u00e8tres<\/td>\n<td class=\"excel3021\">\u2265 500 millim\u00e8tres<\/td>\n<td class=\"excel3021\">2mm \u2013 6mm<\/td>\n<td class=\"excel3021\">Rouge \/ Vert \/ Jaune<\/td>\n<\/tr>\n<tr>\n<td class=\"excel3011\">RPP3M<\/td>\n<td class=\"excel3011\">\u2265 2000 millim\u00e8tres<\/td>\n<td class=\"excel3011\">\u2265 500 millim\u00e8tres<\/td>\n<td class=\"excel3011\">2mm \u2013 6mm<\/td>\n<td class=\"excel3011\">Rouge \/ Vert \/ Jaune<\/td>\n<\/tr>\n<tr>\n<td class=\"excel3021\">RPP5M<\/td>\n<td class=\"excel3021\">\u2265 2000 millim\u00e8tres<\/td>\n<td class=\"excel3021\">\u2265 500 millim\u00e8tres<\/td>\n<td class=\"excel3021\">2mm \u2013 6mm<\/td>\n<td class=\"excel3021\">Rouge \/ Vert \/ Jaune<\/td>\n<\/tr>\n<tr>\n<td class=\"excel3011\">RPP8M<\/td>\n<td class=\"excel3011\">\u2265 2000 millim\u00e8tres<\/td>\n<td class=\"excel3011\">\u2265 500 millim\u00e8tres<\/td>\n<td class=\"excel3011\">2mm \u2013 6mm<\/td>\n<td class=\"excel3011\">Rouge \/ Vert \/ Jaune<\/td>\n<\/tr>\n<tr>\n<td class=\"excel3021\">RPP14M<\/td>\n<td class=\"excel3021\">\u2265 2000 millim\u00e8tres<\/td>\n<td class=\"excel3021\">\u2265 500 millim\u00e8tres<\/td>\n<td class=\"excel3021\">2mm \u2013 6mm<\/td>\n<td class=\"excel3021\">Rouge \/ Vert \/ Jaune<\/td>\n<\/tr>\n<\/tbody>\n<\/table>\n<\/div>\n<\/div>","protected":false},"excerpt":{"rendered":"<p align=\"left\"><span style=\"font-family: Arial;\">Les courroies sans fin longue longueur en PU sont de v\u00e9ritables courroies sans fin, non articul\u00e9es, fabriqu\u00e9es en polyur\u00e9thane thermoplastique, avec des c\u00e2bles en acier en spirale continue.<br \/>\nIls sont particuli\u00e8rement adapt\u00e9s \u00e0 la transmission de puissance et au transport avec des charges \u00e9lev\u00e9es et des vitesses \u00e9lev\u00e9es (jusqu&#039;\u00e0 10 000 tr\/min).<\/span><\/p>\n<p align=\"left\"><span style=\"font-family: Arial;\">Les courroies sans fin de grande longueur sont disponibles entre 2 600 mm et 18 000 mm de longueur.<\/span><\/p>","protected":false},"featured_media":1315,"comment_status":"closed","ping_status":"closed","template":"","meta":{"_acf_changed":false,"_joinchat":[]},"product_brand":[],"product_cat":[109],"product_tag":[112],"class_list":{"0":"post-1323","1":"product","2":"type-product","3":"status-publish","4":"has-post-thumbnail","6":"product_cat-pu-belts","7":"product_tag-pu-flex-truly-endless-timing","9":"first","10":"instock","11":"shipping-taxable","12":"product-type-simple"},"acf":[],"_links":{"self":[{"href":"https:\/\/www.hitbelt.com\/fr\/wp-json\/wp\/v2\/product\/1323","targetHints":{"allow":["GET"]}}],"collection":[{"href":"https:\/\/www.hitbelt.com\/fr\/wp-json\/wp\/v2\/product"}],"about":[{"href":"https:\/\/www.hitbelt.com\/fr\/wp-json\/wp\/v2\/types\/product"}],"replies":[{"embeddable":true,"href":"https:\/\/www.hitbelt.com\/fr\/wp-json\/wp\/v2\/comments?post=1323"}],"wp:featuredmedia":[{"embeddable":true,"href":"https:\/\/www.hitbelt.com\/fr\/wp-json\/wp\/v2\/media\/1315"}],"wp:attachment":[{"href":"https:\/\/www.hitbelt.com\/fr\/wp-json\/wp\/v2\/media?parent=1323"}],"wp:term":[{"taxonomy":"product_brand","embeddable":true,"href":"https:\/\/www.hitbelt.com\/fr\/wp-json\/wp\/v2\/product_brand?post=1323"},{"taxonomy":"product_cat","embeddable":true,"href":"https:\/\/www.hitbelt.com\/fr\/wp-json\/wp\/v2\/product_cat?post=1323"},{"taxonomy":"product_tag","embeddable":true,"href":"https:\/\/www.hitbelt.com\/fr\/wp-json\/wp\/v2\/product_tag?post=1323"}],"curies":[{"name":"wp","href":"https:\/\/api.w.org\/{rel}","templated":true}]}}