{"id":1322,"date":"2023-07-14T08:25:56","date_gmt":"2023-07-14T08:25:56","guid":{"rendered":"https:\/\/www.hitbelt.com\/?post_type=product&#038;p=1322"},"modified":"2024-02-22T07:32:48","modified_gmt":"2024-02-22T07:32:48","slug":"htdstsrpp-dd-2","status":"publish","type":"product","link":"https:\/\/www.hitbelt.com\/fr\/produit\/htdstsrpp-dd-2","title":{"rendered":"HTD, STS, RPP et DD"},"content":{"rendered":"<h4 class=\"artview_title\">Gamme de production<\/h4>\n<div class=\"news_content\">\n<div id=\"div2\">\n<table class=\"excel3131\" style=\"height: 538px;\" width=\"854\" cellspacing=\"0\" cellpadding=\"0\">\n<colgroup>\n<col width=\"34\" \/>\n<col width=\"51\" \/>\n<col width=\"68\" \/>\n<col width=\"65\" \/>\n<col width=\"72\" \/>\n<col width=\"96\" \/>\n<col width=\"58\" \/>\n<col width=\"24\" \/><\/colgroup>\n<tbody>\n<tr>\n<td class=\"excel3311\" width=\"34\">Taper<\/td>\n<td class=\"excel3311\" width=\"51\">Pas de dents<\/td>\n<td class=\"excel3311\" width=\"68\">\u00c9paisseur totale<\/td>\n<td class=\"excel3311\" width=\"65\">Hauteur des dents<\/td>\n<td class=\"excel3311\" width=\"72\">Norme de longueur<\/td>\n<td class=\"excel3311\" width=\"96\">Gamme de production HIT<\/td>\n<td class=\"excel3311\" width=\"58\">Largeur maximale<\/td>\n<td class=\"excel3311\" width=\"24\">DD<\/td>\n<\/tr>\n<tr>\n<td class=\"excel3311\"><\/td>\n<td class=\"excel3311\">(mm)<\/td>\n<td class=\"excel3311\">(mm)<\/td>\n<td class=\"excel3311\">(mm)<\/td>\n<td class=\"excel3311\"><\/td>\n<td class=\"excel3311\">\u00a0(mm)<\/td>\n<td class=\"excel3311\">(mm)<\/td>\n<td class=\"excel3321\"><\/td>\n<\/tr>\n<tr>\n<td class=\"excel3281\">2M<\/td>\n<td class=\"excel3281\">2<\/td>\n<td class=\"excel3281\">1.36<\/td>\n<td class=\"excel3281\">0.75<\/td>\n<td class=\"excel3281\">mm<\/td>\n<td class=\"excel3281\">\/<\/td>\n<td class=\"excel3281\">\/<\/td>\n<td class=\"excel3271\">\/<\/td>\n<\/tr>\n<tr>\n<td class=\"excel3301\">3M<\/td>\n<td class=\"excel3301\">3<\/td>\n<td class=\"excel3301\">2.4<\/td>\n<td class=\"excel3301\">1.17<\/td>\n<td class=\"excel3301\">mm<\/td>\n<td class=\"excel3301\">2200-20000<\/td>\n<td class=\"excel3301\">100<\/td>\n<td class=\"excel3321\">\/<\/td>\n<\/tr>\n<tr>\n<td class=\"excel3281\">5M<\/td>\n<td class=\"excel3281\">5<\/td>\n<td class=\"excel3281\">3.8<\/td>\n<td class=\"excel3281\">2.06<\/td>\n<td class=\"excel3281\">mm<\/td>\n<td class=\"excel3281\">2200-20000<\/td>\n<td class=\"excel3281\">100<\/td>\n<td class=\"excel3271\">\u00d4<\/td>\n<\/tr>\n<tr>\n<td class=\"excel3301\">8M<\/td>\n<td class=\"excel3301\">8<\/td>\n<td class=\"excel3301\">6<\/td>\n<td class=\"excel3301\">3.36<\/td>\n<td class=\"excel3301\">mm<\/td>\n<td class=\"excel3301\">2200-20000<\/td>\n<td class=\"excel3301\">150<\/td>\n<td class=\"excel3321\">\u00d4<\/td>\n<\/tr>\n<tr>\n<td class=\"excel3281\">14M<\/td>\n<td class=\"excel3281\">14<\/td>\n<td class=\"excel3281\">10<\/td>\n<td class=\"excel3281\">6.1<\/td>\n<td class=\"excel3281\">mm<\/td>\n<td class=\"excel3281\">2200-20000<\/td>\n<td class=\"excel3281\">200<\/td>\n<td class=\"excel3271\">\u00d4<\/td>\n<\/tr>\n<tr>\n<td class=\"excel3301\">20M<\/td>\n<td class=\"excel3301\">20<\/td>\n<td class=\"excel3301\">13.2<\/td>\n<td class=\"excel3301\">8.4<\/td>\n<td class=\"excel3301\">mm<\/td>\n<td class=\"excel3301\">2200-20000<\/td>\n<td class=\"excel3301\">200<\/td>\n<td class=\"excel3321\">\/<\/td>\n<\/tr>\n<tr>\n<td class=\"excel3281\">S2M<\/td>\n<td class=\"excel3281\">2<\/td>\n<td class=\"excel3281\">1.36<\/td>\n<td class=\"excel3281\">0.76<\/td>\n<td class=\"excel3281\">mm<\/td>\n<td class=\"excel3281\">\/<\/td>\n<td class=\"excel3281\">\/<\/td>\n<td class=\"excel3271\">\/<\/td>\n<\/tr>\n<tr>\n<td class=\"excel3301\">S3M<\/td>\n<td class=\"excel3301\">3<\/td>\n<td class=\"excel3301\">1.9<\/td>\n<td class=\"excel3301\">1.14<\/td>\n<td class=\"excel3301\">mm<\/td>\n<td class=\"excel3301\">2200-20000<\/td>\n<td class=\"excel3301\">50<\/td>\n<td class=\"excel3321\">\/<\/td>\n<\/tr>\n<tr>\n<td class=\"excel3281\">S4.5M<\/td>\n<td class=\"excel3281\">4.5<\/td>\n<td class=\"excel3281\">2.81<\/td>\n<td class=\"excel3281\">1.71<\/td>\n<td class=\"excel3281\">mm<\/td>\n<td class=\"excel3281\">\/<\/td>\n<td class=\"excel3281\">\/<\/td>\n<td class=\"excel3271\">\/<\/td>\n<\/tr>\n<tr>\n<td class=\"excel3301\">S5M<\/td>\n<td class=\"excel3301\">5<\/td>\n<td class=\"excel3301\">3.4<\/td>\n<td class=\"excel3301\">1.91<\/td>\n<td class=\"excel3301\">mm<\/td>\n<td class=\"excel3301\">2200-20000<\/td>\n<td class=\"excel3301\">100<\/td>\n<td class=\"excel3321\">\/<\/td>\n<\/tr>\n<tr>\n<td class=\"excel3281\">S8M<\/td>\n<td class=\"excel3281\">8<\/td>\n<td class=\"excel3281\">5.3<\/td>\n<td class=\"excel3281\">3.05<\/td>\n<td class=\"excel3281\">mm<\/td>\n<td class=\"excel3281\">2200-20000<\/td>\n<td class=\"excel3281\">100<\/td>\n<td class=\"excel3271\">\u00d4<\/td>\n<\/tr>\n<tr>\n<td class=\"excel3301\">S14M<\/td>\n<td class=\"excel3301\">14<\/td>\n<td class=\"excel3301\">10.2<\/td>\n<td class=\"excel3301\">5.3<\/td>\n<td class=\"excel3301\">mm<\/td>\n<td class=\"excel3301\">2200-20000<\/td>\n<td class=\"excel3301\">100<\/td>\n<td class=\"excel3321\">\/<\/td>\n<\/tr>\n<tr>\n<td class=\"excel3281\">RPP2M<\/td>\n<td class=\"excel3281\">2<\/td>\n<td class=\"excel3281\">1.36<\/td>\n<td class=\"excel3281\">0.76<\/td>\n<td class=\"excel3281\">mm<\/td>\n<td class=\"excel3281\">\/<\/td>\n<td class=\"excel3281\">\/<\/td>\n<td class=\"excel3271\">\/<\/td>\n<\/tr>\n<tr>\n<td class=\"excel3301\">RPP3M<\/td>\n<td class=\"excel3301\">3<\/td>\n<td class=\"excel3301\">1.9<\/td>\n<td class=\"excel3301\">1.15<\/td>\n<td class=\"excel3301\">mm<\/td>\n<td class=\"excel3301\">\/<\/td>\n<td class=\"excel3301\">\/<\/td>\n<td class=\"excel3321\">\/<\/td>\n<\/tr>\n<tr>\n<td class=\"excel3281\">RPP5M<\/td>\n<td class=\"excel3281\">5<\/td>\n<td class=\"excel3281\">3.5<\/td>\n<td class=\"excel3281\">1.95<\/td>\n<td class=\"excel3281\">mm<\/td>\n<td class=\"excel3281\">2200-20000<\/td>\n<td class=\"excel3281\">100<\/td>\n<td class=\"excel3271\">\/<\/td>\n<\/tr>\n<tr>\n<td class=\"excel3301\">RPP8M<\/td>\n<td class=\"excel3301\">8<\/td>\n<td class=\"excel3301\">5.5<\/td>\n<td class=\"excel3301\">3.2<\/td>\n<td class=\"excel3301\">mm<\/td>\n<td class=\"excel3301\">2200-20000<\/td>\n<td class=\"excel3301\">150<\/td>\n<td class=\"excel3321\">\/<\/td>\n<\/tr>\n<tr>\n<td class=\"excel3281\">RPP14M<\/td>\n<td class=\"excel3281\">14<\/td>\n<td class=\"excel3281\">5.6<\/td>\n<td class=\"excel3281\">5.6<\/td>\n<td class=\"excel3281\">mm<\/td>\n<td class=\"excel3281\">2200-20000<\/td>\n<td class=\"excel3281\">150<\/td>\n<td class=\"excel3271\">\/<\/td>\n<\/tr>\n<\/tbody>\n<\/table>\n<\/div>\n<\/div>","protected":false},"excerpt":{"rendered":"<p align=\"left\"><span style=\"font-family: Arial;\">Les courroies sans fin longue longueur en PU sont de v\u00e9ritables courroies sans fin, non articul\u00e9es, fabriqu\u00e9es en polyur\u00e9thane thermoplastique, avec des c\u00e2bles en acier en spirale continue.<br \/>\nIls sont particuli\u00e8rement adapt\u00e9s \u00e0 la transmission de puissance et au transport avec des charges \u00e9lev\u00e9es et des vitesses \u00e9lev\u00e9es (jusqu&#039;\u00e0 10 000 tr\/min).<\/span><\/p>\n<p align=\"left\"><span style=\"font-family: Arial;\">Les courroies sans fin de grande longueur sont disponibles entre 2 600 mm et 18 000 mm de longueur.<\/span><\/p>","protected":false},"featured_media":1315,"comment_status":"closed","ping_status":"closed","template":"","meta":{"_acf_changed":false,"_joinchat":[]},"product_brand":[],"product_cat":[109],"product_tag":[112],"class_list":{"0":"post-1322","1":"product","2":"type-product","3":"status-publish","4":"has-post-thumbnail","6":"product_cat-pu-belts","7":"product_tag-pu-flex-truly-endless-timing","9":"first","10":"instock","11":"shipping-taxable","12":"product-type-simple"},"acf":[],"_links":{"self":[{"href":"https:\/\/www.hitbelt.com\/fr\/wp-json\/wp\/v2\/product\/1322","targetHints":{"allow":["GET"]}}],"collection":[{"href":"https:\/\/www.hitbelt.com\/fr\/wp-json\/wp\/v2\/product"}],"about":[{"href":"https:\/\/www.hitbelt.com\/fr\/wp-json\/wp\/v2\/types\/product"}],"replies":[{"embeddable":true,"href":"https:\/\/www.hitbelt.com\/fr\/wp-json\/wp\/v2\/comments?post=1322"}],"wp:featuredmedia":[{"embeddable":true,"href":"https:\/\/www.hitbelt.com\/fr\/wp-json\/wp\/v2\/media\/1315"}],"wp:attachment":[{"href":"https:\/\/www.hitbelt.com\/fr\/wp-json\/wp\/v2\/media?parent=1322"}],"wp:term":[{"taxonomy":"product_brand","embeddable":true,"href":"https:\/\/www.hitbelt.com\/fr\/wp-json\/wp\/v2\/product_brand?post=1322"},{"taxonomy":"product_cat","embeddable":true,"href":"https:\/\/www.hitbelt.com\/fr\/wp-json\/wp\/v2\/product_cat?post=1322"},{"taxonomy":"product_tag","embeddable":true,"href":"https:\/\/www.hitbelt.com\/fr\/wp-json\/wp\/v2\/product_tag?post=1322"}],"curies":[{"name":"wp","href":"https:\/\/api.w.org\/{rel}","templated":true}]}}