{"id":1314,"date":"2023-07-14T08:22:52","date_gmt":"2023-07-14T08:22:52","guid":{"rendered":"https:\/\/www.hitbelt.com\/?post_type=product&#038;p=1314"},"modified":"2023-07-14T08:22:53","modified_gmt":"2023-07-14T08:22:53","slug":"t2-5t5t10t20at5at10-dd-2","status":"publish","type":"product","link":"https:\/\/www.hitbelt.com\/fr\/produit\/t2-5t5t10t20at5at10-dd-2","title":{"rendered":"T2.5, T5, T10, T20, AT5, AT10 et DD"},"content":{"rendered":"<h4 class=\"artview_title\">Gamme de production<\/h4>\n<div class=\"news_content\">\n<div id=\"div2\">\n<div id=\"MODBLK_1384\" class=\"mod_block mb_UBLu8mPx_block\">\n<div class=\"com_con\">\n<table class=\"excel283\" cellspacing=\"0\" cellpadding=\"0\">\n<colgroup>\n<col width=\"34\" \/>\n<col width=\"51\" \/>\n<col width=\"68\" \/>\n<col width=\"65\" \/>\n<col width=\"72\" \/>\n<col width=\"96\" \/>\n<col width=\"58\" \/>\n<col width=\"24\" \/><\/colgroup>\n<tbody>\n<tr>\n<td class=\"excel293\" width=\"34\">Taper<\/td>\n<td class=\"excel293\" width=\"51\">Pas de dents<\/td>\n<td class=\"excel293\" width=\"68\">\u00c9paisseur totale<\/td>\n<td class=\"excel293\" width=\"65\">Hauteur des dents<\/td>\n<td class=\"excel293\" width=\"72\">Norme de longueur<\/td>\n<td class=\"excel293\" width=\"96\">Gamme de production HIT<\/td>\n<td class=\"excel293\" width=\"58\">Largeur maximale<\/td>\n<td class=\"excel293\" width=\"24\">DD<\/td>\n<\/tr>\n<tr>\n<td class=\"excel293\"><\/td>\n<td class=\"excel293\">(mm)<\/td>\n<td class=\"excel293\">(mm)<\/td>\n<td class=\"excel293\">(mm)<\/td>\n<td class=\"excel293\"><\/td>\n<td class=\"excel293\">(mm)<\/td>\n<td class=\"excel293\">(mm)<\/td>\n<td class=\"excel294\"><\/td>\n<\/tr>\n<tr>\n<td class=\"excel290\">T2.5<\/td>\n<td class=\"excel290\">2.5<\/td>\n<td class=\"excel290\">1.3<\/td>\n<td class=\"excel290\">0.7<\/td>\n<td class=\"excel290\">mm<\/td>\n<td class=\"excel290\">2200-20000<\/td>\n<td class=\"excel290\">100<\/td>\n<td class=\"excel289\">\/<\/td>\n<\/tr>\n<tr>\n<td class=\"excel292\">T5<\/td>\n<td class=\"excel292\">5<\/td>\n<td class=\"excel292\">2.2<\/td>\n<td class=\"excel292\">1.2<\/td>\n<td class=\"excel292\">mm<\/td>\n<td class=\"excel292\">2200-20000<\/td>\n<td class=\"excel292\">150<\/td>\n<td class=\"excel294\">\u00d4<\/td>\n<\/tr>\n<tr>\n<td class=\"excel290\">T10<\/td>\n<td class=\"excel290\">10<\/td>\n<td class=\"excel290\">4.5<\/td>\n<td class=\"excel290\">2.5<\/td>\n<td class=\"excel290\">mm<\/td>\n<td class=\"excel290\">2200-20000<\/td>\n<td class=\"excel290\">200<\/td>\n<td class=\"excel289\">\u00d4<\/td>\n<\/tr>\n<tr>\n<td class=\"excel292\">T20<\/td>\n<td class=\"excel292\">20<\/td>\n<td class=\"excel292\">8<\/td>\n<td class=\"excel292\">5<\/td>\n<td class=\"excel292\">mm<\/td>\n<td class=\"excel292\">2200-20000<\/td>\n<td class=\"excel292\">150<\/td>\n<td class=\"excel294\">\u00d4<\/td>\n<\/tr>\n<tr>\n<td class=\"excel290\">AT5<\/td>\n<td class=\"excel290\">5<\/td>\n<td class=\"excel290\">2.7<\/td>\n<td class=\"excel290\">1.2<\/td>\n<td class=\"excel290\">mm<\/td>\n<td class=\"excel290\">2200-20000<\/td>\n<td class=\"excel290\">150<\/td>\n<td class=\"excel289\">\u00d4<\/td>\n<\/tr>\n<tr>\n<td class=\"excel292\">\u00c0 10<\/td>\n<td class=\"excel292\">10<\/td>\n<td class=\"excel292\">5<\/td>\n<td class=\"excel292\">2.5<\/td>\n<td class=\"excel292\">mm<\/td>\n<td class=\"excel292\">2200-20000<\/td>\n<td class=\"excel292\">150<\/td>\n<td class=\"excel294\">\u00d4<\/td>\n<\/tr>\n<tr>\n<td class=\"excel290\">\u00c020<\/td>\n<td class=\"excel290\">20<\/td>\n<td class=\"excel290\">8<\/td>\n<td class=\"excel290\">5<\/td>\n<td class=\"excel290\">mm<\/td>\n<td class=\"excel290\">2200-20000<\/td>\n<td class=\"excel290\">200<\/td>\n<td class=\"excel289\">\/<\/td>\n<\/tr>\n<\/tbody>\n<\/table>\n<\/div>\n<\/div>\n<\/div>\n<\/div>","protected":false},"excerpt":{"rendered":"<p align=\"left\"><span style=\"font-family: Arial;\">Les courroies sans fin longue longueur en PU sont de v\u00e9ritables courroies sans fin, non articul\u00e9es, fabriqu\u00e9es en polyur\u00e9thane thermoplastique, avec des c\u00e2bles en acier en spirale continue.<br \/>\nIls sont particuli\u00e8rement adapt\u00e9s \u00e0 la transmission de puissance et au transport avec des charges \u00e9lev\u00e9es et des vitesses \u00e9lev\u00e9es (jusqu&#039;\u00e0 10 000 tr\/min).<\/span><\/p>\n<p align=\"left\"><span style=\"font-family: Arial;\">Les courroies sans fin de grande longueur sont disponibles entre 2 600 mm et 18 000 mm de longueur.<\/span><\/p>","protected":false},"featured_media":1315,"comment_status":"closed","ping_status":"closed","template":"","meta":{"_acf_changed":false,"_joinchat":[]},"product_brand":[],"product_cat":[],"product_tag":[],"class_list":{"0":"post-1314","1":"product","2":"type-product","3":"status-publish","4":"has-post-thumbnail","7":"first","8":"instock","9":"shipping-taxable","10":"product-type-simple"},"acf":[],"_links":{"self":[{"href":"https:\/\/www.hitbelt.com\/fr\/wp-json\/wp\/v2\/product\/1314","targetHints":{"allow":["GET"]}}],"collection":[{"href":"https:\/\/www.hitbelt.com\/fr\/wp-json\/wp\/v2\/product"}],"about":[{"href":"https:\/\/www.hitbelt.com\/fr\/wp-json\/wp\/v2\/types\/product"}],"replies":[{"embeddable":true,"href":"https:\/\/www.hitbelt.com\/fr\/wp-json\/wp\/v2\/comments?post=1314"}],"wp:featuredmedia":[{"embeddable":true,"href":"https:\/\/www.hitbelt.com\/fr\/wp-json\/wp\/v2\/media\/1315"}],"wp:attachment":[{"href":"https:\/\/www.hitbelt.com\/fr\/wp-json\/wp\/v2\/media?parent=1314"}],"wp:term":[{"taxonomy":"product_brand","embeddable":true,"href":"https:\/\/www.hitbelt.com\/fr\/wp-json\/wp\/v2\/product_brand?post=1314"},{"taxonomy":"product_cat","embeddable":true,"href":"https:\/\/www.hitbelt.com\/fr\/wp-json\/wp\/v2\/product_cat?post=1314"},{"taxonomy":"product_tag","embeddable":true,"href":"https:\/\/www.hitbelt.com\/fr\/wp-json\/wp\/v2\/product_tag?post=1314"}],"curies":[{"name":"wp","href":"https:\/\/api.w.org\/{rel}","templated":true}]}}