{"id":1262,"date":"2023-07-14T07:48:58","date_gmt":"2023-07-14T07:48:58","guid":{"rendered":"https:\/\/www.hitbelt.com\/?post_type=product&#038;p=1262"},"modified":"2024-02-22T07:18:59","modified_gmt":"2024-02-22T07:18:59","slug":"welded-belts","status":"publish","type":"product","link":"https:\/\/www.hitbelt.com\/fr\/produit\/welded-belts","title":{"rendered":"Ceintures soud\u00e9es"},"content":{"rendered":"<h4>Gamme de production<\/h4>\n<table class=\"ke-zeroborder\" style=\"height: 1446px;\" border=\"0\" width=\"858\" cellspacing=\"0\" cellpadding=\"0\">\n<tbody>\n<tr>\n<td width=\"68\" height=\"45\">TAPER<\/td>\n<td width=\"66\">Traction admissible<br \/>\nCharge (N)<\/td>\n<td width=\"10\"><\/td>\n<td width=\"76\">TAPER<\/td>\n<td width=\"66\">Charge de traction admissible (N)<\/td>\n<td width=\"10\"><\/td>\n<td width=\"64\">TAPER<\/td>\n<td width=\"66\">Charge de traction admissible (N)<\/td>\n<td width=\"10\"><\/td>\n<td width=\"70\">TAPER<\/td>\n<td>Charge de traction admissible (N)<\/td>\n<\/tr>\n<tr>\n<td height=\"17\">T2,5-4mm<\/td>\n<td>60<\/td>\n<td><\/td>\n<td>AT5-10mm<\/td>\n<td>260<\/td>\n<td><\/td>\n<td>XL-25mm<\/td>\n<td>85<\/td>\n<td><\/td>\n<td>3M-10mm<\/td>\n<td width=\"70\">300<\/td>\n<\/tr>\n<tr>\n<td height=\"17\">T2,5-6mm<\/td>\n<td>90<\/td>\n<td><\/td>\n<td>AT5-16mm<\/td>\n<td>540<\/td>\n<td><\/td>\n<td>XL-31mm<\/td>\n<td>100<\/td>\n<td><\/td>\n<td>3M-15mm<\/td>\n<td width=\"70\">480<\/td>\n<\/tr>\n<tr>\n<td height=\"17\">T2,5-10mm<\/td>\n<td>120<\/td>\n<td><\/td>\n<td>AT5-25mm<\/td>\n<td>825<\/td>\n<td><\/td>\n<td>XL-37mm<\/td>\n<td>130<\/td>\n<td><\/td>\n<td>3M-25mm<\/td>\n<td width=\"70\">780<\/td>\n<\/tr>\n<tr>\n<td height=\"17\">T2,5-20mm<\/td>\n<td>270<\/td>\n<td><\/td>\n<td>AT5-32mm<\/td>\n<td>1115<\/td>\n<td><\/td>\n<td>XL-50mm<\/td>\n<td>175<\/td>\n<td><\/td>\n<td>3M-30mm<\/td>\n<td width=\"70\">920<\/td>\n<\/tr>\n<tr>\n<td height=\"17\">T2,5-50mm<\/td>\n<td>720<\/td>\n<td><\/td>\n<td>AT5-50mm<\/td>\n<td>1705<\/td>\n<td><\/td>\n<td>XL-75mm<\/td>\n<td>280<\/td>\n<td><\/td>\n<td>3M-50mm<\/td>\n<td width=\"70\">1560<\/td>\n<\/tr>\n<tr>\n<td height=\"17\">T5-10mm<\/td>\n<td>175<\/td>\n<td><\/td>\n<td>AT5-75mm<\/td>\n<td>2560<\/td>\n<td><\/td>\n<td>XL-100mm<\/td>\n<td>370<\/td>\n<td><\/td>\n<td>5M-10mm<\/td>\n<td width=\"70\">860<\/td>\n<\/tr>\n<tr>\n<td height=\"17\">T5-16mm<\/td>\n<td>244<\/td>\n<td><\/td>\n<td>AT5-100mm<\/td>\n<td>3450<\/td>\n<td><\/td>\n<td>XL-150mm<\/td>\n<td>565<\/td>\n<td><\/td>\n<td>5M-15mm<\/td>\n<td width=\"70\">1280<\/td>\n<\/tr>\n<tr>\n<td height=\"17\">T5-25mm<\/td>\n<td>415<\/td>\n<td><\/td>\n<td>AT10-16mm<\/td>\n<td>1090<\/td>\n<td><\/td>\n<td>XL-200mm<\/td>\n<td>740<\/td>\n<td><\/td>\n<td>5M-25mm<\/td>\n<td width=\"70\">2470<\/td>\n<\/tr>\n<tr>\n<td height=\"17\">T5-32mm<\/td>\n<td>543<\/td>\n<td><\/td>\n<td>AT10-25mm<\/td>\n<td>1945<\/td>\n<td><\/td>\n<td>L-50mm<\/td>\n<td>355<\/td>\n<td><\/td>\n<td>5M-50mm<\/td>\n<td width=\"70\">4960<\/td>\n<\/tr>\n<tr>\n<td height=\"17\">T5-50mm<\/td>\n<td>882<\/td>\n<td><\/td>\n<td>AT10-32mm<\/td>\n<td>2380<\/td>\n<td><\/td>\n<td>L-75mm<\/td>\n<td>615<\/td>\n<td><\/td>\n<td>5M-100mm<\/td>\n<td width=\"70\">10200<\/td>\n<\/tr>\n<tr>\n<td height=\"17\">T5-75mm<\/td>\n<td>1265<\/td>\n<td><\/td>\n<td>\u00c010-50mm<\/td>\n<td>3880<\/td>\n<td><\/td>\n<td>L-100mm<\/td>\n<td>785<\/td>\n<td><\/td>\n<td>8M-10mm<\/td>\n<td width=\"70\">1350<\/td>\n<\/tr>\n<tr>\n<td height=\"17\">T5-100mm<\/td>\n<td>1670<\/td>\n<td><\/td>\n<td>AT10-75mm<\/td>\n<td>5890<\/td>\n<td><\/td>\n<td>L-150mm<\/td>\n<td>1270<\/td>\n<td><\/td>\n<td>8M-15mm<\/td>\n<td width=\"70\">2180<\/td>\n<\/tr>\n<tr>\n<td height=\"17\">T10-10mm<\/td>\n<td>435<\/td>\n<td><\/td>\n<td>AT10-100mm<\/td>\n<td>7375<\/td>\n<td><\/td>\n<td>L-200mm<\/td>\n<td>1705<\/td>\n<td><\/td>\n<td>8M-20mm<\/td>\n<td width=\"70\">3000<\/td>\n<\/tr>\n<tr>\n<td height=\"17\">T10-16mm<\/td>\n<td>710<\/td>\n<td><\/td>\n<td><\/td>\n<td><\/td>\n<td><\/td>\n<td>L-300mm<\/td>\n<td>2550<\/td>\n<td><\/td>\n<td>8M-30mm<\/td>\n<td width=\"70\">4290<\/td>\n<\/tr>\n<tr>\n<td height=\"17\">T10-25mm<\/td>\n<td>1135<\/td>\n<td><\/td>\n<td><\/td>\n<td><\/td>\n<td><\/td>\n<td>L-400mm<\/td>\n<td>3435<\/td>\n<td><\/td>\n<td>8M-50mm<\/td>\n<td width=\"70\">7210<\/td>\n<\/tr>\n<tr>\n<td height=\"17\">T10-32mm<\/td>\n<td>1575<\/td>\n<td><\/td>\n<td><\/td>\n<td><\/td>\n<td><\/td>\n<td>H-50mm<\/td>\n<td>595<\/td>\n<td><\/td>\n<td>8M-85mm<\/td>\n<td width=\"70\">12870<\/td>\n<\/tr>\n<tr>\n<td height=\"17\">T10-50mm<\/td>\n<td>2490<\/td>\n<td><\/td>\n<td><\/td>\n<td><\/td>\n<td><\/td>\n<td>H-75mm<\/td>\n<td>935<\/td>\n<td><\/td>\n<td>8M-100mm<\/td>\n<td width=\"70\">14650<\/td>\n<\/tr>\n<tr>\n<td height=\"17\">T10-75mm<\/td>\n<td>3905<\/td>\n<td><\/td>\n<td><\/td>\n<td><\/td>\n<td><\/td>\n<td>H-100mm<\/td>\n<td>1170<\/td>\n<td><\/td>\n<td>14M-25mm<\/td>\n<td width=\"70\">5400<\/td>\n<\/tr>\n<tr>\n<td height=\"17\">T10-100mm<\/td>\n<td>5280<\/td>\n<td><\/td>\n<td><\/td>\n<td><\/td>\n<td><\/td>\n<td>H-150mm<\/td>\n<td>1750<\/td>\n<td><\/td>\n<td>14M-40mm<\/td>\n<td width=\"70\">8320<\/td>\n<\/tr>\n<tr>\n<td height=\"17\">T20-25mm<\/td>\n<td>1755<\/td>\n<td><\/td>\n<td><\/td>\n<td><\/td>\n<td><\/td>\n<td>H-200mm<\/td>\n<td>2560<\/td>\n<td><\/td>\n<td>14M-55mm<\/td>\n<td width=\"70\">12730<\/td>\n<\/tr>\n<tr>\n<td height=\"17\">T20-32mm<\/td>\n<td>2235<\/td>\n<td><\/td>\n<td><\/td>\n<td><\/td>\n<td><\/td>\n<td>H-300mm<\/td>\n<td>3825<\/td>\n<td><\/td>\n<td>14M-85mm<\/td>\n<td width=\"70\">20090<\/td>\n<\/tr>\n<tr>\n<td height=\"17\">T20-50mm<\/td>\n<td>3625<\/td>\n<td><\/td>\n<td><\/td>\n<td><\/td>\n<td><\/td>\n<td>H-400mm<\/td>\n<td>4990<\/td>\n<td><\/td>\n<td>14M-100mm<\/td>\n<td width=\"70\">23190<\/td>\n<\/tr>\n<tr>\n<td height=\"17\">T20-75mm<\/td>\n<td>5235<\/td>\n<td><\/td>\n<td><\/td>\n<td><\/td>\n<td><\/td>\n<td>XH-100mm<\/td>\n<td>1780<\/td>\n<td><\/td>\n<td>14M-115mm<\/td>\n<td width=\"70\">28310<\/td>\n<\/tr>\n<tr>\n<td height=\"17\">T20-100mm<\/td>\n<td>7840<\/td>\n<td><\/td>\n<td><\/td>\n<td><\/td>\n<td><\/td>\n<td>XH-150mm<\/td>\n<td>2765<\/td>\n<td><\/td>\n<td><\/td>\n<td width=\"70\"><\/td>\n<\/tr>\n<tr>\n<td height=\"17\"><\/td>\n<td><\/td>\n<td><\/td>\n<td><\/td>\n<td><\/td>\n<td><\/td>\n<td>XH-200mm<\/td>\n<td>3590<\/td>\n<td><\/td>\n<td><\/td>\n<td width=\"70\"><\/td>\n<\/tr>\n<tr>\n<td height=\"17\"><\/td>\n<td><\/td>\n<td><\/td>\n<td><\/td>\n<td><\/td>\n<td><\/td>\n<td>XH-300mm<\/td>\n<td>5160<\/td>\n<td><\/td>\n<td><\/td>\n<td width=\"70\"><\/td>\n<\/tr>\n<tr>\n<td height=\"17\"><\/td>\n<td><\/td>\n<td><\/td>\n<td><\/td>\n<td><\/td>\n<td><\/td>\n<td>XH-400mm<\/td>\n<td>6990<\/td>\n<td><\/td>\n<td><\/td>\n<td width=\"70\"><\/td>\n<\/tr>\n<\/tbody>\n<\/table>","protected":false},"excerpt":{"rendered":"<p>Les courroies soud\u00e9es sont obtenues \u00e0 partir de courroies \u00e0 extr\u00e9mit\u00e9s ouvertes, toutes sortes et toutes longueurs peuvent \u00eatre obtenues dent par dent (longueur minimum 600 mm). Les caract\u00e9ristiques chimiques et m\u00e9caniques uniques des courroies ainsi que la possibilit\u00e9 d&#039;une grande vari\u00e9t\u00e9 de supports dans diff\u00e9rents mat\u00e9riaux rendent les courroies id\u00e9ales pour toutes les applications de transport o\u00f9 la synchronisation est requise. L\u2019ing\u00e9nieur concepteur dispose de possibilit\u00e9s illimit\u00e9es pour d\u00e9velopper des conceptions uniques.<\/p>","protected":false},"featured_media":2683,"comment_status":"closed","ping_status":"closed","template":"","meta":{"_acf_changed":false,"_joinchat":[]},"product_brand":[],"product_cat":[109],"product_tag":[110],"class_list":{"0":"post-1262","1":"product","2":"type-product","3":"status-publish","4":"has-post-thumbnail","6":"product_cat-pu-belts","7":"product_tag-pu-opne-timing-belt","9":"first","10":"instock","11":"shipping-taxable","12":"product-type-simple"},"acf":[],"_links":{"self":[{"href":"https:\/\/www.hitbelt.com\/fr\/wp-json\/wp\/v2\/product\/1262","targetHints":{"allow":["GET"]}}],"collection":[{"href":"https:\/\/www.hitbelt.com\/fr\/wp-json\/wp\/v2\/product"}],"about":[{"href":"https:\/\/www.hitbelt.com\/fr\/wp-json\/wp\/v2\/types\/product"}],"replies":[{"embeddable":true,"href":"https:\/\/www.hitbelt.com\/fr\/wp-json\/wp\/v2\/comments?post=1262"}],"wp:featuredmedia":[{"embeddable":true,"href":"https:\/\/www.hitbelt.com\/fr\/wp-json\/wp\/v2\/media\/2683"}],"wp:attachment":[{"href":"https:\/\/www.hitbelt.com\/fr\/wp-json\/wp\/v2\/media?parent=1262"}],"wp:term":[{"taxonomy":"product_brand","embeddable":true,"href":"https:\/\/www.hitbelt.com\/fr\/wp-json\/wp\/v2\/product_brand?post=1262"},{"taxonomy":"product_cat","embeddable":true,"href":"https:\/\/www.hitbelt.com\/fr\/wp-json\/wp\/v2\/product_cat?post=1262"},{"taxonomy":"product_tag","embeddable":true,"href":"https:\/\/www.hitbelt.com\/fr\/wp-json\/wp\/v2\/product_tag?post=1262"}],"curies":[{"name":"wp","href":"https:\/\/api.w.org\/{rel}","templated":true}]}}