{"id":1261,"date":"2023-07-14T07:45:50","date_gmt":"2023-07-14T07:45:50","guid":{"rendered":"https:\/\/www.hitbelt.com\/?post_type=product&#038;p=1261"},"modified":"2024-02-22T06:36:54","modified_gmt":"2024-02-22T06:36:54","slug":"sfat10tk10atk10","status":"publish","type":"product","link":"https:\/\/www.hitbelt.com\/fr\/produit\/sfat10tk10atk10","title":{"rendered":"SFAT10, savoirs traditionnels10, ATK10"},"content":{"rendered":"","protected":false},"excerpt":{"rendered":"<p>Dents SFAT<br \/>\nProfil de performance AT \u00e0 pas m\u00e9trique et denture trap\u00e9zo\u00efdale, avec deux pistes dent\u00e9es avec une courroie con\u00e7ue comme SFAT. Ces traces de dents sont d\u00e9cal\u00e9es d&#039;un demi-pas de dent les unes par rapport aux autres. En combinaison avec les poulies synchrones qui l&#039;accompagnent, l&#039;autoguidage fera rouler la courroie en ligne droite. Aucune bride n&#039;est requise.<\/p>\n<p>ATK TK<br \/>\nCes types de courroies sont une construction combin\u00e9e de courroies synchrones et de courroies trap\u00e9zo\u00efdales avec des caract\u00e9ristiques de fonctionnement rectiligne. La plage de performances est celle des profils standards T ou AT moins la largeur sans courroie crant\u00e9e.<\/p>\n<p>&nbsp;<\/p>\n<h4 class=\"artview_title\">Gamme de production<\/h4>\n<div class=\"news_content\">\n<div id=\"div2\">\n<div id=\"MODBLK_1384\" class=\"mod_block mb_UBLu8mPx_block\">\n<div class=\"com_con\">\n<table class=\"excel294\" cellspacing=\"0\" cellpadding=\"0\">\n<colgroup>\n<col width=\"130\" \/>\n<col width=\"102\" \/>\n<col width=\"130\" \/>\n<col width=\"113\" \/><\/colgroup>\n<tbody>\n<tr>\n<td class=\"excel295\" width=\"130\">Code de pi\u00e8ce<\/td>\n<td class=\"excel295\" width=\"102\">Largeur maximale<br \/>\n(mm)<\/td>\n<td class=\"excel296\" width=\"130\">Application. Poids<\/td>\n<td class=\"excel295\" width=\"113\">Quantit\u00e9 minimale de commande<\/td>\n<\/tr>\n<tr>\n<td class=\"excel297\" width=\"130\">AT10FSAT<\/td>\n<td class=\"excel298\" width=\"102\">50<\/td>\n<td class=\"excel299\" width=\"130\">6,40 g\/M\/mm<\/td>\n<td class=\"excel300\" width=\"113\">100 m\u00e8tres<\/td>\n<\/tr>\n<tr>\n<td class=\"excel301\" width=\"130\">TK10(6X4)<\/td>\n<td class=\"excel302\" width=\"102\">50<\/td>\n<td class=\"excel303\" width=\"130\">5,50 g\/m\/mm<\/td>\n<td class=\"excel304\" width=\"113\">100 m\u00e8tres<\/td>\n<\/tr>\n<tr>\n<td class=\"excel297\" width=\"130\">TK10 (13X8)<\/td>\n<td class=\"excel298\" width=\"102\">50<\/td>\n<td class=\"excel299\" width=\"130\">5,90 g\/M\/mm<\/td>\n<td class=\"excel300\" width=\"113\">100 m\u00e8tres<\/td>\n<\/tr>\n<tr>\n<td class=\"excel301\" width=\"130\">ATK10 (6X4)<\/td>\n<td class=\"excel302\" width=\"102\">50<\/td>\n<td class=\"excel303\" width=\"130\">7,04 g\/M\/mm<\/td>\n<td class=\"excel304\" width=\"113\">100 m\u00e8tres<\/td>\n<\/tr>\n<tr>\n<td class=\"excel297\" width=\"130\">ATK10 (13X8)<\/td>\n<td class=\"excel298\" width=\"102\">50<\/td>\n<td class=\"excel299\" width=\"130\">7,55 g\/m\/mm<\/td>\n<td class=\"excel300\" width=\"113\">100 m\u00e8tres<\/td>\n<\/tr>\n<\/tbody>\n<\/table>\n<\/div>\n<\/div>\n<\/div>\n<\/div>","protected":false},"featured_media":2679,"comment_status":"closed","ping_status":"closed","template":"","meta":{"_acf_changed":false,"_joinchat":[]},"product_brand":[],"product_cat":[109],"product_tag":[110],"class_list":{"0":"post-1261","1":"product","2":"type-product","3":"status-publish","4":"has-post-thumbnail","6":"product_cat-pu-belts","7":"product_tag-pu-opne-timing-belt","9":"first","10":"instock","11":"shipping-taxable","12":"product-type-simple"},"acf":[],"_links":{"self":[{"href":"https:\/\/www.hitbelt.com\/fr\/wp-json\/wp\/v2\/product\/1261","targetHints":{"allow":["GET"]}}],"collection":[{"href":"https:\/\/www.hitbelt.com\/fr\/wp-json\/wp\/v2\/product"}],"about":[{"href":"https:\/\/www.hitbelt.com\/fr\/wp-json\/wp\/v2\/types\/product"}],"replies":[{"embeddable":true,"href":"https:\/\/www.hitbelt.com\/fr\/wp-json\/wp\/v2\/comments?post=1261"}],"wp:featuredmedia":[{"embeddable":true,"href":"https:\/\/www.hitbelt.com\/fr\/wp-json\/wp\/v2\/media\/2679"}],"wp:attachment":[{"href":"https:\/\/www.hitbelt.com\/fr\/wp-json\/wp\/v2\/media?parent=1261"}],"wp:term":[{"taxonomy":"product_brand","embeddable":true,"href":"https:\/\/www.hitbelt.com\/fr\/wp-json\/wp\/v2\/product_brand?post=1261"},{"taxonomy":"product_cat","embeddable":true,"href":"https:\/\/www.hitbelt.com\/fr\/wp-json\/wp\/v2\/product_cat?post=1261"},{"taxonomy":"product_tag","embeddable":true,"href":"https:\/\/www.hitbelt.com\/fr\/wp-json\/wp\/v2\/product_tag?post=1261"}],"curies":[{"name":"wp","href":"https:\/\/api.w.org\/{rel}","templated":true}]}}