{"id":1225,"date":"2023-07-14T07:28:13","date_gmt":"2023-07-14T07:28:13","guid":{"rendered":"https:\/\/www.hitbelt.com\/?post_type=product&#038;p=1225"},"modified":"2024-02-21T07:22:23","modified_gmt":"2024-02-21T07:22:23","slug":"flat-transmission-belt","status":"publish","type":"product","link":"https:\/\/www.hitbelt.com\/fr\/produit\/flat-transmission-belt","title":{"rendered":"Courroie de transmission plate"},"content":{"rendered":"<p><b>Caract\u00e9ristiques\/Avantages<\/b><br \/>\n\u2013 La courroie plate en caoutchouc pr\u00e9sente les caract\u00e9ristiques d\u2019une haute r\u00e9sistance, d\u2019une bonne flexibilit\u00e9 et d\u2019un faible allongement.<br \/>\n\u2013 Conception innovante, adoptant un compos\u00e9 de caoutchouc avanc\u00e9 avec une bonne adh\u00e9rence au joint oppos\u00e9 du tissu de surface avec le filet, le d\u00e9laminage ne se produira pas pendant le fonctionnement.<br \/>\n\u2013 Adoptant une toile de coton pur de haute qualit\u00e9, les plis de canard ont une bonne endurance et ne se d\u00e9formeront pas facilement.<\/p>\n<p><b>March\u00e9s\/Applications<\/b><br \/>\nIl est principalement utilis\u00e9 dans les usines, les mines, les quais, l&#039;industrie m\u00e9tallurgique, la transmission de puissance m\u00e9canique ordinaire, le traitement de grande puissance des c\u00e9r\u00e9ales comme le riz et le bl\u00e9, les \u00e9quipements d&#039;irrigation, la coupe du bois et l&#039;agriculture.<\/p>\n<p><b>Classement des produits<\/b><br \/>\n\u2013 Cat\u00e9gorie\u00a0: 28 OZ (once), 30 OZ (once), 32 OZ (once), 34 OZ (once) et 36 OZ (once).<br \/>\n\u2013 Ceinture plate en caoutchouc \u00e0 bord coup\u00e9\u00a0: La ceinture plate en caoutchouc \u00e0 bord coup\u00e9 est fabriqu\u00e9e en collant ensemble plusieurs couches de toile pleine largeur, les c\u00f4t\u00e9s de la ceinture sont des surfaces form\u00e9es par d\u00e9coupe, les surfaces des bords de la ceinture sont recouvertes de p\u00e2te de caoutchouc.<\/p>\n<p><img loading=\"lazy\" decoding=\"async\" class=\"alignnone size-full wp-image-1227\" src=\"https:\/\/www.hitbelt.com\/wp-content\/uploads\/2023\/07\/20131017094309_91415.png\" alt=\"\" width=\"459\" height=\"140\" srcset=\"https:\/\/www.hitbelt.com\/wp-content\/uploads\/2023\/07\/20131017094309_91415.png 459w, https:\/\/www.hitbelt.com\/wp-content\/uploads\/2023\/07\/20131017094309_91415-18x5.png 18w, https:\/\/www.hitbelt.com\/wp-content\/uploads\/2023\/07\/20131017094309_91415-150x46.png 150w\" sizes=\"auto, (max-width:767px) 459px, 459px\" \/><\/p>\n<p>\u2013 Ceinture en caoutchouc plate \u00e0 bord rond\u00a0: La ceinture en caoutchouc plat \u00e0 bord rond est pli\u00e9e par le ou les plis ext\u00e9rieurs de la toile, et les c\u00f4t\u00e9s des ceintures sont des surfaces incurv\u00e9es.<\/p>\n<p><img loading=\"lazy\" decoding=\"async\" class=\"alignnone size-full wp-image-1230\" src=\"https:\/\/www.hitbelt.com\/wp-content\/uploads\/2023\/07\/20131017094646_32454.png\" alt=\"\" width=\"459\" height=\"140\" srcset=\"https:\/\/www.hitbelt.com\/wp-content\/uploads\/2023\/07\/20131017094646_32454.png 459w, https:\/\/www.hitbelt.com\/wp-content\/uploads\/2023\/07\/20131017094646_32454-18x5.png 18w, https:\/\/www.hitbelt.com\/wp-content\/uploads\/2023\/07\/20131017094646_32454-150x46.png 150w\" sizes=\"auto, (max-width:767px) 459px, 459px\" \/><\/p>\n<p>\u2013 Disponible dans une vari\u00e9t\u00e9 de couleurs, la plupart d\u2019entre elles ont quatre couleurs : marron clair, jaune orange et noir.<\/p>","protected":false},"excerpt":{"rendered":"<p>La courroie de transmission plate est une courroie plate en caoutchouc courante, \u00e9galement appel\u00e9e courroie de transmission, qui utilise g\u00e9n\u00e9ralement une toile de coton de haute qualit\u00e9 comme couches de squelette.<\/p>","protected":false},"featured_media":2664,"comment_status":"closed","ping_status":"closed","template":"","meta":{"_acf_changed":false,"_joinchat":[]},"product_brand":[],"product_cat":[53],"product_tag":[106],"class_list":{"0":"post-1225","1":"product","2":"type-product","3":"status-publish","4":"has-post-thumbnail","6":"product_cat-rubber-belt","7":"product_tag-conveyor-belts","9":"first","10":"instock","11":"shipping-taxable","12":"product-type-simple"},"acf":[],"_links":{"self":[{"href":"https:\/\/www.hitbelt.com\/fr\/wp-json\/wp\/v2\/product\/1225","targetHints":{"allow":["GET"]}}],"collection":[{"href":"https:\/\/www.hitbelt.com\/fr\/wp-json\/wp\/v2\/product"}],"about":[{"href":"https:\/\/www.hitbelt.com\/fr\/wp-json\/wp\/v2\/types\/product"}],"replies":[{"embeddable":true,"href":"https:\/\/www.hitbelt.com\/fr\/wp-json\/wp\/v2\/comments?post=1225"}],"wp:featuredmedia":[{"embeddable":true,"href":"https:\/\/www.hitbelt.com\/fr\/wp-json\/wp\/v2\/media\/2664"}],"wp:attachment":[{"href":"https:\/\/www.hitbelt.com\/fr\/wp-json\/wp\/v2\/media?parent=1225"}],"wp:term":[{"taxonomy":"product_brand","embeddable":true,"href":"https:\/\/www.hitbelt.com\/fr\/wp-json\/wp\/v2\/product_brand?post=1225"},{"taxonomy":"product_cat","embeddable":true,"href":"https:\/\/www.hitbelt.com\/fr\/wp-json\/wp\/v2\/product_cat?post=1225"},{"taxonomy":"product_tag","embeddable":true,"href":"https:\/\/www.hitbelt.com\/fr\/wp-json\/wp\/v2\/product_tag?post=1225"}],"curies":[{"name":"wp","href":"https:\/\/api.w.org\/{rel}","templated":true}]}}