{"id":1223,"date":"2023-07-14T07:26:53","date_gmt":"2023-07-14T07:26:53","guid":{"rendered":"https:\/\/www.hitbelt.com\/?post_type=product&#038;p=1223"},"modified":"2024-02-21T03:38:41","modified_gmt":"2024-02-21T03:38:41","slug":"chemical-resistant-conveyor-belt","status":"publish","type":"product","link":"https:\/\/www.hitbelt.com\/fr\/produit\/chemical-resistant-conveyor-belt","title":{"rendered":"Bande transporteuse r\u00e9sistante aux produits chimiques"},"content":{"rendered":"<p><b>Caract\u00e9ristiques\/Avantages<\/b><br \/>\n\u2013 Le rev\u00eatement en caoutchouc, fabriqu\u00e9 \u00e0 partir de mat\u00e9riaux r\u00e9sistants aux produits chimiques, pr\u00e9sente une fine corrosivit\u00e9 antichimique et de bonnes propri\u00e9t\u00e9s physiques.<br \/>\n\u2013 Il est sp\u00e9cialement con\u00e7u pour les mat\u00e9riaux qui pourraient se dissoudre, se dilater ou corroder la courroie.<br \/>\n\u2013 Il convient au transport de mat\u00e9riaux pr\u00e9sentant une corrosivit\u00e9 chimique dans les usines chimiques, les usines d\u2019engrais chimiques, les usines de papier, l\u2019industrie mini\u00e8re, etc.<br \/>\n<b>\u00a0Index techniques<\/b><\/p>\n<table style=\"font-weight: 400;\" width=\"647\">\n<tbody>\n<tr>\n<td colspan=\"3\" rowspan=\"2\" width=\"174\"><strong>Articles<\/strong><\/td>\n<td width=\"71\"><strong>R\u00e9sistance \u00e0 la traction<\/strong><\/td>\n<td width=\"83\"><strong>Allongement \u00e0 la rupture<\/strong><\/td>\n<td width=\"71\"><strong>Abrasion<\/strong><\/td>\n<td width=\"58\"><strong>Duret\u00e9<\/strong><\/td>\n<td width=\"126\"><strong>Ozone<\/strong><\/td>\n<\/tr>\n<tr>\n<td width=\"71\"><strong>\/MPa\u2265<\/strong><\/td>\n<td width=\"83\"><strong>\u2044%\u2265<\/strong><\/td>\n<td width=\"71\"><strong>\/mm3\u2264<\/strong><\/td>\n<td width=\"58\"><strong>\/(\u00b0)+10\/ -5<\/strong><\/td>\n<td width=\"126\"><strong>\u00a0d\u00e9t\u00e9rioration<\/strong><\/td>\n<\/tr>\n<tr>\n<td rowspan=\"7\" width=\"24\"><strong>Couverture<\/strong><\/td>\n<td rowspan=\"2\" width=\"99\"><strong>Propri\u00e9t\u00e9 physique<\/strong><\/td>\n<td width=\"50\"><strong>Avant de vieillir<\/strong><\/td>\n<td width=\"71\">14.0<\/td>\n<td width=\"83\">400<\/td>\n<td width=\"71\">250<\/td>\n<td width=\"58\">60<\/td>\n<td width=\"126\">pas de fissures<\/td>\n<\/tr>\n<tr>\n<td width=\"50\"><strong>Apr\u00e8s vieillissement<\/strong><\/td>\n<td width=\"71\">12.0<\/td>\n<td width=\"83\">340<\/td>\n<td width=\"71\">\/<\/td>\n<td width=\"58\">65<\/td>\n<td width=\"126\">\/<\/td>\n<\/tr>\n<tr>\n<td rowspan=\"5\" width=\"99\"><strong>R\u00e9sistance aux acides et aux alcalis<\/strong><\/td>\n<td rowspan=\"2\" width=\"50\"><strong>Classe<\/strong><\/td>\n<td rowspan=\"2\" width=\"71\"><strong>Tremper le liquide<\/strong><\/td>\n<td rowspan=\"2\" width=\"83\"><strong>Densit\u00e9<\/strong><\/td>\n<td width=\"71\"><strong>Conditions de trempage<\/strong><\/td>\n<td colspan=\"2\" width=\"184\"><strong>Changer le taux avant et apr\u00e8s le trempage<\/strong><\/td>\n<\/tr>\n<tr>\n<td width=\"71\"><strong>\u00b0C *h<\/strong><\/td>\n<td width=\"58\"><strong>Taux de gonflement<\/strong><\/td>\n<td width=\"126\"><strong>Taux de changement de r\u00e9sistance \u00e0 la traction<\/strong><\/td>\n<\/tr>\n<tr>\n<td width=\"50\">A1<\/td>\n<td width=\"71\">HCL<\/td>\n<td width=\"83\">18%<\/td>\n<td width=\"71\">50\u00b0C*96h<\/td>\n<td width=\"58\">\u2264+10%<\/td>\n<td width=\"126\">\u226410%<\/td>\n<\/tr>\n<tr>\n<td width=\"50\">A2<\/td>\n<td width=\"71\">H<sub>2<\/sub>DONC<sub>4<\/sub><\/td>\n<td width=\"83\">50%<\/td>\n<td width=\"71\">50\u00b0C*96h<\/td>\n<td width=\"58\">\u2264+10%<\/td>\n<td width=\"126\">\u226410%<\/td>\n<\/tr>\n<tr>\n<td width=\"50\">A3<\/td>\n<td width=\"71\">NaOH<\/td>\n<td width=\"83\">48%<\/td>\n<td width=\"71\">50\u00b0C*96h<\/td>\n<td width=\"58\">\u2264+10%<\/td>\n<td width=\"126\">\u226410%<\/td>\n<\/tr>\n<\/tbody>\n<\/table>","protected":false},"excerpt":{"rendered":"<p>Caract\u00e9ristiques\/Avantages \u2013 Le rev\u00eatement en caoutchouc, fabriqu\u00e9 \u00e0 partir de mat\u00e9riaux r\u00e9sistants aux produits chimiques, pr\u00e9sente une fine corrosivit\u00e9 antichimique et de bonnes propri\u00e9t\u00e9s physiques. \u2013 Il est sp\u00e9cialement con\u00e7u pour<span class=\"excerpt-hellip\"> [\u2026]<\/span><\/p>","protected":false},"featured_media":2661,"comment_status":"closed","ping_status":"closed","template":"","meta":{"_acf_changed":false,"_joinchat":[]},"product_brand":[],"product_cat":[53],"product_tag":[106],"class_list":{"0":"post-1223","1":"product","2":"type-product","3":"status-publish","4":"has-post-thumbnail","6":"product_cat-rubber-belt","7":"product_tag-conveyor-belts","9":"first","10":"instock","11":"shipping-taxable","12":"product-type-simple"},"acf":[],"_links":{"self":[{"href":"https:\/\/www.hitbelt.com\/fr\/wp-json\/wp\/v2\/product\/1223","targetHints":{"allow":["GET"]}}],"collection":[{"href":"https:\/\/www.hitbelt.com\/fr\/wp-json\/wp\/v2\/product"}],"about":[{"href":"https:\/\/www.hitbelt.com\/fr\/wp-json\/wp\/v2\/types\/product"}],"replies":[{"embeddable":true,"href":"https:\/\/www.hitbelt.com\/fr\/wp-json\/wp\/v2\/comments?post=1223"}],"wp:featuredmedia":[{"embeddable":true,"href":"https:\/\/www.hitbelt.com\/fr\/wp-json\/wp\/v2\/media\/2661"}],"wp:attachment":[{"href":"https:\/\/www.hitbelt.com\/fr\/wp-json\/wp\/v2\/media?parent=1223"}],"wp:term":[{"taxonomy":"product_brand","embeddable":true,"href":"https:\/\/www.hitbelt.com\/fr\/wp-json\/wp\/v2\/product_brand?post=1223"},{"taxonomy":"product_cat","embeddable":true,"href":"https:\/\/www.hitbelt.com\/fr\/wp-json\/wp\/v2\/product_cat?post=1223"},{"taxonomy":"product_tag","embeddable":true,"href":"https:\/\/www.hitbelt.com\/fr\/wp-json\/wp\/v2\/product_tag?post=1223"}],"curies":[{"name":"wp","href":"https:\/\/api.w.org\/{rel}","templated":true}]}}