{"id":1221,"date":"2023-07-14T07:24:49","date_gmt":"2023-07-14T07:24:49","guid":{"rendered":"https:\/\/www.hitbelt.com\/?post_type=product&#038;p=1221"},"modified":"2024-02-21T03:54:37","modified_gmt":"2024-02-21T03:54:37","slug":"cold-resistant-belt","status":"publish","type":"product","link":"https:\/\/www.hitbelt.com\/fr\/produit\/cold-resistant-belt","title":{"rendered":"Ceinture r\u00e9sistante au froid"},"content":{"rendered":"<p><b>\u00a0Caract\u00e9ristiques\/Avantages<\/b><br \/>\nLe produit s\u00e9lectionne une toile de coton, une toile de nylon ou une toile EP comme toile. Le caoutchouc de couverture s\u00e9lectionne un m\u00e9lange de NR et de BR, qui pr\u00e9sente les propri\u00e9t\u00e9s d&#039;\u00e9lasticit\u00e9 \u00e9lev\u00e9e, de r\u00e9sistance aux chocs, de r\u00e9sistance au froid, etc. Il peut fonctionner normalement dans des conditions de -40\u00b0 C.<\/p>\n<p><b>\u00a0Usage<\/b><br \/>\nConvient au transport de mat\u00e9riaux \u00e0 l&#039;ext\u00e9rieur dans une zone de cong\u00e9lation, une chambre froide, etc.<\/p>\n<p><strong>Couvrir les indices de propri\u00e9t\u00e9 physique<\/strong><\/p>\n<div id=\"MODBLK_1384\" class=\"mod_block mb_UBLu8mPx_block\">\n<div class=\"com_con\">\n<table style=\"font-weight: 400;\" width=\"640\">\n<tbody>\n<tr>\n<td colspan=\"2\" width=\"272\"><\/td>\n<td colspan=\"3\" width=\"108\"><strong>Indice<\/strong><\/td>\n<\/tr>\n<tr>\n<td colspan=\"2\" width=\"272\"><strong>Articles<\/strong><\/td>\n<td width=\"36\">H<\/td>\n<td width=\"36\">D<\/td>\n<td width=\"36\">L<\/td>\n<\/tr>\n<tr>\n<td colspan=\"2\" width=\"272\"><strong>R\u00e9sistance \u00e0 la traction\/Mpa\u2265<\/strong><\/td>\n<td width=\"36\">24.0<\/td>\n<td width=\"36\">18.0<\/td>\n<td width=\"36\">15.0<\/td>\n<\/tr>\n<tr>\n<td colspan=\"2\" width=\"272\"><strong>Allongement \u00e0 la rupture \/ %\u2265<\/strong><\/td>\n<td width=\"36\">450<\/td>\n<td width=\"36\">400<\/td>\n<td width=\"36\">350<\/td>\n<\/tr>\n<tr>\n<td rowspan=\"2\" width=\"147\"><strong>Exp\u00e9rience de vieillissement (70\u00b0C, 7j)<\/strong><\/td>\n<td width=\"125\">Taux de variation de la r\u00e9sistance \u00e0 la traction \/ %<\/td>\n<td width=\"36\">\u00b125<\/td>\n<td width=\"36\">\u00b125<\/td>\n<td width=\"36\">\u00b125<\/td>\n<\/tr>\n<tr>\n<td width=\"125\">Taux de variation de la r\u00e9sistance \u00e0 la traction \/ %<\/td>\n<td width=\"36\">\u00b125<\/td>\n<td width=\"36\">\u00b125<\/td>\n<td width=\"36\">\u00b125<\/td>\n<\/tr>\n<tr>\n<td colspan=\"2\" width=\"272\"><strong>Abrasion \/ mm<sup>3<\/sup>\u2264<\/strong><\/td>\n<td width=\"36\">120<\/td>\n<td width=\"36\">100<\/td>\n<td width=\"36\">200<\/td>\n<\/tr>\n<tr>\n<td rowspan=\"2\" width=\"147\"><strong>Coefficient de r\u00e9sistance au froid \u00e0 allong\u00e9\u2265<\/strong><\/td>\n<td width=\"125\">C<sub>1<\/sub>(-45\u00b0C)<\/td>\n<td colspan=\"3\" width=\"108\">0.3<\/td>\n<\/tr>\n<tr>\n<td width=\"125\">C<sub>2<\/sub>(-50\u00b0C)<\/td>\n<td colspan=\"3\" width=\"108\">0.2<\/td>\n<\/tr>\n<tr>\n<td colspan=\"5\" width=\"380\"><strong>Note:<\/strong><\/td>\n<\/tr>\n<tr>\n<td colspan=\"5\" width=\"380\">C<sub>1<\/sub>\u2013la condition de temp\u00e9rature est de -45\u00b0C~+50\u00b0C<\/td>\n<\/tr>\n<tr>\n<td colspan=\"5\" width=\"380\">C<sub>2<\/sub>\u2013la condition de temp\u00e9rature est de -60\u00b0C~+50\u00b0C<\/td>\n<\/tr>\n<\/tbody>\n<\/table>\n<\/div>\n<\/div>","protected":false},"excerpt":{"rendered":"<p>\u00a0Caract\u00e9ristiques\/Avantages Le produit s\u00e9lectionne la toile de coton, la toile de nylon ou la toile EP comme toile. Le caoutchouc de couverture s\u00e9lectionne un m\u00e9lange de NR et de BR, qui poss\u00e8de les propri\u00e9t\u00e9s<span class=\"excerpt-hellip\"> [\u2026]<\/span><\/p>","protected":false},"featured_media":2662,"comment_status":"closed","ping_status":"closed","template":"","meta":{"_acf_changed":false,"_joinchat":[]},"product_brand":[],"product_cat":[53],"product_tag":[106],"class_list":{"0":"post-1221","1":"product","2":"type-product","3":"status-publish","4":"has-post-thumbnail","6":"product_cat-rubber-belt","7":"product_tag-conveyor-belts","9":"first","10":"instock","11":"shipping-taxable","12":"product-type-simple"},"acf":[],"_links":{"self":[{"href":"https:\/\/www.hitbelt.com\/fr\/wp-json\/wp\/v2\/product\/1221","targetHints":{"allow":["GET"]}}],"collection":[{"href":"https:\/\/www.hitbelt.com\/fr\/wp-json\/wp\/v2\/product"}],"about":[{"href":"https:\/\/www.hitbelt.com\/fr\/wp-json\/wp\/v2\/types\/product"}],"replies":[{"embeddable":true,"href":"https:\/\/www.hitbelt.com\/fr\/wp-json\/wp\/v2\/comments?post=1221"}],"wp:featuredmedia":[{"embeddable":true,"href":"https:\/\/www.hitbelt.com\/fr\/wp-json\/wp\/v2\/media\/2662"}],"wp:attachment":[{"href":"https:\/\/www.hitbelt.com\/fr\/wp-json\/wp\/v2\/media?parent=1221"}],"wp:term":[{"taxonomy":"product_brand","embeddable":true,"href":"https:\/\/www.hitbelt.com\/fr\/wp-json\/wp\/v2\/product_brand?post=1221"},{"taxonomy":"product_cat","embeddable":true,"href":"https:\/\/www.hitbelt.com\/fr\/wp-json\/wp\/v2\/product_cat?post=1221"},{"taxonomy":"product_tag","embeddable":true,"href":"https:\/\/www.hitbelt.com\/fr\/wp-json\/wp\/v2\/product_tag?post=1221"}],"curies":[{"name":"wp","href":"https:\/\/api.w.org\/{rel}","templated":true}]}}