{"id":1217,"date":"2023-07-14T07:22:11","date_gmt":"2023-07-14T07:22:11","guid":{"rendered":"https:\/\/www.hitbelt.com\/?post_type=product&#038;p=1217"},"modified":"2024-02-21T07:12:17","modified_gmt":"2024-02-21T07:12:17","slug":"flame-resistant-belt","status":"publish","type":"product","link":"https:\/\/www.hitbelt.com\/fr\/produit\/flame-resistant-belt","title":{"rendered":"Ceinture ignifuge"},"content":{"rendered":"<p><b>Caract\u00e9ristiques\/Avantages<\/b><br \/>\nLe produit est fabriqu\u00e9 en toile de coton, en toile de nylon ou en toile EP et fini par le processus de calandrage, d&#039;assemblage, de vulcanisation, etc., adapt\u00e9 au transport de mat\u00e9riaux n\u00e9cessitant des courroies ignifuges et conductrices statiques dans le traitement de l&#039;\u00e9nergie, de la chimie, de la lumi\u00e8re, de la m\u00e9tallurgie et du grain. Industries, dans des conditions d&#039;environnement inflammable ou explosif au-dessus des mines de charbon.<\/p>\n<p>&nbsp;<\/p>\n<div id=\"MODBLK_1384\" class=\"mod_block mb_UBLu8mPx_block\">\n<div class=\"com_con\">\n<table class=\"excel175\" cellspacing=\"0\" cellpadding=\"0\">\n<colgroup>\n<col width=\"63\" \/>\n<col width=\"95\" \/>\n<col width=\"86\" \/>\n<col width=\"81\" \/>\n<col width=\"41\" \/>\n<col width=\"100\" \/><\/colgroup>\n<tbody>\n<tr>\n<td class=\"excel176\" width=\"63\">Type de couverture<\/td>\n<td class=\"excel176\" width=\"95\">Normes<\/td>\n<td class=\"excel178\" width=\"86\">R\u00e9sistance \u00e0 la traction minimale (MPA)<\/td>\n<td class=\"excel178\" width=\"81\">Allongement minimum (%)<\/td>\n<td class=\"excel176\" width=\"41\">Abrasion<\/td>\n<td class=\"excel176\" width=\"100\">Mat\u00e9riel convoit\u00e9<\/td>\n<\/tr>\n<tr>\n<td class=\"excel177\" rowspan=\"9\">Ignifug\u00e9<\/td>\n<td class=\"excel177\">SANS-F<\/td>\n<td class=\"excel177\">17<\/td>\n<td class=\"excel177\">350<\/td>\n<td class=\"excel177\">180<\/td>\n<td class=\"excel179\" rowspan=\"9\" width=\"100\">Mat\u00e9riau pr\u00e9sentant un risque d&#039;incendie, par exemple le charbon<\/td>\n<\/tr>\n<tr>\n<td class=\"excel177\">IS-1891 (qualit\u00e9 FR)<\/td>\n<td class=\"excel177\">17<\/td>\n<td class=\"excel177\">350<\/td>\n<td class=\"excel177\">200<\/td>\n<\/tr>\n<tr>\n<td class=\"excel177\">ISO-340 (qualit\u00e9 FR)<\/td>\n<td class=\"excel177\">17<\/td>\n<td class=\"excel177\">350<\/td>\n<td class=\"excel177\">180<\/td>\n<\/tr>\n<tr>\n<td class=\"excel177\">AS-F (qualit\u00e9 FR)<\/td>\n<td class=\"excel177\">14<\/td>\n<td class=\"excel177\">300<\/td>\n<td class=\"excel177\">200<\/td>\n<\/tr>\n<tr>\n<td class=\"excel177\">AS-1332 (qualit\u00e9 FR)<\/td>\n<td class=\"excel177\">14<\/td>\n<td class=\"excel177\">300<\/td>\n<td class=\"excel177\">200<\/td>\n<\/tr>\n<tr>\n<td class=\"excel177\">Cat\u00e9gorie DIN S<\/td>\n<td class=\"excel177\">17<\/td>\n<td class=\"excel177\">350<\/td>\n<td class=\"excel177\">180<\/td>\n<\/tr>\n<tr>\n<td class=\"excel177\">Cat\u00e9gorie DIN K<\/td>\n<td class=\"excel177\">17<\/td>\n<td class=\"excel177\">400<\/td>\n<td class=\"excel177\">200<\/td>\n<\/tr>\n<tr>\n<td class=\"excel177\">MSHA-FR<\/td>\n<td class=\"excel177\">17<\/td>\n<td class=\"excel177\">350<\/td>\n<td class=\"excel177\">200<\/td>\n<\/tr>\n<tr>\n<td class=\"excel177\">CAN\/CSA (cat\u00e9gorie FR)<\/td>\n<td class=\"excel177\">17<\/td>\n<td class=\"excel177\">350<\/td>\n<td class=\"excel177\">200<\/td>\n<\/tr>\n<\/tbody>\n<\/table>\n<\/div>\n<\/div>","protected":false},"excerpt":{"rendered":"<p>Caract\u00e9ristiques\/Avantages Le produit est fabriqu\u00e9 en toile de coton, en toile de nylon ou en toile EP et fini par le processus de calandrage, d&#039;assemblage, de vulcanisation, etc., adapt\u00e9 au transport.<span class=\"excerpt-hellip\"> [\u2026]<\/span><\/p>","protected":false},"featured_media":2663,"comment_status":"closed","ping_status":"closed","template":"","meta":{"_acf_changed":false,"_joinchat":[]},"product_brand":[],"product_cat":[53],"product_tag":[106],"class_list":{"0":"post-1217","1":"product","2":"type-product","3":"status-publish","4":"has-post-thumbnail","6":"product_cat-rubber-belt","7":"product_tag-conveyor-belts","9":"first","10":"instock","11":"shipping-taxable","12":"product-type-simple"},"acf":[],"_links":{"self":[{"href":"https:\/\/www.hitbelt.com\/fr\/wp-json\/wp\/v2\/product\/1217","targetHints":{"allow":["GET"]}}],"collection":[{"href":"https:\/\/www.hitbelt.com\/fr\/wp-json\/wp\/v2\/product"}],"about":[{"href":"https:\/\/www.hitbelt.com\/fr\/wp-json\/wp\/v2\/types\/product"}],"replies":[{"embeddable":true,"href":"https:\/\/www.hitbelt.com\/fr\/wp-json\/wp\/v2\/comments?post=1217"}],"wp:featuredmedia":[{"embeddable":true,"href":"https:\/\/www.hitbelt.com\/fr\/wp-json\/wp\/v2\/media\/2663"}],"wp:attachment":[{"href":"https:\/\/www.hitbelt.com\/fr\/wp-json\/wp\/v2\/media?parent=1217"}],"wp:term":[{"taxonomy":"product_brand","embeddable":true,"href":"https:\/\/www.hitbelt.com\/fr\/wp-json\/wp\/v2\/product_brand?post=1217"},{"taxonomy":"product_cat","embeddable":true,"href":"https:\/\/www.hitbelt.com\/fr\/wp-json\/wp\/v2\/product_cat?post=1217"},{"taxonomy":"product_tag","embeddable":true,"href":"https:\/\/www.hitbelt.com\/fr\/wp-json\/wp\/v2\/product_tag?post=1217"}],"curies":[{"name":"wp","href":"https:\/\/api.w.org\/{rel}","templated":true}]}}