{"id":1201,"date":"2023-07-14T07:18:01","date_gmt":"2023-07-14T07:18:01","guid":{"rendered":"https:\/\/www.hitbelt.com\/?post_type=product&#038;p=1201"},"modified":"2024-02-21T08:55:28","modified_gmt":"2024-02-21T08:55:28","slug":"oil-resistant-conveyor-belts","status":"publish","type":"product","link":"https:\/\/www.hitbelt.com\/fr\/produit\/oil-resistant-conveyor-belts","title":{"rendered":"Bandes transporteuses r\u00e9sistantes \u00e0 l&#039;huile"},"content":{"rendered":"<p><strong>caract\u00e9ristiques du produit<\/strong><br \/>\n\u2013 La bande r\u00e9sistante \u00e0 l\u2019huile transporte des pi\u00e8ces et des composants enduits d\u2019huile de machine, du charbon trait\u00e9 \u00e0 l\u2019huile lourde dans les usines de cuisson et les centrales \u00e9lectriques, des dr\u00eaches de soja, de la viande de poisson et d\u2019autres mati\u00e8res huileuses. Mat\u00e9riaux contenant des solvants organiques non polaires et du carburant.<br \/>\n\u2013 La courroie compos\u00e9e de caoutchouc synth\u00e9tique r\u00e9sistant \u00e0 l\u2019huile a une bonne r\u00e9sistance aux effets dommageables rencontr\u00e9s lors du transport de mat\u00e9riaux contamin\u00e9s ou trait\u00e9s par l\u2019huile.<br \/>\n\u2013 La bande transporteuse r\u00e9sistante \u00e0 l&#039;huile peut \u00eatre divis\u00e9e en deux types selon les propri\u00e9t\u00e9s de la couverture\u00a0: type anti-abrasif (D) et type ordinaire (L).<\/p>\n<p><img loading=\"lazy\" decoding=\"async\" class=\"alignnone size-medium wp-image-1213\" src=\"https:\/\/www.hitbelt.com\/wp-content\/uploads\/2023\/07\/20131014175304_65575-500x318.png\" alt=\"\" width=\"500\" height=\"318\" srcset=\"https:\/\/www.hitbelt.com\/wp-content\/uploads\/2023\/07\/20131014175304_65575-500x318.png 500w, https:\/\/www.hitbelt.com\/wp-content\/uploads\/2023\/07\/20131014175304_65575-18x12.png 18w, https:\/\/www.hitbelt.com\/wp-content\/uploads\/2023\/07\/20131014175304_65575-118x75.png 118w, https:\/\/www.hitbelt.com\/wp-content\/uploads\/2023\/07\/20131014175304_65575-480x306.png 480w, https:\/\/www.hitbelt.com\/wp-content\/uploads\/2023\/07\/20131014175304_65575.png 515w\" sizes=\"auto, (max-width:767px) 480px, 500px\" \/> <img loading=\"lazy\" decoding=\"async\" class=\"alignnone size-medium wp-image-1215\" src=\"https:\/\/www.hitbelt.com\/wp-content\/uploads\/2023\/07\/20131014175407_92417-500x318.png\" alt=\"\" width=\"500\" height=\"318\" srcset=\"https:\/\/www.hitbelt.com\/wp-content\/uploads\/2023\/07\/20131014175407_92417-500x318.png 500w, https:\/\/www.hitbelt.com\/wp-content\/uploads\/2023\/07\/20131014175407_92417-18x12.png 18w, https:\/\/www.hitbelt.com\/wp-content\/uploads\/2023\/07\/20131014175407_92417-118x75.png 118w, https:\/\/www.hitbelt.com\/wp-content\/uploads\/2023\/07\/20131014175407_92417-480x306.png 480w, https:\/\/www.hitbelt.com\/wp-content\/uploads\/2023\/07\/20131014175407_92417.png 515w\" sizes=\"auto, (max-width:767px) 480px, 500px\" \/><\/p>\n<p style=\"font-weight: 400;\"><strong>Propri\u00e9t\u00e9 du caoutchouc de couverture<\/strong><\/p>\n<table style=\"font-weight: 400;\" width=\"640\">\n<tbody>\n<tr>\n<td width=\"49\"><strong>Article<\/strong><\/td>\n<td width=\"89\"><strong>R\u00e9sistance \u00e0 la traction\/MPA<\/strong><\/td>\n<td width=\"101\"><strong>Allongement \u00e0 la rupture 1%<\/strong><\/td>\n<td width=\"65\"><strong>Abrasion \/mm3<\/strong><\/td>\n<\/tr>\n<tr>\n<td width=\"49\">LO<\/td>\n<td width=\"89\">\u226514,0<\/td>\n<td width=\"101\">\u2265350<\/td>\n<td width=\"65\">\u2264200<\/td>\n<\/tr>\n<tr>\n<td width=\"49\">FAIRE<\/td>\n<td width=\"89\">\u226516,0<\/td>\n<td width=\"101\">\u2265350<\/td>\n<td width=\"65\">\u2264160<\/td>\n<\/tr>\n<\/tbody>\n<\/table>\n<p><span style=\"font-weight: 400;\">\u00a0<\/span><\/p>","protected":false},"excerpt":{"rendered":"<p>Caract\u00e9ristiques du produit \u2013 La bande r\u00e9sistante \u00e0 l&#039;huile transporte des pi\u00e8ces et des composants enduits d&#039;huile de machine, du charbon trait\u00e9 \u00e0 l&#039;huile lourde dans les usines de cuisson et les centrales \u00e9lectriques, du soja.<span class=\"excerpt-hellip\"> [\u2026]<\/span><\/p>","protected":false},"featured_media":2670,"comment_status":"closed","ping_status":"closed","template":"","meta":{"_acf_changed":false,"_joinchat":[]},"product_brand":[],"product_cat":[53],"product_tag":[106],"class_list":{"0":"post-1201","1":"product","2":"type-product","3":"status-publish","4":"has-post-thumbnail","6":"product_cat-rubber-belt","7":"product_tag-conveyor-belts","9":"first","10":"instock","11":"shipping-taxable","12":"product-type-simple"},"acf":[],"_links":{"self":[{"href":"https:\/\/www.hitbelt.com\/fr\/wp-json\/wp\/v2\/product\/1201","targetHints":{"allow":["GET"]}}],"collection":[{"href":"https:\/\/www.hitbelt.com\/fr\/wp-json\/wp\/v2\/product"}],"about":[{"href":"https:\/\/www.hitbelt.com\/fr\/wp-json\/wp\/v2\/types\/product"}],"replies":[{"embeddable":true,"href":"https:\/\/www.hitbelt.com\/fr\/wp-json\/wp\/v2\/comments?post=1201"}],"wp:featuredmedia":[{"embeddable":true,"href":"https:\/\/www.hitbelt.com\/fr\/wp-json\/wp\/v2\/media\/2670"}],"wp:attachment":[{"href":"https:\/\/www.hitbelt.com\/fr\/wp-json\/wp\/v2\/media?parent=1201"}],"wp:term":[{"taxonomy":"product_brand","embeddable":true,"href":"https:\/\/www.hitbelt.com\/fr\/wp-json\/wp\/v2\/product_brand?post=1201"},{"taxonomy":"product_cat","embeddable":true,"href":"https:\/\/www.hitbelt.com\/fr\/wp-json\/wp\/v2\/product_cat?post=1201"},{"taxonomy":"product_tag","embeddable":true,"href":"https:\/\/www.hitbelt.com\/fr\/wp-json\/wp\/v2\/product_tag?post=1201"}],"curies":[{"name":"wp","href":"https:\/\/api.w.org\/{rel}","templated":true}]}}