{"id":1189,"date":"2023-07-14T07:15:35","date_gmt":"2023-07-14T07:15:35","guid":{"rendered":"https:\/\/www.hitbelt.com\/?post_type=product&#038;p=1189"},"modified":"2024-02-22T07:08:44","modified_gmt":"2024-02-22T07:08:44","slug":"t2-5t5t10t20at5at10at15at20-dd","status":"publish","type":"product","link":"https:\/\/www.hitbelt.com\/fr\/produit\/t2-5t5t10t20at5at10at15at20-dd","title":{"rendered":"T2.5,T5,T10,T20,AT5,AT10,AT15,AT20 et DD"},"content":{"rendered":"<table class=\"ke-zeroborder\" style=\"height: 760px;\" border=\"0\" width=\"1107\" cellspacing=\"0\" cellpadding=\"0\">\n<tbody>\n<tr>\n<td colspan=\"2\" width=\"66\" height=\"17\">T5<\/td>\n<td width=\"71\"><\/td>\n<td width=\"61\"><\/td>\n<td width=\"47\"><\/td>\n<td colspan=\"8\" rowspan=\"7\">\n<p align=\"right\"><img loading=\"lazy\" decoding=\"async\" class=\"alignnone size-full wp-image-1192\" src=\"https:\/\/www.hitbelt.com\/wp-content\/uploads\/2023\/07\/pu-ope6.gif\" alt=\"\" width=\"284\" height=\"115\" \/><\/p>\n<\/td>\n<\/tr>\n<tr>\n<td colspan=\"3\" height=\"17\">Compos\u00e9 standard\u00a0:<\/td>\n<td colspan=\"2\">Polyur\u00e9thane 92 ShA<\/td>\n<\/tr>\n<tr>\n<td colspan=\"3\" height=\"17\">Tol\u00e9rance de largeur standard\u00a0:<\/td>\n<td>+\/-0,5mm<\/td>\n<td><\/td>\n<\/tr>\n<tr>\n<td colspan=\"3\" height=\"17\">\u00c9paisseur standard\u00a0:<\/td>\n<td colspan=\"2\">2,2 +\/-0,15mm<\/td>\n<\/tr>\n<tr>\n<td colspan=\"3\" height=\"17\">Tol\u00e9rance de longueur standard\u00a0:<\/td>\n<td colspan=\"2\">+\/-0,8 mm\/m<\/td>\n<\/tr>\n<tr>\n<td colspan=\"3\" height=\"17\">Longueur standard du rouleau\u00a0:<\/td>\n<td>100 m<\/td>\n<td><\/td>\n<\/tr>\n<tr>\n<td height=\"17\"><\/td>\n<td><\/td>\n<td><\/td>\n<td><\/td>\n<td><\/td>\n<\/tr>\n<tr>\n<td height=\"17\"><\/td>\n<td colspan=\"3\">LARGEURS STANDARD (pouces)<\/td>\n<td align=\"right\">6<\/td>\n<td align=\"right\">10<\/td>\n<td align=\"right\">16<\/td>\n<td align=\"right\">25<\/td>\n<td align=\"right\">32<\/td>\n<td align=\"right\">50<\/td>\n<td align=\"right\">75<\/td>\n<td align=\"right\">100<\/td>\n<td width=\"10\"><\/td>\n<\/tr>\n<tr>\n<td height=\"17\"><\/td>\n<td colspan=\"2\">Poids (gr\/m)<\/td>\n<td><\/td>\n<td align=\"right\">15<\/td>\n<td align=\"right\">20<\/td>\n<td align=\"right\">35<\/td>\n<td align=\"right\">55<\/td>\n<td align=\"right\">70<\/td>\n<td align=\"right\">105<\/td>\n<td align=\"right\">160<\/td>\n<td align=\"right\">220<\/td>\n<td width=\"10\"><\/td>\n<\/tr>\n<tr>\n<td rowspan=\"3\" height=\"51\"><\/td>\n<td rowspan=\"3\">Acier<\/td>\n<td colspan=\"2\">Charge de traction maximale (N)<\/td>\n<td>175<\/td>\n<td>355<\/td>\n<td>475<\/td>\n<td>800<\/td>\n<td>1005<\/td>\n<td>1660<\/td>\n<td>2280<\/td>\n<td>3060<\/td>\n<td width=\"10\"><\/td>\n<\/tr>\n<tr>\n<td colspan=\"2\" height=\"17\">R\u00e9sistance \u00e0 la rupture (N)<\/td>\n<td>710<\/td>\n<td>1425<\/td>\n<td>1900<\/td>\n<td>3205<\/td>\n<td>4035<\/td>\n<td>6650<\/td>\n<td>8665<\/td>\n<td>11635<\/td>\n<td width=\"10\"><\/td>\n<\/tr>\n<tr>\n<td colspan=\"2\" height=\"17\">Allongement \u00e0 MTL (mm\/m)<\/td>\n<td>4<\/td>\n<td>4<\/td>\n<td>4<\/td>\n<td>4<\/td>\n<td>4<\/td>\n<td>4<\/td>\n<td>4<\/td>\n<td>4<\/td>\n<td width=\"10\"><\/td>\n<\/tr>\n<tr>\n<td rowspan=\"3\" height=\"51\"><\/td>\n<td rowspan=\"3\">Kevlar<\/td>\n<td colspan=\"2\">Charge de traction maximale (N)<\/td>\n<td>395<\/td>\n<td>795<\/td>\n<td>1060<\/td>\n<td>1795<\/td>\n<td>2260<\/td>\n<td>3720<\/td>\n<td>5110<\/td>\n<td>6860<\/td>\n<td width=\"10\"><\/td>\n<\/tr>\n<tr>\n<td colspan=\"2\" height=\"17\">R\u00e9sistance \u00e0 la rupture (N)<\/td>\n<td>1595<\/td>\n<td>3190<\/td>\n<td>4255<\/td>\n<td>7180<\/td>\n<td>9040<\/td>\n<td>14895<\/td>\n<td>19415<\/td>\n<td>26065<\/td>\n<td width=\"10\"><\/td>\n<\/tr>\n<tr>\n<td colspan=\"2\" height=\"17\">Allongement \u00e0 MTL (mm\/m)<\/td>\n<td>8<\/td>\n<td>8<\/td>\n<td>8<\/td>\n<td>8<\/td>\n<td>8<\/td>\n<td>8<\/td>\n<td>8<\/td>\n<td>8<\/td>\n<td width=\"10\"><\/td>\n<\/tr>\n<tr>\n<td rowspan=\"3\" height=\"51\"><\/td>\n<td rowspan=\"3\">Inoxydable<\/td>\n<td colspan=\"2\">Charge de traction maximale (N)<\/td>\n<td>105<\/td>\n<td>210<\/td>\n<td>285<\/td>\n<td>480<\/td>\n<td>&#8211;<\/td>\n<td>&#8211;<\/td>\n<td>&#8211;<\/td>\n<td>&#8211;<\/td>\n<td width=\"10\"><\/td>\n<\/tr>\n<tr>\n<td colspan=\"2\" height=\"17\">R\u00e9sistance \u00e0 la rupture (N)<\/td>\n<td>425<\/td>\n<td>855<\/td>\n<td>1140<\/td>\n<td>1920<\/td>\n<td>&#8211;<\/td>\n<td>&#8211;<\/td>\n<td>&#8211;<\/td>\n<td>&#8211;<\/td>\n<td width=\"10\"><\/td>\n<\/tr>\n<tr>\n<td colspan=\"2\" height=\"17\">Allongement \u00e0 MTL (mm\/m)<\/td>\n<td>3,8<\/td>\n<td>3,8<\/td>\n<td>3,8<\/td>\n<td>3,8<\/td>\n<td>&#8211;<\/td>\n<td>&#8211;<\/td>\n<td>&#8211;<\/td>\n<td>&#8211;<\/td>\n<\/tr>\n<\/tbody>\n<\/table>\n<table class=\"ke-zeroborder\" style=\"height: 757px;\" border=\"0\" width=\"1108\" cellspacing=\"0\" cellpadding=\"0\">\n<tbody>\n<tr>\n<td colspan=\"2\" width=\"66\" height=\"17\">T10<\/td>\n<td width=\"71\"><\/td>\n<td width=\"61\"><\/td>\n<td width=\"47\"><\/td>\n<td colspan=\"8\" rowspan=\"7\">\n<p align=\"right\"><img loading=\"lazy\" decoding=\"async\" class=\"alignnone size-full wp-image-1193\" src=\"https:\/\/www.hitbelt.com\/wp-content\/uploads\/2023\/07\/pu-ope7.gif\" alt=\"\" width=\"296\" height=\"115\" \/><\/p>\n<\/td>\n<\/tr>\n<tr>\n<td colspan=\"3\" height=\"17\">Compos\u00e9 standard\u00a0:<\/td>\n<td colspan=\"2\">Polyur\u00e9thane 92 ShA<\/td>\n<\/tr>\n<tr>\n<td colspan=\"3\" height=\"17\">Tol\u00e9rance de largeur standard\u00a0:<\/td>\n<td>+\/-0,5mm<\/td>\n<td><\/td>\n<\/tr>\n<tr>\n<td colspan=\"3\" height=\"17\">\u00c9paisseur standard\u00a0:<\/td>\n<td colspan=\"2\">4,5 +\/-0,3mm<\/td>\n<\/tr>\n<tr>\n<td colspan=\"3\" height=\"17\">Tol\u00e9rance de longueur standard\u00a0:<\/td>\n<td colspan=\"2\">+\/-0,8 mm\/m<\/td>\n<\/tr>\n<tr>\n<td colspan=\"3\" height=\"17\">Longueur standard du rouleau\u00a0:<\/td>\n<td>100 m<\/td>\n<td><\/td>\n<\/tr>\n<tr>\n<td height=\"17\"><\/td>\n<td><\/td>\n<td><\/td>\n<td><\/td>\n<td><\/td>\n<\/tr>\n<tr>\n<td height=\"17\"><\/td>\n<td colspan=\"3\">LARGEURS STANDARD (pouces)<\/td>\n<td align=\"right\">12<\/td>\n<td align=\"right\">16<\/td>\n<td align=\"right\">25<\/td>\n<td align=\"right\">32<\/td>\n<td align=\"right\">50<\/td>\n<td align=\"right\">75<\/td>\n<td align=\"right\">100<\/td>\n<td align=\"right\">150<\/td>\n<td width=\"10\"><\/td>\n<\/tr>\n<tr>\n<td height=\"17\"><\/td>\n<td colspan=\"2\">Poids (gr\/m)<\/td>\n<td><\/td>\n<td align=\"right\">50<\/td>\n<td align=\"right\">75<\/td>\n<td align=\"right\">115<\/td>\n<td align=\"right\">145<\/td>\n<td align=\"right\">225<\/td>\n<td align=\"right\">340<\/td>\n<td align=\"right\">435<\/td>\n<td align=\"right\">680<\/td>\n<td width=\"10\"><\/td>\n<\/tr>\n<tr>\n<td rowspan=\"3\" height=\"51\"><\/td>\n<td rowspan=\"3\">Acier<\/td>\n<td colspan=\"2\">Charge de traction maximale (N)<\/td>\n<td>995<\/td>\n<td>1395<\/td>\n<td>2290<\/td>\n<td>2890<\/td>\n<td>4785<\/td>\n<td>7665<\/td>\n<td>10290<\/td>\n<td>11855<\/td>\n<td width=\"10\"><\/td>\n<\/tr>\n<tr>\n<td colspan=\"2\" height=\"17\">R\u00e9sistance \u00e0 la rupture (N)<\/td>\n<td>3990<\/td>\n<td>5585<\/td>\n<td>9175<\/td>\n<td>11570<\/td>\n<td>19150<\/td>\n<td>29125<\/td>\n<td>39100<\/td>\n<td>41495<\/td>\n<td width=\"10\"><\/td>\n<\/tr>\n<tr>\n<td colspan=\"2\" height=\"17\">Allongement \u00e0 MTL (mm\/m)<\/td>\n<td>4<\/td>\n<td>4<\/td>\n<td>4<\/td>\n<td>4<\/td>\n<td>4<\/td>\n<td>4<\/td>\n<td>4<\/td>\n<td>4<\/td>\n<td width=\"10\"><\/td>\n<\/tr>\n<tr>\n<td rowspan=\"3\" height=\"51\"><\/td>\n<td rowspan=\"3\">Kevlar<\/td>\n<td colspan=\"2\">Charge de traction maximale (N)<\/td>\n<td>895<\/td>\n<td>1150<\/td>\n<td>2050<\/td>\n<td>2565<\/td>\n<td>4360<\/td>\n<td>7020<\/td>\n<td>9450<\/td>\n<td>15240<\/td>\n<td width=\"10\"><\/td>\n<\/tr>\n<tr>\n<td colspan=\"2\" height=\"17\">R\u00e9sistance \u00e0 la rupture (N)<\/td>\n<td>3590<\/td>\n<td>4615<\/td>\n<td>8205<\/td>\n<td>10260<\/td>\n<td>17440<\/td>\n<td>26675<\/td>\n<td>35910<\/td>\n<td>53350<\/td>\n<td width=\"10\"><\/td>\n<\/tr>\n<tr>\n<td colspan=\"2\" height=\"17\">Allongement \u00e0 MTL (mm\/m)<\/td>\n<td>8<\/td>\n<td>8<\/td>\n<td>8<\/td>\n<td>8<\/td>\n<td>8<\/td>\n<td>8<\/td>\n<td>8<\/td>\n<td>8<\/td>\n<td width=\"10\"><\/td>\n<\/tr>\n<tr>\n<td rowspan=\"3\" height=\"51\"><\/td>\n<td rowspan=\"3\">Inoxydable<\/td>\n<td colspan=\"2\">Charge de traction maximale (N)<\/td>\n<td>805<\/td>\n<td>1130<\/td>\n<td>1855<\/td>\n<td>2340<\/td>\n<td>3875<\/td>\n<td>&#8211;<\/td>\n<td>&#8211;<\/td>\n<td>&#8211;<\/td>\n<td width=\"10\"><\/td>\n<\/tr>\n<tr>\n<td colspan=\"2\" height=\"17\">R\u00e9sistance \u00e0 la rupture (N)<\/td>\n<td>3230<\/td>\n<td>4520<\/td>\n<td>7425<\/td>\n<td>9365<\/td>\n<td>15500<\/td>\n<td>&#8211;<\/td>\n<td>&#8211;<\/td>\n<td>&#8211;<\/td>\n<td width=\"10\"><\/td>\n<\/tr>\n<tr>\n<td colspan=\"2\" height=\"17\">Allongement \u00e0 MTL (mm\/m)<\/td>\n<td>3,8<\/td>\n<td>3,8<\/td>\n<td>3,8<\/td>\n<td>3,8<\/td>\n<td>3,8<\/td>\n<td>&#8211;<\/td>\n<td>&#8211;<\/td>\n<td>&#8211;<\/td>\n<\/tr>\n<\/tbody>\n<\/table>\n<table class=\"ke-zeroborder\" style=\"height: 758px;\" border=\"0\" width=\"1110\" cellspacing=\"0\" cellpadding=\"0\">\n<tbody>\n<tr>\n<td colspan=\"2\" height=\"17\">T20<\/td>\n<td><\/td>\n<td width=\"66\"><\/td>\n<td width=\"61\"><\/td>\n<td colspan=\"6\" rowspan=\"7\">\n<p align=\"right\"><img loading=\"lazy\" decoding=\"async\" class=\"alignnone size-full wp-image-1194\" src=\"https:\/\/www.hitbelt.com\/wp-content\/uploads\/2023\/07\/pu-ope8.gif\" alt=\"\" width=\"296\" height=\"115\" \/><\/p>\n<\/td>\n<\/tr>\n<tr>\n<td colspan=\"3\" height=\"17\">Compos\u00e9 standard\u00a0:<\/td>\n<td colspan=\"2\">Polyur\u00e9thane 92 ShA<\/td>\n<\/tr>\n<tr>\n<td colspan=\"3\" height=\"17\">Tol\u00e9rance de largeur standard\u00a0:<\/td>\n<td>+\/-1mm<\/td>\n<td><\/td>\n<\/tr>\n<tr>\n<td colspan=\"3\" height=\"17\">\u00c9paisseur standard\u00a0:<\/td>\n<td colspan=\"2\">8 +\/-0,45mm<\/td>\n<\/tr>\n<tr>\n<td colspan=\"3\" height=\"17\">Tol\u00e9rance de longueur standard\u00a0:<\/td>\n<td>+\/-0,8 mm\/m<\/td>\n<td><\/td>\n<\/tr>\n<tr>\n<td colspan=\"3\" height=\"17\">Longueur standard du rouleau\u00a0:<\/td>\n<td>100 m<\/td>\n<td><\/td>\n<\/tr>\n<tr>\n<td height=\"17\"><\/td>\n<td width=\"62\"><\/td>\n<td width=\"67\"><\/td>\n<td><\/td>\n<td><\/td>\n<\/tr>\n<tr>\n<td height=\"17\"><\/td>\n<td colspan=\"3\">LARGEURS STANDARD (pouces)<\/td>\n<td align=\"right\">25<\/td>\n<td align=\"right\">32<\/td>\n<td align=\"right\">50<\/td>\n<td align=\"right\">75<\/td>\n<td align=\"right\">100<\/td>\n<td align=\"right\">150<\/td>\n<td width=\"11\"><\/td>\n<\/tr>\n<tr>\n<td height=\"17\"><\/td>\n<td colspan=\"2\">Poids (gr\/m)<\/td>\n<td><\/td>\n<td align=\"right\">185<\/td>\n<td align=\"right\">235<\/td>\n<td align=\"right\">370<\/td>\n<td align=\"right\">550<\/td>\n<td align=\"right\">735<\/td>\n<td align=\"right\">1095<\/td>\n<td width=\"11\"><\/td>\n<\/tr>\n<tr>\n<td rowspan=\"3\" height=\"51\"><\/td>\n<td rowspan=\"3\" width=\"62\">Acier<\/td>\n<td colspan=\"2\">Charge de traction maximale (N)<\/td>\n<td>3610<\/td>\n<td>4510<\/td>\n<td>7670<\/td>\n<td>12350<\/td>\n<td>16625<\/td>\n<td>26815<\/td>\n<td width=\"11\"><\/td>\n<\/tr>\n<tr>\n<td colspan=\"2\" height=\"17\">R\u00e9sistance \u00e0 la rupture (N)<\/td>\n<td>14440<\/td>\n<td>18050<\/td>\n<td>30685<\/td>\n<td>46930<\/td>\n<td>63175<\/td>\n<td>93860<\/td>\n<td width=\"11\"><\/td>\n<\/tr>\n<tr>\n<td colspan=\"2\" height=\"17\">Allongement \u00e0 MTL (mm\/m)<\/td>\n<td>4<\/td>\n<td>4<\/td>\n<td>4<\/td>\n<td>4<\/td>\n<td>4<\/td>\n<td>4<\/td>\n<td width=\"11\"><\/td>\n<\/tr>\n<tr>\n<td rowspan=\"3\" height=\"51\"><\/td>\n<td rowspan=\"3\" width=\"62\">Kevlar<\/td>\n<td colspan=\"2\">Charge de traction maximale (N)<\/td>\n<td>4215<\/td>\n<td>5620<\/td>\n<td>9135<\/td>\n<td>14800<\/td>\n<td>19975<\/td>\n<td>32940<\/td>\n<td width=\"11\"><\/td>\n<\/tr>\n<tr>\n<td colspan=\"2\" height=\"17\">R\u00e9sistance \u00e0 la rupture (N)<\/td>\n<td>16870<\/td>\n<td>22495<\/td>\n<td>36555<\/td>\n<td>56240<\/td>\n<td>75920<\/td>\n<td>115290<\/td>\n<td width=\"11\"><\/td>\n<\/tr>\n<tr>\n<td colspan=\"2\" height=\"17\">Allongement \u00e0 MTL (mm\/m)<\/td>\n<td>8<\/td>\n<td>8<\/td>\n<td>8<\/td>\n<td>8<\/td>\n<td>8<\/td>\n<td>8<\/td>\n<td width=\"11\"><\/td>\n<\/tr>\n<tr>\n<td rowspan=\"3\" height=\"51\"><\/td>\n<td rowspan=\"3\" width=\"62\">Inoxydable<\/td>\n<td colspan=\"2\">Charge de traction maximale (N)<\/td>\n<td>2865<\/td>\n<td>3585<\/td>\n<td>6095<\/td>\n<td>&#8211;<\/td>\n<td>&#8211;<\/td>\n<td>&#8211;<\/td>\n<td width=\"11\"><\/td>\n<\/tr>\n<tr>\n<td colspan=\"2\" height=\"17\">R\u00e9sistance \u00e0 la rupture (N)<\/td>\n<td>11475<\/td>\n<td>14345<\/td>\n<td>24385<\/td>\n<td>&#8211;<\/td>\n<td>&#8211;<\/td>\n<td>&#8211;<\/td>\n<td width=\"11\"><\/td>\n<\/tr>\n<tr>\n<td colspan=\"2\" height=\"17\">Allongement \u00e0 MTL (mm\/m)<\/td>\n<td>3,8<\/td>\n<td>3,8<\/td>\n<td>3,8<\/td>\n<td>&#8211;<\/td>\n<td>&#8211;<\/td>\n<td>&#8211;<\/td>\n<\/tr>\n<\/tbody>\n<\/table>\n<table class=\"ke-zeroborder\" style=\"height: 699px;\" border=\"0\" width=\"1111\" cellspacing=\"0\" cellpadding=\"0\">\n<colgroup>\n<col width=\"10\" \/>\n<col width=\"56\" \/>\n<col width=\"71\" \/>\n<col width=\"61\" \/>\n<col span=\"8\" width=\"47\" \/>\n<col width=\"5\" \/><\/colgroup>\n<tbody>\n<tr>\n<td colspan=\"2\" width=\"66\" height=\"17\">AT5<\/td>\n<td width=\"71\"><\/td>\n<td width=\"61\"><\/td>\n<td width=\"47\"><\/td>\n<td colspan=\"8\" rowspan=\"7\">\n<p align=\"right\"><img loading=\"lazy\" decoding=\"async\" class=\"alignnone size-full wp-image-1195\" src=\"https:\/\/www.hitbelt.com\/wp-content\/uploads\/2023\/07\/pu-ope9.gif\" alt=\"\" width=\"298\" height=\"117\" \/><\/p>\n<\/td>\n<\/tr>\n<tr>\n<td colspan=\"3\" height=\"17\">Compos\u00e9 standard\u00a0:<\/td>\n<td colspan=\"2\">Polyur\u00e9thane 92 ShA<\/td>\n<\/tr>\n<tr>\n<td colspan=\"3\" height=\"17\">Tol\u00e9rance de largeur standard\u00a0:<\/td>\n<td>+\/-0,5mm<\/td>\n<td><\/td>\n<\/tr>\n<tr>\n<td colspan=\"3\" height=\"17\">\u00c9paisseur standard\u00a0:<\/td>\n<td colspan=\"2\">2,7 +\/-0,2mm<\/td>\n<\/tr>\n<tr>\n<td colspan=\"3\" height=\"17\">Tol\u00e9rance de longueur standard\u00a0:<\/td>\n<td colspan=\"2\">+\/-0,8 mm\/m<\/td>\n<\/tr>\n<tr>\n<td colspan=\"3\" height=\"17\">Longueur standard du rouleau\u00a0:<\/td>\n<td>100 m<\/td>\n<td><\/td>\n<\/tr>\n<tr>\n<td height=\"17\"><\/td>\n<td><\/td>\n<td><\/td>\n<td><\/td>\n<td><\/td>\n<\/tr>\n<tr>\n<td height=\"17\"><\/td>\n<td colspan=\"3\">LARGEURS STANDARD (pouces)<\/td>\n<td align=\"right\">6<\/td>\n<td align=\"right\">10<\/td>\n<td align=\"right\">16<\/td>\n<td align=\"right\">25<\/td>\n<td align=\"right\">32<\/td>\n<td align=\"right\">50<\/td>\n<td align=\"right\">75<\/td>\n<td align=\"right\">100<\/td>\n<td width=\"10\"><\/td>\n<\/tr>\n<tr>\n<td height=\"17\"><\/td>\n<td colspan=\"2\">Poids (gr\/m)<\/td>\n<td><\/td>\n<td align=\"right\">20<\/td>\n<td align=\"right\">35<\/td>\n<td align=\"right\">50<\/td>\n<td align=\"right\">80<\/td>\n<td align=\"right\">105<\/td>\n<td align=\"right\">165<\/td>\n<td align=\"right\">245<\/td>\n<td align=\"right\">340<\/td>\n<td width=\"10\"><\/td>\n<\/tr>\n<tr>\n<td rowspan=\"3\" height=\"51\"><\/td>\n<td rowspan=\"3\">Acier<\/td>\n<td colspan=\"2\">Charge de traction maximale (N)<\/td>\n<td>380<\/td>\n<td>635<\/td>\n<td>1015<\/td>\n<td>1715<\/td>\n<td>2160<\/td>\n<td>3560<\/td>\n<td>4890<\/td>\n<td>6565<\/td>\n<td width=\"10\"><\/td>\n<\/tr>\n<tr>\n<td colspan=\"2\" height=\"17\">R\u00e9sistance \u00e0 la rupture (N)<\/td>\n<td>1525<\/td>\n<td>2545<\/td>\n<td>4070<\/td>\n<td>6870<\/td>\n<td>8655<\/td>\n<td>14255<\/td>\n<td>18585<\/td>\n<td>24950<\/td>\n<td width=\"10\"><\/td>\n<\/tr>\n<tr>\n<td colspan=\"2\" height=\"17\">Allongement \u00e0 MTL (mm\/m)<\/td>\n<td>4<\/td>\n<td>4<\/td>\n<td>4<\/td>\n<td>4<\/td>\n<td>4<\/td>\n<td>4<\/td>\n<td>4<\/td>\n<td>4<\/td>\n<td width=\"10\"><\/td>\n<\/tr>\n<tr>\n<td rowspan=\"3\" height=\"51\"><\/td>\n<td rowspan=\"3\">Kevlar<\/td>\n<td colspan=\"2\">Charge de traction maximale (N)<\/td>\n<td>395<\/td>\n<td>665<\/td>\n<td>1060<\/td>\n<td>1795<\/td>\n<td>2260<\/td>\n<td>3720<\/td>\n<td>5110<\/td>\n<td>6860<\/td>\n<td width=\"10\"><\/td>\n<\/tr>\n<tr>\n<td colspan=\"2\" height=\"17\">R\u00e9sistance \u00e0 la rupture (N)<\/td>\n<td>1595<\/td>\n<td>2660<\/td>\n<td>4255<\/td>\n<td>7180<\/td>\n<td>9040<\/td>\n<td>14895<\/td>\n<td>19415<\/td>\n<td>26065<\/td>\n<td width=\"10\"><\/td>\n<\/tr>\n<tr>\n<td colspan=\"2\" height=\"17\">Allongement \u00e0 MTL (mm\/m)<\/td>\n<td>8<\/td>\n<td>8<\/td>\n<td>8<\/td>\n<td>8<\/td>\n<td>8<\/td>\n<td>8<\/td>\n<td>8<\/td>\n<td>8<\/td>\n<td width=\"10\"><\/td>\n<\/tr>\n<tr>\n<td rowspan=\"3\" height=\"51\"><\/td>\n<td rowspan=\"3\">Inoxydable<\/td>\n<td colspan=\"2\">Charge de traction maximale (N)<\/td>\n<td>310<\/td>\n<td>520<\/td>\n<td>835<\/td>\n<td>1410<\/td>\n<td>&#8211;<\/td>\n<td>&#8211;<\/td>\n<td>&#8211;<\/td>\n<td>&#8211;<\/td>\n<td width=\"10\"><\/td>\n<\/tr>\n<tr>\n<td colspan=\"2\" height=\"17\">R\u00e9sistance \u00e0 la rupture (N)<\/td>\n<td>1250<\/td>\n<td>2090<\/td>\n<td>3340<\/td>\n<td>5640<\/td>\n<td>&#8211;<\/td>\n<td>&#8211;<\/td>\n<td>&#8211;<\/td>\n<td>&#8211;<\/td>\n<td width=\"10\"><\/td>\n<\/tr>\n<tr>\n<td colspan=\"2\" height=\"17\">Allongement \u00e0 MTL (mm\/m)<\/td>\n<td>3,8<\/td>\n<td>3,8<\/td>\n<td>3,8<\/td>\n<td>3,8<\/td>\n<td>&#8211;<\/td>\n<td>&#8211;<\/td>\n<td>&#8211;<\/td>\n<td>&#8211;<\/td>\n<\/tr>\n<\/tbody>\n<\/table>\n<table class=\"ke-zeroborder\" style=\"height: 760px;\" border=\"0\" width=\"1112\" cellspacing=\"0\" cellpadding=\"0\">\n<tbody>\n<tr>\n<td colspan=\"2\" width=\"66\" height=\"17\">\u00c0 10<\/td>\n<td width=\"71\"><\/td>\n<td width=\"61\"><\/td>\n<td width=\"53\"><\/td>\n<td colspan=\"7\" rowspan=\"7\">\n<p align=\"right\"><img loading=\"lazy\" decoding=\"async\" class=\"alignnone size-full wp-image-1196\" src=\"https:\/\/www.hitbelt.com\/wp-content\/uploads\/2023\/07\/pu-ope10.gif\" alt=\"\" width=\"298\" height=\"117\" \/><\/p>\n<\/td>\n<\/tr>\n<tr>\n<td colspan=\"3\" height=\"17\">Compos\u00e9 standard\u00a0:<\/td>\n<td colspan=\"2\">Polyur\u00e9thane 92 ShA<\/td>\n<\/tr>\n<tr>\n<td colspan=\"3\" height=\"17\">Tol\u00e9rance de largeur standard\u00a0:<\/td>\n<td>+\/-0,5mm<\/td>\n<td><\/td>\n<\/tr>\n<tr>\n<td colspan=\"3\" height=\"17\">\u00c9paisseur standard\u00a0:<\/td>\n<td colspan=\"2\">4,5 +\/-0,3mm<\/td>\n<\/tr>\n<tr>\n<td colspan=\"3\" height=\"17\">Tol\u00e9rance de longueur standard\u00a0:<\/td>\n<td colspan=\"2\">+\/-0,8 mm\/m<\/td>\n<\/tr>\n<tr>\n<td colspan=\"3\" height=\"17\">Longueur standard du rouleau\u00a0:<\/td>\n<td>100 m<\/td>\n<td><\/td>\n<\/tr>\n<tr>\n<td height=\"17\"><\/td>\n<td><\/td>\n<td><\/td>\n<td><\/td>\n<td><\/td>\n<\/tr>\n<tr>\n<td height=\"17\"><\/td>\n<td colspan=\"3\">LARGEURS STANDARD (pouces)<\/td>\n<td align=\"right\">16<\/td>\n<td align=\"right\">25<\/td>\n<td align=\"right\">32<\/td>\n<td align=\"right\">50<\/td>\n<td align=\"right\">75<\/td>\n<td align=\"right\">100<\/td>\n<td align=\"right\">150<\/td>\n<td width=\"14\"><\/td>\n<\/tr>\n<tr>\n<td height=\"17\"><\/td>\n<td colspan=\"2\">Poids (gr\/m)<\/td>\n<td><\/td>\n<td align=\"right\">90<\/td>\n<td align=\"right\">160<\/td>\n<td align=\"right\">185<\/td>\n<td align=\"right\">290<\/td>\n<td align=\"right\">435<\/td>\n<td align=\"right\">580<\/td>\n<td align=\"right\">890<\/td>\n<td width=\"14\"><\/td>\n<\/tr>\n<tr>\n<td rowspan=\"3\" height=\"51\"><\/td>\n<td rowspan=\"3\">Acier<\/td>\n<td colspan=\"2\">Charge de traction maximale (N)<\/td>\n<td>2030<\/td>\n<td>3610<\/td>\n<td>4510<\/td>\n<td>7670<\/td>\n<td>12350<\/td>\n<td>16625<\/td>\n<td>26815<\/td>\n<td width=\"14\"><\/td>\n<\/tr>\n<tr>\n<td colspan=\"2\" height=\"17\">R\u00e9sistance \u00e0 la rupture (N)<\/td>\n<td>8120<\/td>\n<td>14440<\/td>\n<td>18050<\/td>\n<td>30685<\/td>\n<td>46930<\/td>\n<td>63175<\/td>\n<td>93860<\/td>\n<td width=\"14\"><\/td>\n<\/tr>\n<tr>\n<td colspan=\"2\" height=\"17\">Allongement \u00e0 MTL (mm\/m)<\/td>\n<td>4<\/td>\n<td>4<\/td>\n<td>4<\/td>\n<td>4<\/td>\n<td>4<\/td>\n<td>4<\/td>\n<td>4<\/td>\n<td width=\"14\"><\/td>\n<\/tr>\n<tr>\n<td rowspan=\"3\" height=\"51\"><\/td>\n<td rowspan=\"3\">Kevlar<\/td>\n<td colspan=\"2\">Charge de traction maximale (N)<\/td>\n<td>2105<\/td>\n<td>4215<\/td>\n<td>5620<\/td>\n<td>9135<\/td>\n<td>14800<\/td>\n<td>19980<\/td>\n<td>32940<\/td>\n<td width=\"14\"><\/td>\n<\/tr>\n<tr>\n<td colspan=\"2\" height=\"17\">R\u00e9sistance \u00e0 la rupture (N)<\/td>\n<td>8435<\/td>\n<td>16870<\/td>\n<td>22495<\/td>\n<td>36555<\/td>\n<td>56240<\/td>\n<td>75920<\/td>\n<td>115290<\/td>\n<td width=\"14\"><\/td>\n<\/tr>\n<tr>\n<td colspan=\"2\" height=\"17\">Allongement \u00e0 MTL (mm\/m)<\/td>\n<td>8<\/td>\n<td>8<\/td>\n<td>8<\/td>\n<td>8<\/td>\n<td>8<\/td>\n<td>8<\/td>\n<td>8<\/td>\n<td width=\"14\"><\/td>\n<\/tr>\n<tr>\n<td rowspan=\"3\" height=\"51\"><\/td>\n<td rowspan=\"3\">Inoxydable<\/td>\n<td colspan=\"2\">Charge de traction maximale (N)<\/td>\n<td>1610<\/td>\n<td>2865<\/td>\n<td>3585<\/td>\n<td>6095<\/td>\n<td>&#8211;<\/td>\n<td>&#8211;<\/td>\n<td>&#8211;<\/td>\n<td width=\"14\"><\/td>\n<\/tr>\n<tr>\n<td colspan=\"2\" height=\"17\">R\u00e9sistance \u00e0 la rupture (N)<\/td>\n<td>6455<\/td>\n<td>11475<\/td>\n<td>14345<\/td>\n<td>24385<\/td>\n<td>&#8211;<\/td>\n<td>&#8211;<\/td>\n<td>&#8211;<\/td>\n<td width=\"14\"><\/td>\n<\/tr>\n<tr>\n<td colspan=\"2\" height=\"17\">Allongement \u00e0 MTL (mm\/m)<\/td>\n<td>3,8<\/td>\n<td>3,8<\/td>\n<td>3,8<\/td>\n<td>3,8<\/td>\n<td>&#8211;<\/td>\n<td>&#8211;<\/td>\n<td>&#8211;<\/td>\n<\/tr>\n<\/tbody>\n<\/table>\n<table class=\"ke-zeroborder\" style=\"height: 558px;\" border=\"0\" width=\"1114\" cellspacing=\"0\" cellpadding=\"0\">\n<tbody>\n<tr>\n<td colspan=\"2\" width=\"66\" height=\"17\">\u00c020<\/td>\n<td width=\"71\"><\/td>\n<td width=\"61\"><\/td>\n<td width=\"53\"><\/td>\n<td colspan=\"7\" rowspan=\"7\">\n<p align=\"right\"><img loading=\"lazy\" decoding=\"async\" class=\"alignnone size-full wp-image-1197\" src=\"https:\/\/www.hitbelt.com\/wp-content\/uploads\/2023\/07\/pu-ope8-1.gif\" alt=\"\" width=\"296\" height=\"115\" \/><\/p>\n<\/td>\n<\/tr>\n<tr>\n<td colspan=\"3\" height=\"17\">Compos\u00e9 standard\u00a0:<\/td>\n<td colspan=\"2\">Polyur\u00e9thane 92 ShA<\/td>\n<\/tr>\n<tr>\n<td colspan=\"3\" height=\"17\">Tol\u00e9rance de largeur standard\u00a0:<\/td>\n<td>+\/-1mm<\/td>\n<td><\/td>\n<\/tr>\n<tr>\n<td colspan=\"3\" height=\"17\">\u00c9paisseur standard\u00a0:<\/td>\n<td colspan=\"2\">8 +\/-0,45mm<\/td>\n<\/tr>\n<tr>\n<td colspan=\"3\" height=\"17\">Tol\u00e9rance de longueur standard\u00a0:<\/td>\n<td colspan=\"2\">+\/-0,8 mm\/m<\/td>\n<\/tr>\n<tr>\n<td colspan=\"3\" height=\"17\">Longueur standard du rouleau\u00a0:<\/td>\n<td>100 m<\/td>\n<td><\/td>\n<\/tr>\n<tr>\n<td height=\"17\"><\/td>\n<td><\/td>\n<td><\/td>\n<td><\/td>\n<td><\/td>\n<\/tr>\n<tr>\n<td height=\"17\"><\/td>\n<td colspan=\"3\">LARGEURS STANDARD (pouces)<\/td>\n<td align=\"right\">25<\/td>\n<td align=\"right\">32<\/td>\n<td align=\"right\">50<\/td>\n<td align=\"right\">75<\/td>\n<td align=\"right\">100<\/td>\n<td align=\"right\">150<\/td>\n<td align=\"right\">200<\/td>\n<td width=\"14\"><\/td>\n<\/tr>\n<tr>\n<td height=\"17\"><\/td>\n<td colspan=\"2\">Poids (gr\/m)<\/td>\n<td><\/td>\n<td align=\"right\">225<\/td>\n<td align=\"right\">310<\/td>\n<td align=\"right\">480<\/td>\n<td align=\"right\">720<\/td>\n<td align=\"right\">960<\/td>\n<td align=\"right\">1425<\/td>\n<td align=\"right\">1935<\/td>\n<td width=\"14\"><\/td>\n<\/tr>\n<tr>\n<td rowspan=\"3\" height=\"51\"><\/td>\n<td rowspan=\"3\">Acier<\/td>\n<td colspan=\"2\">Charge de traction maximale (N)<\/td>\n<td>4930<\/td>\n<td>6570<\/td>\n<td>10680<\/td>\n<td>17300<\/td>\n<td>23355<\/td>\n<td>38500<\/td>\n<td>48835<\/td>\n<td width=\"14\"><\/td>\n<\/tr>\n<tr>\n<td colspan=\"2\" height=\"17\">R\u00e9sistance \u00e0 la rupture (N)<\/td>\n<td>19720<\/td>\n<td>26295<\/td>\n<td>42730<\/td>\n<td>65740<\/td>\n<td>88745<\/td>\n<td>134765<\/td>\n<td>170920<\/td>\n<td width=\"14\"><\/td>\n<\/tr>\n<tr>\n<td colspan=\"2\" height=\"17\">Allongement \u00e0 MTL (mm\/m)<\/td>\n<td>4<\/td>\n<td>4<\/td>\n<td>4<\/td>\n<td>4<\/td>\n<td>4<\/td>\n<td>4<\/td>\n<td>4<\/td>\n<td width=\"14\"><\/td>\n<\/tr>\n<tr>\n<td rowspan=\"3\" height=\"51\"><\/td>\n<td rowspan=\"3\">Kevlar<\/td>\n<td colspan=\"2\">Charge de traction maximale (N)<\/td>\n<td>4215<\/td>\n<td>5620<\/td>\n<td>9135<\/td>\n<td>14800<\/td>\n<td>19980<\/td>\n<td>32940<\/td>\n<td>41775<\/td>\n<td width=\"14\"><\/td>\n<\/tr>\n<tr>\n<td colspan=\"2\" height=\"17\">R\u00e9sistance \u00e0 la rupture (N)<\/td>\n<td>16870<\/td>\n<td>22495<\/td>\n<td>36555<\/td>\n<td>56240<\/td>\n<td>75920<\/td>\n<td>115290<\/td>\n<td>146220<\/td>\n<td width=\"14\"><\/td>\n<\/tr>\n<tr>\n<td colspan=\"2\" height=\"17\">Allongement \u00e0 MTL (mm\/m)<\/td>\n<td>8<\/td>\n<td>8<\/td>\n<td>8<\/td>\n<td>8<\/td>\n<td>8<\/td>\n<td>8<\/td>\n<td>8<\/td>\n<\/tr>\n<\/tbody>\n<\/table>\n<p><img loading=\"lazy\" decoding=\"async\" class=\"alignnone size-full wp-image-1198\" src=\"https:\/\/www.hitbelt.com\/wp-content\/uploads\/2023\/07\/pu-open-belt-2.gif\" alt=\"\" width=\"272\" height=\"123\" \/><\/p>","protected":false},"excerpt":{"rendered":"<p>T5 Compos\u00e9 standard : Polyur\u00e9thane 92 ShA Tol\u00e9rance standard sur la largeur : +\/-0,5 mm \u00c9paisseur standard : 2,2 +\/-0,15 mm Tol\u00e9rance standard sur la longueur : +\/-0,8 mm\/m Longueur standard du rouleau : 100 m<span class=\"excerpt-hellip\"> [\u2026]<\/span><\/p>","protected":false},"featured_media":2682,"comment_status":"closed","ping_status":"closed","template":"","meta":{"_acf_changed":false,"_joinchat":[]},"product_brand":[],"product_cat":[109],"product_tag":[110],"class_list":{"0":"post-1189","1":"product","2":"type-product","3":"status-publish","4":"has-post-thumbnail","6":"product_cat-pu-belts","7":"product_tag-pu-opne-timing-belt","9":"first","10":"instock","11":"shipping-taxable","12":"product-type-simple"},"acf":[],"_links":{"self":[{"href":"https:\/\/www.hitbelt.com\/fr\/wp-json\/wp\/v2\/product\/1189","targetHints":{"allow":["GET"]}}],"collection":[{"href":"https:\/\/www.hitbelt.com\/fr\/wp-json\/wp\/v2\/product"}],"about":[{"href":"https:\/\/www.hitbelt.com\/fr\/wp-json\/wp\/v2\/types\/product"}],"replies":[{"embeddable":true,"href":"https:\/\/www.hitbelt.com\/fr\/wp-json\/wp\/v2\/comments?post=1189"}],"wp:featuredmedia":[{"embeddable":true,"href":"https:\/\/www.hitbelt.com\/fr\/wp-json\/wp\/v2\/media\/2682"}],"wp:attachment":[{"href":"https:\/\/www.hitbelt.com\/fr\/wp-json\/wp\/v2\/media?parent=1189"}],"wp:term":[{"taxonomy":"product_brand","embeddable":true,"href":"https:\/\/www.hitbelt.com\/fr\/wp-json\/wp\/v2\/product_brand?post=1189"},{"taxonomy":"product_cat","embeddable":true,"href":"https:\/\/www.hitbelt.com\/fr\/wp-json\/wp\/v2\/product_cat?post=1189"},{"taxonomy":"product_tag","embeddable":true,"href":"https:\/\/www.hitbelt.com\/fr\/wp-json\/wp\/v2\/product_tag?post=1189"}],"curies":[{"name":"wp","href":"https:\/\/api.w.org\/{rel}","templated":true}]}}