{"id":1153,"date":"2023-07-14T06:41:18","date_gmt":"2023-07-14T06:41:18","guid":{"rendered":"https:\/\/www.hitbelt.com\/?post_type=product&#038;p=1153"},"modified":"2023-07-14T06:42:36","modified_gmt":"2023-07-14T06:42:36","slug":"double-sided","status":"publish","type":"product","link":"https:\/\/www.hitbelt.com\/fr\/produit\/double-sided","title":{"rendered":"Double face"},"content":{"rendered":"<p>Ces courroies trap\u00e9zo\u00efdales double poly sont constitu\u00e9es des meilleurs composants conformes aux normes du march\u00e9 dans notre zone de travail. Nous fournissons ces courroies trap\u00e9zo\u00efdales double poly en grande quantit\u00e9 afin de satisfaire nos clients. Nos clients importants peuvent acheter ces courroies trap\u00e9zo\u00efdales double poly en grande quantit\u00e9 sans compromettre la qualit\u00e9.<\/p>\n<p>&nbsp;<\/p>\n<h4>Gamme de production<\/h4>\n<table class=\"excel702\" cellspacing=\"0\" cellpadding=\"0\">\n<colgroup>\n<col class=\"c1\" width=\"53\" \/>\n<col class=\"c2\" width=\"87\" \/>\n<col class=\"c3\" width=\"65\" \/>\n<col class=\"c4\" width=\"105\" \/>\n<col class=\"c5\" width=\"95\" \/>\n<col class=\"c3\" width=\"65\" \/><\/colgroup>\n<tbody>\n<tr class=\"c11\">\n<td class=\"excel712 c6\" width=\"53\">Taper<\/td>\n<td class=\"excel712 c7\" width=\"87\">Distance du centre<\/td>\n<td class=\"excel712 c8\" width=\"65\">\u00c9paisseur<\/td>\n<td class=\"excel712 c9\" width=\"105\">Gamme de production<\/td>\n<td class=\"excel712 c10\" width=\"95\">Norme de longueur<\/td>\n<td class=\"excel712 c8\" width=\"65\">C\u00f4tes lev\u00e9es maximales<\/td>\n<\/tr>\n<tr class=\"c13\">\n<td class=\"excel710 c12\"><\/td>\n<td class=\"excel709\">(mm)<\/td>\n<td class=\"excel709\">(mm)<\/td>\n<td class=\"excel709\">(mm)<\/td>\n<td class=\"excel709\">(Le)<\/td>\n<td class=\"excel709\">(C\u00f4tes)<\/td>\n<\/tr>\n<tr class=\"c11\">\n<td class=\"excel711 c14\">DPJ<\/td>\n<td class=\"excel711\">2.34<\/td>\n<td class=\"excel711\">5.6<\/td>\n<td class=\"excel711\">650 &#8211; 6000<\/td>\n<td class=\"excel711\">mm<\/td>\n<td class=\"excel711\">22 \/ 80<\/td>\n<\/tr>\n<tr class=\"c11\">\n<td class=\"excel709 c14\">DPK<\/td>\n<td class=\"excel709\">3.56<\/td>\n<td class=\"excel709\">8.8<\/td>\n<td class=\"excel709\">650 &#8211; 6000<\/td>\n<td class=\"excel709\">mm<\/td>\n<td class=\"excel709\">16 \/ 32<\/td>\n<\/tr>\n<tr class=\"c11\">\n<td class=\"excel711 c14\">chef du projet Debian<\/td>\n<td class=\"excel711\">4.7<\/td>\n<td class=\"excel711\">15<\/td>\n<td class=\"excel711\">650 &#8211; 6000<\/td>\n<td class=\"excel711\">mm<\/td>\n<td class=\"excel711\">14 \/ 28 \/ 45<\/td>\n<\/tr>\n<\/tbody>\n<\/table>","protected":false},"excerpt":{"rendered":"<p>Haute efficacit\u00e9<br \/>\nSans entretien<br \/>\nBelle finition<\/p>","protected":false},"featured_media":1155,"comment_status":"closed","ping_status":"closed","template":"","meta":{"_acf_changed":false,"_joinchat":[]},"product_brand":[],"product_cat":[53],"product_tag":[105],"class_list":{"0":"post-1153","1":"product","2":"type-product","3":"status-publish","4":"has-post-thumbnail","6":"product_cat-rubber-belt","7":"product_tag-poly-v-belts","9":"first","10":"instock","11":"shipping-taxable","12":"product-type-simple"},"acf":[],"_links":{"self":[{"href":"https:\/\/www.hitbelt.com\/fr\/wp-json\/wp\/v2\/product\/1153","targetHints":{"allow":["GET"]}}],"collection":[{"href":"https:\/\/www.hitbelt.com\/fr\/wp-json\/wp\/v2\/product"}],"about":[{"href":"https:\/\/www.hitbelt.com\/fr\/wp-json\/wp\/v2\/types\/product"}],"replies":[{"embeddable":true,"href":"https:\/\/www.hitbelt.com\/fr\/wp-json\/wp\/v2\/comments?post=1153"}],"wp:featuredmedia":[{"embeddable":true,"href":"https:\/\/www.hitbelt.com\/fr\/wp-json\/wp\/v2\/media\/1155"}],"wp:attachment":[{"href":"https:\/\/www.hitbelt.com\/fr\/wp-json\/wp\/v2\/media?parent=1153"}],"wp:term":[{"taxonomy":"product_brand","embeddable":true,"href":"https:\/\/www.hitbelt.com\/fr\/wp-json\/wp\/v2\/product_brand?post=1153"},{"taxonomy":"product_cat","embeddable":true,"href":"https:\/\/www.hitbelt.com\/fr\/wp-json\/wp\/v2\/product_cat?post=1153"},{"taxonomy":"product_tag","embeddable":true,"href":"https:\/\/www.hitbelt.com\/fr\/wp-json\/wp\/v2\/product_tag?post=1153"}],"curies":[{"name":"wp","href":"https:\/\/api.w.org\/{rel}","templated":true}]}}