{"id":1142,"date":"2023-07-14T06:32:00","date_gmt":"2023-07-14T06:32:00","guid":{"rendered":"https:\/\/www.hitbelt.com\/?post_type=product&#038;p=1142"},"modified":"2023-12-08T05:33:58","modified_gmt":"2023-12-08T05:33:58","slug":"molded-phpj","status":"publish","type":"product","link":"https:\/\/www.hitbelt.com\/fr\/produit\/molded-phpj","title":{"rendered":"PH moul\u00e9, PJ"},"content":{"rendered":"<p><b>Courroie nervur\u00e9e moul\u00e9e<\/b><br \/>\nLes courroies Poly-V moul\u00e9es industrielles fabriqu\u00e9es \u00e0 partir d&#039;une construction \u00e0 gaine ont une taille pr\u00e9cise, un service plus long, moins de bruit, moins de boulochage. (Pas par m\u00e9thode de broyage.)<br \/>\n<b>Caract\u00e9ristiques et avantages<\/b><br \/>\n\u2013 Rejoint par supersonique et sans chevauchement\u00a0;<br \/>\n\u2013 Plus stable, plus flexible, beaucoup moins de bruit, dur\u00e9e de vie plus longue\u00a0;<br \/>\n\u2013 Sp\u00e9cialement pour le syst\u00e8me de tension afin d&#039;\u00e9viter les bruits de fonctionnement caus\u00e9s par le chevauchement du tissu\u00a0;<br \/>\n\u2013 Fabriqu\u00e9 selon la technologie des encoches moul\u00e9es, offrant plus d\u2019avantages\u00a0;<br \/>\n\u2013 Moins d\u2019accumulation de chaleur, donc de meilleures performances.<\/p>\n<p>&nbsp;<\/p>\n<h4 class=\"artview_title\">Gamme de production<\/h4>\n<div class=\"news_content\">\n<div id=\"div2\">\n<table border=\"0\" width=\"640\" cellspacing=\"0\" cellpadding=\"0\">\n<tbody>\n<tr>\n<td width=\"65\" height=\"30\">Code de ceinture<\/td>\n<td width=\"65\">Longueur<br \/>\n(pouce)<\/td>\n<td width=\"75\">Longueur efficace<\/td>\n<td width=\"81\">Max. C\u00f4tes<br \/>\n\/Manche<\/td>\n<td width=\"21\"><\/td>\n<td width=\"65\">Code de ceinture<\/td>\n<td width=\"65\">Longueur<br \/>\n(pouce)<\/td>\n<td width=\"75\">Longueur efficace<\/td>\n<td>Max. C\u00f4tes<br \/>\n\/Manche<\/td>\n<\/tr>\n<tr>\n<td height=\"15\">130J<\/td>\n<td>13<\/td>\n<td>330 millim\u00e8tres<\/td>\n<td>101<\/td>\n<td><\/td>\n<td>370J<\/td>\n<td>37<\/td>\n<td>940 millim\u00e8tres<\/td>\n<td width=\"70\">214<\/td>\n<\/tr>\n<tr>\n<td height=\"15\">140J<\/td>\n<td>14<\/td>\n<td>356 millim\u00e8tres<\/td>\n<td>101<\/td>\n<td><\/td>\n<td>374J<\/td>\n<td>37.4<\/td>\n<td>950 millim\u00e8tres<\/td>\n<td width=\"70\">214<\/td>\n<\/tr>\n<tr>\n<td height=\"15\">150J<\/td>\n<td>15<\/td>\n<td>381 millim\u00e8tres<\/td>\n<td>101<\/td>\n<td><\/td>\n<td>380J<\/td>\n<td>38<\/td>\n<td>965 millim\u00e8tres<\/td>\n<td width=\"70\">214<\/td>\n<\/tr>\n<tr>\n<td height=\"15\">160J<\/td>\n<td>16<\/td>\n<td>406 millim\u00e8tres<\/td>\n<td>101<\/td>\n<td><\/td>\n<td>390J<\/td>\n<td>39<\/td>\n<td>991 millim\u00e8tres<\/td>\n<td width=\"70\">214<\/td>\n<\/tr>\n<tr>\n<td height=\"15\">170J<\/td>\n<td>17<\/td>\n<td>432 millim\u00e8tres<\/td>\n<td>101<\/td>\n<td><\/td>\n<td>400J<\/td>\n<td>40<\/td>\n<td>1016 millim\u00e8tres<\/td>\n<td width=\"70\">214<\/td>\n<\/tr>\n<tr>\n<td height=\"15\">180J<\/td>\n<td>18<\/td>\n<td>457 millim\u00e8tres<\/td>\n<td>101<\/td>\n<td><\/td>\n<td>410J<\/td>\n<td>41<\/td>\n<td>1041 millim\u00e8tres<\/td>\n<td width=\"70\">214<\/td>\n<\/tr>\n<tr>\n<td height=\"15\">190J<\/td>\n<td>19<\/td>\n<td>483 millim\u00e8tres<\/td>\n<td>101<\/td>\n<td><\/td>\n<td>415J<\/td>\n<td>41.5<\/td>\n<td>1054 millim\u00e8tres<\/td>\n<td width=\"70\">214<\/td>\n<\/tr>\n<tr>\n<td height=\"15\">200J<\/td>\n<td>20<\/td>\n<td>508 millim\u00e8tres<\/td>\n<td>101<\/td>\n<td><\/td>\n<td>420J<\/td>\n<td>42<\/td>\n<td>1067 millim\u00e8tres<\/td>\n<td width=\"70\">214<\/td>\n<\/tr>\n<tr>\n<td height=\"15\">210J<\/td>\n<td>21<\/td>\n<td>533 millim\u00e8tres<\/td>\n<td>101<\/td>\n<td><\/td>\n<td>430J<\/td>\n<td>43<\/td>\n<td>1092 millim\u00e8tres<\/td>\n<td width=\"70\">214<\/td>\n<\/tr>\n<tr>\n<td height=\"15\">220J<\/td>\n<td>22<\/td>\n<td>559 millim\u00e8tres<\/td>\n<td>101<\/td>\n<td><\/td>\n<td>440J<\/td>\n<td>44<\/td>\n<td>1118 millim\u00e8tres<\/td>\n<td width=\"70\">214<\/td>\n<\/tr>\n<tr>\n<td height=\"15\">230J<\/td>\n<td>23<\/td>\n<td>584 millim\u00e8tres<\/td>\n<td>101<\/td>\n<td><\/td>\n<td>450J<\/td>\n<td>45<\/td>\n<td>1143 millim\u00e8tres<\/td>\n<td width=\"70\">214<\/td>\n<\/tr>\n<tr>\n<td height=\"15\">240J<\/td>\n<td>24<\/td>\n<td>610 millim\u00e8tres<\/td>\n<td>101<\/td>\n<td><\/td>\n<td>460J<\/td>\n<td>46<\/td>\n<td>1168 millim\u00e8tres<\/td>\n<td width=\"70\">214<\/td>\n<\/tr>\n<tr>\n<td height=\"15\">250J<\/td>\n<td>25<\/td>\n<td>635 millim\u00e8tres<\/td>\n<td>101<\/td>\n<td><\/td>\n<td>469J<\/td>\n<td>46.9<\/td>\n<td>1191 millim\u00e8tres<\/td>\n<td width=\"70\">214<\/td>\n<\/tr>\n<tr>\n<td height=\"15\">254J<\/td>\n<td>25.4<\/td>\n<td>645 millim\u00e8tres<\/td>\n<td>101<\/td>\n<td><\/td>\n<td>474J<\/td>\n<td>47.4<\/td>\n<td>1204 millim\u00e8tres<\/td>\n<td width=\"70\">214<\/td>\n<\/tr>\n<tr>\n<td height=\"15\">260J<\/td>\n<td>26<\/td>\n<td>660 millim\u00e8tres<\/td>\n<td>101<\/td>\n<td><\/td>\n<td>480J<\/td>\n<td>48<\/td>\n<td>1219 millim\u00e8tres<\/td>\n<td width=\"70\">214<\/td>\n<\/tr>\n<tr>\n<td height=\"15\">270J<\/td>\n<td>27<\/td>\n<td>686 millim\u00e8tres<\/td>\n<td>101<\/td>\n<td><\/td>\n<td>490J<\/td>\n<td>49<\/td>\n<td>1245 millim\u00e8tres<\/td>\n<td width=\"70\">214<\/td>\n<\/tr>\n<tr>\n<td height=\"15\">280J<\/td>\n<td>28<\/td>\n<td>711 millim\u00e8tres<\/td>\n<td>101<\/td>\n<td><\/td>\n<td>500J<\/td>\n<td>50<\/td>\n<td>1270 millim\u00e8tres<\/td>\n<td width=\"70\">214<\/td>\n<\/tr>\n<tr>\n<td height=\"15\">290J<\/td>\n<td>29<\/td>\n<td>737 millim\u00e8tres<\/td>\n<td>101<\/td>\n<td><\/td>\n<td>510J<\/td>\n<td>51<\/td>\n<td>1295 millim\u00e8tres<\/td>\n<td width=\"70\">214<\/td>\n<\/tr>\n<tr>\n<td height=\"15\">300J<\/td>\n<td>30<\/td>\n<td>762 millim\u00e8tres<\/td>\n<td>101<\/td>\n<td><\/td>\n<td>520J<\/td>\n<td>52<\/td>\n<td>1321 millim\u00e8tres<\/td>\n<td width=\"70\">214<\/td>\n<\/tr>\n<tr>\n<td height=\"15\">310J<\/td>\n<td>31<\/td>\n<td>787 millim\u00e8tres<\/td>\n<td>214<\/td>\n<td><\/td>\n<td>530J<\/td>\n<td>53<\/td>\n<td>1346 millim\u00e8tres<\/td>\n<td width=\"70\">214<\/td>\n<\/tr>\n<tr>\n<td height=\"15\">320J<\/td>\n<td>32<\/td>\n<td>813 millim\u00e8tres<\/td>\n<td>214<\/td>\n<td><\/td>\n<td>540J<\/td>\n<td>54<\/td>\n<td>1372 millim\u00e8tres<\/td>\n<td width=\"70\">214<\/td>\n<\/tr>\n<tr>\n<td height=\"15\">327J<\/td>\n<td>32.7<\/td>\n<td>831 millim\u00e8tres<\/td>\n<td>214<\/td>\n<td><\/td>\n<td>550J<\/td>\n<td>55<\/td>\n<td>1397 millim\u00e8tres<\/td>\n<td width=\"70\">214<\/td>\n<\/tr>\n<tr>\n<td height=\"15\">330J<\/td>\n<td>33<\/td>\n<td>838 millim\u00e8tres<\/td>\n<td>214<\/td>\n<td><\/td>\n<td>580J<\/td>\n<td>58<\/td>\n<td>1473 millim\u00e8tres<\/td>\n<td width=\"70\">214<\/td>\n<\/tr>\n<tr>\n<td height=\"15\">340J<\/td>\n<td>34<\/td>\n<td>864 millim\u00e8tres<\/td>\n<td>214<\/td>\n<td><\/td>\n<td>610J<\/td>\n<td>61<\/td>\n<td>1549 millim\u00e8tres<\/td>\n<td width=\"70\">214<\/td>\n<\/tr>\n<tr>\n<td height=\"15\">350J<\/td>\n<td>35<\/td>\n<td>889 millim\u00e8tres<\/td>\n<td>214<\/td>\n<td><\/td>\n<td>650J<\/td>\n<td>65<\/td>\n<td>1651 millim\u00e8tres<\/td>\n<td width=\"70\">214<\/td>\n<\/tr>\n<tr>\n<td height=\"15\">360J<\/td>\n<td>36<\/td>\n<td>914 millim\u00e8tres<\/td>\n<td>214<\/td>\n<td><\/td>\n<td>690J<\/td>\n<td>69<\/td>\n<td>1753 millim\u00e8tres<\/td>\n<td width=\"70\">214<\/td>\n<\/tr>\n<\/tbody>\n<\/table>\n<\/div>\n<\/div>","protected":false},"excerpt":{"rendered":"<p>La courroie en caoutchouc multi-coins combine les m\u00e9rites des courroies trap\u00e9zo\u00efdales et plates, c&#039;est-\u00e0-dire la douceur et la t\u00e9nacit\u00e9 des courroies plates ainsi que la compacit\u00e9 et la haute efficacit\u00e9 des courroies trap\u00e9zo\u00efdales. HIT propose des courroies poly trap\u00e9zo\u00efdales rectifi\u00e9es normales et des courroies Poly-V moul\u00e9es.<\/p>","protected":false},"featured_media":1135,"comment_status":"closed","ping_status":"closed","template":"","meta":{"_acf_changed":false,"_joinchat":[]},"product_brand":[],"product_cat":[53],"product_tag":[105],"class_list":{"0":"post-1142","1":"product","2":"type-product","3":"status-publish","4":"has-post-thumbnail","6":"product_cat-rubber-belt","7":"product_tag-poly-v-belts","9":"first","10":"instock","11":"shipping-taxable","12":"product-type-simple"},"acf":[],"_links":{"self":[{"href":"https:\/\/www.hitbelt.com\/fr\/wp-json\/wp\/v2\/product\/1142","targetHints":{"allow":["GET"]}}],"collection":[{"href":"https:\/\/www.hitbelt.com\/fr\/wp-json\/wp\/v2\/product"}],"about":[{"href":"https:\/\/www.hitbelt.com\/fr\/wp-json\/wp\/v2\/types\/product"}],"replies":[{"embeddable":true,"href":"https:\/\/www.hitbelt.com\/fr\/wp-json\/wp\/v2\/comments?post=1142"}],"wp:featuredmedia":[{"embeddable":true,"href":"https:\/\/www.hitbelt.com\/fr\/wp-json\/wp\/v2\/media\/1135"}],"wp:attachment":[{"href":"https:\/\/www.hitbelt.com\/fr\/wp-json\/wp\/v2\/media?parent=1142"}],"wp:term":[{"taxonomy":"product_brand","embeddable":true,"href":"https:\/\/www.hitbelt.com\/fr\/wp-json\/wp\/v2\/product_brand?post=1142"},{"taxonomy":"product_cat","embeddable":true,"href":"https:\/\/www.hitbelt.com\/fr\/wp-json\/wp\/v2\/product_cat?post=1142"},{"taxonomy":"product_tag","embeddable":true,"href":"https:\/\/www.hitbelt.com\/fr\/wp-json\/wp\/v2\/product_tag?post=1142"}],"curies":[{"name":"wp","href":"https:\/\/api.w.org\/{rel}","templated":true}]}}