{"id":1129,"date":"2023-07-14T06:29:04","date_gmt":"2023-07-14T06:29:04","guid":{"rendered":"https:\/\/www.hitbelt.com\/?post_type=product&#038;p=1129"},"modified":"2023-07-14T06:29:04","modified_gmt":"2023-07-14T06:29:04","slug":"grinded-phpjpkplpm","status":"publish","type":"product","link":"https:\/\/www.hitbelt.com\/fr\/produit\/grinded-phpjpkplpm","title":{"rendered":"PH broy\u00e9, PJ, PK, PL, PM"},"content":{"rendered":"<p><b>Courroies trap\u00e9zo\u00efdales en poly meul\u00e9es<\/b><br \/>\n\u2013 Haute puissance d\u2019\u00e9mission. Puissance de transmission trente pour cent (30%) sup\u00e9rieure \u00e0 celle des courroies trap\u00e9zo\u00efdales ordinaires pour la m\u00eame occupation rapide.<br \/>\n\u2013 Structure compacte du syst\u00e8me de transmission. Occupation d&#039;espace vingt-cinq pour cent (25%) inf\u00e9rieure \u00e0 celle d&#039;une unit\u00e9 de transmission avec courroie trap\u00e9zo\u00efdale ordinaire pour la m\u00eame puissance transf\u00e9r\u00e9e.<br \/>\n\u2013 Carcasse de ceinture fine et souple. Applicable aux transmissions avec poulies \u00e0 courroie de petit diam\u00e8tre et aux transmissions \u00e0 grande vitesse (jusqu&#039;\u00e0 40 m\/s). Faibles vibrations\u00a0; Faible g\u00e9n\u00e9ration de chaleur et fonctionnement stable.<br \/>\n\u2013 R\u00e9sistant \u00e0 la chaleur, \u00e0 l\u2019huile, \u00e0 l\u2019usure\u00a0; Faible taux d&#039;allongement\u00a0; Utilit\u00e9 longue dur\u00e9e.<\/p>\n<p><b>March\u00e9s\/Applications<\/b><br \/>\nBien adapt\u00e9 aux applications telles que les appareils \u00e9lectrom\u00e9nagers, les \u00e9quipements \u00e9lectriques ext\u00e9rieurs, les convoyeurs \u00e0 rouleaux, les machines-outils, les \u00e9quipements m\u00e9dicaux et les \u00e9quipements d&#039;exercice. Alors que les courroies PK sont largement utilis\u00e9es pour les applications automobiles.<\/p>\n<p>&nbsp;<\/p>\n<h4>Gamme de production<\/h4>\n<table class=\"excel691\" cellspacing=\"0\" cellpadding=\"0\">\n<tbody>\n<tr class=\"c11\">\n<td class=\"excel695 c6\" width=\"53\">ouais<\/td>\n<td class=\"excel695 c7\" width=\"87\">Distance du centre<\/td>\n<td class=\"excel695 c8\" width=\"65\">\u00c9paisseur<\/td>\n<td class=\"excel695 c9\" width=\"105\">Gamme de production<\/td>\n<td class=\"excel695 c10\" width=\"95\">Norme de longueur<\/td>\n<td class=\"excel695 c8\" width=\"65\">C\u00f4tes lev\u00e9es maximales<\/td>\n<\/tr>\n<tr class=\"c13\">\n<td class=\"excel693 c12\"><\/td>\n<td class=\"excel692\">(mm)<\/td>\n<td class=\"excel692\">(mm)<\/td>\n<td class=\"excel692\">(mm)<\/td>\n<td class=\"excel692\">(Le)<\/td>\n<td class=\"excel692\">(C\u00f4tes)<\/td>\n<\/tr>\n<tr class=\"c11\">\n<td class=\"excel694 c14\">PH<\/td>\n<td class=\"excel694\">1.6<\/td>\n<td class=\"excel694\">3<\/td>\n<td class=\"excel694\">419 &#8211; 5601<\/td>\n<td class=\"excel694\">pouce x 10<\/td>\n<td class=\"excel694\">305<\/td>\n<\/tr>\n<tr class=\"c11\">\n<td class=\"excel692 c14\">P J<\/td>\n<td class=\"excel692\">2.34<\/td>\n<td class=\"excel692\">3.5<\/td>\n<td class=\"excel692\">419 &#8211; 5601<\/td>\n<td class=\"excel692\">pouce x 10<\/td>\n<td class=\"excel692\">205<\/td>\n<\/tr>\n<tr class=\"c11\">\n<td class=\"excel694 c14\">PK<\/td>\n<td class=\"excel694\">3.56<\/td>\n<td class=\"excel694\">6<\/td>\n<td class=\"excel694\">432 &#8211; 5614<\/td>\n<td class=\"excel694\">mm<\/td>\n<td class=\"excel694\">135<\/td>\n<\/tr>\n<tr class=\"c11\">\n<td class=\"excel692 c14\">PL<\/td>\n<td class=\"excel692\">4.7<\/td>\n<td class=\"excel692\">9.5<\/td>\n<td class=\"excel692\">432 &#8211; 5614<\/td>\n<td class=\"excel692\">mm<\/td>\n<td class=\"excel692\">100<\/td>\n<\/tr>\n<tr class=\"c11\">\n<td class=\"excel694 c14\">MP<\/td>\n<td class=\"excel694\">9.4<\/td>\n<td class=\"excel694\">16.5<\/td>\n<td class=\"excel694\">432 &#8211; 5614<\/td>\n<td class=\"excel694\">mm<\/td>\n<td class=\"excel694\">45<\/td>\n<\/tr>\n<\/tbody>\n<\/table>","protected":false},"excerpt":{"rendered":"<p>La courroie en caoutchouc multi-coins combine les m\u00e9rites des courroies trap\u00e9zo\u00efdales et plates, c&#039;est-\u00e0-dire la douceur et la t\u00e9nacit\u00e9 des courroies plates ainsi que la compacit\u00e9 et la haute efficacit\u00e9 des courroies trap\u00e9zo\u00efdales. HIT propose des courroies poly trap\u00e9zo\u00efdales rectifi\u00e9es normales et des courroies Poly-V moul\u00e9es.<\/p>","protected":false},"featured_media":1135,"comment_status":"closed","ping_status":"closed","template":"","meta":{"_acf_changed":false,"_joinchat":[]},"product_brand":[],"product_cat":[53],"product_tag":[105],"class_list":{"0":"post-1129","1":"product","2":"type-product","3":"status-publish","4":"has-post-thumbnail","6":"product_cat-rubber-belt","7":"product_tag-poly-v-belts","9":"first","10":"instock","11":"shipping-taxable","12":"product-type-simple"},"acf":[],"_links":{"self":[{"href":"https:\/\/www.hitbelt.com\/fr\/wp-json\/wp\/v2\/product\/1129","targetHints":{"allow":["GET"]}}],"collection":[{"href":"https:\/\/www.hitbelt.com\/fr\/wp-json\/wp\/v2\/product"}],"about":[{"href":"https:\/\/www.hitbelt.com\/fr\/wp-json\/wp\/v2\/types\/product"}],"replies":[{"embeddable":true,"href":"https:\/\/www.hitbelt.com\/fr\/wp-json\/wp\/v2\/comments?post=1129"}],"wp:featuredmedia":[{"embeddable":true,"href":"https:\/\/www.hitbelt.com\/fr\/wp-json\/wp\/v2\/media\/1135"}],"wp:attachment":[{"href":"https:\/\/www.hitbelt.com\/fr\/wp-json\/wp\/v2\/media?parent=1129"}],"wp:term":[{"taxonomy":"product_brand","embeddable":true,"href":"https:\/\/www.hitbelt.com\/fr\/wp-json\/wp\/v2\/product_brand?post=1129"},{"taxonomy":"product_cat","embeddable":true,"href":"https:\/\/www.hitbelt.com\/fr\/wp-json\/wp\/v2\/product_cat?post=1129"},{"taxonomy":"product_tag","embeddable":true,"href":"https:\/\/www.hitbelt.com\/fr\/wp-json\/wp\/v2\/product_tag?post=1129"}],"curies":[{"name":"wp","href":"https:\/\/api.w.org\/{rel}","templated":true}]}}