{"id":1128,"date":"2023-07-14T06:13:54","date_gmt":"2023-07-14T06:13:54","guid":{"rendered":"https:\/\/www.hitbelt.com\/?post_type=product&#038;p=1128"},"modified":"2025-06-19T06:24:27","modified_gmt":"2025-06-19T06:24:27","slug":"flat-belts","status":"publish","type":"product","link":"https:\/\/www.hitbelt.com\/fr\/produit\/flat-belts","title":{"rendered":"Ceintures plates"},"content":{"rendered":"<p>Sp\u00e9cifications cl\u00e9s\/caract\u00e9ristiques sp\u00e9ciales<\/p>\n<p>Cordon de fibres\u00a0: 100% coton, nylon et m\u00e9lange de coton\u00a0;<br \/>\n\u00c9lastom\u00e8re : caoutchouc chloropr\u00e8ne de haute qualit\u00e9 ;<br \/>\nLargeur : 20 \u00e0 1 000 mm ;<br \/>\nPli : deux illimit\u00e9s ;<br \/>\nCouleurs : marron, beige et noir ;<br \/>\nBonne flexibilit\u00e9, viscosit\u00e9 \u00e9lev\u00e9e et faible taux d&#039;allongement.<\/p>\n<p><b>Applications du march\u00e9<\/b><\/p>\n<p>Utilis\u00e9 comme pour les machines \u00e0 farcir le riz et les aliments, les machines \u00e0 huile, les machines \u00e0 pierre et \u00e0 sable.<\/p>\n<p>&nbsp;<\/p>\n<a  class=\"button  button_size_2\"  href=\"https:\/\/www.hitbelt.com\/fr\/bicycles\/flat-belts\/\" target=\"_blank\"   ><span class=\"button_label\">V\u00e9rifiez les tailles disponibles<\/span><\/a>\n\n<p>&nbsp;<\/p>","protected":false},"excerpt":{"rendered":"<p>Utilisant un renfort \u00e0 haute intensit\u00e9, un l\u00e9ger allongement et anti-usure comme base solide, la courroie plate en caoutchouc \u00e0 grande vitesse se caract\u00e9rise par une forte puissance de transmission et une anti-usure. Utilisant du caoutchouc chloropr\u00e8ne import\u00e9, anti-chaleur, anti-huile, anti-usure et longue dur\u00e9e de vie. Ainsi, elle devient la courroie plate de transmission \u00e0 grande vitesse la plus satisfaisante.<\/p>","protected":false},"featured_media":2932,"comment_status":"closed","ping_status":"closed","template":"","meta":{"_acf_changed":false,"_joinchat":[]},"product_brand":[],"product_cat":[53],"product_tag":[104],"class_list":{"0":"post-1128","1":"product","2":"type-product","3":"status-publish","4":"has-post-thumbnail","6":"product_cat-rubber-belt","7":"product_tag-flat-belts","9":"first","10":"instock","11":"shipping-taxable","12":"product-type-simple"},"acf":[],"_links":{"self":[{"href":"https:\/\/www.hitbelt.com\/fr\/wp-json\/wp\/v2\/product\/1128","targetHints":{"allow":["GET"]}}],"collection":[{"href":"https:\/\/www.hitbelt.com\/fr\/wp-json\/wp\/v2\/product"}],"about":[{"href":"https:\/\/www.hitbelt.com\/fr\/wp-json\/wp\/v2\/types\/product"}],"replies":[{"embeddable":true,"href":"https:\/\/www.hitbelt.com\/fr\/wp-json\/wp\/v2\/comments?post=1128"}],"wp:featuredmedia":[{"embeddable":true,"href":"https:\/\/www.hitbelt.com\/fr\/wp-json\/wp\/v2\/media\/2932"}],"wp:attachment":[{"href":"https:\/\/www.hitbelt.com\/fr\/wp-json\/wp\/v2\/media?parent=1128"}],"wp:term":[{"taxonomy":"product_brand","embeddable":true,"href":"https:\/\/www.hitbelt.com\/fr\/wp-json\/wp\/v2\/product_brand?post=1128"},{"taxonomy":"product_cat","embeddable":true,"href":"https:\/\/www.hitbelt.com\/fr\/wp-json\/wp\/v2\/product_cat?post=1128"},{"taxonomy":"product_tag","embeddable":true,"href":"https:\/\/www.hitbelt.com\/fr\/wp-json\/wp\/v2\/product_tag?post=1128"}],"curies":[{"name":"wp","href":"https:\/\/api.w.org\/{rel}","templated":true}]}}