{"id":1106,"date":"2023-07-14T06:11:39","date_gmt":"2023-07-14T06:11:39","guid":{"rendered":"https:\/\/www.hitbelt.com\/?post_type=product&#038;p=1106"},"modified":"2025-06-24T01:43:13","modified_gmt":"2025-06-24T01:43:13","slug":"open-long-length","status":"publish","type":"product","link":"https:\/\/www.hitbelt.com\/fr\/produit\/open-long-length","title":{"rendered":"OUVERT"},"content":{"rendered":"<p><strong>Caract\u00e9ristiques\/Avantages<\/strong><br \/>\n\u2013 Dimensions constantes<br \/>\n- Sans bruit<br \/>\n\u2013 Entretien gratuit<br \/>\n\u2013 Grande flexibilit\u00e9 avec des c\u00e2bles en fibre de verre<br \/>\n\u2013 Faible pr\u00e9tension<br \/>\n\u2013 Longueur constante<br \/>\n\u2013 Haute r\u00e9sistance \u00e0 l\u2019abrasion<\/p>\n<p><strong>March\u00e9s\/Applications<\/strong><br \/>\n\u2013 Portes automatiques de garage<br \/>\n\u2013 Portes coulissantes automatiques<br \/>\n\u2013 Tables XY sur machines-outils<br \/>\n\u2013 Contr\u00f4le de niveau sur les ascenseurs<br \/>\n\u2013 Appareils de musculation<br \/>\n\u2013 Imprimantes<br \/>\n\u2013 Syst\u00e8mes de positionnement lin\u00e9aire<\/p>\n<p>&nbsp;<\/p>\n<h4>Gamme de production<\/h4>\n<a  class=\"button  button_size_2\"  href=\"https:\/\/www.hitbelt.com\/fr\/bicycles\/open-long-length\/\" target=\"_blank\"   ><span class=\"button_label\">V\u00e9rifiez les tailles disponibles<\/span><\/a>\n\n<div id=\"gtx-trans\" style=\"position: absolute; left: 96px; top: 578.93px;\">\n<div class=\"gtx-trans-icon\"><\/div>\n<\/div>","protected":false},"excerpt":{"rendered":"<p>Les courroies HIT Rubber Open Long length sont des courroies dent\u00e9es \u00e0 base de caoutchouc fabriqu\u00e9es avec des mat\u00e9riaux de haute qualit\u00e9. Elles sont particuli\u00e8rement adapt\u00e9es aux dispositifs d&#039;inversion et aux applications lorsque les mouvements de rotation doivent \u00eatre transform\u00e9s en mouvements lin\u00e9aires et qu&#039;une grande pr\u00e9cision de positionnement est requise.<\/p>","protected":false},"featured_media":1115,"comment_status":"closed","ping_status":"closed","template":"","meta":{"_acf_changed":false,"_joinchat":[]},"product_brand":[],"product_cat":[53],"product_tag":[103],"class_list":{"0":"post-1106","1":"product","2":"type-product","3":"status-publish","4":"has-post-thumbnail","6":"product_cat-rubber-belt","7":"product_tag-timing-belts","9":"first","10":"instock","11":"shipping-taxable","12":"product-type-simple"},"acf":[],"_links":{"self":[{"href":"https:\/\/www.hitbelt.com\/fr\/wp-json\/wp\/v2\/product\/1106","targetHints":{"allow":["GET"]}}],"collection":[{"href":"https:\/\/www.hitbelt.com\/fr\/wp-json\/wp\/v2\/product"}],"about":[{"href":"https:\/\/www.hitbelt.com\/fr\/wp-json\/wp\/v2\/types\/product"}],"replies":[{"embeddable":true,"href":"https:\/\/www.hitbelt.com\/fr\/wp-json\/wp\/v2\/comments?post=1106"}],"wp:featuredmedia":[{"embeddable":true,"href":"https:\/\/www.hitbelt.com\/fr\/wp-json\/wp\/v2\/media\/1115"}],"wp:attachment":[{"href":"https:\/\/www.hitbelt.com\/fr\/wp-json\/wp\/v2\/media?parent=1106"}],"wp:term":[{"taxonomy":"product_brand","embeddable":true,"href":"https:\/\/www.hitbelt.com\/fr\/wp-json\/wp\/v2\/product_brand?post=1106"},{"taxonomy":"product_cat","embeddable":true,"href":"https:\/\/www.hitbelt.com\/fr\/wp-json\/wp\/v2\/product_cat?post=1106"},{"taxonomy":"product_tag","embeddable":true,"href":"https:\/\/www.hitbelt.com\/fr\/wp-json\/wp\/v2\/product_tag?post=1106"}],"curies":[{"name":"wp","href":"https:\/\/api.w.org\/{rel}","templated":true}]}}