{"id":1101,"date":"2023-07-14T05:29:01","date_gmt":"2023-07-14T05:29:01","guid":{"rendered":"https:\/\/www.hitbelt.com\/?post_type=product&#038;p=1101"},"modified":"2023-07-14T06:11:59","modified_gmt":"2023-07-14T06:11:59","slug":"banded-2","status":"publish","type":"product","link":"https:\/\/www.hitbelt.com\/fr\/produit\/banded-2","title":{"rendered":"En bandes"},"content":{"rendered":"<p><b>Caract\u00e9ristiques\/Avantages<\/b><br \/>\n\u2013 Tr\u00e8s bonne transmission de puissance.<br \/>\n\u2013 Caract\u00e9ristiques de fonctionnement favorables en ce qui concerne les vibrations.<br \/>\n\u2013 Flexibilit\u00e9 exceptionnelle.<br \/>\n\u2013 Conception compacte et peu extensible.<\/p>\n<p><b>Description<\/b><br \/>\nLa bande assure une grande rigidit\u00e9 lat\u00e9rale, guidant la courroie en ligne droite et l&#039;emp\u00eachant de se d\u00e9tacher de l&#039;entra\u00eenement. Les parois lat\u00e9rales rendent la courroie bien adapt\u00e9e aux entra\u00eenements avec des r\u00e9as de plus petit diam\u00e8tre. Les cordons sont fortement li\u00e9s au corps de la ceinture, ce qui permet une r\u00e9partition \u00e9gale de la charge et une absorption des contraintes de flexion sans d\u00e9t\u00e9rioration du cordon.<\/p>\n<p><b>March\u00e9s\/Applications<\/b><br \/>\nRecommand\u00e9 pour les entra\u00eenements \u00e0 courroie trap\u00e9zo\u00efdale multiples expos\u00e9s \u00e0 des charges de pulsations ou de chocs importants qui peuvent faire fouetter, retourner ou sauter les courroies de l&#039;entra\u00eenement.<\/p>\n<p><img loading=\"lazy\" decoding=\"async\" class=\"alignnone size-full wp-image-1107\" src=\"https:\/\/www.hitbelt.com\/wp-content\/uploads\/2023\/07\/raw-edge-cogged-banded-v-Belt.gif\" alt=\"\" width=\"207\" height=\"99\" \/><\/p>\n<h4 class=\"artview_title\"><\/h4>\n<h4><strong>Gamme de production<\/strong><\/h4>\n<div class=\"news_content\">\n<div id=\"div2\">\n<table class=\"excel1\" cellspacing=\"0\" cellpadding=\"0\">\n<colgroup>\n<col span=\"5\" width=\"94\" \/><\/colgroup>\n<tbody>\n<tr>\n<td class=\"excel3\" width=\"94\">Code de pi\u00e8ce<\/td>\n<td class=\"excel3\" width=\"94\">Longueur<\/td>\n<td class=\"excel3\" width=\"94\">Longueur minimale<\/td>\n<td class=\"excel3\" width=\"94\">Longueur maximale<\/td>\n<td class=\"excel3\" width=\"94\">Bandes maximales<\/td>\n<\/tr>\n<tr>\n<td class=\"excel2\">R\/ZX<\/td>\n<td class=\"excel2\">Li<\/td>\n<td class=\"excel2\">500 millim\u00e8tres<\/td>\n<td class=\"excel2\">6000 millim\u00e8tres<\/td>\n<td class=\"excel2\">6<\/td>\n<\/tr>\n<tr>\n<td class=\"excel4\">R\/AX<\/td>\n<td class=\"excel4\">Li<\/td>\n<td class=\"excel4\">500 millim\u00e8tres<\/td>\n<td class=\"excel4\">6000 millim\u00e8tres<\/td>\n<td class=\"excel4\">6<\/td>\n<\/tr>\n<tr>\n<td class=\"excel2\">R\/BX<\/td>\n<td class=\"excel2\">Li<\/td>\n<td class=\"excel2\">500 millim\u00e8tres<\/td>\n<td class=\"excel2\">6000 millim\u00e8tres<\/td>\n<td class=\"excel2\">6<\/td>\n<\/tr>\n<tr>\n<td class=\"excel4\">R\/CX<\/td>\n<td class=\"excel4\">Li<\/td>\n<td class=\"excel4\">500 millim\u00e8tres<\/td>\n<td class=\"excel4\">6000 millim\u00e8tres<\/td>\n<td class=\"excel4\">6<\/td>\n<\/tr>\n<tr>\n<td class=\"excel2\">R\/DX<\/td>\n<td class=\"excel2\">Li<\/td>\n<td class=\"excel2\">500 millim\u00e8tres<\/td>\n<td class=\"excel2\">6000 millim\u00e8tres<\/td>\n<td class=\"excel2\">6<\/td>\n<\/tr>\n<tr>\n<td class=\"excel4\">R\/XPZ<\/td>\n<td class=\"excel4\">Lw<\/td>\n<td class=\"excel4\">500 millim\u00e8tres<\/td>\n<td class=\"excel4\">6000 millim\u00e8tres<\/td>\n<td class=\"excel4\">10<\/td>\n<\/tr>\n<tr>\n<td class=\"excel2\">R\/XPA<\/td>\n<td class=\"excel2\">Lw<\/td>\n<td class=\"excel2\">500 millim\u00e8tres<\/td>\n<td class=\"excel2\">6000 millim\u00e8tres<\/td>\n<td class=\"excel2\">6<\/td>\n<\/tr>\n<tr>\n<td class=\"excel4\">R\/XPB<\/td>\n<td class=\"excel4\">Lw<\/td>\n<td class=\"excel4\">500 millim\u00e8tres<\/td>\n<td class=\"excel4\">6000 millim\u00e8tres<\/td>\n<td class=\"excel4\">6<\/td>\n<\/tr>\n<tr>\n<td class=\"excel2\">R\/XPC<\/td>\n<td class=\"excel2\">Lw<\/td>\n<td class=\"excel2\">500 millim\u00e8tres<\/td>\n<td class=\"excel2\">6000 millim\u00e8tres<\/td>\n<td class=\"excel2\">5<\/td>\n<\/tr>\n<\/tbody>\n<\/table>\n<\/div>\n<\/div>\n<p>&nbsp;<\/p>","protected":false},"excerpt":{"rendered":"<p>La construction en bande permet \u00e0 plusieurs courroies de fonctionner comme une seule unit\u00e9, avec une r\u00e9partition uniforme de la charge et chaque brin s&#039;ajustant solidement dans la rainure de la poulie.<\/p>\n<p>&nbsp;<\/p>","protected":false},"featured_media":1108,"comment_status":"closed","ping_status":"closed","template":"","meta":{"_acf_changed":false,"_joinchat":[]},"product_brand":[],"product_cat":[53],"product_tag":[75],"class_list":{"0":"post-1101","1":"product","2":"type-product","3":"status-publish","4":"has-post-thumbnail","6":"product_cat-rubber-belt","7":"product_tag-cogged-v-belts","9":"first","10":"instock","11":"shipping-taxable","12":"product-type-simple"},"acf":[],"_links":{"self":[{"href":"https:\/\/www.hitbelt.com\/fr\/wp-json\/wp\/v2\/product\/1101","targetHints":{"allow":["GET"]}}],"collection":[{"href":"https:\/\/www.hitbelt.com\/fr\/wp-json\/wp\/v2\/product"}],"about":[{"href":"https:\/\/www.hitbelt.com\/fr\/wp-json\/wp\/v2\/types\/product"}],"replies":[{"embeddable":true,"href":"https:\/\/www.hitbelt.com\/fr\/wp-json\/wp\/v2\/comments?post=1101"}],"wp:featuredmedia":[{"embeddable":true,"href":"https:\/\/www.hitbelt.com\/fr\/wp-json\/wp\/v2\/media\/1108"}],"wp:attachment":[{"href":"https:\/\/www.hitbelt.com\/fr\/wp-json\/wp\/v2\/media?parent=1101"}],"wp:term":[{"taxonomy":"product_brand","embeddable":true,"href":"https:\/\/www.hitbelt.com\/fr\/wp-json\/wp\/v2\/product_brand?post=1101"},{"taxonomy":"product_cat","embeddable":true,"href":"https:\/\/www.hitbelt.com\/fr\/wp-json\/wp\/v2\/product_cat?post=1101"},{"taxonomy":"product_tag","embeddable":true,"href":"https:\/\/www.hitbelt.com\/fr\/wp-json\/wp\/v2\/product_tag?post=1101"}],"curies":[{"name":"wp","href":"https:\/\/api.w.org\/{rel}","templated":true}]}}