{"id":1094,"date":"2023-07-14T05:33:17","date_gmt":"2023-07-14T05:33:17","guid":{"rendered":"https:\/\/www.hitbelt.com\/?post_type=product&#038;p=1094"},"modified":"2025-06-24T01:32:49","modified_gmt":"2025-06-24T01:32:49","slug":"htd-dd","status":"publish","type":"product","link":"https:\/\/www.hitbelt.com\/fr\/produit\/htd-dd","title":{"rendered":"HTD et DD"},"content":{"rendered":"<p>Caract\u00e9ristiques\/Avantages<\/p>\n<p>\u2013 Le cordon de traction en fibre de verre offre une haute r\u00e9sistance, une excellente dur\u00e9e de vie en flexion et une haute r\u00e9sistance \u00e0 l\u2019allongement.<br \/>\n\u2013 Le corps en n\u00e9opr\u00e8ne offre une protection contre la crasse, la graisse, l\u2019huile et l\u2019humidit\u00e9.<br \/>\n\u2013 Le rev\u00eatement des dents en nylon offre une surface d&#039;usure durable pour une longue dur\u00e9e de vie.<br \/>\n\u2013 Augmentation de 30 % de la puissance nominale par rapport aux courroies de distribution traditionnelles.<br \/>\n\u2013 \u00c9limine la lubrification et la retension pour r\u00e9duire la maintenance et la main d\u2019\u0153uvre requise sur les entra\u00eenements.<br \/>\n\u2013 La forme optimis\u00e9e des dents permet de transmettre des charges \u00e9lev\u00e9es, m\u00eame sur de petits pas.<br \/>\n\u2013 Large plage de vitesse.<br \/>\n\u2013 Fonctionnement \u00e9conomique. Aucune lubrification n\u00e9cessaire, aucun r\u00e9glage d\u00fb \u00e0 l&#039;\u00e9tirement et \u00e0 l&#039;usure.<br \/>\n- Design compact.<br \/>\n\u2013 Longue dur\u00e9e de vie.<\/p>\n<p><b>Nos tailles disponibles, y compris<\/b><\/p>\n<table class=\"ke-zeroborder\" border=\"0\" width=\"424\" cellspacing=\"0\" cellpadding=\"0\">\n<colgroup>\n<col width=\"94\" \/>\n<col width=\"84\" \/>\n<col span=\"2\" width=\"84\" \/><\/colgroup>\n<tbody>\n<tr>\n<td height=\"15\">Taper<\/td>\n<td>pb (mm)<\/td>\n<td>hauteur (mm)<\/td>\n<td>hs (mm)<\/td>\n<\/tr>\n<tr>\n<td height=\"15\">\u00a0\u00a0\u00a02 millions de dollars &gt;&gt;<\/td>\n<td>2.0<\/td>\n<td>0.75<\/td>\n<td>1.36<\/td>\n<\/tr>\n<tr>\n<td height=\"15\">\u00a0\u00a0\u00a0HTD3M &gt;&gt;<\/td>\n<td>3.0<\/td>\n<td>1.17<\/td>\n<td>2.40<\/td>\n<\/tr>\n<tr>\n<td height=\"15\">\u00a0\u00a0\u00a05 millions de dollars &gt;&gt;<\/td>\n<td>5.0<\/td>\n<td>2.06<\/td>\n<td>3.80<\/td>\n<\/tr>\n<tr>\n<td height=\"15\">\u00a0\u00a0\u00a08 millions de dollars &gt;&gt;<\/td>\n<td>8.0<\/td>\n<td>3.36<\/td>\n<td>6.00<\/td>\n<\/tr>\n<tr>\n<td height=\"15\">\u00a0\u00a0\u00a014MHT &gt;&gt;<\/td>\n<td>14.0<\/td>\n<td>6.02<\/td>\n<td>10.00<\/td>\n<\/tr>\n<tr>\n<td height=\"15\">\u00a0\u00a0\u00a020MHT &gt;&gt;<\/td>\n<td>20.0<\/td>\n<td>8.40<\/td>\n<td>13.20<\/td>\n<\/tr>\n<\/tbody>\n<\/table>\n<p><img loading=\"lazy\" decoding=\"async\" class=\"alignnone size-medium wp-image-1096\" src=\"https:\/\/www.hitbelt.com\/wp-content\/uploads\/2023\/07\/rubber-timing-belts-pic.gif\" alt=\"\" width=\"280\" height=\"152\" \/> <img loading=\"lazy\" decoding=\"async\" class=\"alignnone size-medium wp-image-1097\" src=\"https:\/\/www.hitbelt.com\/wp-content\/uploads\/2023\/07\/rubber-timing-belt-3.gif\" alt=\"\" width=\"219\" height=\"246\" \/><\/p>\n<p>&nbsp;<\/p>\n<a  class=\"button  button_size_2\"  href=\"https:\/\/www.hitbelt.com\/fr\/bicycles\/rpp-dd\/\" target=\"_blank\"   ><span class=\"button_label\">V\u00e9rifiez les tailles disponibles<\/span><\/a>","protected":false},"excerpt":{"rendered":"<p>Convient \u00e0 de nombreuses applications, notamment le stockage de donn\u00e9es, les outils \u00e9lectriques manuels, la gestion postale, les robots culinaires, les machines de bureau, les centrifugeuses, la gestion de l&#039;argent, le diagnostic m\u00e9dical, les machines \u00e0 coudre, les distributeurs de billets, la robotique, les distributeurs automatiques et les aspirateurs.<\/p>","protected":false},"featured_media":1095,"comment_status":"closed","ping_status":"closed","template":"","meta":{"_acf_changed":false,"_joinchat":[]},"product_brand":[],"product_cat":[147,53],"product_tag":[103],"class_list":{"0":"post-1094","1":"product","2":"type-product","3":"status-publish","4":"has-post-thumbnail","6":"product_cat-home-products","7":"product_cat-rubber-belt","8":"product_tag-timing-belts","10":"first","11":"instock","12":"shipping-taxable","13":"product-type-simple"},"acf":[],"_links":{"self":[{"href":"https:\/\/www.hitbelt.com\/fr\/wp-json\/wp\/v2\/product\/1094","targetHints":{"allow":["GET"]}}],"collection":[{"href":"https:\/\/www.hitbelt.com\/fr\/wp-json\/wp\/v2\/product"}],"about":[{"href":"https:\/\/www.hitbelt.com\/fr\/wp-json\/wp\/v2\/types\/product"}],"replies":[{"embeddable":true,"href":"https:\/\/www.hitbelt.com\/fr\/wp-json\/wp\/v2\/comments?post=1094"}],"wp:featuredmedia":[{"embeddable":true,"href":"https:\/\/www.hitbelt.com\/fr\/wp-json\/wp\/v2\/media\/1095"}],"wp:attachment":[{"href":"https:\/\/www.hitbelt.com\/fr\/wp-json\/wp\/v2\/media?parent=1094"}],"wp:term":[{"taxonomy":"product_brand","embeddable":true,"href":"https:\/\/www.hitbelt.com\/fr\/wp-json\/wp\/v2\/product_brand?post=1094"},{"taxonomy":"product_cat","embeddable":true,"href":"https:\/\/www.hitbelt.com\/fr\/wp-json\/wp\/v2\/product_cat?post=1094"},{"taxonomy":"product_tag","embeddable":true,"href":"https:\/\/www.hitbelt.com\/fr\/wp-json\/wp\/v2\/product_tag?post=1094"}],"curies":[{"name":"wp","href":"https:\/\/api.w.org\/{rel}","templated":true}]}}