{"id":1089,"date":"2023-07-14T03:49:43","date_gmt":"2023-07-14T03:49:43","guid":{"rendered":"https:\/\/www.hitbelt.com\/?post_type=product&#038;p=1089"},"modified":"2025-06-24T01:35:24","modified_gmt":"2025-06-24T01:35:24","slug":"t2-5t5t10t20at5at10-dd","status":"publish","type":"product","link":"https:\/\/www.hitbelt.com\/fr\/produit\/t2-5t5t10t20at5at10-dd","title":{"rendered":"DENTS M\u00c9TRIQUES&amp;DD"},"content":{"rendered":"<p><b>March\u00e9s\/Applications<\/b><br \/>\nConvient aux machines de bureau, aux machines-outils, au mat\u00e9riel postal, aux machines \u00e0 coudre, aux distributeurs automatiques, \u00e0 l&#039;agriculture, aux \u00e9quipements \u00e9lectriques ext\u00e9rieurs, \u00e0 la transformation des aliments, au CVC, aux champs de p\u00e9trole, au bois, au papier, au sable et au gravier.<\/p>\n<p><b>Caract\u00e9ristiques\/Avantages<\/b><br \/>\n\u2013 Le cordon de traction en fibre de verre offre une haute r\u00e9sistance, une excellente dur\u00e9e de vie en flexion et une haute r\u00e9sistance \u00e0 l\u2019allongement.<br \/>\n\u2013 Le corps en n\u00e9opr\u00e8ne offre une protection contre la crasse, la graisse, l\u2019huile et l\u2019humidit\u00e9.<br \/>\n\u2013 Le rev\u00eatement des dents en nylon offre une surface d&#039;usure durable pour une longue dur\u00e9e de vie.<br \/>\n\u2013 \u00c9limine la lubrification et la retension pour r\u00e9duire la maintenance et la main d\u2019\u0153uvre requise sur les entra\u00eenements.<br \/>\n\u2013 Fonctionnement propre, silencieux et fluide.<br \/>\n\u2013 Aucune lubrification requise.<\/p>\n<p>Nos tailles disponibles, y compris<\/p>\n<p>&nbsp;<\/p>\n<table class=\"ke-zeroborder\" border=\"0\" width=\"640\" cellspacing=\"0\" cellpadding=\"0\">\n<colgroup>\n<col width=\"39\" \/>\n<col width=\"56\" \/>\n<col width=\"53\" \/>\n<col width=\"67\" \/>\n<col width=\"58\" \/>\n<col span=\"5\" width=\"62\" \/><\/colgroup>\n<tbody>\n<tr>\n<td rowspan=\"2\" height=\"49\">Taper<\/td>\n<td>Pas<\/td>\n<td>Hauteur des dents<\/td>\n<td>\u00c9paisseur de la ceinture<\/td>\n<td rowspan=\"2\">Angle \u03b2\u00b0<\/td>\n<td colspan=\"5\">Minimum autoris\u00e9. Nombre de dents de poulie<br \/>\nVitesse de rotation de la petite poulie (r\/min)<\/td>\n<\/tr>\n<tr>\n<td height=\"19\">Pb(mm)<\/td>\n<td>hauteur(mm)<\/td>\n<td>hs(mm)<\/td>\n<td width=\"54\">&lt;900<\/td>\n<td width=\"56\">900~1200<\/td>\n<td width=\"57\">1200~1800<\/td>\n<td width=\"60\">1800~3600<\/td>\n<td width=\"58\">3600~4800<\/td>\n<\/tr>\n<tr>\n<td height=\"19\">T2.5 &gt;&gt;<\/td>\n<td>2.5<\/td>\n<td>0.7<\/td>\n<td>1.3<\/td>\n<td>40<\/td>\n<td width=\"54\">10<\/td>\n<td width=\"56\">12<\/td>\n<td width=\"57\">14<\/td>\n<td width=\"60\">16<\/td>\n<td width=\"58\">18<\/td>\n<\/tr>\n<tr>\n<td height=\"19\">T5 &gt;&gt;<\/td>\n<td>5<\/td>\n<td>1.2<\/td>\n<td>2.2<\/td>\n<td>40<\/td>\n<td width=\"54\">10<\/td>\n<td width=\"56\">10<\/td>\n<td width=\"57\">12<\/td>\n<td width=\"60\">12<\/td>\n<td width=\"58\">15<\/td>\n<\/tr>\n<tr>\n<td height=\"19\">T10 &gt;&gt;<\/td>\n<td>10<\/td>\n<td>2.5<\/td>\n<td>4.5<\/td>\n<td>40<\/td>\n<td width=\"54\">12<\/td>\n<td width=\"56\">12<\/td>\n<td width=\"57\">14<\/td>\n<td width=\"60\">16<\/td>\n<td width=\"58\">18<\/td>\n<\/tr>\n<tr>\n<td height=\"19\">T20 &gt;&gt;<\/td>\n<td>20<\/td>\n<td>5<\/td>\n<td>8<\/td>\n<td>40<\/td>\n<td width=\"54\">22<\/td>\n<td width=\"56\">24<\/td>\n<td width=\"57\">26<\/td>\n<td width=\"60\">30<\/td>\n<td width=\"58\">&#8211;<\/td>\n<\/tr>\n<\/tbody>\n<\/table>\n<p>&nbsp;<\/p>\n<table class=\"ke-zeroborder\" border=\"0\" width=\"640\" cellspacing=\"0\" cellpadding=\"0\">\n<colgroup>\n<col width=\"148\" \/>\n<col span=\"7\" width=\"60\" \/><\/colgroup>\n<tbody>\n<tr>\n<td colspan=\"8\" height=\"19\">Le Min. Diam\u00e8tre de sertissage autoris\u00e9<\/td>\n<\/tr>\n<tr>\n<td height=\"19\">Taper<\/td>\n<td>T2.5<\/td>\n<td>T5<\/td>\n<td>T10<\/td>\n<td>T20<\/td>\n<td>AT5<\/td>\n<td>\u00c0 10<\/td>\n<td width=\"62\">\u00c020<\/td>\n<\/tr>\n<tr>\n<td height=\"19\">Min. Diam\u00e8tre de sertissage (mm)<\/td>\n<td>15<\/td>\n<td>15<\/td>\n<td>20<\/td>\n<td>40<\/td>\n<td>15<\/td>\n<td>20<\/td>\n<td width=\"62\">40<\/td>\n<\/tr>\n<\/tbody>\n<\/table>\n<p>&nbsp;<\/p>\n<p><img loading=\"lazy\" decoding=\"async\" class=\"alignnone size-medium wp-image-1091\" src=\"https:\/\/www.hitbelt.com\/wp-content\/uploads\/2023\/07\/timing-belt-2-500x100.gif\" alt=\"\" width=\"500\" height=\"100\" srcset=\"https:\/\/www.hitbelt.com\/wp-content\/uploads\/2023\/07\/timing-belt-2-500x100.gif 500w, https:\/\/www.hitbelt.com\/wp-content\/uploads\/2023\/07\/timing-belt-2-18x4.gif 18w, https:\/\/www.hitbelt.com\/wp-content\/uploads\/2023\/07\/timing-belt-2-150x30.gif 150w, https:\/\/www.hitbelt.com\/wp-content\/uploads\/2023\/07\/timing-belt-2-480x96.gif 480w\" sizes=\"auto, (max-width:767px) 480px, 500px\" \/><\/p>\n<a  class=\"button  button_size_2\"  href=\"https:\/\/www.hitbelt.com\/fr\/bicycles\/t2-5t5t10t20at5at10-dd\/\" target=\"_blank\"   ><span class=\"button_label\">V\u00e9rifiez les tailles disponibles<\/span><\/a>","protected":false},"excerpt":{"rendered":"<p>Le profil de dent de type T rend cette courroie bien adapt\u00e9e \u00e0 une utilisation dans les applications de positionnement.<\/p>","protected":false},"featured_media":2660,"comment_status":"closed","ping_status":"closed","template":"","meta":{"_acf_changed":false,"_joinchat":[]},"product_brand":[],"product_cat":[53],"product_tag":[103],"class_list":{"0":"post-1089","1":"product","2":"type-product","3":"status-publish","4":"has-post-thumbnail","6":"product_cat-rubber-belt","7":"product_tag-timing-belts","9":"first","10":"instock","11":"shipping-taxable","12":"product-type-simple"},"acf":[],"_links":{"self":[{"href":"https:\/\/www.hitbelt.com\/fr\/wp-json\/wp\/v2\/product\/1089","targetHints":{"allow":["GET"]}}],"collection":[{"href":"https:\/\/www.hitbelt.com\/fr\/wp-json\/wp\/v2\/product"}],"about":[{"href":"https:\/\/www.hitbelt.com\/fr\/wp-json\/wp\/v2\/types\/product"}],"replies":[{"embeddable":true,"href":"https:\/\/www.hitbelt.com\/fr\/wp-json\/wp\/v2\/comments?post=1089"}],"wp:featuredmedia":[{"embeddable":true,"href":"https:\/\/www.hitbelt.com\/fr\/wp-json\/wp\/v2\/media\/2660"}],"wp:attachment":[{"href":"https:\/\/www.hitbelt.com\/fr\/wp-json\/wp\/v2\/media?parent=1089"}],"wp:term":[{"taxonomy":"product_brand","embeddable":true,"href":"https:\/\/www.hitbelt.com\/fr\/wp-json\/wp\/v2\/product_brand?post=1089"},{"taxonomy":"product_cat","embeddable":true,"href":"https:\/\/www.hitbelt.com\/fr\/wp-json\/wp\/v2\/product_cat?post=1089"},{"taxonomy":"product_tag","embeddable":true,"href":"https:\/\/www.hitbelt.com\/fr\/wp-json\/wp\/v2\/product_tag?post=1089"}],"curies":[{"name":"wp","href":"https:\/\/api.w.org\/{rel}","templated":true}]}}