{"id":1081,"date":"2023-07-14T03:38:22","date_gmt":"2023-07-14T03:38:22","guid":{"rendered":"https:\/\/www.hitbelt.com\/?post_type=product&#038;p=1081"},"modified":"2025-06-23T08:26:12","modified_gmt":"2025-06-23T08:26:12","slug":"3vx5vx8vx","status":"publish","type":"product","link":"https:\/\/www.hitbelt.com\/fr\/produit\/3vx5vx8vx","title":{"rendered":"3VX, 5VX, 8VX"},"content":{"rendered":"<p><b>Caract\u00e9ristiques de construction<\/b><br \/>\nCouvercle \u2014 Le couvercle sup\u00e9rieur r\u00e9sistant \u00e0 l&#039;huile et \u00e0 la chaleur prot\u00e8ge la courroie des dommages tout en contribuant \u00e0 sa stabilit\u00e9 dimensionnelle. Le stock de couverture est coup\u00e9 en biais pour assurer la stabilit\u00e9 lat\u00e9rale tout en permettant une flexibilit\u00e9 axiale.<br \/>\n\u00c9l\u00e9ment de tension \u2014 La stabilit\u00e9 est assur\u00e9e gr\u00e2ce \u00e0 l&#039;utilisation du stock de coussin qui maintient l&#039;int\u00e9grit\u00e9 de la \u00ab pose \u00bb du cordon et la r\u00e9partition uniforme de la transmission de la charge.<br \/>\nEngrenages moul\u00e9s avec pr\u00e9cision \u2014 Offrent une flexibilit\u00e9 optimale avec un minimum d&#039;accumulation de chaleur. La flexion g\u00e9n\u00e8re de la chaleur, qui r\u00e9duira la dur\u00e9e de vie de la courroie.<br \/>\nSection de compression \u2014 La section de compression charg\u00e9e de fibres offre l&#039;action de pr\u00e9hension et le coefficient de friction \u00e9lev\u00e9 d&#039;une construction de pointe conventionnelle tout en permettant en m\u00eame temps une action d&#039;embrayage de d\u00e9marrage initiale pour \u00e9liminer les pics de puissance et les charges excessives sur les roulements.<\/p>\n<p><b>Nos tailles disponibles, y compris<\/b><\/p>\n<div id=\"div1\" class=\"prodview_content\">\n<table class=\"ke-zeroborder\" border=\"0\" width=\"640\" cellspacing=\"0\" cellpadding=\"0\">\n<tbody>\n<tr>\n<td width=\"133\" height=\"15\">PROFIL<\/td>\n<td width=\"103\">Largeur sup\u00e9rieure (mm)<\/td>\n<td width=\"103\">Hauteur (mm)<\/td>\n<td colspan=\"2\"><span lang=\"EN-US\">Longueur (Ld=LP)\u00a0<\/span><\/td>\n<\/tr>\n<tr>\n<td height=\"15\"><span lang=\"EN-US\">9NX (3VX)\u00a0<\/span><\/td>\n<td><span lang=\"EN-US\">9.7 (0.38&#8243;)<\/span><\/td>\n<td><span lang=\"EN-US\">8.0 (0.31&#8243;)<\/span><\/td>\n<td width=\"113\"><span lang=\"EN-US\">Li\u2248La\uff0d42<\/span><\/td>\n<td width=\"123\"><span lang=\"EN-US\">La\u2248LP+4<\/span><\/td>\n<\/tr>\n<tr>\n<td height=\"15\"><span lang=\"EN-US\">15NX (5VX)<\/span><\/td>\n<td><span lang=\"EN-US\">15.75 (0.62&#8243;)<\/span><\/td>\n<td><span lang=\"EN-US\">13 (0.53&#8243;)<\/span><\/td>\n<td width=\"113\"><span lang=\"EN-US\">Li\u2248La\uff0d71<\/span><\/td>\n<td width=\"123\"><span lang=\"EN-US\">La\u2248LP+11\u00a0<\/span><\/td>\n<\/tr>\n<\/tbody>\n<\/table>\n<a  class=\"button  button_size_2\"  href=\"https:\/\/www.hitbelt.com\/fr\/bicycles\/3vx5vx8vx\/\" target=\"_blank\"   ><span class=\"button_label\">V\u00e9rifiez les tailles disponibles<\/span><\/a>\n\n<\/div>","protected":false},"excerpt":{"rendered":"<p><b>Caract\u00e9ristiques\/Avantages<\/b><br \/>\n\u2013 Capacit\u00e9 de transmission de puissance tr\u00e8s \u00e9lev\u00e9e.<br \/>\n\u2013 Efficacit\u00e9 \u00e9conomique extraordinaire.<br \/>\n\u2013 R\u00e9sistance \u00e0 l\u2019abrasion am\u00e9lior\u00e9e et faible \u00e9lasticit\u00e9.<br \/>\n\u2013 Rigidit\u00e9 transversale extr\u00eame.<br \/>\n\u2013 R\u00e9sistance exceptionnelle \u00e0 la chaleur et \u00e0 l\u2019huile.<\/p>\n<p><b>March\u00e9s\/Applications<\/b><br \/>\nConvient \u00e0 toutes les applications industrielles, en particulier l\u00e0 o\u00f9 l&#039;espace, le poids et la puissance sont critiques.<\/p>","protected":false},"featured_media":2941,"comment_status":"closed","ping_status":"closed","template":"","meta":{"_acf_changed":false,"_joinchat":[]},"product_brand":[],"product_cat":[53],"product_tag":[75],"class_list":{"0":"post-1081","1":"product","2":"type-product","3":"status-publish","4":"has-post-thumbnail","6":"product_cat-rubber-belt","7":"product_tag-cogged-v-belts","9":"first","10":"instock","11":"shipping-taxable","12":"product-type-simple"},"acf":[],"_links":{"self":[{"href":"https:\/\/www.hitbelt.com\/fr\/wp-json\/wp\/v2\/product\/1081","targetHints":{"allow":["GET"]}}],"collection":[{"href":"https:\/\/www.hitbelt.com\/fr\/wp-json\/wp\/v2\/product"}],"about":[{"href":"https:\/\/www.hitbelt.com\/fr\/wp-json\/wp\/v2\/types\/product"}],"replies":[{"embeddable":true,"href":"https:\/\/www.hitbelt.com\/fr\/wp-json\/wp\/v2\/comments?post=1081"}],"wp:featuredmedia":[{"embeddable":true,"href":"https:\/\/www.hitbelt.com\/fr\/wp-json\/wp\/v2\/media\/2941"}],"wp:attachment":[{"href":"https:\/\/www.hitbelt.com\/fr\/wp-json\/wp\/v2\/media?parent=1081"}],"wp:term":[{"taxonomy":"product_brand","embeddable":true,"href":"https:\/\/www.hitbelt.com\/fr\/wp-json\/wp\/v2\/product_brand?post=1081"},{"taxonomy":"product_cat","embeddable":true,"href":"https:\/\/www.hitbelt.com\/fr\/wp-json\/wp\/v2\/product_cat?post=1081"},{"taxonomy":"product_tag","embeddable":true,"href":"https:\/\/www.hitbelt.com\/fr\/wp-json\/wp\/v2\/product_tag?post=1081"}],"curies":[{"name":"wp","href":"https:\/\/api.w.org\/{rel}","templated":true}]}}