{"id":1079,"date":"2023-07-14T03:40:47","date_gmt":"2023-07-14T03:40:47","guid":{"rendered":"https:\/\/www.hitbelt.com\/?post_type=product&#038;p=1079"},"modified":"2025-06-24T01:34:34","modified_gmt":"2025-06-24T01:34:34","slug":"mxlxllhxhxxh-dd","status":"publish","type":"product","link":"https:\/\/www.hitbelt.com\/fr\/produit\/mxlxllhxhxxh-dd","title":{"rendered":"DENTS IMP\u00c9RIALES&amp; DD"},"content":{"rendered":"<p><b>March\u00e9s\/Applications<\/b><br \/>\nConvient aux machines de bureau, aux machines-outils, au mat\u00e9riel postal, aux machines \u00e0 coudre, aux distributeurs automatiques, \u00e0 l&#039;agriculture, aux \u00e9quipements \u00e9lectriques ext\u00e9rieurs, \u00e0 la transformation des aliments, au CVC, aux champs de p\u00e9trole, au bois, au papier, au sable et au gravier.<\/p>\n<p><b>Caract\u00e9ristiques\/Avantages<\/b><br \/>\n\u2013 Le cordon de traction en fibre de verre offre une haute r\u00e9sistance, une excellente dur\u00e9e de vie en flexion et une haute r\u00e9sistance \u00e0 l\u2019allongement.<br \/>\n\u2013 Corps en n\u00e9opr\u00e8ne contre la crasse, la graisse, l\u2019huile et l\u2019humidit\u00e9.<br \/>\n\u2013 Le rev\u00eatement des dents en nylon offre une surface d&#039;usure durable pour une longue dur\u00e9e de vie.<br \/>\n\u2013 \u00c9limine la lubrification et la retension pour r\u00e9duire la maintenance et la main d\u2019\u0153uvre requise sur les entra\u00eenements.<br \/>\n\u2013 Faible charge de roulement gr\u00e2ce \u00e0 la libert\u00e9 de tension \u00e9lev\u00e9e.<br \/>\n\u2013 Large gamme de capacit\u00e9s de charge et de rapports de vitesse.<br \/>\n\u2013 Continuit\u00e9 de fonctionnement sans entretien.<br \/>\n\u2013 Engagement positif antid\u00e9rapant.<\/p>\n<p align=\"left\"><b>Nos tailles disponibles, y compris<\/b><\/p>\n<p>&nbsp;<\/p>\n<table border=\"1\" width=\"640\" cellspacing=\"0\" cellpadding=\"0\">\n<colgroup>\n<col width=\"86\" \/>\n<col width=\"93\" \/>\n<col width=\"138\" \/>\n<col width=\"151\" \/>\n<col width=\"99\" \/><\/colgroup>\n<tbody>\n<tr>\n<td height=\"15\">Taper<\/td>\n<td>Pas\/Pb (mm)<\/td>\n<td>Hauteur de dent \/ ht(mm)<\/td>\n<td>\u00c9paisseur de la ceinture\/hs(mm)<\/td>\n<td>Angle\u00a0<span class=\"font5\" lang=\"ZH-CN\">\u03b2\u00b0<\/span><\/td>\n<\/tr>\n<tr>\n<td height=\"15\"><b>MXL &gt;&gt;<\/b><\/td>\n<td>2.032<\/td>\n<td>0.51<\/td>\n<td>1.14<\/td>\n<td>40<\/td>\n<\/tr>\n<tr>\n<td height=\"15\"><b>XL &gt;&gt;<\/b><\/td>\n<td>5.08<\/td>\n<td>1.27<\/td>\n<td>2.3<\/td>\n<td>50<\/td>\n<\/tr>\n<tr>\n<td height=\"15\"><b>L &gt;&gt;<\/b><\/td>\n<td>9.525<\/td>\n<td>1.91<\/td>\n<td>3.6<\/td>\n<td>40<\/td>\n<\/tr>\n<tr>\n<td height=\"15\"><b>H &gt;&gt;<\/b><\/td>\n<td>12.7<\/td>\n<td>2.29<\/td>\n<td>4.3<\/td>\n<td>40<\/td>\n<\/tr>\n<tr>\n<td height=\"15\"><b>XH &gt;&gt;<\/b><\/td>\n<td>22.225<\/td>\n<td>6.35<\/td>\n<td>11.2<\/td>\n<td>40<\/td>\n<\/tr>\n<tr>\n<td height=\"15\"><b>XXH &gt;&gt;<\/b><\/td>\n<td>31.75<\/td>\n<td>9.53<\/td>\n<td>15.7<\/td>\n<td>40<\/td>\n<\/tr>\n<\/tbody>\n<\/table>\n<p><img loading=\"lazy\" decoding=\"async\" class=\"alignnone size-medium wp-image-1080\" src=\"https:\/\/www.hitbelt.com\/wp-content\/uploads\/2023\/07\/timing-belt-1-500x100.gif\" alt=\"\" width=\"500\" height=\"100\" srcset=\"https:\/\/www.hitbelt.com\/wp-content\/uploads\/2023\/07\/timing-belt-1-500x100.gif 500w, https:\/\/www.hitbelt.com\/wp-content\/uploads\/2023\/07\/timing-belt-1-18x4.gif 18w, https:\/\/www.hitbelt.com\/wp-content\/uploads\/2023\/07\/timing-belt-1-150x30.gif 150w, https:\/\/www.hitbelt.com\/wp-content\/uploads\/2023\/07\/timing-belt-1-480x96.gif 480w\" sizes=\"auto, (max-width:767px) 480px, 500px\" \/><\/p>\n<p>&nbsp;<\/p>\n<h4>Gamme de production<\/h4>\n<a  class=\"button  button_size_2\"  href=\"https:\/\/www.hitbelt.com\/fr\/bicycles\/mxlxllhxhxxh-dd\/\" target=\"_blank\"   ><span class=\"button_label\">V\u00e9rifiez les tailles disponibles<\/span><\/a>\n\n<div id=\"gtx-trans\" style=\"position: absolute; left: -17px; top: 795.5px;\">\n<div class=\"gtx-trans-icon\"><\/div>\n<\/div>","protected":false},"excerpt":{"rendered":"<p>Le profil des dents trap\u00e9zo\u00efdales rend cette courroie bien adapt\u00e9e \u00e0 une utilisation dans les applications de positionnement.<\/p>","protected":false},"featured_media":2659,"comment_status":"closed","ping_status":"closed","template":"","meta":{"_acf_changed":false,"_joinchat":[]},"product_brand":[],"product_cat":[53],"product_tag":[103],"class_list":{"0":"post-1079","1":"product","2":"type-product","3":"status-publish","4":"has-post-thumbnail","6":"product_cat-rubber-belt","7":"product_tag-timing-belts","9":"first","10":"instock","11":"shipping-taxable","12":"product-type-simple"},"acf":[],"_links":{"self":[{"href":"https:\/\/www.hitbelt.com\/fr\/wp-json\/wp\/v2\/product\/1079","targetHints":{"allow":["GET"]}}],"collection":[{"href":"https:\/\/www.hitbelt.com\/fr\/wp-json\/wp\/v2\/product"}],"about":[{"href":"https:\/\/www.hitbelt.com\/fr\/wp-json\/wp\/v2\/types\/product"}],"replies":[{"embeddable":true,"href":"https:\/\/www.hitbelt.com\/fr\/wp-json\/wp\/v2\/comments?post=1079"}],"wp:featuredmedia":[{"embeddable":true,"href":"https:\/\/www.hitbelt.com\/fr\/wp-json\/wp\/v2\/media\/2659"}],"wp:attachment":[{"href":"https:\/\/www.hitbelt.com\/fr\/wp-json\/wp\/v2\/media?parent=1079"}],"wp:term":[{"taxonomy":"product_brand","embeddable":true,"href":"https:\/\/www.hitbelt.com\/fr\/wp-json\/wp\/v2\/product_brand?post=1079"},{"taxonomy":"product_cat","embeddable":true,"href":"https:\/\/www.hitbelt.com\/fr\/wp-json\/wp\/v2\/product_cat?post=1079"},{"taxonomy":"product_tag","embeddable":true,"href":"https:\/\/www.hitbelt.com\/fr\/wp-json\/wp\/v2\/product_tag?post=1079"}],"curies":[{"name":"wp","href":"https:\/\/api.w.org\/{rel}","templated":true}]}}